{"id":44567,"date":"2022-01-22T15:03:19","date_gmt":"2022-01-22T14:03:19","guid":{"rendered":"https:\/\/demoweb.info\/sexshop001\/producto\/king-cock-strap-on-harness-w-6\/"},"modified":"2022-01-22T15:03:34","modified_gmt":"2022-01-22T14:03:34","slug":"king-cock-strap-on-harness-w-6","status":"publish","type":"product","link":"https:\/\/demoweb.info\/sexshop001\/producto\/king-cock-strap-on-harness-w-6\/","title":{"rendered":"KING COCK STRAP-ON HARNESS W\/6"},"content":{"rendered":"<p><strong>KING COCK STRAP-ON HARNESS W\/6 COCK FLESH<\/strong><\/p>\n<p>Cuando usted quiere que su primera strap-on para verse y sentirse como la cosa real, el Rey Cock postizo arn\u00e9s es justo lo que usted ha estado buscando! La base de ventosa amplia encaja c\u00f3modamente en el arn\u00e9s para un ajuste seguro y se puede utilizar incluso sin el arn\u00e9s &#8211; se adhieren a cualquier superficie lisa y plana para wallbanging divertido. El arn\u00e9s de vinilo resistente mantiene todo en su lugar, incluso cuando la acci\u00f3n se calienta. Con una correa tanga y cintura completamente ajustables correas, que se adapta c\u00f3modamente cinturas de hasta 52 pulgadas. Las hebillas de correa de metal asegurarse de que no se suelte durante la diversi\u00f3n, mientras que las correas de velcro mantienen la junta t\u00f3rica en su lugar.<\/p>\n<p>Longitud: 15,2 cm x Ancho 4.1 cm<\/p>\n","protected":false},"excerpt":{"rendered":"<p>KING COCK STRAP-ON HARNESS W\/6 COCK FLESH Cuando usted quiere que su primera strap-on para verse y sentirse como la<\/p>\n","protected":false},"featured_media":44568,"comment_status":"open","ping_status":"open","template":"","meta":[],"product_cat":[480],"product_tag":[489,259],"class_list":["post-44567","product","type-product","status-publish","has-post-thumbnail","hentry","product_cat-con-pene","product_tag-king-cock","product_tag-pipedream"],"bundled_by":[],"bundle_stock_status":"instock","bundle_stock_quantity":2,"bundle_virtual":false,"bundle_layout":"","bundle_add_to_cart_form_location":"","bundle_editable_in_cart":false,"bundle_sold_individually_context":"","bundle_item_grouping":"","bundle_min_size":"","bundle_max_size":"","bundled_items":[],"yoast_head":"<!-- This site is optimized with the Yoast SEO plugin v20.6 - https:\/\/yoast.com\/wordpress\/plugins\/seo\/ -->\n<title>KING COCK STRAP-ON HARNESS W\/6 - Tienda Er\u00f3tica<\/title>\n<meta name=\"robots\" content=\"noindex, follow, max-snippet:-1, max-image-preview:large, max-video-preview:-1\" \/>\n<meta property=\"og:locale\" content=\"es_ES\" \/>\n<meta property=\"og:type\" content=\"article\" \/>\n<meta property=\"og:title\" content=\"KING COCK STRAP-ON HARNESS W\/6 - Tienda Er\u00f3tica\" \/>\n<meta property=\"og:description\" content=\"KING COCK STRAP-ON HARNESS W\/6 COCK FLESH Cuando usted quiere que su primera strap-on para verse y sentirse como la\" \/>\n<meta property=\"og:url\" content=\"https:\/\/demoweb.info\/sexshop001\/producto\/king-cock-strap-on-harness-w-6\/\" \/>\n<meta property=\"og:site_name\" content=\"Tienda Er\u00f3tica\" \/>\n<meta property=\"article:modified_time\" content=\"2022-01-22T14:03:34+00:00\" \/>\n<meta property=\"og:image\" content=\"https:\/\/demoweb.info\/sexshop001\/wp-content\/uploads\/2022\/01\/KING-COCK-STRAP-ON-HARNESS-W6.jpg\" \/>\n\t<meta property=\"og:image:width\" content=\"550\" \/>\n\t<meta property=\"og:image:height\" content=\"550\" \/>\n\t<meta property=\"og:image:type\" content=\"image\/jpeg\" \/>\n<meta name=\"twitter:card\" content=\"summary_large_image\" \/>\n<meta name=\"twitter:label1\" content=\"Tiempo de lectura\" \/>\n\t<meta name=\"twitter:data1\" content=\"1 minuto\" \/>\n<script type=\"application\/ld+json\" class=\"yoast-schema-graph\">{\"@context\":\"https:\/\/schema.org\",\"@graph\":[{\"@type\":\"WebPage\",\"@id\":\"https:\/\/demoweb.info\/sexshop001\/producto\/king-cock-strap-on-harness-w-6\/\",\"url\":\"https:\/\/demoweb.info\/sexshop001\/producto\/king-cock-strap-on-harness-w-6\/\",\"name\":\"KING COCK STRAP-ON HARNESS W\/6 - Tienda Er\u00f3tica\",\"isPartOf\":{\"@id\":\"https:\/\/demoweb.info\/sexshop001\/#website\"},\"datePublished\":\"2022-01-22T14:03:19+00:00\",\"dateModified\":\"2022-01-22T14:03:34+00:00\",\"breadcrumb\":{\"@id\":\"https:\/\/demoweb.info\/sexshop001\/producto\/king-cock-strap-on-harness-w-6\/#breadcrumb\"},\"inLanguage\":\"es\",\"potentialAction\":[{\"@type\":\"ReadAction\",\"target\":[\"https:\/\/demoweb.info\/sexshop001\/producto\/king-cock-strap-on-harness-w-6\/\"]}]},{\"@type\":\"BreadcrumbList\",\"@id\":\"https:\/\/demoweb.info\/sexshop001\/producto\/king-cock-strap-on-harness-w-6\/#breadcrumb\",\"itemListElement\":[{\"@type\":\"ListItem\",\"position\":1,\"name\":\"Portada\",\"item\":\"https:\/\/demoweb.info\/sexshop001\/\"},{\"@type\":\"ListItem\",\"position\":2,\"name\":\"Tienda\",\"item\":\"https:\/\/demoweb.info\/sexshop001\/tienda\/\"},{\"@type\":\"ListItem\",\"position\":3,\"name\":\"KING COCK STRAP-ON HARNESS W\/6\"}]},{\"@type\":\"WebSite\",\"@id\":\"https:\/\/demoweb.info\/sexshop001\/#website\",\"url\":\"https:\/\/demoweb.info\/sexshop001\/\",\"name\":\"Tienda Er\u00f3tica\",\"description\":\"DEMOWEB SL\",\"potentialAction\":[{\"@type\":\"SearchAction\",\"target\":{\"@type\":\"EntryPoint\",\"urlTemplate\":\"https:\/\/demoweb.info\/sexshop001\/?s={search_term_string}\"},\"query-input\":\"required name=search_term_string\"}],\"inLanguage\":\"es\"}]}<\/script>\n<!-- \/ Yoast SEO plugin. -->","yoast_head_json":{"title":"KING COCK STRAP-ON HARNESS W\/6 - Tienda Er\u00f3tica","robots":{"index":"noindex","follow":"follow","max-snippet":"max-snippet:-1","max-image-preview":"max-image-preview:large","max-video-preview":"max-video-preview:-1"},"og_locale":"es_ES","og_type":"article","og_title":"KING COCK STRAP-ON HARNESS W\/6 - Tienda Er\u00f3tica","og_description":"KING COCK STRAP-ON HARNESS W\/6 COCK FLESH Cuando usted quiere que su primera strap-on para verse y sentirse como la","og_url":"https:\/\/demoweb.info\/sexshop001\/producto\/king-cock-strap-on-harness-w-6\/","og_site_name":"Tienda Er\u00f3tica","article_modified_time":"2022-01-22T14:03:34+00:00","og_image":[{"width":550,"height":550,"url":"https:\/\/demoweb.info\/sexshop001\/wp-content\/uploads\/2022\/01\/KING-COCK-STRAP-ON-HARNESS-W6.jpg","type":"image\/jpeg"}],"twitter_card":"summary_large_image","twitter_misc":{"Tiempo de lectura":"1 minuto"},"schema":{"@context":"https:\/\/schema.org","@graph":[{"@type":"WebPage","@id":"https:\/\/demoweb.info\/sexshop001\/producto\/king-cock-strap-on-harness-w-6\/","url":"https:\/\/demoweb.info\/sexshop001\/producto\/king-cock-strap-on-harness-w-6\/","name":"KING COCK STRAP-ON HARNESS W\/6 - Tienda Er\u00f3tica","isPartOf":{"@id":"https:\/\/demoweb.info\/sexshop001\/#website"},"datePublished":"2022-01-22T14:03:19+00:00","dateModified":"2022-01-22T14:03:34+00:00","breadcrumb":{"@id":"https:\/\/demoweb.info\/sexshop001\/producto\/king-cock-strap-on-harness-w-6\/#breadcrumb"},"inLanguage":"es","potentialAction":[{"@type":"ReadAction","target":["https:\/\/demoweb.info\/sexshop001\/producto\/king-cock-strap-on-harness-w-6\/"]}]},{"@type":"BreadcrumbList","@id":"https:\/\/demoweb.info\/sexshop001\/producto\/king-cock-strap-on-harness-w-6\/#breadcrumb","itemListElement":[{"@type":"ListItem","position":1,"name":"Portada","item":"https:\/\/demoweb.info\/sexshop001\/"},{"@type":"ListItem","position":2,"name":"Tienda","item":"https:\/\/demoweb.info\/sexshop001\/tienda\/"},{"@type":"ListItem","position":3,"name":"KING COCK STRAP-ON HARNESS W\/6"}]},{"@type":"WebSite","@id":"https:\/\/demoweb.info\/sexshop001\/#website","url":"https:\/\/demoweb.info\/sexshop001\/","name":"Tienda Er\u00f3tica","description":"DEMOWEB SL","potentialAction":[{"@type":"SearchAction","target":{"@type":"EntryPoint","urlTemplate":"https:\/\/demoweb.info\/sexshop001\/?s={search_term_string}"},"query-input":"required name=search_term_string"}],"inLanguage":"es"}]}},"_links":{"self":[{"href":"https:\/\/demoweb.info\/sexshop001\/wp-json\/wp\/v3\/product\/44567","targetHints":{"allow":["GET"]}}],"collection":[{"href":"https:\/\/demoweb.info\/sexshop001\/wp-json\/wp\/v3\/product"}],"about":[{"href":"https:\/\/demoweb.info\/sexshop001\/wp-json\/wp\/v2\/types\/product"}],"replies":[{"embeddable":true,"href":"https:\/\/demoweb.info\/sexshop001\/wp-json\/wp\/v2\/comments?post=44567"}],"wp:featuredmedia":[{"embeddable":true,"href":"https:\/\/demoweb.info\/sexshop001\/wp-json\/wp\/v2\/media\/44568"}],"wp:attachment":[{"href":"https:\/\/demoweb.info\/sexshop001\/wp-json\/wp\/v2\/media?parent=44567"}],"wp:term":[{"taxonomy":"product_cat","embeddable":true,"href":"https:\/\/demoweb.info\/sexshop001\/wp-json\/wp\/v2\/product_cat?post=44567"},{"taxonomy":"product_tag","embeddable":true,"href":"https:\/\/demoweb.info\/sexshop001\/wp-json\/wp\/v2\/product_tag?post=44567"}],"curies":[{"name":"wp","href":"https:\/\/api.w.org\/{rel}","templated":true}]}}