{"id":44429,"date":"2022-01-22T15:01:57","date_gmt":"2022-01-22T14:01:57","guid":{"rendered":"https:\/\/demoweb.info\/sexshop001\/producto\/vivid-raw-muneca-hinchable-standing-love-doll\/"},"modified":"2022-01-22T15:02:04","modified_gmt":"2022-01-22T14:02:04","slug":"vivid-raw-muneca-hinchable-standing-love-doll","status":"publish","type":"product","link":"https:\/\/demoweb.info\/sexshop001\/producto\/vivid-raw-muneca-hinchable-standing-love-doll\/","title":{"rendered":"VIVID RAW MU\u00d1ECA HINCHABLE STANDING LOVE DOLL"},"content":{"rendered":"<p><strong>VIVID RAW STANDING LOVE DOLL<\/strong>, es una mu\u00f1eca hinchable de tama\u00f1o real, para disfrutar en tus ratos de soledad. Dispone de un huevo con mando vibrador en su interior para proporcionar m\u00e1s placer en la penetraci\u00f3n. Dispone de tres orificios de penetraci\u00f3n:<strong> boca, vagina y ano<\/strong>.<\/p>\n<p>\u00a1Le mantendr\u00e1 caliente toda la noche!<\/p>\n<p><strong>Atr\u00e9vete a descubrir el otro lado de la masturbaci\u00f3n. <\/strong><\/p>\n","protected":false},"excerpt":{"rendered":"<p>VIVID RAW STANDING LOVE DOLL, es una mu\u00f1eca hinchable de tama\u00f1o real, para disfrutar en tus ratos de soledad. Dispone<\/p>\n","protected":false},"featured_media":44430,"comment_status":"open","ping_status":"open","template":"","meta":[],"product_cat":[1210],"product_tag":[660,1393],"class_list":["post-44429","product","type-product","status-publish","has-post-thumbnail","hentry","product_cat-con-vibracion-munecas","product_tag-calexotics","product_tag-vivid-raw"],"bundled_by":[],"bundle_stock_status":"outofstock","bundle_stock_quantity":0,"bundle_virtual":false,"bundle_layout":"","bundle_add_to_cart_form_location":"","bundle_editable_in_cart":false,"bundle_sold_individually_context":"","bundle_item_grouping":"","bundle_min_size":"","bundle_max_size":"","bundled_items":[],"yoast_head":"<!-- This site is optimized with the Yoast SEO plugin v20.6 - https:\/\/yoast.com\/wordpress\/plugins\/seo\/ -->\n<title>VIVID RAW MU\u00d1ECA HINCHABLE STANDING LOVE DOLL - Tienda Er\u00f3tica<\/title>\n<meta name=\"robots\" content=\"noindex, follow, max-snippet:-1, max-image-preview:large, max-video-preview:-1\" \/>\n<meta property=\"og:locale\" content=\"es_ES\" \/>\n<meta property=\"og:type\" content=\"article\" \/>\n<meta property=\"og:title\" content=\"VIVID RAW MU\u00d1ECA HINCHABLE STANDING LOVE DOLL - Tienda Er\u00f3tica\" \/>\n<meta property=\"og:description\" content=\"VIVID RAW STANDING LOVE DOLL, es una mu\u00f1eca hinchable de tama\u00f1o real, para disfrutar en tus ratos de soledad. Dispone\" \/>\n<meta property=\"og:url\" content=\"https:\/\/demoweb.info\/sexshop001\/producto\/vivid-raw-muneca-hinchable-standing-love-doll\/\" \/>\n<meta property=\"og:site_name\" content=\"Tienda Er\u00f3tica\" \/>\n<meta property=\"article:modified_time\" content=\"2022-01-22T14:02:04+00:00\" \/>\n<meta property=\"og:image\" content=\"https:\/\/demoweb.info\/sexshop001\/wp-content\/uploads\/2022\/01\/VIVID-RAW-MUNECA-HINCHABLE-STANDING-LOVE-DOLL.jpg\" \/>\n\t<meta property=\"og:image:width\" content=\"550\" \/>\n\t<meta property=\"og:image:height\" content=\"550\" \/>\n\t<meta property=\"og:image:type\" content=\"image\/jpeg\" \/>\n<meta name=\"twitter:card\" content=\"summary_large_image\" \/>\n<script type=\"application\/ld+json\" class=\"yoast-schema-graph\">{\"@context\":\"https:\/\/schema.org\",\"@graph\":[{\"@type\":\"WebPage\",\"@id\":\"https:\/\/demoweb.info\/sexshop001\/producto\/vivid-raw-muneca-hinchable-standing-love-doll\/\",\"url\":\"https:\/\/demoweb.info\/sexshop001\/producto\/vivid-raw-muneca-hinchable-standing-love-doll\/\",\"name\":\"VIVID RAW MU\u00d1ECA HINCHABLE STANDING LOVE DOLL - Tienda Er\u00f3tica\",\"isPartOf\":{\"@id\":\"https:\/\/demoweb.info\/sexshop001\/#website\"},\"datePublished\":\"2022-01-22T14:01:57+00:00\",\"dateModified\":\"2022-01-22T14:02:04+00:00\",\"breadcrumb\":{\"@id\":\"https:\/\/demoweb.info\/sexshop001\/producto\/vivid-raw-muneca-hinchable-standing-love-doll\/#breadcrumb\"},\"inLanguage\":\"es\",\"potentialAction\":[{\"@type\":\"ReadAction\",\"target\":[\"https:\/\/demoweb.info\/sexshop001\/producto\/vivid-raw-muneca-hinchable-standing-love-doll\/\"]}]},{\"@type\":\"BreadcrumbList\",\"@id\":\"https:\/\/demoweb.info\/sexshop001\/producto\/vivid-raw-muneca-hinchable-standing-love-doll\/#breadcrumb\",\"itemListElement\":[{\"@type\":\"ListItem\",\"position\":1,\"name\":\"Portada\",\"item\":\"https:\/\/demoweb.info\/sexshop001\/\"},{\"@type\":\"ListItem\",\"position\":2,\"name\":\"Tienda\",\"item\":\"https:\/\/demoweb.info\/sexshop001\/tienda\/\"},{\"@type\":\"ListItem\",\"position\":3,\"name\":\"VIVID RAW MU\u00d1ECA HINCHABLE STANDING LOVE DOLL\"}]},{\"@type\":\"WebSite\",\"@id\":\"https:\/\/demoweb.info\/sexshop001\/#website\",\"url\":\"https:\/\/demoweb.info\/sexshop001\/\",\"name\":\"Tienda Er\u00f3tica\",\"description\":\"DEMOWEB SL\",\"potentialAction\":[{\"@type\":\"SearchAction\",\"target\":{\"@type\":\"EntryPoint\",\"urlTemplate\":\"https:\/\/demoweb.info\/sexshop001\/?s={search_term_string}\"},\"query-input\":\"required name=search_term_string\"}],\"inLanguage\":\"es\"}]}<\/script>\n<!-- \/ Yoast SEO plugin. -->","yoast_head_json":{"title":"VIVID RAW MU\u00d1ECA HINCHABLE STANDING LOVE DOLL - Tienda Er\u00f3tica","robots":{"index":"noindex","follow":"follow","max-snippet":"max-snippet:-1","max-image-preview":"max-image-preview:large","max-video-preview":"max-video-preview:-1"},"og_locale":"es_ES","og_type":"article","og_title":"VIVID RAW MU\u00d1ECA HINCHABLE STANDING LOVE DOLL - Tienda Er\u00f3tica","og_description":"VIVID RAW STANDING LOVE DOLL, es una mu\u00f1eca hinchable de tama\u00f1o real, para disfrutar en tus ratos de soledad. Dispone","og_url":"https:\/\/demoweb.info\/sexshop001\/producto\/vivid-raw-muneca-hinchable-standing-love-doll\/","og_site_name":"Tienda Er\u00f3tica","article_modified_time":"2022-01-22T14:02:04+00:00","og_image":[{"width":550,"height":550,"url":"https:\/\/demoweb.info\/sexshop001\/wp-content\/uploads\/2022\/01\/VIVID-RAW-MUNECA-HINCHABLE-STANDING-LOVE-DOLL.jpg","type":"image\/jpeg"}],"twitter_card":"summary_large_image","schema":{"@context":"https:\/\/schema.org","@graph":[{"@type":"WebPage","@id":"https:\/\/demoweb.info\/sexshop001\/producto\/vivid-raw-muneca-hinchable-standing-love-doll\/","url":"https:\/\/demoweb.info\/sexshop001\/producto\/vivid-raw-muneca-hinchable-standing-love-doll\/","name":"VIVID RAW MU\u00d1ECA HINCHABLE STANDING LOVE DOLL - Tienda Er\u00f3tica","isPartOf":{"@id":"https:\/\/demoweb.info\/sexshop001\/#website"},"datePublished":"2022-01-22T14:01:57+00:00","dateModified":"2022-01-22T14:02:04+00:00","breadcrumb":{"@id":"https:\/\/demoweb.info\/sexshop001\/producto\/vivid-raw-muneca-hinchable-standing-love-doll\/#breadcrumb"},"inLanguage":"es","potentialAction":[{"@type":"ReadAction","target":["https:\/\/demoweb.info\/sexshop001\/producto\/vivid-raw-muneca-hinchable-standing-love-doll\/"]}]},{"@type":"BreadcrumbList","@id":"https:\/\/demoweb.info\/sexshop001\/producto\/vivid-raw-muneca-hinchable-standing-love-doll\/#breadcrumb","itemListElement":[{"@type":"ListItem","position":1,"name":"Portada","item":"https:\/\/demoweb.info\/sexshop001\/"},{"@type":"ListItem","position":2,"name":"Tienda","item":"https:\/\/demoweb.info\/sexshop001\/tienda\/"},{"@type":"ListItem","position":3,"name":"VIVID RAW MU\u00d1ECA HINCHABLE STANDING LOVE DOLL"}]},{"@type":"WebSite","@id":"https:\/\/demoweb.info\/sexshop001\/#website","url":"https:\/\/demoweb.info\/sexshop001\/","name":"Tienda Er\u00f3tica","description":"DEMOWEB SL","potentialAction":[{"@type":"SearchAction","target":{"@type":"EntryPoint","urlTemplate":"https:\/\/demoweb.info\/sexshop001\/?s={search_term_string}"},"query-input":"required name=search_term_string"}],"inLanguage":"es"}]}},"_links":{"self":[{"href":"https:\/\/demoweb.info\/sexshop001\/wp-json\/wp\/v3\/product\/44429","targetHints":{"allow":["GET"]}}],"collection":[{"href":"https:\/\/demoweb.info\/sexshop001\/wp-json\/wp\/v3\/product"}],"about":[{"href":"https:\/\/demoweb.info\/sexshop001\/wp-json\/wp\/v2\/types\/product"}],"replies":[{"embeddable":true,"href":"https:\/\/demoweb.info\/sexshop001\/wp-json\/wp\/v2\/comments?post=44429"}],"wp:featuredmedia":[{"embeddable":true,"href":"https:\/\/demoweb.info\/sexshop001\/wp-json\/wp\/v2\/media\/44430"}],"wp:attachment":[{"href":"https:\/\/demoweb.info\/sexshop001\/wp-json\/wp\/v2\/media?parent=44429"}],"wp:term":[{"taxonomy":"product_cat","embeddable":true,"href":"https:\/\/demoweb.info\/sexshop001\/wp-json\/wp\/v2\/product_cat?post=44429"},{"taxonomy":"product_tag","embeddable":true,"href":"https:\/\/demoweb.info\/sexshop001\/wp-json\/wp\/v2\/product_tag?post=44429"}],"curies":[{"name":"wp","href":"https:\/\/api.w.org\/{rel}","templated":true}]}}