{"id":44380,"date":"2022-01-22T15:01:21","date_gmt":"2022-01-22T14:01:21","guid":{"rendered":"https:\/\/demoweb.info\/sexshop001\/producto\/vac-u-lock-dildo-clasico-20-5-cm\/"},"modified":"2022-01-22T15:01:35","modified_gmt":"2022-01-22T14:01:35","slug":"vac-u-lock-dildo-clasico-20-5-cm","status":"publish","type":"product","link":"https:\/\/demoweb.info\/sexshop001\/producto\/vac-u-lock-dildo-clasico-20-5-cm\/","title":{"rendered":"VAC-U-LOCK DILDO CLASICO 20.5 CM"},"content":{"rendered":"<p><strong>VAC-U-LOCK 20.5 CM CLASSIC DONG<\/strong> es un fant\u00e1stico Pene fabricado en gelatina transparente con tacto totalmente humano.<\/p>\n<p>Compatible con arn\u00e9s. Todos los productos <strong>VAC U LOCK<\/strong> son intercambiables. Funciona con la mayor\u00eda de los dem\u00e1s arneses y accesorios que se utilizan con el sistema de arn\u00e9s sexual.<\/p>\n<p>Es especial para compartir y est\u00e1 pensado para disfrutar en pareja de sus 20.5cent\u00edmetros de plenitud.<\/p>\n<p>Medidas: 20.5 cm x 4 cm.<\/p>\n","protected":false},"excerpt":{"rendered":"<p>VAC-U-LOCK 20.5 CM CLASSIC DONG es un fant\u00e1stico Pene fabricado en gelatina transparente con tacto totalmente humano. Compatible con arn\u00e9s.<\/p>\n","protected":false},"featured_media":44381,"comment_status":"open","ping_status":"open","template":"","meta":[],"product_cat":[386],"product_tag":[460,794],"class_list":["post-44380","product","type-product","status-publish","has-post-thumbnail","hentry","product_cat-realisticos","product_tag-doc-johnson","product_tag-vac-u-lock"],"bundled_by":[],"bundle_stock_status":"outofstock","bundle_stock_quantity":0,"bundle_virtual":false,"bundle_layout":"","bundle_add_to_cart_form_location":"","bundle_editable_in_cart":false,"bundle_sold_individually_context":"","bundle_item_grouping":"","bundle_min_size":"","bundle_max_size":"","bundled_items":[],"yoast_head":"<!-- This site is optimized with the Yoast SEO plugin v20.6 - https:\/\/yoast.com\/wordpress\/plugins\/seo\/ -->\n<title>VAC-U-LOCK DILDO CLASICO 20.5 CM - Tienda Er\u00f3tica<\/title>\n<meta name=\"robots\" content=\"noindex, follow, max-snippet:-1, max-image-preview:large, max-video-preview:-1\" \/>\n<meta property=\"og:locale\" content=\"es_ES\" \/>\n<meta property=\"og:type\" content=\"article\" \/>\n<meta property=\"og:title\" content=\"VAC-U-LOCK DILDO CLASICO 20.5 CM - Tienda Er\u00f3tica\" \/>\n<meta property=\"og:description\" content=\"VAC-U-LOCK 20.5 CM CLASSIC DONG es un fant\u00e1stico Pene fabricado en gelatina transparente con tacto totalmente humano. Compatible con arn\u00e9s.\" \/>\n<meta property=\"og:url\" content=\"https:\/\/demoweb.info\/sexshop001\/producto\/vac-u-lock-dildo-clasico-20-5-cm\/\" \/>\n<meta property=\"og:site_name\" content=\"Tienda Er\u00f3tica\" \/>\n<meta property=\"article:modified_time\" content=\"2022-01-22T14:01:35+00:00\" \/>\n<meta property=\"og:image\" content=\"https:\/\/demoweb.info\/sexshop001\/wp-content\/uploads\/2022\/01\/VAC-U-LOCK-DILDO-CLASICO-20.5-CM.jpg\" \/>\n\t<meta property=\"og:image:width\" content=\"550\" \/>\n\t<meta property=\"og:image:height\" content=\"550\" \/>\n\t<meta property=\"og:image:type\" content=\"image\/jpeg\" \/>\n<meta name=\"twitter:card\" content=\"summary_large_image\" \/>\n<script type=\"application\/ld+json\" class=\"yoast-schema-graph\">{\"@context\":\"https:\/\/schema.org\",\"@graph\":[{\"@type\":\"WebPage\",\"@id\":\"https:\/\/demoweb.info\/sexshop001\/producto\/vac-u-lock-dildo-clasico-20-5-cm\/\",\"url\":\"https:\/\/demoweb.info\/sexshop001\/producto\/vac-u-lock-dildo-clasico-20-5-cm\/\",\"name\":\"VAC-U-LOCK DILDO CLASICO 20.5 CM - Tienda Er\u00f3tica\",\"isPartOf\":{\"@id\":\"https:\/\/demoweb.info\/sexshop001\/#website\"},\"datePublished\":\"2022-01-22T14:01:21+00:00\",\"dateModified\":\"2022-01-22T14:01:35+00:00\",\"breadcrumb\":{\"@id\":\"https:\/\/demoweb.info\/sexshop001\/producto\/vac-u-lock-dildo-clasico-20-5-cm\/#breadcrumb\"},\"inLanguage\":\"es\",\"potentialAction\":[{\"@type\":\"ReadAction\",\"target\":[\"https:\/\/demoweb.info\/sexshop001\/producto\/vac-u-lock-dildo-clasico-20-5-cm\/\"]}]},{\"@type\":\"BreadcrumbList\",\"@id\":\"https:\/\/demoweb.info\/sexshop001\/producto\/vac-u-lock-dildo-clasico-20-5-cm\/#breadcrumb\",\"itemListElement\":[{\"@type\":\"ListItem\",\"position\":1,\"name\":\"Portada\",\"item\":\"https:\/\/demoweb.info\/sexshop001\/\"},{\"@type\":\"ListItem\",\"position\":2,\"name\":\"Tienda\",\"item\":\"https:\/\/demoweb.info\/sexshop001\/tienda\/\"},{\"@type\":\"ListItem\",\"position\":3,\"name\":\"VAC-U-LOCK DILDO CLASICO 20.5 CM\"}]},{\"@type\":\"WebSite\",\"@id\":\"https:\/\/demoweb.info\/sexshop001\/#website\",\"url\":\"https:\/\/demoweb.info\/sexshop001\/\",\"name\":\"Tienda Er\u00f3tica\",\"description\":\"DEMOWEB SL\",\"potentialAction\":[{\"@type\":\"SearchAction\",\"target\":{\"@type\":\"EntryPoint\",\"urlTemplate\":\"https:\/\/demoweb.info\/sexshop001\/?s={search_term_string}\"},\"query-input\":\"required name=search_term_string\"}],\"inLanguage\":\"es\"}]}<\/script>\n<!-- \/ Yoast SEO plugin. -->","yoast_head_json":{"title":"VAC-U-LOCK DILDO CLASICO 20.5 CM - Tienda Er\u00f3tica","robots":{"index":"noindex","follow":"follow","max-snippet":"max-snippet:-1","max-image-preview":"max-image-preview:large","max-video-preview":"max-video-preview:-1"},"og_locale":"es_ES","og_type":"article","og_title":"VAC-U-LOCK DILDO CLASICO 20.5 CM - Tienda Er\u00f3tica","og_description":"VAC-U-LOCK 20.5 CM CLASSIC DONG es un fant\u00e1stico Pene fabricado en gelatina transparente con tacto totalmente humano. Compatible con arn\u00e9s.","og_url":"https:\/\/demoweb.info\/sexshop001\/producto\/vac-u-lock-dildo-clasico-20-5-cm\/","og_site_name":"Tienda Er\u00f3tica","article_modified_time":"2022-01-22T14:01:35+00:00","og_image":[{"width":550,"height":550,"url":"https:\/\/demoweb.info\/sexshop001\/wp-content\/uploads\/2022\/01\/VAC-U-LOCK-DILDO-CLASICO-20.5-CM.jpg","type":"image\/jpeg"}],"twitter_card":"summary_large_image","schema":{"@context":"https:\/\/schema.org","@graph":[{"@type":"WebPage","@id":"https:\/\/demoweb.info\/sexshop001\/producto\/vac-u-lock-dildo-clasico-20-5-cm\/","url":"https:\/\/demoweb.info\/sexshop001\/producto\/vac-u-lock-dildo-clasico-20-5-cm\/","name":"VAC-U-LOCK DILDO CLASICO 20.5 CM - Tienda Er\u00f3tica","isPartOf":{"@id":"https:\/\/demoweb.info\/sexshop001\/#website"},"datePublished":"2022-01-22T14:01:21+00:00","dateModified":"2022-01-22T14:01:35+00:00","breadcrumb":{"@id":"https:\/\/demoweb.info\/sexshop001\/producto\/vac-u-lock-dildo-clasico-20-5-cm\/#breadcrumb"},"inLanguage":"es","potentialAction":[{"@type":"ReadAction","target":["https:\/\/demoweb.info\/sexshop001\/producto\/vac-u-lock-dildo-clasico-20-5-cm\/"]}]},{"@type":"BreadcrumbList","@id":"https:\/\/demoweb.info\/sexshop001\/producto\/vac-u-lock-dildo-clasico-20-5-cm\/#breadcrumb","itemListElement":[{"@type":"ListItem","position":1,"name":"Portada","item":"https:\/\/demoweb.info\/sexshop001\/"},{"@type":"ListItem","position":2,"name":"Tienda","item":"https:\/\/demoweb.info\/sexshop001\/tienda\/"},{"@type":"ListItem","position":3,"name":"VAC-U-LOCK DILDO CLASICO 20.5 CM"}]},{"@type":"WebSite","@id":"https:\/\/demoweb.info\/sexshop001\/#website","url":"https:\/\/demoweb.info\/sexshop001\/","name":"Tienda Er\u00f3tica","description":"DEMOWEB SL","potentialAction":[{"@type":"SearchAction","target":{"@type":"EntryPoint","urlTemplate":"https:\/\/demoweb.info\/sexshop001\/?s={search_term_string}"},"query-input":"required name=search_term_string"}],"inLanguage":"es"}]}},"_links":{"self":[{"href":"https:\/\/demoweb.info\/sexshop001\/wp-json\/wp\/v3\/product\/44380","targetHints":{"allow":["GET"]}}],"collection":[{"href":"https:\/\/demoweb.info\/sexshop001\/wp-json\/wp\/v3\/product"}],"about":[{"href":"https:\/\/demoweb.info\/sexshop001\/wp-json\/wp\/v2\/types\/product"}],"replies":[{"embeddable":true,"href":"https:\/\/demoweb.info\/sexshop001\/wp-json\/wp\/v2\/comments?post=44380"}],"wp:featuredmedia":[{"embeddable":true,"href":"https:\/\/demoweb.info\/sexshop001\/wp-json\/wp\/v2\/media\/44381"}],"wp:attachment":[{"href":"https:\/\/demoweb.info\/sexshop001\/wp-json\/wp\/v2\/media?parent=44380"}],"wp:term":[{"taxonomy":"product_cat","embeddable":true,"href":"https:\/\/demoweb.info\/sexshop001\/wp-json\/wp\/v2\/product_cat?post=44380"},{"taxonomy":"product_tag","embeddable":true,"href":"https:\/\/demoweb.info\/sexshop001\/wp-json\/wp\/v2\/product_tag?post=44380"}],"curies":[{"name":"wp","href":"https:\/\/api.w.org\/{rel}","templated":true}]}}