{"id":44360,"date":"2022-01-22T15:01:21","date_gmt":"2022-01-22T14:01:21","guid":{"rendered":"https:\/\/demoweb.info\/sexshop001\/producto\/realistic-cock-pene-realistico-15-cm-negro\/"},"modified":"2022-01-22T15:01:23","modified_gmt":"2022-01-22T14:01:23","slug":"realistic-cock-pene-realistico-15-cm-negro","status":"publish","type":"product","link":"https:\/\/demoweb.info\/sexshop001\/producto\/realistic-cock-pene-realistico-15-cm-negro\/","title":{"rendered":"REALISTIC COCK PENE REALISTICO 15 CM NEGRO"},"content":{"rendered":"<p><strong>THE REALISTIC COCK 6 INCH BLACK<\/strong><\/p>\n<p>Fant\u00e1stico Pene con test\u00edculos fabricado en l\u00e1tex con apariencia completamente real. Serie <strong>REALISTIC COCK<\/strong>.<br \/>\nDe alt\u00edsima calidad. Increible material que te har\u00e1 pensar que tienes uno real en tus manos.<\/p>\n<p>Coloreado a mano respetando cada vena, cada pliege, cada detalle de un pene erecto real.<br \/>\nSu potente ventosa permite una mayor sujeci\u00f3n, y sus testiculos te har\u00e1n gozar como nunca antes.<\/p>\n<p>Medidas: 15 cm x 4 cm.<\/p>\n","protected":false},"excerpt":{"rendered":"<p>THE REALISTIC COCK 6 INCH BLACK Fant\u00e1stico Pene con test\u00edculos fabricado en l\u00e1tex con apariencia completamente real. Serie REALISTIC COCK.<\/p>\n","protected":false},"featured_media":44361,"comment_status":"open","ping_status":"open","template":"","meta":[],"product_cat":[386],"product_tag":[460,1217],"class_list":["post-44360","product","type-product","status-publish","has-post-thumbnail","hentry","product_cat-realisticos","product_tag-doc-johnson","product_tag-the-realistic-cock"],"bundled_by":[],"bundle_stock_status":"outofstock","bundle_stock_quantity":0,"bundle_virtual":false,"bundle_layout":"","bundle_add_to_cart_form_location":"","bundle_editable_in_cart":false,"bundle_sold_individually_context":"","bundle_item_grouping":"","bundle_min_size":"","bundle_max_size":"","bundled_items":[],"yoast_head":"<!-- This site is optimized with the Yoast SEO plugin v20.6 - https:\/\/yoast.com\/wordpress\/plugins\/seo\/ -->\n<title>REALISTIC COCK PENE REALISTICO 15 CM NEGRO - Tienda Er\u00f3tica<\/title>\n<meta name=\"robots\" content=\"noindex, follow, max-snippet:-1, max-image-preview:large, max-video-preview:-1\" \/>\n<meta property=\"og:locale\" content=\"es_ES\" \/>\n<meta property=\"og:type\" content=\"article\" \/>\n<meta property=\"og:title\" content=\"REALISTIC COCK PENE REALISTICO 15 CM NEGRO - Tienda Er\u00f3tica\" \/>\n<meta property=\"og:description\" content=\"THE REALISTIC COCK 6 INCH BLACK Fant\u00e1stico Pene con test\u00edculos fabricado en l\u00e1tex con apariencia completamente real. Serie REALISTIC COCK.\" \/>\n<meta property=\"og:url\" content=\"https:\/\/demoweb.info\/sexshop001\/producto\/realistic-cock-pene-realistico-15-cm-negro\/\" \/>\n<meta property=\"og:site_name\" content=\"Tienda Er\u00f3tica\" \/>\n<meta property=\"article:modified_time\" content=\"2022-01-22T14:01:23+00:00\" \/>\n<meta property=\"og:image\" content=\"https:\/\/demoweb.info\/sexshop001\/wp-content\/uploads\/2022\/01\/REALISTIC-COCK-PENE-REALISTICO-15-CM-NEGRO.jpg\" \/>\n\t<meta property=\"og:image:width\" content=\"550\" \/>\n\t<meta property=\"og:image:height\" content=\"550\" \/>\n\t<meta property=\"og:image:type\" content=\"image\/jpeg\" \/>\n<meta name=\"twitter:card\" content=\"summary_large_image\" \/>\n<script type=\"application\/ld+json\" class=\"yoast-schema-graph\">{\"@context\":\"https:\/\/schema.org\",\"@graph\":[{\"@type\":\"WebPage\",\"@id\":\"https:\/\/demoweb.info\/sexshop001\/producto\/realistic-cock-pene-realistico-15-cm-negro\/\",\"url\":\"https:\/\/demoweb.info\/sexshop001\/producto\/realistic-cock-pene-realistico-15-cm-negro\/\",\"name\":\"REALISTIC COCK PENE REALISTICO 15 CM NEGRO - Tienda Er\u00f3tica\",\"isPartOf\":{\"@id\":\"https:\/\/demoweb.info\/sexshop001\/#website\"},\"datePublished\":\"2022-01-22T14:01:21+00:00\",\"dateModified\":\"2022-01-22T14:01:23+00:00\",\"breadcrumb\":{\"@id\":\"https:\/\/demoweb.info\/sexshop001\/producto\/realistic-cock-pene-realistico-15-cm-negro\/#breadcrumb\"},\"inLanguage\":\"es\",\"potentialAction\":[{\"@type\":\"ReadAction\",\"target\":[\"https:\/\/demoweb.info\/sexshop001\/producto\/realistic-cock-pene-realistico-15-cm-negro\/\"]}]},{\"@type\":\"BreadcrumbList\",\"@id\":\"https:\/\/demoweb.info\/sexshop001\/producto\/realistic-cock-pene-realistico-15-cm-negro\/#breadcrumb\",\"itemListElement\":[{\"@type\":\"ListItem\",\"position\":1,\"name\":\"Portada\",\"item\":\"https:\/\/demoweb.info\/sexshop001\/\"},{\"@type\":\"ListItem\",\"position\":2,\"name\":\"Tienda\",\"item\":\"https:\/\/demoweb.info\/sexshop001\/tienda\/\"},{\"@type\":\"ListItem\",\"position\":3,\"name\":\"REALISTIC COCK PENE REALISTICO 15 CM NEGRO\"}]},{\"@type\":\"WebSite\",\"@id\":\"https:\/\/demoweb.info\/sexshop001\/#website\",\"url\":\"https:\/\/demoweb.info\/sexshop001\/\",\"name\":\"Tienda Er\u00f3tica\",\"description\":\"DEMOWEB SL\",\"potentialAction\":[{\"@type\":\"SearchAction\",\"target\":{\"@type\":\"EntryPoint\",\"urlTemplate\":\"https:\/\/demoweb.info\/sexshop001\/?s={search_term_string}\"},\"query-input\":\"required name=search_term_string\"}],\"inLanguage\":\"es\"}]}<\/script>\n<!-- \/ Yoast SEO plugin. -->","yoast_head_json":{"title":"REALISTIC COCK PENE REALISTICO 15 CM NEGRO - Tienda Er\u00f3tica","robots":{"index":"noindex","follow":"follow","max-snippet":"max-snippet:-1","max-image-preview":"max-image-preview:large","max-video-preview":"max-video-preview:-1"},"og_locale":"es_ES","og_type":"article","og_title":"REALISTIC COCK PENE REALISTICO 15 CM NEGRO - Tienda Er\u00f3tica","og_description":"THE REALISTIC COCK 6 INCH BLACK Fant\u00e1stico Pene con test\u00edculos fabricado en l\u00e1tex con apariencia completamente real. Serie REALISTIC COCK.","og_url":"https:\/\/demoweb.info\/sexshop001\/producto\/realistic-cock-pene-realistico-15-cm-negro\/","og_site_name":"Tienda Er\u00f3tica","article_modified_time":"2022-01-22T14:01:23+00:00","og_image":[{"width":550,"height":550,"url":"https:\/\/demoweb.info\/sexshop001\/wp-content\/uploads\/2022\/01\/REALISTIC-COCK-PENE-REALISTICO-15-CM-NEGRO.jpg","type":"image\/jpeg"}],"twitter_card":"summary_large_image","schema":{"@context":"https:\/\/schema.org","@graph":[{"@type":"WebPage","@id":"https:\/\/demoweb.info\/sexshop001\/producto\/realistic-cock-pene-realistico-15-cm-negro\/","url":"https:\/\/demoweb.info\/sexshop001\/producto\/realistic-cock-pene-realistico-15-cm-negro\/","name":"REALISTIC COCK PENE REALISTICO 15 CM NEGRO - Tienda Er\u00f3tica","isPartOf":{"@id":"https:\/\/demoweb.info\/sexshop001\/#website"},"datePublished":"2022-01-22T14:01:21+00:00","dateModified":"2022-01-22T14:01:23+00:00","breadcrumb":{"@id":"https:\/\/demoweb.info\/sexshop001\/producto\/realistic-cock-pene-realistico-15-cm-negro\/#breadcrumb"},"inLanguage":"es","potentialAction":[{"@type":"ReadAction","target":["https:\/\/demoweb.info\/sexshop001\/producto\/realistic-cock-pene-realistico-15-cm-negro\/"]}]},{"@type":"BreadcrumbList","@id":"https:\/\/demoweb.info\/sexshop001\/producto\/realistic-cock-pene-realistico-15-cm-negro\/#breadcrumb","itemListElement":[{"@type":"ListItem","position":1,"name":"Portada","item":"https:\/\/demoweb.info\/sexshop001\/"},{"@type":"ListItem","position":2,"name":"Tienda","item":"https:\/\/demoweb.info\/sexshop001\/tienda\/"},{"@type":"ListItem","position":3,"name":"REALISTIC COCK PENE REALISTICO 15 CM NEGRO"}]},{"@type":"WebSite","@id":"https:\/\/demoweb.info\/sexshop001\/#website","url":"https:\/\/demoweb.info\/sexshop001\/","name":"Tienda Er\u00f3tica","description":"DEMOWEB SL","potentialAction":[{"@type":"SearchAction","target":{"@type":"EntryPoint","urlTemplate":"https:\/\/demoweb.info\/sexshop001\/?s={search_term_string}"},"query-input":"required name=search_term_string"}],"inLanguage":"es"}]}},"_links":{"self":[{"href":"https:\/\/demoweb.info\/sexshop001\/wp-json\/wp\/v3\/product\/44360","targetHints":{"allow":["GET"]}}],"collection":[{"href":"https:\/\/demoweb.info\/sexshop001\/wp-json\/wp\/v3\/product"}],"about":[{"href":"https:\/\/demoweb.info\/sexshop001\/wp-json\/wp\/v2\/types\/product"}],"replies":[{"embeddable":true,"href":"https:\/\/demoweb.info\/sexshop001\/wp-json\/wp\/v2\/comments?post=44360"}],"wp:featuredmedia":[{"embeddable":true,"href":"https:\/\/demoweb.info\/sexshop001\/wp-json\/wp\/v2\/media\/44361"}],"wp:attachment":[{"href":"https:\/\/demoweb.info\/sexshop001\/wp-json\/wp\/v2\/media?parent=44360"}],"wp:term":[{"taxonomy":"product_cat","embeddable":true,"href":"https:\/\/demoweb.info\/sexshop001\/wp-json\/wp\/v2\/product_cat?post=44360"},{"taxonomy":"product_tag","embeddable":true,"href":"https:\/\/demoweb.info\/sexshop001\/wp-json\/wp\/v2\/product_tag?post=44360"}],"curies":[{"name":"wp","href":"https:\/\/api.w.org\/{rel}","templated":true}]}}