{"id":44260,"date":"2022-01-22T15:00:18","date_gmt":"2022-01-22T14:00:18","guid":{"rendered":"https:\/\/demoweb.info\/sexshop001\/producto\/big-boy-dong-28-cm-rosa\/"},"modified":"2022-01-22T15:00:21","modified_gmt":"2022-01-22T14:00:21","slug":"big-boy-dong-28-cm-rosa","status":"publish","type":"product","link":"https:\/\/demoweb.info\/sexshop001\/producto\/big-boy-dong-28-cm-rosa\/","title":{"rendered":"BIG BOY DONG 28 CM ROSA"},"content":{"rendered":"<p><strong>BIG BOY DONG 28 CM PINK<\/strong><\/p>\n<p>De la colecci\u00f3n Doc Johnson Cristal Jellies llega este dildo Big Boy fabricado en PVC de alta calidad.<\/p>\n<p>Sola o en pareja podr\u00e1s confiar en este juguete para descubrir nuevos placeres. Es resistente al agua por lo que podr\u00e1s utilizarlo tambi\u00e9n en la ducha.<\/p>\n<p>Medidas:<\/p>\n<p>&#8211; Longitud total (cm): 28,96<br \/>\n&#8211; Longitud Insertable (cm): 23,62<br \/>\n&#8211; Di\u00e1metro (cm): 5,59<br \/>\n&#8211; Circunferencia (cm): 17,55<\/p>\n","protected":false},"excerpt":{"rendered":"<p>BIG BOY DONG 28 CM PINK De la colecci\u00f3n Doc Johnson Cristal Jellies llega este dildo Big Boy fabricado en<\/p>\n","protected":false},"featured_media":44261,"comment_status":"open","ping_status":"open","template":"","meta":[],"product_cat":[757],"product_tag":[845,460],"class_list":["post-44260","product","type-product","status-publish","has-post-thumbnail","hentry","product_cat-gelatina","product_tag-crystal-jellies","product_tag-doc-johnson"],"bundled_by":[],"bundle_stock_status":"outofstock","bundle_stock_quantity":0,"bundle_virtual":false,"bundle_layout":"","bundle_add_to_cart_form_location":"","bundle_editable_in_cart":false,"bundle_sold_individually_context":"","bundle_item_grouping":"","bundle_min_size":"","bundle_max_size":"","bundled_items":[],"yoast_head":"<!-- This site is optimized with the Yoast SEO plugin v20.6 - https:\/\/yoast.com\/wordpress\/plugins\/seo\/ -->\n<title>BIG BOY DONG 28 CM ROSA - Tienda Er\u00f3tica<\/title>\n<meta name=\"robots\" content=\"noindex, follow, max-snippet:-1, max-image-preview:large, max-video-preview:-1\" \/>\n<meta property=\"og:locale\" content=\"es_ES\" \/>\n<meta property=\"og:type\" content=\"article\" \/>\n<meta property=\"og:title\" content=\"BIG BOY DONG 28 CM ROSA - Tienda Er\u00f3tica\" \/>\n<meta property=\"og:description\" content=\"BIG BOY DONG 28 CM PINK De la colecci\u00f3n Doc Johnson Cristal Jellies llega este dildo Big Boy fabricado en\" \/>\n<meta property=\"og:url\" content=\"https:\/\/demoweb.info\/sexshop001\/producto\/big-boy-dong-28-cm-rosa\/\" \/>\n<meta property=\"og:site_name\" content=\"Tienda Er\u00f3tica\" \/>\n<meta property=\"article:modified_time\" content=\"2022-01-22T14:00:21+00:00\" \/>\n<meta property=\"og:image\" content=\"https:\/\/demoweb.info\/sexshop001\/wp-content\/uploads\/2022\/01\/BIG-BOY-DONG-28-CM-ROSA.jpg\" \/>\n\t<meta property=\"og:image:width\" content=\"550\" \/>\n\t<meta property=\"og:image:height\" content=\"550\" \/>\n\t<meta property=\"og:image:type\" content=\"image\/jpeg\" \/>\n<meta name=\"twitter:card\" content=\"summary_large_image\" \/>\n<script type=\"application\/ld+json\" class=\"yoast-schema-graph\">{\"@context\":\"https:\/\/schema.org\",\"@graph\":[{\"@type\":\"WebPage\",\"@id\":\"https:\/\/demoweb.info\/sexshop001\/producto\/big-boy-dong-28-cm-rosa\/\",\"url\":\"https:\/\/demoweb.info\/sexshop001\/producto\/big-boy-dong-28-cm-rosa\/\",\"name\":\"BIG BOY DONG 28 CM ROSA - Tienda Er\u00f3tica\",\"isPartOf\":{\"@id\":\"https:\/\/demoweb.info\/sexshop001\/#website\"},\"datePublished\":\"2022-01-22T14:00:18+00:00\",\"dateModified\":\"2022-01-22T14:00:21+00:00\",\"breadcrumb\":{\"@id\":\"https:\/\/demoweb.info\/sexshop001\/producto\/big-boy-dong-28-cm-rosa\/#breadcrumb\"},\"inLanguage\":\"es\",\"potentialAction\":[{\"@type\":\"ReadAction\",\"target\":[\"https:\/\/demoweb.info\/sexshop001\/producto\/big-boy-dong-28-cm-rosa\/\"]}]},{\"@type\":\"BreadcrumbList\",\"@id\":\"https:\/\/demoweb.info\/sexshop001\/producto\/big-boy-dong-28-cm-rosa\/#breadcrumb\",\"itemListElement\":[{\"@type\":\"ListItem\",\"position\":1,\"name\":\"Portada\",\"item\":\"https:\/\/demoweb.info\/sexshop001\/\"},{\"@type\":\"ListItem\",\"position\":2,\"name\":\"Tienda\",\"item\":\"https:\/\/demoweb.info\/sexshop001\/tienda\/\"},{\"@type\":\"ListItem\",\"position\":3,\"name\":\"BIG BOY DONG 28 CM ROSA\"}]},{\"@type\":\"WebSite\",\"@id\":\"https:\/\/demoweb.info\/sexshop001\/#website\",\"url\":\"https:\/\/demoweb.info\/sexshop001\/\",\"name\":\"Tienda Er\u00f3tica\",\"description\":\"DEMOWEB SL\",\"potentialAction\":[{\"@type\":\"SearchAction\",\"target\":{\"@type\":\"EntryPoint\",\"urlTemplate\":\"https:\/\/demoweb.info\/sexshop001\/?s={search_term_string}\"},\"query-input\":\"required name=search_term_string\"}],\"inLanguage\":\"es\"}]}<\/script>\n<!-- \/ Yoast SEO plugin. -->","yoast_head_json":{"title":"BIG BOY DONG 28 CM ROSA - Tienda Er\u00f3tica","robots":{"index":"noindex","follow":"follow","max-snippet":"max-snippet:-1","max-image-preview":"max-image-preview:large","max-video-preview":"max-video-preview:-1"},"og_locale":"es_ES","og_type":"article","og_title":"BIG BOY DONG 28 CM ROSA - Tienda Er\u00f3tica","og_description":"BIG BOY DONG 28 CM PINK De la colecci\u00f3n Doc Johnson Cristal Jellies llega este dildo Big Boy fabricado en","og_url":"https:\/\/demoweb.info\/sexshop001\/producto\/big-boy-dong-28-cm-rosa\/","og_site_name":"Tienda Er\u00f3tica","article_modified_time":"2022-01-22T14:00:21+00:00","og_image":[{"width":550,"height":550,"url":"https:\/\/demoweb.info\/sexshop001\/wp-content\/uploads\/2022\/01\/BIG-BOY-DONG-28-CM-ROSA.jpg","type":"image\/jpeg"}],"twitter_card":"summary_large_image","schema":{"@context":"https:\/\/schema.org","@graph":[{"@type":"WebPage","@id":"https:\/\/demoweb.info\/sexshop001\/producto\/big-boy-dong-28-cm-rosa\/","url":"https:\/\/demoweb.info\/sexshop001\/producto\/big-boy-dong-28-cm-rosa\/","name":"BIG BOY DONG 28 CM ROSA - Tienda Er\u00f3tica","isPartOf":{"@id":"https:\/\/demoweb.info\/sexshop001\/#website"},"datePublished":"2022-01-22T14:00:18+00:00","dateModified":"2022-01-22T14:00:21+00:00","breadcrumb":{"@id":"https:\/\/demoweb.info\/sexshop001\/producto\/big-boy-dong-28-cm-rosa\/#breadcrumb"},"inLanguage":"es","potentialAction":[{"@type":"ReadAction","target":["https:\/\/demoweb.info\/sexshop001\/producto\/big-boy-dong-28-cm-rosa\/"]}]},{"@type":"BreadcrumbList","@id":"https:\/\/demoweb.info\/sexshop001\/producto\/big-boy-dong-28-cm-rosa\/#breadcrumb","itemListElement":[{"@type":"ListItem","position":1,"name":"Portada","item":"https:\/\/demoweb.info\/sexshop001\/"},{"@type":"ListItem","position":2,"name":"Tienda","item":"https:\/\/demoweb.info\/sexshop001\/tienda\/"},{"@type":"ListItem","position":3,"name":"BIG BOY DONG 28 CM ROSA"}]},{"@type":"WebSite","@id":"https:\/\/demoweb.info\/sexshop001\/#website","url":"https:\/\/demoweb.info\/sexshop001\/","name":"Tienda Er\u00f3tica","description":"DEMOWEB SL","potentialAction":[{"@type":"SearchAction","target":{"@type":"EntryPoint","urlTemplate":"https:\/\/demoweb.info\/sexshop001\/?s={search_term_string}"},"query-input":"required name=search_term_string"}],"inLanguage":"es"}]}},"_links":{"self":[{"href":"https:\/\/demoweb.info\/sexshop001\/wp-json\/wp\/v3\/product\/44260","targetHints":{"allow":["GET"]}}],"collection":[{"href":"https:\/\/demoweb.info\/sexshop001\/wp-json\/wp\/v3\/product"}],"about":[{"href":"https:\/\/demoweb.info\/sexshop001\/wp-json\/wp\/v2\/types\/product"}],"replies":[{"embeddable":true,"href":"https:\/\/demoweb.info\/sexshop001\/wp-json\/wp\/v2\/comments?post=44260"}],"wp:featuredmedia":[{"embeddable":true,"href":"https:\/\/demoweb.info\/sexshop001\/wp-json\/wp\/v2\/media\/44261"}],"wp:attachment":[{"href":"https:\/\/demoweb.info\/sexshop001\/wp-json\/wp\/v2\/media?parent=44260"}],"wp:term":[{"taxonomy":"product_cat","embeddable":true,"href":"https:\/\/demoweb.info\/sexshop001\/wp-json\/wp\/v2\/product_cat?post=44260"},{"taxonomy":"product_tag","embeddable":true,"href":"https:\/\/demoweb.info\/sexshop001\/wp-json\/wp\/v2\/product_tag?post=44260"}],"curies":[{"name":"wp","href":"https:\/\/api.w.org\/{rel}","templated":true}]}}