{"id":44182,"date":"2022-01-22T14:59:30","date_gmt":"2022-01-22T13:59:30","guid":{"rendered":"https:\/\/demoweb.info\/sexshop001\/producto\/lelo-lily-2-masajeador-personal-plum-burdeos\/"},"modified":"2022-01-22T14:59:32","modified_gmt":"2022-01-22T13:59:32","slug":"lelo-lily-2-masajeador-personal-plum-burdeos","status":"publish","type":"product","link":"https:\/\/demoweb.info\/sexshop001\/producto\/lelo-lily-2-masajeador-personal-plum-burdeos\/","title":{"rendered":"LELO LILY 2 MASAJEADOR PERSONAL PLUM BURDEOS"},"content":{"rendered":"<p><span style=&quot;font-size:14px&quot;><strong>LELO LILY 2 PERSONAL MASSAGER BORDEAUX<\/strong><\/span><\/p>\n<p><span style=&quot;font-size:14px&quot;>M\u00e1s potente, m\u00e1s bello y m\u00e1s discreto, LILY\u2122 2 es perfecto para disfrutar a solas o en pareja durante el acto sexual. Es uno de los pocos masajeadores de cl\u00edtoris que se compromete a satisfacer todos tus sentidos al mismo tiempo. Ahora es 100% sumergible y recargable, y cuenta con 8 patrones de estimulaci\u00f3n para que explores placeres infinitos all\u00e1 donde el deseo te lleve.<\/span><\/p>\n<h2><strong><span style=&quot;font-size:14px&quot;>Caracter\u00edsticas:<\/span><\/strong><\/h2>\n<p><span style=&quot;font-size:14px&quot;><em><strong>Un trato refinado para todos los sentidos<\/strong>: <\/em>Una variedad de aromas afrodisiacos frescos y rom\u00e1nticos y notas relajantes para una experiencia envolvente y hechizante.<\/span><\/p>\n<p><span style=&quot;font-size:14px&quot;><em><strong>100% sumergible y recargable por USB<\/strong>: <\/em>Ofrece 4 horas de satisfactorio placer con una carga de 2 horas y versatilidad, para usarlo en el ba\u00f1o o en la ducha.<\/span><\/p>\n<p><span style=&quot;font-size:14px&quot;><em><strong>Lujoso placer a solas o en pareja<\/strong>: <\/em>LILY\u2122 2 cabe en la palma de tu mano y su sedosa superficie puede utilizarse para estimular todas tus zonas er\u00f3genas.<\/span><\/p>\n<ul>\n<li><span style=&quot;font-size:14px&quot;>Materiales: Pl\u00e1stico ABS biocompatible<\/span><\/li>\n<li><span style=&quot;font-size:14px&quot;>Acabado: Toque sedoso<\/span><\/li>\n<li><span style=&quot;font-size:14px&quot;>Tama\u00f1o: 7.5 x 3.6 x 2.5 cm<\/span><\/li>\n<li><span style=&quot;font-size:14px&quot;>Peso: 42g<\/span><\/li>\n<li><span style=&quot;font-size:14px&quot;>Bater\u00eda: 300mAh<\/span><\/li>\n<li><span style=&quot;font-size:14px&quot;>Carga: 2h at 5.0V<\/span><\/li>\n<li><span style=&quot;font-size:14px&quot;>Uso continuado: 4h<\/span><\/li>\n<li><span style=&quot;font-size:14px&quot;>Tiempo en espera: 90 d\u00edas<\/span><\/li>\n<li><span style=&quot;font-size:14px&quot;>Nivel m\u00e1ximo de sonido: &lt;50dB<\/span><\/li>\n<\/ul>\n<p><strong><span style=&quot;font-size:14px&quot;>En la caja:<\/span><\/strong><\/p>\n<p><span style=&quot;font-size:14px&quot;>Abrir una caja de productos LELO es un ritual sensual y sexy. El primer momento de excitaci\u00f3n se convierte en una fiesta de placer que es la expresi\u00f3n definitiva de la compra m\u00e1s satisfactoria.<\/span><\/p>\n<ul>\n<li><span style=&quot;font-size:14px&quot;>LILY\u2122 2<\/span><\/li>\n<li><span style=&quot;font-size:14px&quot;>Cable USB<\/span><\/li>\n<li><span style=&quot;font-size:14px&quot;>Funda de sat\u00e9n<\/span><\/li>\n<li><span style=&quot;font-size:14px&quot;>1 a\u00f1o de Garant\u00eda\/10 a\u00f1os de Garant\u00eda de Calidad<\/span><\/li>\n<li><span style=&quot;font-size:14px&quot;>Manual de usuario<\/span><\/li>\n<\/ul>\n","protected":false},"excerpt":{"rendered":"<p>LELO LILY 2 PERSONAL MASSAGER BORDEAUX M\u00e1s potente, m\u00e1s bello y m\u00e1s discreto, LILY\u2122 2 es perfecto para disfrutar a<\/p>\n","protected":false},"featured_media":44183,"comment_status":"open","ping_status":"open","template":"","meta":[],"product_cat":[370],"product_tag":[406],"class_list":["post-44182","product","type-product","status-publish","has-post-thumbnail","hentry","product_cat-clitoris","product_tag-lelo"],"bundled_by":[],"bundle_stock_status":"instock","bundle_stock_quantity":1,"bundle_virtual":false,"bundle_layout":"","bundle_add_to_cart_form_location":"","bundle_editable_in_cart":false,"bundle_sold_individually_context":"","bundle_item_grouping":"","bundle_min_size":"","bundle_max_size":"","bundled_items":[],"yoast_head":"<!-- This site is optimized with the Yoast SEO plugin v20.6 - https:\/\/yoast.com\/wordpress\/plugins\/seo\/ -->\n<title>LELO LILY 2 MASAJEADOR PERSONAL PLUM BURDEOS - Tienda Er\u00f3tica<\/title>\n<meta name=\"robots\" content=\"noindex, follow, max-snippet:-1, max-image-preview:large, max-video-preview:-1\" \/>\n<meta property=\"og:locale\" content=\"es_ES\" \/>\n<meta property=\"og:type\" content=\"article\" \/>\n<meta property=\"og:title\" content=\"LELO LILY 2 MASAJEADOR PERSONAL PLUM BURDEOS - Tienda Er\u00f3tica\" \/>\n<meta property=\"og:description\" content=\"LELO LILY 2 PERSONAL MASSAGER BORDEAUX M\u00e1s potente, m\u00e1s bello y m\u00e1s discreto, LILY\u2122 2 es perfecto para disfrutar a\" \/>\n<meta property=\"og:url\" content=\"https:\/\/demoweb.info\/sexshop001\/producto\/lelo-lily-2-masajeador-personal-plum-burdeos\/\" \/>\n<meta property=\"og:site_name\" content=\"Tienda Er\u00f3tica\" \/>\n<meta property=\"article:modified_time\" content=\"2022-01-22T13:59:32+00:00\" \/>\n<meta property=\"og:image\" content=\"https:\/\/demoweb.info\/sexshop001\/wp-content\/uploads\/2022\/01\/LELO-LILY-2-MASAJEADOR-PERSONAL-PLUM-BURDEOS.jpg\" \/>\n\t<meta property=\"og:image:width\" content=\"550\" \/>\n\t<meta property=\"og:image:height\" content=\"550\" \/>\n\t<meta property=\"og:image:type\" content=\"image\/jpeg\" \/>\n<meta name=\"twitter:card\" content=\"summary_large_image\" \/>\n<meta name=\"twitter:label1\" content=\"Tiempo de lectura\" \/>\n\t<meta name=\"twitter:data1\" content=\"1 minuto\" \/>\n<script type=\"application\/ld+json\" class=\"yoast-schema-graph\">{\"@context\":\"https:\/\/schema.org\",\"@graph\":[{\"@type\":\"WebPage\",\"@id\":\"https:\/\/demoweb.info\/sexshop001\/producto\/lelo-lily-2-masajeador-personal-plum-burdeos\/\",\"url\":\"https:\/\/demoweb.info\/sexshop001\/producto\/lelo-lily-2-masajeador-personal-plum-burdeos\/\",\"name\":\"LELO LILY 2 MASAJEADOR PERSONAL PLUM BURDEOS - Tienda Er\u00f3tica\",\"isPartOf\":{\"@id\":\"https:\/\/demoweb.info\/sexshop001\/#website\"},\"datePublished\":\"2022-01-22T13:59:30+00:00\",\"dateModified\":\"2022-01-22T13:59:32+00:00\",\"breadcrumb\":{\"@id\":\"https:\/\/demoweb.info\/sexshop001\/producto\/lelo-lily-2-masajeador-personal-plum-burdeos\/#breadcrumb\"},\"inLanguage\":\"es\",\"potentialAction\":[{\"@type\":\"ReadAction\",\"target\":[\"https:\/\/demoweb.info\/sexshop001\/producto\/lelo-lily-2-masajeador-personal-plum-burdeos\/\"]}]},{\"@type\":\"BreadcrumbList\",\"@id\":\"https:\/\/demoweb.info\/sexshop001\/producto\/lelo-lily-2-masajeador-personal-plum-burdeos\/#breadcrumb\",\"itemListElement\":[{\"@type\":\"ListItem\",\"position\":1,\"name\":\"Portada\",\"item\":\"https:\/\/demoweb.info\/sexshop001\/\"},{\"@type\":\"ListItem\",\"position\":2,\"name\":\"Tienda\",\"item\":\"https:\/\/demoweb.info\/sexshop001\/tienda\/\"},{\"@type\":\"ListItem\",\"position\":3,\"name\":\"LELO LILY 2 MASAJEADOR PERSONAL PLUM BURDEOS\"}]},{\"@type\":\"WebSite\",\"@id\":\"https:\/\/demoweb.info\/sexshop001\/#website\",\"url\":\"https:\/\/demoweb.info\/sexshop001\/\",\"name\":\"Tienda Er\u00f3tica\",\"description\":\"DEMOWEB SL\",\"potentialAction\":[{\"@type\":\"SearchAction\",\"target\":{\"@type\":\"EntryPoint\",\"urlTemplate\":\"https:\/\/demoweb.info\/sexshop001\/?s={search_term_string}\"},\"query-input\":\"required name=search_term_string\"}],\"inLanguage\":\"es\"}]}<\/script>\n<!-- \/ Yoast SEO plugin. -->","yoast_head_json":{"title":"LELO LILY 2 MASAJEADOR PERSONAL PLUM BURDEOS - Tienda Er\u00f3tica","robots":{"index":"noindex","follow":"follow","max-snippet":"max-snippet:-1","max-image-preview":"max-image-preview:large","max-video-preview":"max-video-preview:-1"},"og_locale":"es_ES","og_type":"article","og_title":"LELO LILY 2 MASAJEADOR PERSONAL PLUM BURDEOS - Tienda Er\u00f3tica","og_description":"LELO LILY 2 PERSONAL MASSAGER BORDEAUX M\u00e1s potente, m\u00e1s bello y m\u00e1s discreto, LILY\u2122 2 es perfecto para disfrutar a","og_url":"https:\/\/demoweb.info\/sexshop001\/producto\/lelo-lily-2-masajeador-personal-plum-burdeos\/","og_site_name":"Tienda Er\u00f3tica","article_modified_time":"2022-01-22T13:59:32+00:00","og_image":[{"width":550,"height":550,"url":"https:\/\/demoweb.info\/sexshop001\/wp-content\/uploads\/2022\/01\/LELO-LILY-2-MASAJEADOR-PERSONAL-PLUM-BURDEOS.jpg","type":"image\/jpeg"}],"twitter_card":"summary_large_image","twitter_misc":{"Tiempo de lectura":"1 minuto"},"schema":{"@context":"https:\/\/schema.org","@graph":[{"@type":"WebPage","@id":"https:\/\/demoweb.info\/sexshop001\/producto\/lelo-lily-2-masajeador-personal-plum-burdeos\/","url":"https:\/\/demoweb.info\/sexshop001\/producto\/lelo-lily-2-masajeador-personal-plum-burdeos\/","name":"LELO LILY 2 MASAJEADOR PERSONAL PLUM BURDEOS - Tienda Er\u00f3tica","isPartOf":{"@id":"https:\/\/demoweb.info\/sexshop001\/#website"},"datePublished":"2022-01-22T13:59:30+00:00","dateModified":"2022-01-22T13:59:32+00:00","breadcrumb":{"@id":"https:\/\/demoweb.info\/sexshop001\/producto\/lelo-lily-2-masajeador-personal-plum-burdeos\/#breadcrumb"},"inLanguage":"es","potentialAction":[{"@type":"ReadAction","target":["https:\/\/demoweb.info\/sexshop001\/producto\/lelo-lily-2-masajeador-personal-plum-burdeos\/"]}]},{"@type":"BreadcrumbList","@id":"https:\/\/demoweb.info\/sexshop001\/producto\/lelo-lily-2-masajeador-personal-plum-burdeos\/#breadcrumb","itemListElement":[{"@type":"ListItem","position":1,"name":"Portada","item":"https:\/\/demoweb.info\/sexshop001\/"},{"@type":"ListItem","position":2,"name":"Tienda","item":"https:\/\/demoweb.info\/sexshop001\/tienda\/"},{"@type":"ListItem","position":3,"name":"LELO LILY 2 MASAJEADOR PERSONAL PLUM BURDEOS"}]},{"@type":"WebSite","@id":"https:\/\/demoweb.info\/sexshop001\/#website","url":"https:\/\/demoweb.info\/sexshop001\/","name":"Tienda Er\u00f3tica","description":"DEMOWEB SL","potentialAction":[{"@type":"SearchAction","target":{"@type":"EntryPoint","urlTemplate":"https:\/\/demoweb.info\/sexshop001\/?s={search_term_string}"},"query-input":"required name=search_term_string"}],"inLanguage":"es"}]}},"_links":{"self":[{"href":"https:\/\/demoweb.info\/sexshop001\/wp-json\/wp\/v3\/product\/44182","targetHints":{"allow":["GET"]}}],"collection":[{"href":"https:\/\/demoweb.info\/sexshop001\/wp-json\/wp\/v3\/product"}],"about":[{"href":"https:\/\/demoweb.info\/sexshop001\/wp-json\/wp\/v2\/types\/product"}],"replies":[{"embeddable":true,"href":"https:\/\/demoweb.info\/sexshop001\/wp-json\/wp\/v2\/comments?post=44182"}],"wp:featuredmedia":[{"embeddable":true,"href":"https:\/\/demoweb.info\/sexshop001\/wp-json\/wp\/v2\/media\/44183"}],"wp:attachment":[{"href":"https:\/\/demoweb.info\/sexshop001\/wp-json\/wp\/v2\/media?parent=44182"}],"wp:term":[{"taxonomy":"product_cat","embeddable":true,"href":"https:\/\/demoweb.info\/sexshop001\/wp-json\/wp\/v2\/product_cat?post=44182"},{"taxonomy":"product_tag","embeddable":true,"href":"https:\/\/demoweb.info\/sexshop001\/wp-json\/wp\/v2\/product_tag?post=44182"}],"curies":[{"name":"wp","href":"https:\/\/api.w.org\/{rel}","templated":true}]}}