{"id":44136,"date":"2022-01-22T14:59:04","date_gmt":"2022-01-22T13:59:04","guid":{"rendered":"https:\/\/demoweb.info\/sexshop001\/producto\/masaje-erotico-caricias-que-llevan-al-extasis\/"},"modified":"2022-01-22T14:59:06","modified_gmt":"2022-01-22T13:59:06","slug":"masaje-erotico-caricias-que-llevan-al-extasis","status":"publish","type":"product","link":"https:\/\/demoweb.info\/sexshop001\/producto\/masaje-erotico-caricias-que-llevan-al-extasis\/","title":{"rendered":"MASAJE EROTICO: CARICIAS QUE LLEVAN AL EXTASIS"},"content":{"rendered":"<p>MASAJE EROTICO: CARICIAS QUE LLEVAN AL EXTASIS. Nicole Bailey<\/p>\n<p>El arte del masaje se ha usado desde la Antg\u00fcedad para intensificar el placer sexual. Masaje er\u00f3tico nos introduce en un viaje desde las tradicionales t\u00e9cnicas del tacto sensual, pasando por las excitantes habilidades del tacto er\u00f3tico, hasta llegar al tacto sexual (masajes que se pueden dar y recibir en diversas posturas sexuales), y la conexi\u00f3n espiritual con la pareja que se puede lograr mediante el tacto t\u00e1ntrico. Una experiencia de todo el cuerpo que puede llevar a las parejas a un nuevo plano de placer sexual. Un verdadero Kama Sutra del masaje.Constituye el complemento perfecto de 69 formas de complacer a tu amante y Kama Sutra para los amantes de hoy, de la misma autora.<\/p>\n<ul>\n<li>N&ordm; de p\u00e1ginas: 144 p\u00e1gs.<\/li>\n<li>Encuadernaci\u00f3n: Tapa dura<\/li>\n<li>Editorial: S.A. EDICIONES B<\/li>\n<li>Lengua: CASTELLANO<\/li>\n<li>ISBN: 9788466638463<\/li>\n<\/ul>\n","protected":false},"excerpt":{"rendered":"<p>MASAJE EROTICO: CARICIAS QUE LLEVAN AL EXTASIS. Nicole Bailey El arte del masaje se ha usado desde la Antg\u00fcedad para<\/p>\n","protected":false},"featured_media":44137,"comment_status":"open","ping_status":"open","template":"","meta":[],"product_cat":[414],"product_tag":[945],"class_list":["post-44136","product","type-product","status-publish","has-post-thumbnail","hentry","product_cat-libros","product_tag-ediciones-b"],"bundled_by":[],"bundle_stock_status":"outofstock","bundle_stock_quantity":0,"bundle_virtual":false,"bundle_layout":"","bundle_add_to_cart_form_location":"","bundle_editable_in_cart":false,"bundle_sold_individually_context":"","bundle_item_grouping":"","bundle_min_size":"","bundle_max_size":"","bundled_items":[],"yoast_head":"<!-- This site is optimized with the Yoast SEO plugin v20.6 - https:\/\/yoast.com\/wordpress\/plugins\/seo\/ -->\n<title>MASAJE EROTICO: CARICIAS QUE LLEVAN AL EXTASIS - Tienda Er\u00f3tica<\/title>\n<meta name=\"robots\" content=\"noindex, follow, max-snippet:-1, max-image-preview:large, max-video-preview:-1\" \/>\n<meta property=\"og:locale\" content=\"es_ES\" \/>\n<meta property=\"og:type\" content=\"article\" \/>\n<meta property=\"og:title\" content=\"MASAJE EROTICO: CARICIAS QUE LLEVAN AL EXTASIS - Tienda Er\u00f3tica\" \/>\n<meta property=\"og:description\" content=\"MASAJE EROTICO: CARICIAS QUE LLEVAN AL EXTASIS. Nicole Bailey El arte del masaje se ha usado desde la Antg\u00fcedad para\" \/>\n<meta property=\"og:url\" content=\"https:\/\/demoweb.info\/sexshop001\/producto\/masaje-erotico-caricias-que-llevan-al-extasis\/\" \/>\n<meta property=\"og:site_name\" content=\"Tienda Er\u00f3tica\" \/>\n<meta property=\"article:modified_time\" content=\"2022-01-22T13:59:06+00:00\" \/>\n<meta property=\"og:image\" content=\"https:\/\/demoweb.info\/sexshop001\/wp-content\/uploads\/2022\/01\/MASAJE-EROTICO-CARICIAS-QUE-LLEVAN-AL-EXTASIS.jpg\" \/>\n\t<meta property=\"og:image:width\" content=\"550\" \/>\n\t<meta property=\"og:image:height\" content=\"550\" \/>\n\t<meta property=\"og:image:type\" content=\"image\/jpeg\" \/>\n<meta name=\"twitter:card\" content=\"summary_large_image\" \/>\n<meta name=\"twitter:label1\" content=\"Tiempo de lectura\" \/>\n\t<meta name=\"twitter:data1\" content=\"1 minuto\" \/>\n<script type=\"application\/ld+json\" class=\"yoast-schema-graph\">{\"@context\":\"https:\/\/schema.org\",\"@graph\":[{\"@type\":\"WebPage\",\"@id\":\"https:\/\/demoweb.info\/sexshop001\/producto\/masaje-erotico-caricias-que-llevan-al-extasis\/\",\"url\":\"https:\/\/demoweb.info\/sexshop001\/producto\/masaje-erotico-caricias-que-llevan-al-extasis\/\",\"name\":\"MASAJE EROTICO: CARICIAS QUE LLEVAN AL EXTASIS - Tienda Er\u00f3tica\",\"isPartOf\":{\"@id\":\"https:\/\/demoweb.info\/sexshop001\/#website\"},\"datePublished\":\"2022-01-22T13:59:04+00:00\",\"dateModified\":\"2022-01-22T13:59:06+00:00\",\"breadcrumb\":{\"@id\":\"https:\/\/demoweb.info\/sexshop001\/producto\/masaje-erotico-caricias-que-llevan-al-extasis\/#breadcrumb\"},\"inLanguage\":\"es\",\"potentialAction\":[{\"@type\":\"ReadAction\",\"target\":[\"https:\/\/demoweb.info\/sexshop001\/producto\/masaje-erotico-caricias-que-llevan-al-extasis\/\"]}]},{\"@type\":\"BreadcrumbList\",\"@id\":\"https:\/\/demoweb.info\/sexshop001\/producto\/masaje-erotico-caricias-que-llevan-al-extasis\/#breadcrumb\",\"itemListElement\":[{\"@type\":\"ListItem\",\"position\":1,\"name\":\"Portada\",\"item\":\"https:\/\/demoweb.info\/sexshop001\/\"},{\"@type\":\"ListItem\",\"position\":2,\"name\":\"Tienda\",\"item\":\"https:\/\/demoweb.info\/sexshop001\/tienda\/\"},{\"@type\":\"ListItem\",\"position\":3,\"name\":\"MASAJE EROTICO: CARICIAS QUE LLEVAN AL EXTASIS\"}]},{\"@type\":\"WebSite\",\"@id\":\"https:\/\/demoweb.info\/sexshop001\/#website\",\"url\":\"https:\/\/demoweb.info\/sexshop001\/\",\"name\":\"Tienda Er\u00f3tica\",\"description\":\"DEMOWEB SL\",\"potentialAction\":[{\"@type\":\"SearchAction\",\"target\":{\"@type\":\"EntryPoint\",\"urlTemplate\":\"https:\/\/demoweb.info\/sexshop001\/?s={search_term_string}\"},\"query-input\":\"required name=search_term_string\"}],\"inLanguage\":\"es\"}]}<\/script>\n<!-- \/ Yoast SEO plugin. -->","yoast_head_json":{"title":"MASAJE EROTICO: CARICIAS QUE LLEVAN AL EXTASIS - Tienda Er\u00f3tica","robots":{"index":"noindex","follow":"follow","max-snippet":"max-snippet:-1","max-image-preview":"max-image-preview:large","max-video-preview":"max-video-preview:-1"},"og_locale":"es_ES","og_type":"article","og_title":"MASAJE EROTICO: CARICIAS QUE LLEVAN AL EXTASIS - Tienda Er\u00f3tica","og_description":"MASAJE EROTICO: CARICIAS QUE LLEVAN AL EXTASIS. Nicole Bailey El arte del masaje se ha usado desde la Antg\u00fcedad para","og_url":"https:\/\/demoweb.info\/sexshop001\/producto\/masaje-erotico-caricias-que-llevan-al-extasis\/","og_site_name":"Tienda Er\u00f3tica","article_modified_time":"2022-01-22T13:59:06+00:00","og_image":[{"width":550,"height":550,"url":"https:\/\/demoweb.info\/sexshop001\/wp-content\/uploads\/2022\/01\/MASAJE-EROTICO-CARICIAS-QUE-LLEVAN-AL-EXTASIS.jpg","type":"image\/jpeg"}],"twitter_card":"summary_large_image","twitter_misc":{"Tiempo de lectura":"1 minuto"},"schema":{"@context":"https:\/\/schema.org","@graph":[{"@type":"WebPage","@id":"https:\/\/demoweb.info\/sexshop001\/producto\/masaje-erotico-caricias-que-llevan-al-extasis\/","url":"https:\/\/demoweb.info\/sexshop001\/producto\/masaje-erotico-caricias-que-llevan-al-extasis\/","name":"MASAJE EROTICO: CARICIAS QUE LLEVAN AL EXTASIS - Tienda Er\u00f3tica","isPartOf":{"@id":"https:\/\/demoweb.info\/sexshop001\/#website"},"datePublished":"2022-01-22T13:59:04+00:00","dateModified":"2022-01-22T13:59:06+00:00","breadcrumb":{"@id":"https:\/\/demoweb.info\/sexshop001\/producto\/masaje-erotico-caricias-que-llevan-al-extasis\/#breadcrumb"},"inLanguage":"es","potentialAction":[{"@type":"ReadAction","target":["https:\/\/demoweb.info\/sexshop001\/producto\/masaje-erotico-caricias-que-llevan-al-extasis\/"]}]},{"@type":"BreadcrumbList","@id":"https:\/\/demoweb.info\/sexshop001\/producto\/masaje-erotico-caricias-que-llevan-al-extasis\/#breadcrumb","itemListElement":[{"@type":"ListItem","position":1,"name":"Portada","item":"https:\/\/demoweb.info\/sexshop001\/"},{"@type":"ListItem","position":2,"name":"Tienda","item":"https:\/\/demoweb.info\/sexshop001\/tienda\/"},{"@type":"ListItem","position":3,"name":"MASAJE EROTICO: CARICIAS QUE LLEVAN AL EXTASIS"}]},{"@type":"WebSite","@id":"https:\/\/demoweb.info\/sexshop001\/#website","url":"https:\/\/demoweb.info\/sexshop001\/","name":"Tienda Er\u00f3tica","description":"DEMOWEB SL","potentialAction":[{"@type":"SearchAction","target":{"@type":"EntryPoint","urlTemplate":"https:\/\/demoweb.info\/sexshop001\/?s={search_term_string}"},"query-input":"required name=search_term_string"}],"inLanguage":"es"}]}},"_links":{"self":[{"href":"https:\/\/demoweb.info\/sexshop001\/wp-json\/wp\/v3\/product\/44136","targetHints":{"allow":["GET"]}}],"collection":[{"href":"https:\/\/demoweb.info\/sexshop001\/wp-json\/wp\/v3\/product"}],"about":[{"href":"https:\/\/demoweb.info\/sexshop001\/wp-json\/wp\/v2\/types\/product"}],"replies":[{"embeddable":true,"href":"https:\/\/demoweb.info\/sexshop001\/wp-json\/wp\/v2\/comments?post=44136"}],"wp:featuredmedia":[{"embeddable":true,"href":"https:\/\/demoweb.info\/sexshop001\/wp-json\/wp\/v2\/media\/44137"}],"wp:attachment":[{"href":"https:\/\/demoweb.info\/sexshop001\/wp-json\/wp\/v2\/media?parent=44136"}],"wp:term":[{"taxonomy":"product_cat","embeddable":true,"href":"https:\/\/demoweb.info\/sexshop001\/wp-json\/wp\/v2\/product_cat?post=44136"},{"taxonomy":"product_tag","embeddable":true,"href":"https:\/\/demoweb.info\/sexshop001\/wp-json\/wp\/v2\/product_tag?post=44136"}],"curies":[{"name":"wp","href":"https:\/\/api.w.org\/{rel}","templated":true}]}}