{"id":43902,"date":"2022-01-22T14:56:48","date_gmt":"2022-01-22T13:56:48","guid":{"rendered":"https:\/\/demoweb.info\/sexshop001\/producto\/perdida-en-ti-eres-mi-adiccion-ii\/"},"modified":"2022-01-22T14:56:53","modified_gmt":"2022-01-22T13:56:53","slug":"perdida-en-ti-eres-mi-adiccion-ii","status":"publish","type":"product","link":"https:\/\/demoweb.info\/sexshop001\/producto\/perdida-en-ti-eres-mi-adiccion-ii\/","title":{"rendered":"PERDIDA EN TI. ERES MI ADICCION II"},"content":{"rendered":"<p><strong>PERDIDA EN TI (ERES MI ADICCI\u00d3N II)<\/strong><\/p>\n<p><strong>Laurelin Paige<\/strong><\/p>\n<p><strong>El amor est\u00e1 cerca pero los secretos acechan.<\/strong><\/p>\n<p>Alayna Withers solo ha tenido un tipo de relaci\u00f3n: la que la convierte en una persona obsesiva y acosadora. Ahora que Hudson Pierce le ha dejado entrar en su coraz\u00f3n est\u00e1 decidida a construir unos cimientos que se basen en algo m\u00e1s que un sexo incre\u00edble. Pero ambos guardan secretos que los empujan hacia la desconfianza.<\/p>\n<p>Alayna acude a la \u00fanica persona que mejor conoce a Hudson: Celia, la mujer con la que estuvo a punto de casarse. Alayna establecer\u00e1 con ella un v\u00ednculo que ir\u00e1 demasiado lejos y que conducir\u00e1 a la revelaci\u00f3n de secretos sobre Hudson que podr\u00edan acabar con su amor para siempre.<\/p>\n<p>Esta es la primera relaci\u00f3n en la que Alayna no ha entrado en una espiral descontrolada. Y, aun as\u00ed, podr\u00eda perder a Hudson.<\/p>\n<p><strong>Perversamente rom\u00e1ntico.<\/strong><\/p>\n<p>Formato, p\u00e1ginas: BOLSILLO, 560<\/p>\n<p>Medidas: 126 X 190 mm<\/p>\n","protected":false},"excerpt":{"rendered":"<p>PERDIDA EN TI (ERES MI ADICCI\u00d3N II) Laurelin Paige El amor est\u00e1 cerca pero los secretos acechan. Alayna Withers solo<\/p>\n","protected":false},"featured_media":43903,"comment_status":"open","ping_status":"open","template":"","meta":[],"product_cat":[414],"product_tag":[722,415],"class_list":["post-43902","product","type-product","status-publish","has-post-thumbnail","hentry","product_cat-libros","product_tag-debolsillo","product_tag-random-house"],"bundled_by":[],"bundle_stock_status":"outofstock","bundle_stock_quantity":0,"bundle_virtual":false,"bundle_layout":"","bundle_add_to_cart_form_location":"","bundle_editable_in_cart":false,"bundle_sold_individually_context":"","bundle_item_grouping":"","bundle_min_size":"","bundle_max_size":"","bundled_items":[],"yoast_head":"<!-- This site is optimized with the Yoast SEO plugin v20.6 - https:\/\/yoast.com\/wordpress\/plugins\/seo\/ -->\n<title>PERDIDA EN TI. ERES MI ADICCION II - Tienda Er\u00f3tica<\/title>\n<meta name=\"robots\" content=\"noindex, follow, max-snippet:-1, max-image-preview:large, max-video-preview:-1\" \/>\n<meta property=\"og:locale\" content=\"es_ES\" \/>\n<meta property=\"og:type\" content=\"article\" \/>\n<meta property=\"og:title\" content=\"PERDIDA EN TI. ERES MI ADICCION II - Tienda Er\u00f3tica\" \/>\n<meta property=\"og:description\" content=\"PERDIDA EN TI (ERES MI ADICCI\u00d3N II) Laurelin Paige El amor est\u00e1 cerca pero los secretos acechan. Alayna Withers solo\" \/>\n<meta property=\"og:url\" content=\"https:\/\/demoweb.info\/sexshop001\/producto\/perdida-en-ti-eres-mi-adiccion-ii\/\" \/>\n<meta property=\"og:site_name\" content=\"Tienda Er\u00f3tica\" \/>\n<meta property=\"article:modified_time\" content=\"2022-01-22T13:56:53+00:00\" \/>\n<meta property=\"og:image\" content=\"https:\/\/demoweb.info\/sexshop001\/wp-content\/uploads\/2022\/01\/PERDIDA-EN-TI.-ERES-MI-ADICCION-II.jpg\" \/>\n\t<meta property=\"og:image:width\" content=\"550\" \/>\n\t<meta property=\"og:image:height\" content=\"550\" \/>\n\t<meta property=\"og:image:type\" content=\"image\/jpeg\" \/>\n<meta name=\"twitter:card\" content=\"summary_large_image\" \/>\n<meta name=\"twitter:label1\" content=\"Tiempo de lectura\" \/>\n\t<meta name=\"twitter:data1\" content=\"1 minuto\" \/>\n<script type=\"application\/ld+json\" class=\"yoast-schema-graph\">{\"@context\":\"https:\/\/schema.org\",\"@graph\":[{\"@type\":\"WebPage\",\"@id\":\"https:\/\/demoweb.info\/sexshop001\/producto\/perdida-en-ti-eres-mi-adiccion-ii\/\",\"url\":\"https:\/\/demoweb.info\/sexshop001\/producto\/perdida-en-ti-eres-mi-adiccion-ii\/\",\"name\":\"PERDIDA EN TI. ERES MI ADICCION II - Tienda Er\u00f3tica\",\"isPartOf\":{\"@id\":\"https:\/\/demoweb.info\/sexshop001\/#website\"},\"datePublished\":\"2022-01-22T13:56:48+00:00\",\"dateModified\":\"2022-01-22T13:56:53+00:00\",\"breadcrumb\":{\"@id\":\"https:\/\/demoweb.info\/sexshop001\/producto\/perdida-en-ti-eres-mi-adiccion-ii\/#breadcrumb\"},\"inLanguage\":\"es\",\"potentialAction\":[{\"@type\":\"ReadAction\",\"target\":[\"https:\/\/demoweb.info\/sexshop001\/producto\/perdida-en-ti-eres-mi-adiccion-ii\/\"]}]},{\"@type\":\"BreadcrumbList\",\"@id\":\"https:\/\/demoweb.info\/sexshop001\/producto\/perdida-en-ti-eres-mi-adiccion-ii\/#breadcrumb\",\"itemListElement\":[{\"@type\":\"ListItem\",\"position\":1,\"name\":\"Portada\",\"item\":\"https:\/\/demoweb.info\/sexshop001\/\"},{\"@type\":\"ListItem\",\"position\":2,\"name\":\"Tienda\",\"item\":\"https:\/\/demoweb.info\/sexshop001\/tienda\/\"},{\"@type\":\"ListItem\",\"position\":3,\"name\":\"PERDIDA EN TI. ERES MI ADICCION II\"}]},{\"@type\":\"WebSite\",\"@id\":\"https:\/\/demoweb.info\/sexshop001\/#website\",\"url\":\"https:\/\/demoweb.info\/sexshop001\/\",\"name\":\"Tienda Er\u00f3tica\",\"description\":\"DEMOWEB SL\",\"potentialAction\":[{\"@type\":\"SearchAction\",\"target\":{\"@type\":\"EntryPoint\",\"urlTemplate\":\"https:\/\/demoweb.info\/sexshop001\/?s={search_term_string}\"},\"query-input\":\"required name=search_term_string\"}],\"inLanguage\":\"es\"}]}<\/script>\n<!-- \/ Yoast SEO plugin. -->","yoast_head_json":{"title":"PERDIDA EN TI. ERES MI ADICCION II - Tienda Er\u00f3tica","robots":{"index":"noindex","follow":"follow","max-snippet":"max-snippet:-1","max-image-preview":"max-image-preview:large","max-video-preview":"max-video-preview:-1"},"og_locale":"es_ES","og_type":"article","og_title":"PERDIDA EN TI. ERES MI ADICCION II - Tienda Er\u00f3tica","og_description":"PERDIDA EN TI (ERES MI ADICCI\u00d3N II) Laurelin Paige El amor est\u00e1 cerca pero los secretos acechan. Alayna Withers solo","og_url":"https:\/\/demoweb.info\/sexshop001\/producto\/perdida-en-ti-eres-mi-adiccion-ii\/","og_site_name":"Tienda Er\u00f3tica","article_modified_time":"2022-01-22T13:56:53+00:00","og_image":[{"width":550,"height":550,"url":"https:\/\/demoweb.info\/sexshop001\/wp-content\/uploads\/2022\/01\/PERDIDA-EN-TI.-ERES-MI-ADICCION-II.jpg","type":"image\/jpeg"}],"twitter_card":"summary_large_image","twitter_misc":{"Tiempo de lectura":"1 minuto"},"schema":{"@context":"https:\/\/schema.org","@graph":[{"@type":"WebPage","@id":"https:\/\/demoweb.info\/sexshop001\/producto\/perdida-en-ti-eres-mi-adiccion-ii\/","url":"https:\/\/demoweb.info\/sexshop001\/producto\/perdida-en-ti-eres-mi-adiccion-ii\/","name":"PERDIDA EN TI. ERES MI ADICCION II - Tienda Er\u00f3tica","isPartOf":{"@id":"https:\/\/demoweb.info\/sexshop001\/#website"},"datePublished":"2022-01-22T13:56:48+00:00","dateModified":"2022-01-22T13:56:53+00:00","breadcrumb":{"@id":"https:\/\/demoweb.info\/sexshop001\/producto\/perdida-en-ti-eres-mi-adiccion-ii\/#breadcrumb"},"inLanguage":"es","potentialAction":[{"@type":"ReadAction","target":["https:\/\/demoweb.info\/sexshop001\/producto\/perdida-en-ti-eres-mi-adiccion-ii\/"]}]},{"@type":"BreadcrumbList","@id":"https:\/\/demoweb.info\/sexshop001\/producto\/perdida-en-ti-eres-mi-adiccion-ii\/#breadcrumb","itemListElement":[{"@type":"ListItem","position":1,"name":"Portada","item":"https:\/\/demoweb.info\/sexshop001\/"},{"@type":"ListItem","position":2,"name":"Tienda","item":"https:\/\/demoweb.info\/sexshop001\/tienda\/"},{"@type":"ListItem","position":3,"name":"PERDIDA EN TI. ERES MI ADICCION II"}]},{"@type":"WebSite","@id":"https:\/\/demoweb.info\/sexshop001\/#website","url":"https:\/\/demoweb.info\/sexshop001\/","name":"Tienda Er\u00f3tica","description":"DEMOWEB SL","potentialAction":[{"@type":"SearchAction","target":{"@type":"EntryPoint","urlTemplate":"https:\/\/demoweb.info\/sexshop001\/?s={search_term_string}"},"query-input":"required name=search_term_string"}],"inLanguage":"es"}]}},"_links":{"self":[{"href":"https:\/\/demoweb.info\/sexshop001\/wp-json\/wp\/v3\/product\/43902","targetHints":{"allow":["GET"]}}],"collection":[{"href":"https:\/\/demoweb.info\/sexshop001\/wp-json\/wp\/v3\/product"}],"about":[{"href":"https:\/\/demoweb.info\/sexshop001\/wp-json\/wp\/v2\/types\/product"}],"replies":[{"embeddable":true,"href":"https:\/\/demoweb.info\/sexshop001\/wp-json\/wp\/v2\/comments?post=43902"}],"wp:featuredmedia":[{"embeddable":true,"href":"https:\/\/demoweb.info\/sexshop001\/wp-json\/wp\/v2\/media\/43903"}],"wp:attachment":[{"href":"https:\/\/demoweb.info\/sexshop001\/wp-json\/wp\/v2\/media?parent=43902"}],"wp:term":[{"taxonomy":"product_cat","embeddable":true,"href":"https:\/\/demoweb.info\/sexshop001\/wp-json\/wp\/v2\/product_cat?post=43902"},{"taxonomy":"product_tag","embeddable":true,"href":"https:\/\/demoweb.info\/sexshop001\/wp-json\/wp\/v2\/product_tag?post=43902"}],"curies":[{"name":"wp","href":"https:\/\/api.w.org\/{rel}","templated":true}]}}