{"id":43900,"date":"2022-01-22T14:56:48","date_gmt":"2022-01-22T13:56:48","guid":{"rendered":"https:\/\/demoweb.info\/sexshop001\/producto\/los-noventa-dias-de-genevieve\/"},"modified":"2022-01-22T14:56:52","modified_gmt":"2022-01-22T13:56:52","slug":"los-noventa-dias-de-genevieve","status":"publish","type":"product","link":"https:\/\/demoweb.info\/sexshop001\/producto\/los-noventa-dias-de-genevieve\/","title":{"rendered":"LOS NOVENTA DIAS DE GENEVIEVE"},"content":{"rendered":"<p><strong>LOS NOVENTA D\u00cdAS DE GENEVIEVE<\/strong><\/p>\n<p><strong>Lucinda Carrington<\/strong><\/p>\n<p>\u00c9l es un arrogante hombre de negocios que siempre consigue lo que quiere. Y lo que quiere es que Genevieve pase los pr\u00f3ximos noventa d\u00edas someti\u00e9ndose a cada uno de sus deseos&#8230;<\/p>\n<p><strong>La cr\u00edtica ha dicho&#8230;<\/strong><\/p>\n<p>\u00abUna lectura esencial&#8230; Para todos aquellos lectores que creen en el renacer de la literatura er\u00f3tica, llega la novela de Lucinda Carrington.\u00bb<\/p>\n<p><em>Stylist<\/em><\/p>\n<p>\u00ab\u00a1Alto voltaje er\u00f3tico! Su maestr\u00eda en la recreaci\u00f3n de escenas er\u00f3ticas suscitar\u00e1 la atenci\u00f3n de toda mujer que haya fantaseado alguna vez con el <em>bondage<\/em>, la lujuria, el exhibicionismo y el voyerismo. Las escenas de sexo se intercalan en una novela perfectamente armada, con unos personajes bien trazados y un car\u00e1cter encantador.\u00bb<\/p>\n<p><em>Handbag.com<\/em><\/p>\n<p>Formato, p\u00e1ginas: BOLSILLO, 384<\/p>\n<p>Medidas: 125 X 190 mm<\/p>\n","protected":false},"excerpt":{"rendered":"<p>LOS NOVENTA D\u00cdAS DE GENEVIEVE Lucinda Carrington \u00c9l es un arrogante hombre de negocios que siempre consigue lo que quiere.<\/p>\n","protected":false},"featured_media":43901,"comment_status":"open","ping_status":"open","template":"","meta":[],"product_cat":[414],"product_tag":[722,415],"class_list":["post-43900","product","type-product","status-publish","has-post-thumbnail","hentry","product_cat-libros","product_tag-debolsillo","product_tag-random-house"],"bundled_by":[],"bundle_stock_status":"outofstock","bundle_stock_quantity":0,"bundle_virtual":false,"bundle_layout":"","bundle_add_to_cart_form_location":"","bundle_editable_in_cart":false,"bundle_sold_individually_context":"","bundle_item_grouping":"","bundle_min_size":"","bundle_max_size":"","bundled_items":[],"yoast_head":"<!-- This site is optimized with the Yoast SEO plugin v20.6 - https:\/\/yoast.com\/wordpress\/plugins\/seo\/ -->\n<title>LOS NOVENTA DIAS DE GENEVIEVE - Tienda Er\u00f3tica<\/title>\n<meta name=\"robots\" content=\"noindex, follow, max-snippet:-1, max-image-preview:large, max-video-preview:-1\" \/>\n<meta property=\"og:locale\" content=\"es_ES\" \/>\n<meta property=\"og:type\" content=\"article\" \/>\n<meta property=\"og:title\" content=\"LOS NOVENTA DIAS DE GENEVIEVE - Tienda Er\u00f3tica\" \/>\n<meta property=\"og:description\" content=\"LOS NOVENTA D\u00cdAS DE GENEVIEVE Lucinda Carrington \u00c9l es un arrogante hombre de negocios que siempre consigue lo que quiere.\" \/>\n<meta property=\"og:url\" content=\"https:\/\/demoweb.info\/sexshop001\/producto\/los-noventa-dias-de-genevieve\/\" \/>\n<meta property=\"og:site_name\" content=\"Tienda Er\u00f3tica\" \/>\n<meta property=\"article:modified_time\" content=\"2022-01-22T13:56:52+00:00\" \/>\n<meta property=\"og:image\" content=\"https:\/\/demoweb.info\/sexshop001\/wp-content\/uploads\/2022\/01\/LOS-NOVENTA-DIAS-DE-GENEVIEVE.jpg\" \/>\n\t<meta property=\"og:image:width\" content=\"550\" \/>\n\t<meta property=\"og:image:height\" content=\"550\" \/>\n\t<meta property=\"og:image:type\" content=\"image\/jpeg\" \/>\n<meta name=\"twitter:card\" content=\"summary_large_image\" \/>\n<meta name=\"twitter:label1\" content=\"Tiempo de lectura\" \/>\n\t<meta name=\"twitter:data1\" content=\"1 minuto\" \/>\n<script type=\"application\/ld+json\" class=\"yoast-schema-graph\">{\"@context\":\"https:\/\/schema.org\",\"@graph\":[{\"@type\":\"WebPage\",\"@id\":\"https:\/\/demoweb.info\/sexshop001\/producto\/los-noventa-dias-de-genevieve\/\",\"url\":\"https:\/\/demoweb.info\/sexshop001\/producto\/los-noventa-dias-de-genevieve\/\",\"name\":\"LOS NOVENTA DIAS DE GENEVIEVE - Tienda Er\u00f3tica\",\"isPartOf\":{\"@id\":\"https:\/\/demoweb.info\/sexshop001\/#website\"},\"datePublished\":\"2022-01-22T13:56:48+00:00\",\"dateModified\":\"2022-01-22T13:56:52+00:00\",\"breadcrumb\":{\"@id\":\"https:\/\/demoweb.info\/sexshop001\/producto\/los-noventa-dias-de-genevieve\/#breadcrumb\"},\"inLanguage\":\"es\",\"potentialAction\":[{\"@type\":\"ReadAction\",\"target\":[\"https:\/\/demoweb.info\/sexshop001\/producto\/los-noventa-dias-de-genevieve\/\"]}]},{\"@type\":\"BreadcrumbList\",\"@id\":\"https:\/\/demoweb.info\/sexshop001\/producto\/los-noventa-dias-de-genevieve\/#breadcrumb\",\"itemListElement\":[{\"@type\":\"ListItem\",\"position\":1,\"name\":\"Portada\",\"item\":\"https:\/\/demoweb.info\/sexshop001\/\"},{\"@type\":\"ListItem\",\"position\":2,\"name\":\"Tienda\",\"item\":\"https:\/\/demoweb.info\/sexshop001\/tienda\/\"},{\"@type\":\"ListItem\",\"position\":3,\"name\":\"LOS NOVENTA DIAS DE GENEVIEVE\"}]},{\"@type\":\"WebSite\",\"@id\":\"https:\/\/demoweb.info\/sexshop001\/#website\",\"url\":\"https:\/\/demoweb.info\/sexshop001\/\",\"name\":\"Tienda Er\u00f3tica\",\"description\":\"DEMOWEB SL\",\"potentialAction\":[{\"@type\":\"SearchAction\",\"target\":{\"@type\":\"EntryPoint\",\"urlTemplate\":\"https:\/\/demoweb.info\/sexshop001\/?s={search_term_string}\"},\"query-input\":\"required name=search_term_string\"}],\"inLanguage\":\"es\"}]}<\/script>\n<!-- \/ Yoast SEO plugin. -->","yoast_head_json":{"title":"LOS NOVENTA DIAS DE GENEVIEVE - Tienda Er\u00f3tica","robots":{"index":"noindex","follow":"follow","max-snippet":"max-snippet:-1","max-image-preview":"max-image-preview:large","max-video-preview":"max-video-preview:-1"},"og_locale":"es_ES","og_type":"article","og_title":"LOS NOVENTA DIAS DE GENEVIEVE - Tienda Er\u00f3tica","og_description":"LOS NOVENTA D\u00cdAS DE GENEVIEVE Lucinda Carrington \u00c9l es un arrogante hombre de negocios que siempre consigue lo que quiere.","og_url":"https:\/\/demoweb.info\/sexshop001\/producto\/los-noventa-dias-de-genevieve\/","og_site_name":"Tienda Er\u00f3tica","article_modified_time":"2022-01-22T13:56:52+00:00","og_image":[{"width":550,"height":550,"url":"https:\/\/demoweb.info\/sexshop001\/wp-content\/uploads\/2022\/01\/LOS-NOVENTA-DIAS-DE-GENEVIEVE.jpg","type":"image\/jpeg"}],"twitter_card":"summary_large_image","twitter_misc":{"Tiempo de lectura":"1 minuto"},"schema":{"@context":"https:\/\/schema.org","@graph":[{"@type":"WebPage","@id":"https:\/\/demoweb.info\/sexshop001\/producto\/los-noventa-dias-de-genevieve\/","url":"https:\/\/demoweb.info\/sexshop001\/producto\/los-noventa-dias-de-genevieve\/","name":"LOS NOVENTA DIAS DE GENEVIEVE - Tienda Er\u00f3tica","isPartOf":{"@id":"https:\/\/demoweb.info\/sexshop001\/#website"},"datePublished":"2022-01-22T13:56:48+00:00","dateModified":"2022-01-22T13:56:52+00:00","breadcrumb":{"@id":"https:\/\/demoweb.info\/sexshop001\/producto\/los-noventa-dias-de-genevieve\/#breadcrumb"},"inLanguage":"es","potentialAction":[{"@type":"ReadAction","target":["https:\/\/demoweb.info\/sexshop001\/producto\/los-noventa-dias-de-genevieve\/"]}]},{"@type":"BreadcrumbList","@id":"https:\/\/demoweb.info\/sexshop001\/producto\/los-noventa-dias-de-genevieve\/#breadcrumb","itemListElement":[{"@type":"ListItem","position":1,"name":"Portada","item":"https:\/\/demoweb.info\/sexshop001\/"},{"@type":"ListItem","position":2,"name":"Tienda","item":"https:\/\/demoweb.info\/sexshop001\/tienda\/"},{"@type":"ListItem","position":3,"name":"LOS NOVENTA DIAS DE GENEVIEVE"}]},{"@type":"WebSite","@id":"https:\/\/demoweb.info\/sexshop001\/#website","url":"https:\/\/demoweb.info\/sexshop001\/","name":"Tienda Er\u00f3tica","description":"DEMOWEB SL","potentialAction":[{"@type":"SearchAction","target":{"@type":"EntryPoint","urlTemplate":"https:\/\/demoweb.info\/sexshop001\/?s={search_term_string}"},"query-input":"required name=search_term_string"}],"inLanguage":"es"}]}},"_links":{"self":[{"href":"https:\/\/demoweb.info\/sexshop001\/wp-json\/wp\/v3\/product\/43900","targetHints":{"allow":["GET"]}}],"collection":[{"href":"https:\/\/demoweb.info\/sexshop001\/wp-json\/wp\/v3\/product"}],"about":[{"href":"https:\/\/demoweb.info\/sexshop001\/wp-json\/wp\/v2\/types\/product"}],"replies":[{"embeddable":true,"href":"https:\/\/demoweb.info\/sexshop001\/wp-json\/wp\/v2\/comments?post=43900"}],"wp:featuredmedia":[{"embeddable":true,"href":"https:\/\/demoweb.info\/sexshop001\/wp-json\/wp\/v2\/media\/43901"}],"wp:attachment":[{"href":"https:\/\/demoweb.info\/sexshop001\/wp-json\/wp\/v2\/media?parent=43900"}],"wp:term":[{"taxonomy":"product_cat","embeddable":true,"href":"https:\/\/demoweb.info\/sexshop001\/wp-json\/wp\/v2\/product_cat?post=43900"},{"taxonomy":"product_tag","embeddable":true,"href":"https:\/\/demoweb.info\/sexshop001\/wp-json\/wp\/v2\/product_tag?post=43900"}],"curies":[{"name":"wp","href":"https:\/\/api.w.org\/{rel}","templated":true}]}}