{"id":43894,"date":"2022-01-22T14:56:48","date_gmt":"2022-01-22T13:56:48","guid":{"rendered":"https:\/\/demoweb.info\/sexshop001\/producto\/rescatada-por-ti\/"},"modified":"2022-01-22T14:56:49","modified_gmt":"2022-01-22T13:56:49","slug":"rescatada-por-ti","status":"publish","type":"product","link":"https:\/\/demoweb.info\/sexshop001\/producto\/rescatada-por-ti\/","title":{"rendered":"RESCATADA POR TI"},"content":{"rendered":"<p><strong>RESCATADA POR TI<\/strong><\/p>\n<p><strong>Maya Banks<\/strong><\/p>\n<p>Para Zack Covington, Anna Grace era la elegida. Hasta aquella noche que el destino alter\u00f3 su futuro, cuando una destrozada Anna desaparece sin dejar rastro, dejando a Zack sin saber qu\u00e9 le pudo haber sucedido a su amada.<\/p>\n<p>A\u00f1os m\u00e1s tarde, Zack trabaja para la empresa de seguridad Devereaux y descubre que su amada Gracie podr\u00eda estar viva. Cuando finalmente la encuentra, Zack descubre que no queda nada de la mujer que \u00e9l amaba. Los poderes que ella ten\u00eda han desaparecido y lo peor, Gracie cree que Zack le traicion\u00f3 a\u00f1os atr\u00e1s.<\/p>\n<p>Zack tiene muchos enemigos, y una vez que sus debilidades son descubiertas, Gracie se convierte en el objetivo de ellos. \u00c9l tendr\u00e1 que salvarla antes de perder su confianza y amor para siempre.<\/p>\n<p>Formato: Trade TB con solapa<\/p>\n<p>P\u00e1ginas: 364<\/p>\n","protected":false},"excerpt":{"rendered":"<p>RESCATADA POR TI Maya Banks Para Zack Covington, Anna Grace era la elegida. Hasta aquella noche que el destino alter\u00f3<\/p>\n","protected":false},"featured_media":43895,"comment_status":"open","ping_status":"open","template":"","meta":[],"product_cat":[414],"product_tag":[415,714],"class_list":["post-43894","product","type-product","status-publish","has-post-thumbnail","hentry","product_cat-libros","product_tag-random-house","product_tag-terciopelo"],"bundled_by":[],"bundle_stock_status":"instock","bundle_stock_quantity":4,"bundle_virtual":false,"bundle_layout":"","bundle_add_to_cart_form_location":"","bundle_editable_in_cart":false,"bundle_sold_individually_context":"","bundle_item_grouping":"","bundle_min_size":"","bundle_max_size":"","bundled_items":[],"yoast_head":"<!-- This site is optimized with the Yoast SEO plugin v20.6 - https:\/\/yoast.com\/wordpress\/plugins\/seo\/ -->\n<title>RESCATADA POR TI - Tienda Er\u00f3tica<\/title>\n<meta name=\"robots\" content=\"noindex, follow, max-snippet:-1, max-image-preview:large, max-video-preview:-1\" \/>\n<meta property=\"og:locale\" content=\"es_ES\" \/>\n<meta property=\"og:type\" content=\"article\" \/>\n<meta property=\"og:title\" content=\"RESCATADA POR TI - Tienda Er\u00f3tica\" \/>\n<meta property=\"og:description\" content=\"RESCATADA POR TI Maya Banks Para Zack Covington, Anna Grace era la elegida. Hasta aquella noche que el destino alter\u00f3\" \/>\n<meta property=\"og:url\" content=\"https:\/\/demoweb.info\/sexshop001\/producto\/rescatada-por-ti\/\" \/>\n<meta property=\"og:site_name\" content=\"Tienda Er\u00f3tica\" \/>\n<meta property=\"article:modified_time\" content=\"2022-01-22T13:56:49+00:00\" \/>\n<meta property=\"og:image\" content=\"https:\/\/demoweb.info\/sexshop001\/wp-content\/uploads\/2022\/01\/RESCATADA-POR-TI.jpg\" \/>\n\t<meta property=\"og:image:width\" content=\"550\" \/>\n\t<meta property=\"og:image:height\" content=\"550\" \/>\n\t<meta property=\"og:image:type\" content=\"image\/jpeg\" \/>\n<meta name=\"twitter:card\" content=\"summary_large_image\" \/>\n<meta name=\"twitter:label1\" content=\"Tiempo de lectura\" \/>\n\t<meta name=\"twitter:data1\" content=\"1 minuto\" \/>\n<script type=\"application\/ld+json\" class=\"yoast-schema-graph\">{\"@context\":\"https:\/\/schema.org\",\"@graph\":[{\"@type\":\"WebPage\",\"@id\":\"https:\/\/demoweb.info\/sexshop001\/producto\/rescatada-por-ti\/\",\"url\":\"https:\/\/demoweb.info\/sexshop001\/producto\/rescatada-por-ti\/\",\"name\":\"RESCATADA POR TI - Tienda Er\u00f3tica\",\"isPartOf\":{\"@id\":\"https:\/\/demoweb.info\/sexshop001\/#website\"},\"datePublished\":\"2022-01-22T13:56:48+00:00\",\"dateModified\":\"2022-01-22T13:56:49+00:00\",\"breadcrumb\":{\"@id\":\"https:\/\/demoweb.info\/sexshop001\/producto\/rescatada-por-ti\/#breadcrumb\"},\"inLanguage\":\"es\",\"potentialAction\":[{\"@type\":\"ReadAction\",\"target\":[\"https:\/\/demoweb.info\/sexshop001\/producto\/rescatada-por-ti\/\"]}]},{\"@type\":\"BreadcrumbList\",\"@id\":\"https:\/\/demoweb.info\/sexshop001\/producto\/rescatada-por-ti\/#breadcrumb\",\"itemListElement\":[{\"@type\":\"ListItem\",\"position\":1,\"name\":\"Portada\",\"item\":\"https:\/\/demoweb.info\/sexshop001\/\"},{\"@type\":\"ListItem\",\"position\":2,\"name\":\"Tienda\",\"item\":\"https:\/\/demoweb.info\/sexshop001\/tienda\/\"},{\"@type\":\"ListItem\",\"position\":3,\"name\":\"RESCATADA POR TI\"}]},{\"@type\":\"WebSite\",\"@id\":\"https:\/\/demoweb.info\/sexshop001\/#website\",\"url\":\"https:\/\/demoweb.info\/sexshop001\/\",\"name\":\"Tienda Er\u00f3tica\",\"description\":\"DEMOWEB SL\",\"potentialAction\":[{\"@type\":\"SearchAction\",\"target\":{\"@type\":\"EntryPoint\",\"urlTemplate\":\"https:\/\/demoweb.info\/sexshop001\/?s={search_term_string}\"},\"query-input\":\"required name=search_term_string\"}],\"inLanguage\":\"es\"}]}<\/script>\n<!-- \/ Yoast SEO plugin. -->","yoast_head_json":{"title":"RESCATADA POR TI - Tienda Er\u00f3tica","robots":{"index":"noindex","follow":"follow","max-snippet":"max-snippet:-1","max-image-preview":"max-image-preview:large","max-video-preview":"max-video-preview:-1"},"og_locale":"es_ES","og_type":"article","og_title":"RESCATADA POR TI - Tienda Er\u00f3tica","og_description":"RESCATADA POR TI Maya Banks Para Zack Covington, Anna Grace era la elegida. Hasta aquella noche que el destino alter\u00f3","og_url":"https:\/\/demoweb.info\/sexshop001\/producto\/rescatada-por-ti\/","og_site_name":"Tienda Er\u00f3tica","article_modified_time":"2022-01-22T13:56:49+00:00","og_image":[{"width":550,"height":550,"url":"https:\/\/demoweb.info\/sexshop001\/wp-content\/uploads\/2022\/01\/RESCATADA-POR-TI.jpg","type":"image\/jpeg"}],"twitter_card":"summary_large_image","twitter_misc":{"Tiempo de lectura":"1 minuto"},"schema":{"@context":"https:\/\/schema.org","@graph":[{"@type":"WebPage","@id":"https:\/\/demoweb.info\/sexshop001\/producto\/rescatada-por-ti\/","url":"https:\/\/demoweb.info\/sexshop001\/producto\/rescatada-por-ti\/","name":"RESCATADA POR TI - Tienda Er\u00f3tica","isPartOf":{"@id":"https:\/\/demoweb.info\/sexshop001\/#website"},"datePublished":"2022-01-22T13:56:48+00:00","dateModified":"2022-01-22T13:56:49+00:00","breadcrumb":{"@id":"https:\/\/demoweb.info\/sexshop001\/producto\/rescatada-por-ti\/#breadcrumb"},"inLanguage":"es","potentialAction":[{"@type":"ReadAction","target":["https:\/\/demoweb.info\/sexshop001\/producto\/rescatada-por-ti\/"]}]},{"@type":"BreadcrumbList","@id":"https:\/\/demoweb.info\/sexshop001\/producto\/rescatada-por-ti\/#breadcrumb","itemListElement":[{"@type":"ListItem","position":1,"name":"Portada","item":"https:\/\/demoweb.info\/sexshop001\/"},{"@type":"ListItem","position":2,"name":"Tienda","item":"https:\/\/demoweb.info\/sexshop001\/tienda\/"},{"@type":"ListItem","position":3,"name":"RESCATADA POR TI"}]},{"@type":"WebSite","@id":"https:\/\/demoweb.info\/sexshop001\/#website","url":"https:\/\/demoweb.info\/sexshop001\/","name":"Tienda Er\u00f3tica","description":"DEMOWEB SL","potentialAction":[{"@type":"SearchAction","target":{"@type":"EntryPoint","urlTemplate":"https:\/\/demoweb.info\/sexshop001\/?s={search_term_string}"},"query-input":"required name=search_term_string"}],"inLanguage":"es"}]}},"_links":{"self":[{"href":"https:\/\/demoweb.info\/sexshop001\/wp-json\/wp\/v3\/product\/43894","targetHints":{"allow":["GET"]}}],"collection":[{"href":"https:\/\/demoweb.info\/sexshop001\/wp-json\/wp\/v3\/product"}],"about":[{"href":"https:\/\/demoweb.info\/sexshop001\/wp-json\/wp\/v2\/types\/product"}],"replies":[{"embeddable":true,"href":"https:\/\/demoweb.info\/sexshop001\/wp-json\/wp\/v2\/comments?post=43894"}],"wp:featuredmedia":[{"embeddable":true,"href":"https:\/\/demoweb.info\/sexshop001\/wp-json\/wp\/v2\/media\/43895"}],"wp:attachment":[{"href":"https:\/\/demoweb.info\/sexshop001\/wp-json\/wp\/v2\/media?parent=43894"}],"wp:term":[{"taxonomy":"product_cat","embeddable":true,"href":"https:\/\/demoweb.info\/sexshop001\/wp-json\/wp\/v2\/product_cat?post=43894"},{"taxonomy":"product_tag","embeddable":true,"href":"https:\/\/demoweb.info\/sexshop001\/wp-json\/wp\/v2\/product_tag?post=43894"}],"curies":[{"name":"wp","href":"https:\/\/api.w.org\/{rel}","templated":true}]}}