{"id":43892,"date":"2022-01-22T14:56:48","date_gmt":"2022-01-22T13:56:48","guid":{"rendered":"https:\/\/demoweb.info\/sexshop001\/producto\/la-pasion-de-darius\/"},"modified":"2022-01-22T14:56:48","modified_gmt":"2022-01-22T13:56:48","slug":"la-pasion-de-darius","status":"publish","type":"product","link":"https:\/\/demoweb.info\/sexshop001\/producto\/la-pasion-de-darius\/","title":{"rendered":"LA PASION DE DARIUS"},"content":{"rendered":"<p><strong>LA PASI\u00d3N DE DARIUS<\/strong><\/p>\n<p><strong>Raine Miller<\/strong><\/p>\n<p>Darius Rourke siempre ha deseado a la hermosa y misteriosa Marianne, y aprovecha la oportunidad de reclamarla cuando su familia se arruina. \u00c9l entiende intuitivamente la necesidad que ella tiene de seguir \u00f3rdenes, y est\u00e1 dispuesto a todo para ser quien se las d\u00e9. Lo que Darius no sabe es que esa sumisi\u00f3n es la manera que tiene Marianne de hacer frente a un pecado de su pasado.<\/p>\n<p>Durante la noche de bodas, Darius confirma que su virginal esposa es tambi\u00e9n la mujer apasionada que siempre imagin\u00f3. Pero cuanto m\u00e1s profundo es el deseo, m\u00e1s dif\u00edcil le resulta ejercer el papel de amo, porque de esa manera jam\u00e1s podr\u00e1 conseguir que Marianne le ofrezca libremente lo que m\u00e1s ans\u00eda: su amor.<\/p>\n<p>Darius y Marianne deber\u00e1n enfrentarse a todos los temores y dolorosos secretos que amenazan con destruir el fr\u00e1gil amor que ha surgido entre ellos, su futuro y la perfecta pasi\u00f3n que tanto anhelan.<\/p>\n<p>Formato, p\u00e1ginas: BOLSILLO, 200<\/p>\n<p>Medidas: 126 X 190 mm<\/p>\n","protected":false},"excerpt":{"rendered":"<p>LA PASI\u00d3N DE DARIUS Raine Miller Darius Rourke siempre ha deseado a la hermosa y misteriosa Marianne, y aprovecha la<\/p>\n","protected":false},"featured_media":43893,"comment_status":"open","ping_status":"open","template":"","meta":[],"product_cat":[414],"product_tag":[722,415],"class_list":["post-43892","product","type-product","status-publish","has-post-thumbnail","hentry","product_cat-libros","product_tag-debolsillo","product_tag-random-house"],"bundled_by":[],"bundle_stock_status":"instock","bundle_stock_quantity":1,"bundle_virtual":false,"bundle_layout":"","bundle_add_to_cart_form_location":"","bundle_editable_in_cart":false,"bundle_sold_individually_context":"","bundle_item_grouping":"","bundle_min_size":"","bundle_max_size":"","bundled_items":[],"yoast_head":"<!-- This site is optimized with the Yoast SEO plugin v20.6 - https:\/\/yoast.com\/wordpress\/plugins\/seo\/ -->\n<title>LA PASION DE DARIUS - Tienda Er\u00f3tica<\/title>\n<meta name=\"robots\" content=\"noindex, follow, max-snippet:-1, max-image-preview:large, max-video-preview:-1\" \/>\n<meta property=\"og:locale\" content=\"es_ES\" \/>\n<meta property=\"og:type\" content=\"article\" \/>\n<meta property=\"og:title\" content=\"LA PASION DE DARIUS - Tienda Er\u00f3tica\" \/>\n<meta property=\"og:description\" content=\"LA PASI\u00d3N DE DARIUS Raine Miller Darius Rourke siempre ha deseado a la hermosa y misteriosa Marianne, y aprovecha la\" \/>\n<meta property=\"og:url\" content=\"https:\/\/demoweb.info\/sexshop001\/producto\/la-pasion-de-darius\/\" \/>\n<meta property=\"og:site_name\" content=\"Tienda Er\u00f3tica\" \/>\n<meta property=\"og:image\" content=\"https:\/\/demoweb.info\/sexshop001\/wp-content\/uploads\/2022\/01\/LA-PASION-DE-DARIUS.jpg\" \/>\n\t<meta property=\"og:image:width\" content=\"550\" \/>\n\t<meta property=\"og:image:height\" content=\"550\" \/>\n\t<meta property=\"og:image:type\" content=\"image\/jpeg\" \/>\n<meta name=\"twitter:card\" content=\"summary_large_image\" \/>\n<meta name=\"twitter:label1\" content=\"Tiempo de lectura\" \/>\n\t<meta name=\"twitter:data1\" content=\"1 minuto\" \/>\n<script type=\"application\/ld+json\" class=\"yoast-schema-graph\">{\"@context\":\"https:\/\/schema.org\",\"@graph\":[{\"@type\":\"WebPage\",\"@id\":\"https:\/\/demoweb.info\/sexshop001\/producto\/la-pasion-de-darius\/\",\"url\":\"https:\/\/demoweb.info\/sexshop001\/producto\/la-pasion-de-darius\/\",\"name\":\"LA PASION DE DARIUS - Tienda Er\u00f3tica\",\"isPartOf\":{\"@id\":\"https:\/\/demoweb.info\/sexshop001\/#website\"},\"datePublished\":\"2022-01-22T13:56:48+00:00\",\"dateModified\":\"2022-01-22T13:56:48+00:00\",\"breadcrumb\":{\"@id\":\"https:\/\/demoweb.info\/sexshop001\/producto\/la-pasion-de-darius\/#breadcrumb\"},\"inLanguage\":\"es\",\"potentialAction\":[{\"@type\":\"ReadAction\",\"target\":[\"https:\/\/demoweb.info\/sexshop001\/producto\/la-pasion-de-darius\/\"]}]},{\"@type\":\"BreadcrumbList\",\"@id\":\"https:\/\/demoweb.info\/sexshop001\/producto\/la-pasion-de-darius\/#breadcrumb\",\"itemListElement\":[{\"@type\":\"ListItem\",\"position\":1,\"name\":\"Portada\",\"item\":\"https:\/\/demoweb.info\/sexshop001\/\"},{\"@type\":\"ListItem\",\"position\":2,\"name\":\"Tienda\",\"item\":\"https:\/\/demoweb.info\/sexshop001\/tienda\/\"},{\"@type\":\"ListItem\",\"position\":3,\"name\":\"LA PASION DE DARIUS\"}]},{\"@type\":\"WebSite\",\"@id\":\"https:\/\/demoweb.info\/sexshop001\/#website\",\"url\":\"https:\/\/demoweb.info\/sexshop001\/\",\"name\":\"Tienda Er\u00f3tica\",\"description\":\"DEMOWEB SL\",\"potentialAction\":[{\"@type\":\"SearchAction\",\"target\":{\"@type\":\"EntryPoint\",\"urlTemplate\":\"https:\/\/demoweb.info\/sexshop001\/?s={search_term_string}\"},\"query-input\":\"required name=search_term_string\"}],\"inLanguage\":\"es\"}]}<\/script>\n<!-- \/ Yoast SEO plugin. -->","yoast_head_json":{"title":"LA PASION DE DARIUS - Tienda Er\u00f3tica","robots":{"index":"noindex","follow":"follow","max-snippet":"max-snippet:-1","max-image-preview":"max-image-preview:large","max-video-preview":"max-video-preview:-1"},"og_locale":"es_ES","og_type":"article","og_title":"LA PASION DE DARIUS - Tienda Er\u00f3tica","og_description":"LA PASI\u00d3N DE DARIUS Raine Miller Darius Rourke siempre ha deseado a la hermosa y misteriosa Marianne, y aprovecha la","og_url":"https:\/\/demoweb.info\/sexshop001\/producto\/la-pasion-de-darius\/","og_site_name":"Tienda Er\u00f3tica","og_image":[{"width":550,"height":550,"url":"https:\/\/demoweb.info\/sexshop001\/wp-content\/uploads\/2022\/01\/LA-PASION-DE-DARIUS.jpg","type":"image\/jpeg"}],"twitter_card":"summary_large_image","twitter_misc":{"Tiempo de lectura":"1 minuto"},"schema":{"@context":"https:\/\/schema.org","@graph":[{"@type":"WebPage","@id":"https:\/\/demoweb.info\/sexshop001\/producto\/la-pasion-de-darius\/","url":"https:\/\/demoweb.info\/sexshop001\/producto\/la-pasion-de-darius\/","name":"LA PASION DE DARIUS - Tienda Er\u00f3tica","isPartOf":{"@id":"https:\/\/demoweb.info\/sexshop001\/#website"},"datePublished":"2022-01-22T13:56:48+00:00","dateModified":"2022-01-22T13:56:48+00:00","breadcrumb":{"@id":"https:\/\/demoweb.info\/sexshop001\/producto\/la-pasion-de-darius\/#breadcrumb"},"inLanguage":"es","potentialAction":[{"@type":"ReadAction","target":["https:\/\/demoweb.info\/sexshop001\/producto\/la-pasion-de-darius\/"]}]},{"@type":"BreadcrumbList","@id":"https:\/\/demoweb.info\/sexshop001\/producto\/la-pasion-de-darius\/#breadcrumb","itemListElement":[{"@type":"ListItem","position":1,"name":"Portada","item":"https:\/\/demoweb.info\/sexshop001\/"},{"@type":"ListItem","position":2,"name":"Tienda","item":"https:\/\/demoweb.info\/sexshop001\/tienda\/"},{"@type":"ListItem","position":3,"name":"LA PASION DE DARIUS"}]},{"@type":"WebSite","@id":"https:\/\/demoweb.info\/sexshop001\/#website","url":"https:\/\/demoweb.info\/sexshop001\/","name":"Tienda Er\u00f3tica","description":"DEMOWEB SL","potentialAction":[{"@type":"SearchAction","target":{"@type":"EntryPoint","urlTemplate":"https:\/\/demoweb.info\/sexshop001\/?s={search_term_string}"},"query-input":"required name=search_term_string"}],"inLanguage":"es"}]}},"_links":{"self":[{"href":"https:\/\/demoweb.info\/sexshop001\/wp-json\/wp\/v3\/product\/43892","targetHints":{"allow":["GET"]}}],"collection":[{"href":"https:\/\/demoweb.info\/sexshop001\/wp-json\/wp\/v3\/product"}],"about":[{"href":"https:\/\/demoweb.info\/sexshop001\/wp-json\/wp\/v2\/types\/product"}],"replies":[{"embeddable":true,"href":"https:\/\/demoweb.info\/sexshop001\/wp-json\/wp\/v2\/comments?post=43892"}],"wp:featuredmedia":[{"embeddable":true,"href":"https:\/\/demoweb.info\/sexshop001\/wp-json\/wp\/v2\/media\/43893"}],"wp:attachment":[{"href":"https:\/\/demoweb.info\/sexshop001\/wp-json\/wp\/v2\/media?parent=43892"}],"wp:term":[{"taxonomy":"product_cat","embeddable":true,"href":"https:\/\/demoweb.info\/sexshop001\/wp-json\/wp\/v2\/product_cat?post=43892"},{"taxonomy":"product_tag","embeddable":true,"href":"https:\/\/demoweb.info\/sexshop001\/wp-json\/wp\/v2\/product_tag?post=43892"}],"curies":[{"name":"wp","href":"https:\/\/api.w.org\/{rel}","templated":true}]}}