{"id":43825,"date":"2022-01-22T14:56:03","date_gmt":"2022-01-22T13:56:03","guid":{"rendered":"https:\/\/demoweb.info\/sexshop001\/producto\/la-trampa-del-matrimonio-casarse-con-un-millonario-2\/"},"modified":"2022-01-22T14:56:06","modified_gmt":"2022-01-22T13:56:06","slug":"la-trampa-del-matrimonio-casarse-con-un-millonario-2","status":"publish","type":"product","link":"https:\/\/demoweb.info\/sexshop001\/producto\/la-trampa-del-matrimonio-casarse-con-un-millonario-2\/","title":{"rendered":"LA TRAMPA DEL MATRIMONIO. CASARSE CON UN MILLONARIO 2"},"content":{"rendered":"<p><strong>LA TRAMPA DEL MATRIMONIO (CASARSE CON UN MILLONARIO 2)<\/strong><\/p>\n<p><strong>Jennifer Probst<\/strong><\/p>\n<p>Michael Conte, un italiano apuesto y millonario, debe resolver una emergencia. De acuerdo con la tradici\u00f3n familiar, el primog\u00e9nito ha de ser el primero en casarse, pero es su hermana peque\u00f1a quien desea pasar por el altar de forma inminente y no \u00e9l.<\/p>\n<p>Para hacer posible este enlace, Michael debe procurarse urgentemente una novia y present\u00e1rsela a su familia durante un viaje a Italia. La elegida para el papel de su media naranja es Maggie Ryan, fot\u00f3grafa de moda, independiente y de temperamento fuerte.<\/p>\n<p>Cuando le plantean la oferta, Maggie la acepta con ciertas condiciones. Est\u00e1 convencida de que Michael est\u00e1 enamorado de su \u00edntima amiga y cu\u00f1ada Alexa y le considera un peligro para la estabilidad matrimonial de su hermano, as\u00ed que le pide que, a cambio, deje en paz a su amiga.<\/p>\n<p>Aparentemente Maggie y Michael salen ganando con el pacto. Es la trampa perfecta, salvo por un peque\u00f1o detalle&#8230; Los dos tienen muy claro que no se casar\u00edan con el otro ni aunque se encontraran solos en el universo, pero ninguno contaba con la arrebatadora tensi\u00f3n sexual que surgir\u00eda entre ambos.<\/p>\n<p>Formato, p\u00e1ginas: BOLSILLO, 256<\/p>\n<p>Medidas: 125 X 190 mm<\/p><\/p>\n","protected":false},"excerpt":{"rendered":"<p>LA TRAMPA DEL MATRIMONIO (CASARSE CON UN MILLONARIO 2) Jennifer Probst Michael Conte, un italiano apuesto y millonario, debe resolver<\/p>\n","protected":false},"featured_media":43826,"comment_status":"open","ping_status":"open","template":"","meta":[],"product_cat":[414],"product_tag":[1385,415],"class_list":["post-43825","product","type-product","status-publish","has-post-thumbnail","hentry","product_cat-libros","product_tag-cisne","product_tag-random-house"],"bundled_by":[],"bundle_stock_status":"instock","bundle_stock_quantity":4,"bundle_virtual":false,"bundle_layout":"","bundle_add_to_cart_form_location":"","bundle_editable_in_cart":false,"bundle_sold_individually_context":"","bundle_item_grouping":"","bundle_min_size":"","bundle_max_size":"","bundled_items":[],"yoast_head":"<!-- This site is optimized with the Yoast SEO plugin v20.6 - https:\/\/yoast.com\/wordpress\/plugins\/seo\/ -->\n<title>LA TRAMPA DEL MATRIMONIO. CASARSE CON UN MILLONARIO 2 - Tienda Er\u00f3tica<\/title>\n<meta name=\"robots\" content=\"noindex, follow, max-snippet:-1, max-image-preview:large, max-video-preview:-1\" \/>\n<meta property=\"og:locale\" content=\"es_ES\" \/>\n<meta property=\"og:type\" content=\"article\" \/>\n<meta property=\"og:title\" content=\"LA TRAMPA DEL MATRIMONIO. CASARSE CON UN MILLONARIO 2 - Tienda Er\u00f3tica\" \/>\n<meta property=\"og:description\" content=\"LA TRAMPA DEL MATRIMONIO (CASARSE CON UN MILLONARIO 2) Jennifer Probst Michael Conte, un italiano apuesto y millonario, debe resolver\" \/>\n<meta property=\"og:url\" content=\"https:\/\/demoweb.info\/sexshop001\/producto\/la-trampa-del-matrimonio-casarse-con-un-millonario-2\/\" \/>\n<meta property=\"og:site_name\" content=\"Tienda Er\u00f3tica\" \/>\n<meta property=\"article:modified_time\" content=\"2022-01-22T13:56:06+00:00\" \/>\n<meta property=\"og:image\" content=\"https:\/\/demoweb.info\/sexshop001\/wp-content\/uploads\/2022\/01\/LA-TRAMPA-DEL-MATRIMONIO.-CASARSE-CON-UN-MILLONARIO-2.jpg\" \/>\n\t<meta property=\"og:image:width\" content=\"550\" \/>\n\t<meta property=\"og:image:height\" content=\"550\" \/>\n\t<meta property=\"og:image:type\" content=\"image\/jpeg\" \/>\n<meta name=\"twitter:card\" content=\"summary_large_image\" \/>\n<meta name=\"twitter:label1\" content=\"Tiempo de lectura\" \/>\n\t<meta name=\"twitter:data1\" content=\"1 minuto\" \/>\n<script type=\"application\/ld+json\" class=\"yoast-schema-graph\">{\"@context\":\"https:\/\/schema.org\",\"@graph\":[{\"@type\":\"WebPage\",\"@id\":\"https:\/\/demoweb.info\/sexshop001\/producto\/la-trampa-del-matrimonio-casarse-con-un-millonario-2\/\",\"url\":\"https:\/\/demoweb.info\/sexshop001\/producto\/la-trampa-del-matrimonio-casarse-con-un-millonario-2\/\",\"name\":\"LA TRAMPA DEL MATRIMONIO. CASARSE CON UN MILLONARIO 2 - Tienda Er\u00f3tica\",\"isPartOf\":{\"@id\":\"https:\/\/demoweb.info\/sexshop001\/#website\"},\"datePublished\":\"2022-01-22T13:56:03+00:00\",\"dateModified\":\"2022-01-22T13:56:06+00:00\",\"breadcrumb\":{\"@id\":\"https:\/\/demoweb.info\/sexshop001\/producto\/la-trampa-del-matrimonio-casarse-con-un-millonario-2\/#breadcrumb\"},\"inLanguage\":\"es\",\"potentialAction\":[{\"@type\":\"ReadAction\",\"target\":[\"https:\/\/demoweb.info\/sexshop001\/producto\/la-trampa-del-matrimonio-casarse-con-un-millonario-2\/\"]}]},{\"@type\":\"BreadcrumbList\",\"@id\":\"https:\/\/demoweb.info\/sexshop001\/producto\/la-trampa-del-matrimonio-casarse-con-un-millonario-2\/#breadcrumb\",\"itemListElement\":[{\"@type\":\"ListItem\",\"position\":1,\"name\":\"Portada\",\"item\":\"https:\/\/demoweb.info\/sexshop001\/\"},{\"@type\":\"ListItem\",\"position\":2,\"name\":\"Tienda\",\"item\":\"https:\/\/demoweb.info\/sexshop001\/tienda\/\"},{\"@type\":\"ListItem\",\"position\":3,\"name\":\"LA TRAMPA DEL MATRIMONIO. CASARSE CON UN MILLONARIO 2\"}]},{\"@type\":\"WebSite\",\"@id\":\"https:\/\/demoweb.info\/sexshop001\/#website\",\"url\":\"https:\/\/demoweb.info\/sexshop001\/\",\"name\":\"Tienda Er\u00f3tica\",\"description\":\"DEMOWEB SL\",\"potentialAction\":[{\"@type\":\"SearchAction\",\"target\":{\"@type\":\"EntryPoint\",\"urlTemplate\":\"https:\/\/demoweb.info\/sexshop001\/?s={search_term_string}\"},\"query-input\":\"required name=search_term_string\"}],\"inLanguage\":\"es\"}]}<\/script>\n<!-- \/ Yoast SEO plugin. -->","yoast_head_json":{"title":"LA TRAMPA DEL MATRIMONIO. CASARSE CON UN MILLONARIO 2 - Tienda Er\u00f3tica","robots":{"index":"noindex","follow":"follow","max-snippet":"max-snippet:-1","max-image-preview":"max-image-preview:large","max-video-preview":"max-video-preview:-1"},"og_locale":"es_ES","og_type":"article","og_title":"LA TRAMPA DEL MATRIMONIO. CASARSE CON UN MILLONARIO 2 - Tienda Er\u00f3tica","og_description":"LA TRAMPA DEL MATRIMONIO (CASARSE CON UN MILLONARIO 2) Jennifer Probst Michael Conte, un italiano apuesto y millonario, debe resolver","og_url":"https:\/\/demoweb.info\/sexshop001\/producto\/la-trampa-del-matrimonio-casarse-con-un-millonario-2\/","og_site_name":"Tienda Er\u00f3tica","article_modified_time":"2022-01-22T13:56:06+00:00","og_image":[{"width":550,"height":550,"url":"https:\/\/demoweb.info\/sexshop001\/wp-content\/uploads\/2022\/01\/LA-TRAMPA-DEL-MATRIMONIO.-CASARSE-CON-UN-MILLONARIO-2.jpg","type":"image\/jpeg"}],"twitter_card":"summary_large_image","twitter_misc":{"Tiempo de lectura":"1 minuto"},"schema":{"@context":"https:\/\/schema.org","@graph":[{"@type":"WebPage","@id":"https:\/\/demoweb.info\/sexshop001\/producto\/la-trampa-del-matrimonio-casarse-con-un-millonario-2\/","url":"https:\/\/demoweb.info\/sexshop001\/producto\/la-trampa-del-matrimonio-casarse-con-un-millonario-2\/","name":"LA TRAMPA DEL MATRIMONIO. CASARSE CON UN MILLONARIO 2 - Tienda Er\u00f3tica","isPartOf":{"@id":"https:\/\/demoweb.info\/sexshop001\/#website"},"datePublished":"2022-01-22T13:56:03+00:00","dateModified":"2022-01-22T13:56:06+00:00","breadcrumb":{"@id":"https:\/\/demoweb.info\/sexshop001\/producto\/la-trampa-del-matrimonio-casarse-con-un-millonario-2\/#breadcrumb"},"inLanguage":"es","potentialAction":[{"@type":"ReadAction","target":["https:\/\/demoweb.info\/sexshop001\/producto\/la-trampa-del-matrimonio-casarse-con-un-millonario-2\/"]}]},{"@type":"BreadcrumbList","@id":"https:\/\/demoweb.info\/sexshop001\/producto\/la-trampa-del-matrimonio-casarse-con-un-millonario-2\/#breadcrumb","itemListElement":[{"@type":"ListItem","position":1,"name":"Portada","item":"https:\/\/demoweb.info\/sexshop001\/"},{"@type":"ListItem","position":2,"name":"Tienda","item":"https:\/\/demoweb.info\/sexshop001\/tienda\/"},{"@type":"ListItem","position":3,"name":"LA TRAMPA DEL MATRIMONIO. CASARSE CON UN MILLONARIO 2"}]},{"@type":"WebSite","@id":"https:\/\/demoweb.info\/sexshop001\/#website","url":"https:\/\/demoweb.info\/sexshop001\/","name":"Tienda Er\u00f3tica","description":"DEMOWEB SL","potentialAction":[{"@type":"SearchAction","target":{"@type":"EntryPoint","urlTemplate":"https:\/\/demoweb.info\/sexshop001\/?s={search_term_string}"},"query-input":"required name=search_term_string"}],"inLanguage":"es"}]}},"_links":{"self":[{"href":"https:\/\/demoweb.info\/sexshop001\/wp-json\/wp\/v3\/product\/43825","targetHints":{"allow":["GET"]}}],"collection":[{"href":"https:\/\/demoweb.info\/sexshop001\/wp-json\/wp\/v3\/product"}],"about":[{"href":"https:\/\/demoweb.info\/sexshop001\/wp-json\/wp\/v2\/types\/product"}],"replies":[{"embeddable":true,"href":"https:\/\/demoweb.info\/sexshop001\/wp-json\/wp\/v2\/comments?post=43825"}],"wp:featuredmedia":[{"embeddable":true,"href":"https:\/\/demoweb.info\/sexshop001\/wp-json\/wp\/v2\/media\/43826"}],"wp:attachment":[{"href":"https:\/\/demoweb.info\/sexshop001\/wp-json\/wp\/v2\/media?parent=43825"}],"wp:term":[{"taxonomy":"product_cat","embeddable":true,"href":"https:\/\/demoweb.info\/sexshop001\/wp-json\/wp\/v2\/product_cat?post=43825"},{"taxonomy":"product_tag","embeddable":true,"href":"https:\/\/demoweb.info\/sexshop001\/wp-json\/wp\/v2\/product_tag?post=43825"}],"curies":[{"name":"wp","href":"https:\/\/api.w.org\/{rel}","templated":true}]}}