{"id":43795,"date":"2022-01-22T14:55:49","date_gmt":"2022-01-22T13:55:49","guid":{"rendered":"https:\/\/demoweb.info\/sexshop001\/producto\/persiguiendo-a-silvia-parte-1-2\/"},"modified":"2022-01-22T14:55:49","modified_gmt":"2022-01-22T13:55:49","slug":"persiguiendo-a-silvia-parte-1-2","status":"publish","type":"product","link":"https:\/\/demoweb.info\/sexshop001\/producto\/persiguiendo-a-silvia-parte-1-2\/","title":{"rendered":"PERSIGUIENDO A SILVIA. PARTE 1"},"content":{"rendered":"<p><strong>PERSIGUIENDO A SILVIA. PARTE 1<\/strong><\/p>\n<p><strong>EL\u00cdSABET BENAVENT<\/strong><\/p>\n<p>Silvia trabaja en una importante multinacional y est\u00e1 perdida.<br \/>\nSilvia necesita encontrar a alguien para olvidar a \u00c1lvaro.<br \/>\n\u00c1lvaro es su jefe y acaba de romperle el coraz\u00f3n.<br \/>\nBea, su mejor amiga, le propone un viaje.<br \/>\nY all\u00ed Silvia se encuentra con Gabriel&#8230;<br \/>\nGabriel es una estrella de rock y tambi\u00e9n tiene problemas.<br \/>\nSilvia y Gabriel conectan desde el principio.<br \/>\nY pronto descubrir\u00e1n que ese encuentro cambiar\u00e1 sus vidas.<\/p>\n<p>Tras el \u00e9xito de ventas y cr\u00edtica de la saga \u00abEn los zapatos de Valeria\u00bb, El\u00edsabet Benavent nos vuelve a enamorar con una historia en dos partes &#8211;<em>Persiguiendo a Silvia<\/em> y <em>Encontrando a Silvia-<\/em> que habla de amor, de amistad y de sexo al m\u00e1s puro estilo Valeria con unos personajes inolvidables que te volver\u00e1n loca. Una novela \u00e1gil, llena de vitalidad y humor que nos habla de lo dif\u00edcil que en ocasiones resulta amar a alguien.<\/p>\n<ul>\n<li>Formato, p\u00e1ginas: BOLSILLO, 536<\/li>\n<li>Medidas: 126 X 190 mm<\/li>\n<\/ul>\n","protected":false},"excerpt":{"rendered":"<p>PERSIGUIENDO A SILVIA. PARTE 1 EL\u00cdSABET BENAVENT Silvia trabaja en una importante multinacional y est\u00e1 perdida. Silvia necesita encontrar a<\/p>\n","protected":false},"featured_media":43796,"comment_status":"open","ping_status":"open","template":"","meta":[],"product_cat":[414],"product_tag":[722,415],"class_list":["post-43795","product","type-product","status-publish","has-post-thumbnail","hentry","product_cat-libros","product_tag-debolsillo","product_tag-random-house"],"bundled_by":[],"bundle_stock_status":"instock","bundle_stock_quantity":2,"bundle_virtual":false,"bundle_layout":"","bundle_add_to_cart_form_location":"","bundle_editable_in_cart":false,"bundle_sold_individually_context":"","bundle_item_grouping":"","bundle_min_size":"","bundle_max_size":"","bundled_items":[],"yoast_head":"<!-- This site is optimized with the Yoast SEO plugin v20.6 - https:\/\/yoast.com\/wordpress\/plugins\/seo\/ -->\n<title>PERSIGUIENDO A SILVIA. PARTE 1 - Tienda Er\u00f3tica<\/title>\n<meta name=\"robots\" content=\"noindex, follow, max-snippet:-1, max-image-preview:large, max-video-preview:-1\" \/>\n<meta property=\"og:locale\" content=\"es_ES\" \/>\n<meta property=\"og:type\" content=\"article\" \/>\n<meta property=\"og:title\" content=\"PERSIGUIENDO A SILVIA. PARTE 1 - Tienda Er\u00f3tica\" \/>\n<meta property=\"og:description\" content=\"PERSIGUIENDO A SILVIA. PARTE 1 EL\u00cdSABET BENAVENT Silvia trabaja en una importante multinacional y est\u00e1 perdida. Silvia necesita encontrar a\" \/>\n<meta property=\"og:url\" content=\"https:\/\/demoweb.info\/sexshop001\/producto\/persiguiendo-a-silvia-parte-1-2\/\" \/>\n<meta property=\"og:site_name\" content=\"Tienda Er\u00f3tica\" \/>\n<meta property=\"og:image\" content=\"https:\/\/demoweb.info\/sexshop001\/wp-content\/uploads\/2022\/01\/PERSIGUIENDO-A-SILVIA.-PARTE-1-1.jpg\" \/>\n\t<meta property=\"og:image:width\" content=\"550\" \/>\n\t<meta property=\"og:image:height\" content=\"550\" \/>\n\t<meta property=\"og:image:type\" content=\"image\/jpeg\" \/>\n<meta name=\"twitter:card\" content=\"summary_large_image\" \/>\n<meta name=\"twitter:label1\" content=\"Tiempo de lectura\" \/>\n\t<meta name=\"twitter:data1\" content=\"1 minuto\" \/>\n<script type=\"application\/ld+json\" class=\"yoast-schema-graph\">{\"@context\":\"https:\/\/schema.org\",\"@graph\":[{\"@type\":\"WebPage\",\"@id\":\"https:\/\/demoweb.info\/sexshop001\/producto\/persiguiendo-a-silvia-parte-1-2\/\",\"url\":\"https:\/\/demoweb.info\/sexshop001\/producto\/persiguiendo-a-silvia-parte-1-2\/\",\"name\":\"PERSIGUIENDO A SILVIA. PARTE 1 - Tienda Er\u00f3tica\",\"isPartOf\":{\"@id\":\"https:\/\/demoweb.info\/sexshop001\/#website\"},\"datePublished\":\"2022-01-22T13:55:49+00:00\",\"dateModified\":\"2022-01-22T13:55:49+00:00\",\"breadcrumb\":{\"@id\":\"https:\/\/demoweb.info\/sexshop001\/producto\/persiguiendo-a-silvia-parte-1-2\/#breadcrumb\"},\"inLanguage\":\"es\",\"potentialAction\":[{\"@type\":\"ReadAction\",\"target\":[\"https:\/\/demoweb.info\/sexshop001\/producto\/persiguiendo-a-silvia-parte-1-2\/\"]}]},{\"@type\":\"BreadcrumbList\",\"@id\":\"https:\/\/demoweb.info\/sexshop001\/producto\/persiguiendo-a-silvia-parte-1-2\/#breadcrumb\",\"itemListElement\":[{\"@type\":\"ListItem\",\"position\":1,\"name\":\"Portada\",\"item\":\"https:\/\/demoweb.info\/sexshop001\/\"},{\"@type\":\"ListItem\",\"position\":2,\"name\":\"Tienda\",\"item\":\"https:\/\/demoweb.info\/sexshop001\/tienda\/\"},{\"@type\":\"ListItem\",\"position\":3,\"name\":\"PERSIGUIENDO A SILVIA. PARTE 1\"}]},{\"@type\":\"WebSite\",\"@id\":\"https:\/\/demoweb.info\/sexshop001\/#website\",\"url\":\"https:\/\/demoweb.info\/sexshop001\/\",\"name\":\"Tienda Er\u00f3tica\",\"description\":\"DEMOWEB SL\",\"potentialAction\":[{\"@type\":\"SearchAction\",\"target\":{\"@type\":\"EntryPoint\",\"urlTemplate\":\"https:\/\/demoweb.info\/sexshop001\/?s={search_term_string}\"},\"query-input\":\"required name=search_term_string\"}],\"inLanguage\":\"es\"}]}<\/script>\n<!-- \/ Yoast SEO plugin. -->","yoast_head_json":{"title":"PERSIGUIENDO A SILVIA. PARTE 1 - Tienda Er\u00f3tica","robots":{"index":"noindex","follow":"follow","max-snippet":"max-snippet:-1","max-image-preview":"max-image-preview:large","max-video-preview":"max-video-preview:-1"},"og_locale":"es_ES","og_type":"article","og_title":"PERSIGUIENDO A SILVIA. PARTE 1 - Tienda Er\u00f3tica","og_description":"PERSIGUIENDO A SILVIA. PARTE 1 EL\u00cdSABET BENAVENT Silvia trabaja en una importante multinacional y est\u00e1 perdida. Silvia necesita encontrar a","og_url":"https:\/\/demoweb.info\/sexshop001\/producto\/persiguiendo-a-silvia-parte-1-2\/","og_site_name":"Tienda Er\u00f3tica","og_image":[{"width":550,"height":550,"url":"https:\/\/demoweb.info\/sexshop001\/wp-content\/uploads\/2022\/01\/PERSIGUIENDO-A-SILVIA.-PARTE-1-1.jpg","type":"image\/jpeg"}],"twitter_card":"summary_large_image","twitter_misc":{"Tiempo de lectura":"1 minuto"},"schema":{"@context":"https:\/\/schema.org","@graph":[{"@type":"WebPage","@id":"https:\/\/demoweb.info\/sexshop001\/producto\/persiguiendo-a-silvia-parte-1-2\/","url":"https:\/\/demoweb.info\/sexshop001\/producto\/persiguiendo-a-silvia-parte-1-2\/","name":"PERSIGUIENDO A SILVIA. PARTE 1 - Tienda Er\u00f3tica","isPartOf":{"@id":"https:\/\/demoweb.info\/sexshop001\/#website"},"datePublished":"2022-01-22T13:55:49+00:00","dateModified":"2022-01-22T13:55:49+00:00","breadcrumb":{"@id":"https:\/\/demoweb.info\/sexshop001\/producto\/persiguiendo-a-silvia-parte-1-2\/#breadcrumb"},"inLanguage":"es","potentialAction":[{"@type":"ReadAction","target":["https:\/\/demoweb.info\/sexshop001\/producto\/persiguiendo-a-silvia-parte-1-2\/"]}]},{"@type":"BreadcrumbList","@id":"https:\/\/demoweb.info\/sexshop001\/producto\/persiguiendo-a-silvia-parte-1-2\/#breadcrumb","itemListElement":[{"@type":"ListItem","position":1,"name":"Portada","item":"https:\/\/demoweb.info\/sexshop001\/"},{"@type":"ListItem","position":2,"name":"Tienda","item":"https:\/\/demoweb.info\/sexshop001\/tienda\/"},{"@type":"ListItem","position":3,"name":"PERSIGUIENDO A SILVIA. PARTE 1"}]},{"@type":"WebSite","@id":"https:\/\/demoweb.info\/sexshop001\/#website","url":"https:\/\/demoweb.info\/sexshop001\/","name":"Tienda Er\u00f3tica","description":"DEMOWEB SL","potentialAction":[{"@type":"SearchAction","target":{"@type":"EntryPoint","urlTemplate":"https:\/\/demoweb.info\/sexshop001\/?s={search_term_string}"},"query-input":"required name=search_term_string"}],"inLanguage":"es"}]}},"_links":{"self":[{"href":"https:\/\/demoweb.info\/sexshop001\/wp-json\/wp\/v3\/product\/43795","targetHints":{"allow":["GET"]}}],"collection":[{"href":"https:\/\/demoweb.info\/sexshop001\/wp-json\/wp\/v3\/product"}],"about":[{"href":"https:\/\/demoweb.info\/sexshop001\/wp-json\/wp\/v2\/types\/product"}],"replies":[{"embeddable":true,"href":"https:\/\/demoweb.info\/sexshop001\/wp-json\/wp\/v2\/comments?post=43795"}],"wp:featuredmedia":[{"embeddable":true,"href":"https:\/\/demoweb.info\/sexshop001\/wp-json\/wp\/v2\/media\/43796"}],"wp:attachment":[{"href":"https:\/\/demoweb.info\/sexshop001\/wp-json\/wp\/v2\/media?parent=43795"}],"wp:term":[{"taxonomy":"product_cat","embeddable":true,"href":"https:\/\/demoweb.info\/sexshop001\/wp-json\/wp\/v2\/product_cat?post=43795"},{"taxonomy":"product_tag","embeddable":true,"href":"https:\/\/demoweb.info\/sexshop001\/wp-json\/wp\/v2\/product_tag?post=43795"}],"curies":[{"name":"wp","href":"https:\/\/api.w.org\/{rel}","templated":true}]}}