{"id":43685,"date":"2022-01-22T14:54:33","date_gmt":"2022-01-22T13:54:33","guid":{"rendered":"https:\/\/demoweb.info\/sexshop001\/producto\/vibrador-hinchable-negro\/"},"modified":"2022-01-22T14:54:44","modified_gmt":"2022-01-22T13:54:44","slug":"vibrador-hinchable-negro","status":"publish","type":"product","link":"https:\/\/demoweb.info\/sexshop001\/producto\/vibrador-hinchable-negro\/","title":{"rendered":"VIBRADOR HINCHABLE NEGRO"},"content":{"rendered":"<p><strong>INFLATABLE VIBRATOR BLACK<\/strong> es un fant\u00e1stico <strong>vibrador unisex<\/strong> de silicona que permite aumentar r\u00e1pidamente hasta 2 veces su tama\u00f1o, mediante una bomba f\u00e1cil de utilizar.<\/p>\n<p>\u00a1Bomb\u00e9elo hasta sentirlo completamente!<\/p>\n<p>Incluye una v\u00e1lvula de seguridad para garantizar un control completo de la presi\u00f3n, adem\u00e1s es impermeable.<\/p>\n<p>Dispone de un control electr\u00f3nico multivelocidad de 7 potentes funciones, para lograr el nivel de vibraci\u00f3n deseado y una copa de succi\u00f3n en su base.<\/p>\n<p><strong>\u00a1Descubre un nuevo mundo de posibilidades!. <\/strong><\/p>\n<p>Funciona con 2 pilas <strong>AAA<\/strong> que puedes encontrar en la secci\u00f3n <strong>Pilas<\/strong>.<\/p>\n<p>Medidas Insertables: 15 cm x 3 cm.<\/p>\n","protected":false},"excerpt":{"rendered":"<p>INFLATABLE VIBRATOR BLACK es un fant\u00e1stico vibrador unisex de silicona que permite aumentar r\u00e1pidamente hasta 2 veces su tama\u00f1o, mediante<\/p>\n","protected":false},"featured_media":43686,"comment_status":"open","ping_status":"open","template":"","meta":[],"product_cat":[277],"product_tag":[650],"class_list":["post-43685","product","type-product","status-publish","has-post-thumbnail","hentry","product_cat-silicona-penes","product_tag-seven-creations"],"bundled_by":[],"bundle_stock_status":"instock","bundle_stock_quantity":1,"bundle_virtual":false,"bundle_layout":"","bundle_add_to_cart_form_location":"","bundle_editable_in_cart":false,"bundle_sold_individually_context":"","bundle_item_grouping":"","bundle_min_size":"","bundle_max_size":"","bundled_items":[],"yoast_head":"<!-- This site is optimized with the Yoast SEO plugin v20.6 - https:\/\/yoast.com\/wordpress\/plugins\/seo\/ -->\n<title>VIBRADOR HINCHABLE NEGRO - Tienda Er\u00f3tica<\/title>\n<meta name=\"robots\" content=\"noindex, follow, max-snippet:-1, max-image-preview:large, max-video-preview:-1\" \/>\n<meta property=\"og:locale\" content=\"es_ES\" \/>\n<meta property=\"og:type\" content=\"article\" \/>\n<meta property=\"og:title\" content=\"VIBRADOR HINCHABLE NEGRO - Tienda Er\u00f3tica\" \/>\n<meta property=\"og:description\" content=\"INFLATABLE VIBRATOR BLACK es un fant\u00e1stico vibrador unisex de silicona que permite aumentar r\u00e1pidamente hasta 2 veces su tama\u00f1o, mediante\" \/>\n<meta property=\"og:url\" content=\"https:\/\/demoweb.info\/sexshop001\/producto\/vibrador-hinchable-negro\/\" \/>\n<meta property=\"og:site_name\" content=\"Tienda Er\u00f3tica\" \/>\n<meta property=\"article:modified_time\" content=\"2022-01-22T13:54:44+00:00\" \/>\n<meta property=\"og:image\" content=\"https:\/\/demoweb.info\/sexshop001\/wp-content\/uploads\/2022\/01\/VIBRADOR-HINCHABLE-NEGRO.jpg\" \/>\n\t<meta property=\"og:image:width\" content=\"550\" \/>\n\t<meta property=\"og:image:height\" content=\"550\" \/>\n\t<meta property=\"og:image:type\" content=\"image\/jpeg\" \/>\n<meta name=\"twitter:card\" content=\"summary_large_image\" \/>\n<meta name=\"twitter:label1\" content=\"Tiempo de lectura\" \/>\n\t<meta name=\"twitter:data1\" content=\"1 minuto\" \/>\n<script type=\"application\/ld+json\" class=\"yoast-schema-graph\">{\"@context\":\"https:\/\/schema.org\",\"@graph\":[{\"@type\":\"WebPage\",\"@id\":\"https:\/\/demoweb.info\/sexshop001\/producto\/vibrador-hinchable-negro\/\",\"url\":\"https:\/\/demoweb.info\/sexshop001\/producto\/vibrador-hinchable-negro\/\",\"name\":\"VIBRADOR HINCHABLE NEGRO - Tienda Er\u00f3tica\",\"isPartOf\":{\"@id\":\"https:\/\/demoweb.info\/sexshop001\/#website\"},\"datePublished\":\"2022-01-22T13:54:33+00:00\",\"dateModified\":\"2022-01-22T13:54:44+00:00\",\"breadcrumb\":{\"@id\":\"https:\/\/demoweb.info\/sexshop001\/producto\/vibrador-hinchable-negro\/#breadcrumb\"},\"inLanguage\":\"es\",\"potentialAction\":[{\"@type\":\"ReadAction\",\"target\":[\"https:\/\/demoweb.info\/sexshop001\/producto\/vibrador-hinchable-negro\/\"]}]},{\"@type\":\"BreadcrumbList\",\"@id\":\"https:\/\/demoweb.info\/sexshop001\/producto\/vibrador-hinchable-negro\/#breadcrumb\",\"itemListElement\":[{\"@type\":\"ListItem\",\"position\":1,\"name\":\"Portada\",\"item\":\"https:\/\/demoweb.info\/sexshop001\/\"},{\"@type\":\"ListItem\",\"position\":2,\"name\":\"Tienda\",\"item\":\"https:\/\/demoweb.info\/sexshop001\/tienda\/\"},{\"@type\":\"ListItem\",\"position\":3,\"name\":\"VIBRADOR HINCHABLE NEGRO\"}]},{\"@type\":\"WebSite\",\"@id\":\"https:\/\/demoweb.info\/sexshop001\/#website\",\"url\":\"https:\/\/demoweb.info\/sexshop001\/\",\"name\":\"Tienda Er\u00f3tica\",\"description\":\"DEMOWEB SL\",\"potentialAction\":[{\"@type\":\"SearchAction\",\"target\":{\"@type\":\"EntryPoint\",\"urlTemplate\":\"https:\/\/demoweb.info\/sexshop001\/?s={search_term_string}\"},\"query-input\":\"required name=search_term_string\"}],\"inLanguage\":\"es\"}]}<\/script>\n<!-- \/ Yoast SEO plugin. -->","yoast_head_json":{"title":"VIBRADOR HINCHABLE NEGRO - Tienda Er\u00f3tica","robots":{"index":"noindex","follow":"follow","max-snippet":"max-snippet:-1","max-image-preview":"max-image-preview:large","max-video-preview":"max-video-preview:-1"},"og_locale":"es_ES","og_type":"article","og_title":"VIBRADOR HINCHABLE NEGRO - Tienda Er\u00f3tica","og_description":"INFLATABLE VIBRATOR BLACK es un fant\u00e1stico vibrador unisex de silicona que permite aumentar r\u00e1pidamente hasta 2 veces su tama\u00f1o, mediante","og_url":"https:\/\/demoweb.info\/sexshop001\/producto\/vibrador-hinchable-negro\/","og_site_name":"Tienda Er\u00f3tica","article_modified_time":"2022-01-22T13:54:44+00:00","og_image":[{"width":550,"height":550,"url":"https:\/\/demoweb.info\/sexshop001\/wp-content\/uploads\/2022\/01\/VIBRADOR-HINCHABLE-NEGRO.jpg","type":"image\/jpeg"}],"twitter_card":"summary_large_image","twitter_misc":{"Tiempo de lectura":"1 minuto"},"schema":{"@context":"https:\/\/schema.org","@graph":[{"@type":"WebPage","@id":"https:\/\/demoweb.info\/sexshop001\/producto\/vibrador-hinchable-negro\/","url":"https:\/\/demoweb.info\/sexshop001\/producto\/vibrador-hinchable-negro\/","name":"VIBRADOR HINCHABLE NEGRO - Tienda Er\u00f3tica","isPartOf":{"@id":"https:\/\/demoweb.info\/sexshop001\/#website"},"datePublished":"2022-01-22T13:54:33+00:00","dateModified":"2022-01-22T13:54:44+00:00","breadcrumb":{"@id":"https:\/\/demoweb.info\/sexshop001\/producto\/vibrador-hinchable-negro\/#breadcrumb"},"inLanguage":"es","potentialAction":[{"@type":"ReadAction","target":["https:\/\/demoweb.info\/sexshop001\/producto\/vibrador-hinchable-negro\/"]}]},{"@type":"BreadcrumbList","@id":"https:\/\/demoweb.info\/sexshop001\/producto\/vibrador-hinchable-negro\/#breadcrumb","itemListElement":[{"@type":"ListItem","position":1,"name":"Portada","item":"https:\/\/demoweb.info\/sexshop001\/"},{"@type":"ListItem","position":2,"name":"Tienda","item":"https:\/\/demoweb.info\/sexshop001\/tienda\/"},{"@type":"ListItem","position":3,"name":"VIBRADOR HINCHABLE NEGRO"}]},{"@type":"WebSite","@id":"https:\/\/demoweb.info\/sexshop001\/#website","url":"https:\/\/demoweb.info\/sexshop001\/","name":"Tienda Er\u00f3tica","description":"DEMOWEB SL","potentialAction":[{"@type":"SearchAction","target":{"@type":"EntryPoint","urlTemplate":"https:\/\/demoweb.info\/sexshop001\/?s={search_term_string}"},"query-input":"required name=search_term_string"}],"inLanguage":"es"}]}},"_links":{"self":[{"href":"https:\/\/demoweb.info\/sexshop001\/wp-json\/wp\/v3\/product\/43685","targetHints":{"allow":["GET"]}}],"collection":[{"href":"https:\/\/demoweb.info\/sexshop001\/wp-json\/wp\/v3\/product"}],"about":[{"href":"https:\/\/demoweb.info\/sexshop001\/wp-json\/wp\/v2\/types\/product"}],"replies":[{"embeddable":true,"href":"https:\/\/demoweb.info\/sexshop001\/wp-json\/wp\/v2\/comments?post=43685"}],"wp:featuredmedia":[{"embeddable":true,"href":"https:\/\/demoweb.info\/sexshop001\/wp-json\/wp\/v2\/media\/43686"}],"wp:attachment":[{"href":"https:\/\/demoweb.info\/sexshop001\/wp-json\/wp\/v2\/media?parent=43685"}],"wp:term":[{"taxonomy":"product_cat","embeddable":true,"href":"https:\/\/demoweb.info\/sexshop001\/wp-json\/wp\/v2\/product_cat?post=43685"},{"taxonomy":"product_tag","embeddable":true,"href":"https:\/\/demoweb.info\/sexshop001\/wp-json\/wp\/v2\/product_tag?post=43685"}],"curies":[{"name":"wp","href":"https:\/\/api.w.org\/{rel}","templated":true}]}}