{"id":43640,"date":"2022-01-22T14:53:58","date_gmt":"2022-01-22T13:53:58","guid":{"rendered":"https:\/\/demoweb.info\/sexshop001\/producto\/apollo-extension-para-el-pene-gris\/"},"modified":"2022-01-22T14:54:16","modified_gmt":"2022-01-22T13:54:16","slug":"apollo-extension-para-el-pene-gris","status":"publish","type":"product","link":"https:\/\/demoweb.info\/sexshop001\/producto\/apollo-extension-para-el-pene-gris\/","title":{"rendered":"APOLLO EXTENSION PARA EL PENE GRIS"},"content":{"rendered":"<p><strong>APOLLO EXTENDER SMOKE<\/strong><\/p>\n<p>Funda para el pene, con esta funda podr\u00e1s conseguir, disfrutar y alargar tus relaciones.<\/p>\n<p>&#8211; Extensor el\u00e1stico y c\u00f3modo.<br \/>\n&#8211; Seguro para tu cuerpo, sin olor, Ftalato libre.<br \/>\n&#8211; Mejora tus activos con longitud y circunferencia.<br \/>\n&#8211; Agrega 5 cm.<br \/>\n&#8211; Texturizado con nervaduras por dentro y por fuera,<\/p>\n<p>Medidas: 16 cm x 3.5 cm<\/p>\n","protected":false},"excerpt":{"rendered":"<p>APOLLO EXTENDER SMOKE Funda para el pene, con esta funda podr\u00e1s conseguir, disfrutar y alargar tus relaciones. &#8211; Extensor el\u00e1stico<\/p>\n","protected":false},"featured_media":43641,"comment_status":"open","ping_status":"open","template":"","meta":[],"product_cat":[543],"product_tag":[1286,660],"class_list":["post-43640","product","type-product","status-publish","has-post-thumbnail","hentry","product_cat-fundas","product_tag-apollo","product_tag-calexotics"],"bundled_by":[],"bundle_stock_status":"instock","bundle_stock_quantity":1,"bundle_virtual":false,"bundle_layout":"","bundle_add_to_cart_form_location":"","bundle_editable_in_cart":false,"bundle_sold_individually_context":"","bundle_item_grouping":"","bundle_min_size":"","bundle_max_size":"","bundled_items":[],"yoast_head":"<!-- This site is optimized with the Yoast SEO plugin v20.6 - https:\/\/yoast.com\/wordpress\/plugins\/seo\/ -->\n<title>APOLLO EXTENSION PARA EL PENE GRIS - Tienda Er\u00f3tica<\/title>\n<meta name=\"robots\" content=\"noindex, follow, max-snippet:-1, max-image-preview:large, max-video-preview:-1\" \/>\n<meta property=\"og:locale\" content=\"es_ES\" \/>\n<meta property=\"og:type\" content=\"article\" \/>\n<meta property=\"og:title\" content=\"APOLLO EXTENSION PARA EL PENE GRIS - Tienda Er\u00f3tica\" \/>\n<meta property=\"og:description\" content=\"APOLLO EXTENDER SMOKE Funda para el pene, con esta funda podr\u00e1s conseguir, disfrutar y alargar tus relaciones. &#8211; Extensor el\u00e1stico\" \/>\n<meta property=\"og:url\" content=\"https:\/\/demoweb.info\/sexshop001\/producto\/apollo-extension-para-el-pene-gris\/\" \/>\n<meta property=\"og:site_name\" content=\"Tienda Er\u00f3tica\" \/>\n<meta property=\"article:modified_time\" content=\"2022-01-22T13:54:16+00:00\" \/>\n<meta property=\"og:image\" content=\"https:\/\/demoweb.info\/sexshop001\/wp-content\/uploads\/2022\/01\/APOLLO-EXTENSION-PARA-EL-PENE-GRIS.jpg\" \/>\n\t<meta property=\"og:image:width\" content=\"550\" \/>\n\t<meta property=\"og:image:height\" content=\"550\" \/>\n\t<meta property=\"og:image:type\" content=\"image\/jpeg\" \/>\n<meta name=\"twitter:card\" content=\"summary_large_image\" \/>\n<script type=\"application\/ld+json\" class=\"yoast-schema-graph\">{\"@context\":\"https:\/\/schema.org\",\"@graph\":[{\"@type\":\"WebPage\",\"@id\":\"https:\/\/demoweb.info\/sexshop001\/producto\/apollo-extension-para-el-pene-gris\/\",\"url\":\"https:\/\/demoweb.info\/sexshop001\/producto\/apollo-extension-para-el-pene-gris\/\",\"name\":\"APOLLO EXTENSION PARA EL PENE GRIS - Tienda Er\u00f3tica\",\"isPartOf\":{\"@id\":\"https:\/\/demoweb.info\/sexshop001\/#website\"},\"datePublished\":\"2022-01-22T13:53:58+00:00\",\"dateModified\":\"2022-01-22T13:54:16+00:00\",\"breadcrumb\":{\"@id\":\"https:\/\/demoweb.info\/sexshop001\/producto\/apollo-extension-para-el-pene-gris\/#breadcrumb\"},\"inLanguage\":\"es\",\"potentialAction\":[{\"@type\":\"ReadAction\",\"target\":[\"https:\/\/demoweb.info\/sexshop001\/producto\/apollo-extension-para-el-pene-gris\/\"]}]},{\"@type\":\"BreadcrumbList\",\"@id\":\"https:\/\/demoweb.info\/sexshop001\/producto\/apollo-extension-para-el-pene-gris\/#breadcrumb\",\"itemListElement\":[{\"@type\":\"ListItem\",\"position\":1,\"name\":\"Portada\",\"item\":\"https:\/\/demoweb.info\/sexshop001\/\"},{\"@type\":\"ListItem\",\"position\":2,\"name\":\"Tienda\",\"item\":\"https:\/\/demoweb.info\/sexshop001\/tienda\/\"},{\"@type\":\"ListItem\",\"position\":3,\"name\":\"APOLLO EXTENSION PARA EL PENE GRIS\"}]},{\"@type\":\"WebSite\",\"@id\":\"https:\/\/demoweb.info\/sexshop001\/#website\",\"url\":\"https:\/\/demoweb.info\/sexshop001\/\",\"name\":\"Tienda Er\u00f3tica\",\"description\":\"DEMOWEB SL\",\"potentialAction\":[{\"@type\":\"SearchAction\",\"target\":{\"@type\":\"EntryPoint\",\"urlTemplate\":\"https:\/\/demoweb.info\/sexshop001\/?s={search_term_string}\"},\"query-input\":\"required name=search_term_string\"}],\"inLanguage\":\"es\"}]}<\/script>\n<!-- \/ Yoast SEO plugin. -->","yoast_head_json":{"title":"APOLLO EXTENSION PARA EL PENE GRIS - Tienda Er\u00f3tica","robots":{"index":"noindex","follow":"follow","max-snippet":"max-snippet:-1","max-image-preview":"max-image-preview:large","max-video-preview":"max-video-preview:-1"},"og_locale":"es_ES","og_type":"article","og_title":"APOLLO EXTENSION PARA EL PENE GRIS - Tienda Er\u00f3tica","og_description":"APOLLO EXTENDER SMOKE Funda para el pene, con esta funda podr\u00e1s conseguir, disfrutar y alargar tus relaciones. &#8211; Extensor el\u00e1stico","og_url":"https:\/\/demoweb.info\/sexshop001\/producto\/apollo-extension-para-el-pene-gris\/","og_site_name":"Tienda Er\u00f3tica","article_modified_time":"2022-01-22T13:54:16+00:00","og_image":[{"width":550,"height":550,"url":"https:\/\/demoweb.info\/sexshop001\/wp-content\/uploads\/2022\/01\/APOLLO-EXTENSION-PARA-EL-PENE-GRIS.jpg","type":"image\/jpeg"}],"twitter_card":"summary_large_image","schema":{"@context":"https:\/\/schema.org","@graph":[{"@type":"WebPage","@id":"https:\/\/demoweb.info\/sexshop001\/producto\/apollo-extension-para-el-pene-gris\/","url":"https:\/\/demoweb.info\/sexshop001\/producto\/apollo-extension-para-el-pene-gris\/","name":"APOLLO EXTENSION PARA EL PENE GRIS - Tienda Er\u00f3tica","isPartOf":{"@id":"https:\/\/demoweb.info\/sexshop001\/#website"},"datePublished":"2022-01-22T13:53:58+00:00","dateModified":"2022-01-22T13:54:16+00:00","breadcrumb":{"@id":"https:\/\/demoweb.info\/sexshop001\/producto\/apollo-extension-para-el-pene-gris\/#breadcrumb"},"inLanguage":"es","potentialAction":[{"@type":"ReadAction","target":["https:\/\/demoweb.info\/sexshop001\/producto\/apollo-extension-para-el-pene-gris\/"]}]},{"@type":"BreadcrumbList","@id":"https:\/\/demoweb.info\/sexshop001\/producto\/apollo-extension-para-el-pene-gris\/#breadcrumb","itemListElement":[{"@type":"ListItem","position":1,"name":"Portada","item":"https:\/\/demoweb.info\/sexshop001\/"},{"@type":"ListItem","position":2,"name":"Tienda","item":"https:\/\/demoweb.info\/sexshop001\/tienda\/"},{"@type":"ListItem","position":3,"name":"APOLLO EXTENSION PARA EL PENE GRIS"}]},{"@type":"WebSite","@id":"https:\/\/demoweb.info\/sexshop001\/#website","url":"https:\/\/demoweb.info\/sexshop001\/","name":"Tienda Er\u00f3tica","description":"DEMOWEB SL","potentialAction":[{"@type":"SearchAction","target":{"@type":"EntryPoint","urlTemplate":"https:\/\/demoweb.info\/sexshop001\/?s={search_term_string}"},"query-input":"required name=search_term_string"}],"inLanguage":"es"}]}},"_links":{"self":[{"href":"https:\/\/demoweb.info\/sexshop001\/wp-json\/wp\/v3\/product\/43640","targetHints":{"allow":["GET"]}}],"collection":[{"href":"https:\/\/demoweb.info\/sexshop001\/wp-json\/wp\/v3\/product"}],"about":[{"href":"https:\/\/demoweb.info\/sexshop001\/wp-json\/wp\/v2\/types\/product"}],"replies":[{"embeddable":true,"href":"https:\/\/demoweb.info\/sexshop001\/wp-json\/wp\/v2\/comments?post=43640"}],"wp:featuredmedia":[{"embeddable":true,"href":"https:\/\/demoweb.info\/sexshop001\/wp-json\/wp\/v2\/media\/43641"}],"wp:attachment":[{"href":"https:\/\/demoweb.info\/sexshop001\/wp-json\/wp\/v2\/media?parent=43640"}],"wp:term":[{"taxonomy":"product_cat","embeddable":true,"href":"https:\/\/demoweb.info\/sexshop001\/wp-json\/wp\/v2\/product_cat?post=43640"},{"taxonomy":"product_tag","embeddable":true,"href":"https:\/\/demoweb.info\/sexshop001\/wp-json\/wp\/v2\/product_tag?post=43640"}],"curies":[{"name":"wp","href":"https:\/\/api.w.org\/{rel}","templated":true}]}}