{"id":43464,"date":"2022-01-22T14:52:17","date_gmt":"2022-01-22T13:52:17","guid":{"rendered":"https:\/\/demoweb.info\/sexshop001\/producto\/mil-besos-y-cien-mas\/"},"modified":"2022-01-22T14:52:21","modified_gmt":"2022-01-22T13:52:21","slug":"mil-besos-y-cien-mas","status":"publish","type":"product","link":"https:\/\/demoweb.info\/sexshop001\/producto\/mil-besos-y-cien-mas\/","title":{"rendered":"MIL BESOS Y CIEN MAS"},"content":{"rendered":"<p><strong>MIL BESOS Y CIEN M\u00c1S<\/strong><\/p>\n<p>Autor\/a: <strong>Laura Sciolla<\/strong><\/p>\n<p><strong>Roma, siglo I a.C.<\/strong>: la hermosa Claudia languidece en la capital del Imperio. Casada con el oficial Quinto Metello, un hombre rudo y mayor que ella, sufre tambi\u00e9n las presiones de su ambicioso hermano Publio, con quien mantiene una ambigua y compleja relaci\u00f3n.<\/p>\n<p>El destino hace que Claudia conozca a Catulo, un joven veron\u00e9s. \u00c9l es un poeta sensible que se siente irresistiblemente atra\u00eddo por la patricia y la seduce no solo con las caricias m\u00e1s osadas sino tambi\u00e9n con sus versos.<\/p>\n<p>Adorada como una musa y amada con extraordinaria delicadeza y sensualidad, Claudia aprende a disfrutar de su cuerpo, dej\u00e1ndose llevar por una pasi\u00f3n y un juego amatorio que rompe todas las reglas. Porque Roma es una ciudad implacable que tolera los excesos sexuales y las org\u00edas desatadas, pero que desconf\u00eda de las historias de amor. Y Catulo, bajo la apariencia de amante entregado, esconde tambi\u00e9n a un hombre posesivo, capaz de pasar de los besos m\u00e1s ardientes a unos celos intensos y peligrosos.<\/p>\n<p><strong>Una historia de amor marcada por un sensual erotismo y unos celos apasionados, que pas\u00f3 a la historia en forma de unos versos sublimes.<\/strong><\/p>\n<p><strong>Formato, p\u00e1ginas:<\/strong> BOLSILLO, 336<\/p>\n<p><strong>Medidas:<\/strong> 125 X 190 mm<\/p>\n","protected":false},"excerpt":{"rendered":"<p>MIL BESOS Y CIEN M\u00c1S Autor\/a: Laura Sciolla Roma, siglo I a.C.: la hermosa Claudia languidece en la capital del<\/p>\n","protected":false},"featured_media":43465,"comment_status":"open","ping_status":"open","template":"","meta":[],"product_cat":[414],"product_tag":[722,415],"class_list":["post-43464","product","type-product","status-publish","has-post-thumbnail","hentry","product_cat-libros","product_tag-debolsillo","product_tag-random-house"],"bundled_by":[],"bundle_stock_status":"instock","bundle_stock_quantity":1,"bundle_virtual":false,"bundle_layout":"","bundle_add_to_cart_form_location":"","bundle_editable_in_cart":false,"bundle_sold_individually_context":"","bundle_item_grouping":"","bundle_min_size":"","bundle_max_size":"","bundled_items":[],"yoast_head":"<!-- This site is optimized with the Yoast SEO plugin v20.6 - https:\/\/yoast.com\/wordpress\/plugins\/seo\/ -->\n<title>MIL BESOS Y CIEN MAS - Tienda Er\u00f3tica<\/title>\n<meta name=\"robots\" content=\"noindex, follow, max-snippet:-1, max-image-preview:large, max-video-preview:-1\" \/>\n<meta property=\"og:locale\" content=\"es_ES\" \/>\n<meta property=\"og:type\" content=\"article\" \/>\n<meta property=\"og:title\" content=\"MIL BESOS Y CIEN MAS - Tienda Er\u00f3tica\" \/>\n<meta property=\"og:description\" content=\"MIL BESOS Y CIEN M\u00c1S Autor\/a: Laura Sciolla Roma, siglo I a.C.: la hermosa Claudia languidece en la capital del\" \/>\n<meta property=\"og:url\" content=\"https:\/\/demoweb.info\/sexshop001\/producto\/mil-besos-y-cien-mas\/\" \/>\n<meta property=\"og:site_name\" content=\"Tienda Er\u00f3tica\" \/>\n<meta property=\"article:modified_time\" content=\"2022-01-22T13:52:21+00:00\" \/>\n<meta property=\"og:image\" content=\"https:\/\/demoweb.info\/sexshop001\/wp-content\/uploads\/2022\/01\/MIL-BESOS-Y-CIEN-MAS.jpg\" \/>\n\t<meta property=\"og:image:width\" content=\"550\" \/>\n\t<meta property=\"og:image:height\" content=\"550\" \/>\n\t<meta property=\"og:image:type\" content=\"image\/jpeg\" \/>\n<meta name=\"twitter:card\" content=\"summary_large_image\" \/>\n<meta name=\"twitter:label1\" content=\"Tiempo de lectura\" \/>\n\t<meta name=\"twitter:data1\" content=\"1 minuto\" \/>\n<script type=\"application\/ld+json\" class=\"yoast-schema-graph\">{\"@context\":\"https:\/\/schema.org\",\"@graph\":[{\"@type\":\"WebPage\",\"@id\":\"https:\/\/demoweb.info\/sexshop001\/producto\/mil-besos-y-cien-mas\/\",\"url\":\"https:\/\/demoweb.info\/sexshop001\/producto\/mil-besos-y-cien-mas\/\",\"name\":\"MIL BESOS Y CIEN MAS - Tienda Er\u00f3tica\",\"isPartOf\":{\"@id\":\"https:\/\/demoweb.info\/sexshop001\/#website\"},\"datePublished\":\"2022-01-22T13:52:17+00:00\",\"dateModified\":\"2022-01-22T13:52:21+00:00\",\"breadcrumb\":{\"@id\":\"https:\/\/demoweb.info\/sexshop001\/producto\/mil-besos-y-cien-mas\/#breadcrumb\"},\"inLanguage\":\"es\",\"potentialAction\":[{\"@type\":\"ReadAction\",\"target\":[\"https:\/\/demoweb.info\/sexshop001\/producto\/mil-besos-y-cien-mas\/\"]}]},{\"@type\":\"BreadcrumbList\",\"@id\":\"https:\/\/demoweb.info\/sexshop001\/producto\/mil-besos-y-cien-mas\/#breadcrumb\",\"itemListElement\":[{\"@type\":\"ListItem\",\"position\":1,\"name\":\"Portada\",\"item\":\"https:\/\/demoweb.info\/sexshop001\/\"},{\"@type\":\"ListItem\",\"position\":2,\"name\":\"Tienda\",\"item\":\"https:\/\/demoweb.info\/sexshop001\/tienda\/\"},{\"@type\":\"ListItem\",\"position\":3,\"name\":\"MIL BESOS Y CIEN MAS\"}]},{\"@type\":\"WebSite\",\"@id\":\"https:\/\/demoweb.info\/sexshop001\/#website\",\"url\":\"https:\/\/demoweb.info\/sexshop001\/\",\"name\":\"Tienda Er\u00f3tica\",\"description\":\"DEMOWEB SL\",\"potentialAction\":[{\"@type\":\"SearchAction\",\"target\":{\"@type\":\"EntryPoint\",\"urlTemplate\":\"https:\/\/demoweb.info\/sexshop001\/?s={search_term_string}\"},\"query-input\":\"required name=search_term_string\"}],\"inLanguage\":\"es\"}]}<\/script>\n<!-- \/ Yoast SEO plugin. -->","yoast_head_json":{"title":"MIL BESOS Y CIEN MAS - Tienda Er\u00f3tica","robots":{"index":"noindex","follow":"follow","max-snippet":"max-snippet:-1","max-image-preview":"max-image-preview:large","max-video-preview":"max-video-preview:-1"},"og_locale":"es_ES","og_type":"article","og_title":"MIL BESOS Y CIEN MAS - Tienda Er\u00f3tica","og_description":"MIL BESOS Y CIEN M\u00c1S Autor\/a: Laura Sciolla Roma, siglo I a.C.: la hermosa Claudia languidece en la capital del","og_url":"https:\/\/demoweb.info\/sexshop001\/producto\/mil-besos-y-cien-mas\/","og_site_name":"Tienda Er\u00f3tica","article_modified_time":"2022-01-22T13:52:21+00:00","og_image":[{"width":550,"height":550,"url":"https:\/\/demoweb.info\/sexshop001\/wp-content\/uploads\/2022\/01\/MIL-BESOS-Y-CIEN-MAS.jpg","type":"image\/jpeg"}],"twitter_card":"summary_large_image","twitter_misc":{"Tiempo de lectura":"1 minuto"},"schema":{"@context":"https:\/\/schema.org","@graph":[{"@type":"WebPage","@id":"https:\/\/demoweb.info\/sexshop001\/producto\/mil-besos-y-cien-mas\/","url":"https:\/\/demoweb.info\/sexshop001\/producto\/mil-besos-y-cien-mas\/","name":"MIL BESOS Y CIEN MAS - Tienda Er\u00f3tica","isPartOf":{"@id":"https:\/\/demoweb.info\/sexshop001\/#website"},"datePublished":"2022-01-22T13:52:17+00:00","dateModified":"2022-01-22T13:52:21+00:00","breadcrumb":{"@id":"https:\/\/demoweb.info\/sexshop001\/producto\/mil-besos-y-cien-mas\/#breadcrumb"},"inLanguage":"es","potentialAction":[{"@type":"ReadAction","target":["https:\/\/demoweb.info\/sexshop001\/producto\/mil-besos-y-cien-mas\/"]}]},{"@type":"BreadcrumbList","@id":"https:\/\/demoweb.info\/sexshop001\/producto\/mil-besos-y-cien-mas\/#breadcrumb","itemListElement":[{"@type":"ListItem","position":1,"name":"Portada","item":"https:\/\/demoweb.info\/sexshop001\/"},{"@type":"ListItem","position":2,"name":"Tienda","item":"https:\/\/demoweb.info\/sexshop001\/tienda\/"},{"@type":"ListItem","position":3,"name":"MIL BESOS Y CIEN MAS"}]},{"@type":"WebSite","@id":"https:\/\/demoweb.info\/sexshop001\/#website","url":"https:\/\/demoweb.info\/sexshop001\/","name":"Tienda Er\u00f3tica","description":"DEMOWEB SL","potentialAction":[{"@type":"SearchAction","target":{"@type":"EntryPoint","urlTemplate":"https:\/\/demoweb.info\/sexshop001\/?s={search_term_string}"},"query-input":"required name=search_term_string"}],"inLanguage":"es"}]}},"_links":{"self":[{"href":"https:\/\/demoweb.info\/sexshop001\/wp-json\/wp\/v3\/product\/43464","targetHints":{"allow":["GET"]}}],"collection":[{"href":"https:\/\/demoweb.info\/sexshop001\/wp-json\/wp\/v3\/product"}],"about":[{"href":"https:\/\/demoweb.info\/sexshop001\/wp-json\/wp\/v2\/types\/product"}],"replies":[{"embeddable":true,"href":"https:\/\/demoweb.info\/sexshop001\/wp-json\/wp\/v2\/comments?post=43464"}],"wp:featuredmedia":[{"embeddable":true,"href":"https:\/\/demoweb.info\/sexshop001\/wp-json\/wp\/v2\/media\/43465"}],"wp:attachment":[{"href":"https:\/\/demoweb.info\/sexshop001\/wp-json\/wp\/v2\/media?parent=43464"}],"wp:term":[{"taxonomy":"product_cat","embeddable":true,"href":"https:\/\/demoweb.info\/sexshop001\/wp-json\/wp\/v2\/product_cat?post=43464"},{"taxonomy":"product_tag","embeddable":true,"href":"https:\/\/demoweb.info\/sexshop001\/wp-json\/wp\/v2\/product_tag?post=43464"}],"curies":[{"name":"wp","href":"https:\/\/api.w.org\/{rel}","templated":true}]}}