{"id":43462,"date":"2022-01-22T14:52:17","date_gmt":"2022-01-22T13:52:17","guid":{"rendered":"https:\/\/demoweb.info\/sexshop001\/producto\/en-tus-brazos\/"},"modified":"2022-01-22T14:52:20","modified_gmt":"2022-01-22T13:52:20","slug":"en-tus-brazos","status":"publish","type":"product","link":"https:\/\/demoweb.info\/sexshop001\/producto\/en-tus-brazos\/","title":{"rendered":"EN TUS BRAZOS"},"content":{"rendered":"<p><strong>EN TUS BRAZOS<\/strong><\/p>\n<p>Autor\/a: <strong>Maya Banks<\/strong><\/p>\n<p><strong>Segunda entrega de la nueva serie de suspense rom\u00e1ntico de Maya Banks.<\/strong><\/p>\n<p>Abandonada desde que era una bebe y criada por una pareja en un mundo privilegiado, Arial no conoce nada de su pasado. Su \u00fanico v\u00ednculo son los poderes de telequinesia que al parecer hered\u00f3 de su progenitora.<\/p>\n<p>Protegida por sus padres adoptivos, quienes la mantienen al margen de una vida normal para salvaguardar sus poderes secretos, Ari ha vivido atrapada en el lujo y la soledad. Pero esa vida est\u00e1 a punto de dar un giro de 360 grados.<\/p>\n<p>Beau Deveraux no es un extra\u00f1o como todos los dem\u00e1s. Como jefe de la familia, \u00e9l siempre ha estado muy familiarizado con los poderes f\u00edsicos de Ari. Por lo tanto, cuando un amigo de la familia se acerca para intentar conocer a Ari, \u00e9l quiere estar cerca en todo momento para protegerla. Pero para lo que Beau no est\u00e1 preparado es para la terrible atracci\u00f3n que nacer\u00e1 entre su amigo y su hija, y lo que comenz\u00f3 como un trabajo m\u00e1s, ahora se ha convertido en un problema personal, en el que estar\u00e1 dispuesto a arriesgar su vida si es necesario.<\/p>\n<p>P\u00e1ginas: 336<\/p>\n<p>Formato: Trade TB con solapa<\/p>\n","protected":false},"excerpt":{"rendered":"<p>EN TUS BRAZOS Autor\/a: Maya Banks Segunda entrega de la nueva serie de suspense rom\u00e1ntico de Maya Banks. Abandonada desde<\/p>\n","protected":false},"featured_media":43463,"comment_status":"open","ping_status":"open","template":"","meta":[],"product_cat":[414],"product_tag":[415,714],"class_list":["post-43462","product","type-product","status-publish","has-post-thumbnail","hentry","product_cat-libros","product_tag-random-house","product_tag-terciopelo"],"bundled_by":[],"bundle_stock_status":"instock","bundle_stock_quantity":6,"bundle_virtual":false,"bundle_layout":"","bundle_add_to_cart_form_location":"","bundle_editable_in_cart":false,"bundle_sold_individually_context":"","bundle_item_grouping":"","bundle_min_size":"","bundle_max_size":"","bundled_items":[],"yoast_head":"<!-- This site is optimized with the Yoast SEO plugin v20.6 - https:\/\/yoast.com\/wordpress\/plugins\/seo\/ -->\n<title>EN TUS BRAZOS - Tienda Er\u00f3tica<\/title>\n<meta name=\"robots\" content=\"noindex, follow, max-snippet:-1, max-image-preview:large, max-video-preview:-1\" \/>\n<meta property=\"og:locale\" content=\"es_ES\" \/>\n<meta property=\"og:type\" content=\"article\" \/>\n<meta property=\"og:title\" content=\"EN TUS BRAZOS - Tienda Er\u00f3tica\" \/>\n<meta property=\"og:description\" content=\"EN TUS BRAZOS Autor\/a: Maya Banks Segunda entrega de la nueva serie de suspense rom\u00e1ntico de Maya Banks. Abandonada desde\" \/>\n<meta property=\"og:url\" content=\"https:\/\/demoweb.info\/sexshop001\/producto\/en-tus-brazos\/\" \/>\n<meta property=\"og:site_name\" content=\"Tienda Er\u00f3tica\" \/>\n<meta property=\"article:modified_time\" content=\"2022-01-22T13:52:20+00:00\" \/>\n<meta property=\"og:image\" content=\"https:\/\/demoweb.info\/sexshop001\/wp-content\/uploads\/2022\/01\/EN-TUS-BRAZOS.jpg\" \/>\n\t<meta property=\"og:image:width\" content=\"550\" \/>\n\t<meta property=\"og:image:height\" content=\"550\" \/>\n\t<meta property=\"og:image:type\" content=\"image\/jpeg\" \/>\n<meta name=\"twitter:card\" content=\"summary_large_image\" \/>\n<meta name=\"twitter:label1\" content=\"Tiempo de lectura\" \/>\n\t<meta name=\"twitter:data1\" content=\"1 minuto\" \/>\n<script type=\"application\/ld+json\" class=\"yoast-schema-graph\">{\"@context\":\"https:\/\/schema.org\",\"@graph\":[{\"@type\":\"WebPage\",\"@id\":\"https:\/\/demoweb.info\/sexshop001\/producto\/en-tus-brazos\/\",\"url\":\"https:\/\/demoweb.info\/sexshop001\/producto\/en-tus-brazos\/\",\"name\":\"EN TUS BRAZOS - Tienda Er\u00f3tica\",\"isPartOf\":{\"@id\":\"https:\/\/demoweb.info\/sexshop001\/#website\"},\"datePublished\":\"2022-01-22T13:52:17+00:00\",\"dateModified\":\"2022-01-22T13:52:20+00:00\",\"breadcrumb\":{\"@id\":\"https:\/\/demoweb.info\/sexshop001\/producto\/en-tus-brazos\/#breadcrumb\"},\"inLanguage\":\"es\",\"potentialAction\":[{\"@type\":\"ReadAction\",\"target\":[\"https:\/\/demoweb.info\/sexshop001\/producto\/en-tus-brazos\/\"]}]},{\"@type\":\"BreadcrumbList\",\"@id\":\"https:\/\/demoweb.info\/sexshop001\/producto\/en-tus-brazos\/#breadcrumb\",\"itemListElement\":[{\"@type\":\"ListItem\",\"position\":1,\"name\":\"Portada\",\"item\":\"https:\/\/demoweb.info\/sexshop001\/\"},{\"@type\":\"ListItem\",\"position\":2,\"name\":\"Tienda\",\"item\":\"https:\/\/demoweb.info\/sexshop001\/tienda\/\"},{\"@type\":\"ListItem\",\"position\":3,\"name\":\"EN TUS BRAZOS\"}]},{\"@type\":\"WebSite\",\"@id\":\"https:\/\/demoweb.info\/sexshop001\/#website\",\"url\":\"https:\/\/demoweb.info\/sexshop001\/\",\"name\":\"Tienda Er\u00f3tica\",\"description\":\"DEMOWEB SL\",\"potentialAction\":[{\"@type\":\"SearchAction\",\"target\":{\"@type\":\"EntryPoint\",\"urlTemplate\":\"https:\/\/demoweb.info\/sexshop001\/?s={search_term_string}\"},\"query-input\":\"required name=search_term_string\"}],\"inLanguage\":\"es\"}]}<\/script>\n<!-- \/ Yoast SEO plugin. -->","yoast_head_json":{"title":"EN TUS BRAZOS - Tienda Er\u00f3tica","robots":{"index":"noindex","follow":"follow","max-snippet":"max-snippet:-1","max-image-preview":"max-image-preview:large","max-video-preview":"max-video-preview:-1"},"og_locale":"es_ES","og_type":"article","og_title":"EN TUS BRAZOS - Tienda Er\u00f3tica","og_description":"EN TUS BRAZOS Autor\/a: Maya Banks Segunda entrega de la nueva serie de suspense rom\u00e1ntico de Maya Banks. Abandonada desde","og_url":"https:\/\/demoweb.info\/sexshop001\/producto\/en-tus-brazos\/","og_site_name":"Tienda Er\u00f3tica","article_modified_time":"2022-01-22T13:52:20+00:00","og_image":[{"width":550,"height":550,"url":"https:\/\/demoweb.info\/sexshop001\/wp-content\/uploads\/2022\/01\/EN-TUS-BRAZOS.jpg","type":"image\/jpeg"}],"twitter_card":"summary_large_image","twitter_misc":{"Tiempo de lectura":"1 minuto"},"schema":{"@context":"https:\/\/schema.org","@graph":[{"@type":"WebPage","@id":"https:\/\/demoweb.info\/sexshop001\/producto\/en-tus-brazos\/","url":"https:\/\/demoweb.info\/sexshop001\/producto\/en-tus-brazos\/","name":"EN TUS BRAZOS - Tienda Er\u00f3tica","isPartOf":{"@id":"https:\/\/demoweb.info\/sexshop001\/#website"},"datePublished":"2022-01-22T13:52:17+00:00","dateModified":"2022-01-22T13:52:20+00:00","breadcrumb":{"@id":"https:\/\/demoweb.info\/sexshop001\/producto\/en-tus-brazos\/#breadcrumb"},"inLanguage":"es","potentialAction":[{"@type":"ReadAction","target":["https:\/\/demoweb.info\/sexshop001\/producto\/en-tus-brazos\/"]}]},{"@type":"BreadcrumbList","@id":"https:\/\/demoweb.info\/sexshop001\/producto\/en-tus-brazos\/#breadcrumb","itemListElement":[{"@type":"ListItem","position":1,"name":"Portada","item":"https:\/\/demoweb.info\/sexshop001\/"},{"@type":"ListItem","position":2,"name":"Tienda","item":"https:\/\/demoweb.info\/sexshop001\/tienda\/"},{"@type":"ListItem","position":3,"name":"EN TUS BRAZOS"}]},{"@type":"WebSite","@id":"https:\/\/demoweb.info\/sexshop001\/#website","url":"https:\/\/demoweb.info\/sexshop001\/","name":"Tienda Er\u00f3tica","description":"DEMOWEB SL","potentialAction":[{"@type":"SearchAction","target":{"@type":"EntryPoint","urlTemplate":"https:\/\/demoweb.info\/sexshop001\/?s={search_term_string}"},"query-input":"required name=search_term_string"}],"inLanguage":"es"}]}},"_links":{"self":[{"href":"https:\/\/demoweb.info\/sexshop001\/wp-json\/wp\/v3\/product\/43462","targetHints":{"allow":["GET"]}}],"collection":[{"href":"https:\/\/demoweb.info\/sexshop001\/wp-json\/wp\/v3\/product"}],"about":[{"href":"https:\/\/demoweb.info\/sexshop001\/wp-json\/wp\/v2\/types\/product"}],"replies":[{"embeddable":true,"href":"https:\/\/demoweb.info\/sexshop001\/wp-json\/wp\/v2\/comments?post=43462"}],"wp:featuredmedia":[{"embeddable":true,"href":"https:\/\/demoweb.info\/sexshop001\/wp-json\/wp\/v2\/media\/43463"}],"wp:attachment":[{"href":"https:\/\/demoweb.info\/sexshop001\/wp-json\/wp\/v2\/media?parent=43462"}],"wp:term":[{"taxonomy":"product_cat","embeddable":true,"href":"https:\/\/demoweb.info\/sexshop001\/wp-json\/wp\/v2\/product_cat?post=43462"},{"taxonomy":"product_tag","embeddable":true,"href":"https:\/\/demoweb.info\/sexshop001\/wp-json\/wp\/v2\/product_tag?post=43462"}],"curies":[{"name":"wp","href":"https:\/\/api.w.org\/{rel}","templated":true}]}}