{"id":43395,"date":"2022-01-22T14:51:40","date_gmt":"2022-01-22T13:51:40","guid":{"rendered":"https:\/\/demoweb.info\/sexshop001\/producto\/solo-es-un-rumor-girl-heart-boy-2\/"},"modified":"2022-01-22T14:51:46","modified_gmt":"2022-01-22T13:51:46","slug":"solo-es-un-rumor-girl-heart-boy-2","status":"publish","type":"product","link":"https:\/\/demoweb.info\/sexshop001\/producto\/solo-es-un-rumor-girl-heart-boy-2\/","title":{"rendered":"SOLO ES UN RUMOR (GIRL HEART BOY 2)"},"content":{"rendered":"<p><strong>SOLO ES UN RUMOR (GIRL HEART BOY 2)<\/strong><\/p>\n<p><strong>Ali Cronin<\/strong><\/p>\n<p><strong>Ashley<\/strong>, la transgresora y feminista; <strong>Rich<\/strong>, el amigo perfecto, siempre adorable; <strong>Donna<\/strong>, la fiestera y despreocupada; <strong>Jack<\/strong>, el deportista responsable; <strong>Cass<\/strong>, la dulce y eterna emparejada; <strong>Ollie<\/strong>, el divertido lig\u00f3n del grupo; <strong>Sarah<\/strong>, rom\u00e1ntica e inocente.<\/p>\n<p>El \u00faltimo a\u00f1o de instituto siempre es decisivo: amor, secretos, sexo, diversi\u00f3n y tantos sue\u00f1os por cumplir&#8230; Esta es la historia que cambio la vida de Ashley, pero tambi\u00e9n la de todos los dem\u00e1s componentes del grupo.<\/p>\n<p>Ashley es independiente, divertida&#8230; quiere vivir su vida libremente y sin ataduras. As\u00ed que va saltando de un chico a otro, sin importarle demasiado ninguno de ellos ni el qu\u00e9 dir\u00e1n. Pero entonces conoce a Dylan y se enamora perdidamente de \u00e9l. Aunque, claro, la gente habla y lo que dicen por ah\u00ed sobre ella no le favorece en absoluto a la hora de ganarse el coraz\u00f3n del \u00fanico chico al que de verdad ha querido.<\/p>\n<p><strong>\u00a1La nueva e irresistible serie rom\u00e1ntica que combina romanticismo y realismo con la sensualidad de <em>Cincuenta Sombras Grey<\/em> de E. L. James para adolescentes!<\/strong><\/p>\n<p><strong>Formato, p\u00e1ginas:<\/strong> TAPA BLANDA CON SOLAPA, 304<\/p>\n<p><strong>Medidas:<\/strong> 141 X 215 mm<\/p>\n","protected":false},"excerpt":{"rendered":"<p>SOLO ES UN RUMOR (GIRL HEART BOY 2) Ali Cronin Ashley, la transgresora y feminista; Rich, el amigo perfecto, siempre<\/p>\n","protected":false},"featured_media":43396,"comment_status":"open","ping_status":"open","template":"","meta":[],"product_cat":[414],"product_tag":[1381],"class_list":["post-43395","product","type-product","status-publish","has-post-thumbnail","hentry","product_cat-libros","product_tag-alfaguara"],"bundled_by":[],"bundle_stock_status":"instock","bundle_stock_quantity":1,"bundle_virtual":false,"bundle_layout":"","bundle_add_to_cart_form_location":"","bundle_editable_in_cart":false,"bundle_sold_individually_context":"","bundle_item_grouping":"","bundle_min_size":"","bundle_max_size":"","bundled_items":[],"yoast_head":"<!-- This site is optimized with the Yoast SEO plugin v20.6 - https:\/\/yoast.com\/wordpress\/plugins\/seo\/ -->\n<title>SOLO ES UN RUMOR (GIRL HEART BOY 2) - Tienda Er\u00f3tica<\/title>\n<meta name=\"robots\" content=\"noindex, follow, max-snippet:-1, max-image-preview:large, max-video-preview:-1\" \/>\n<meta property=\"og:locale\" content=\"es_ES\" \/>\n<meta property=\"og:type\" content=\"article\" \/>\n<meta property=\"og:title\" content=\"SOLO ES UN RUMOR (GIRL HEART BOY 2) - Tienda Er\u00f3tica\" \/>\n<meta property=\"og:description\" content=\"SOLO ES UN RUMOR (GIRL HEART BOY 2) Ali Cronin Ashley, la transgresora y feminista; Rich, el amigo perfecto, siempre\" \/>\n<meta property=\"og:url\" content=\"https:\/\/demoweb.info\/sexshop001\/producto\/solo-es-un-rumor-girl-heart-boy-2\/\" \/>\n<meta property=\"og:site_name\" content=\"Tienda Er\u00f3tica\" \/>\n<meta property=\"article:modified_time\" content=\"2022-01-22T13:51:46+00:00\" \/>\n<meta property=\"og:image\" content=\"https:\/\/demoweb.info\/sexshop001\/wp-content\/uploads\/2022\/01\/SOLO-ES-UN-RUMOR-GIRL-HEART-BOY-2.jpg\" \/>\n\t<meta property=\"og:image:width\" content=\"550\" \/>\n\t<meta property=\"og:image:height\" content=\"550\" \/>\n\t<meta property=\"og:image:type\" content=\"image\/jpeg\" \/>\n<meta name=\"twitter:card\" content=\"summary_large_image\" \/>\n<meta name=\"twitter:label1\" content=\"Tiempo de lectura\" \/>\n\t<meta name=\"twitter:data1\" content=\"1 minuto\" \/>\n<script type=\"application\/ld+json\" class=\"yoast-schema-graph\">{\"@context\":\"https:\/\/schema.org\",\"@graph\":[{\"@type\":\"WebPage\",\"@id\":\"https:\/\/demoweb.info\/sexshop001\/producto\/solo-es-un-rumor-girl-heart-boy-2\/\",\"url\":\"https:\/\/demoweb.info\/sexshop001\/producto\/solo-es-un-rumor-girl-heart-boy-2\/\",\"name\":\"SOLO ES UN RUMOR (GIRL HEART BOY 2) - Tienda Er\u00f3tica\",\"isPartOf\":{\"@id\":\"https:\/\/demoweb.info\/sexshop001\/#website\"},\"datePublished\":\"2022-01-22T13:51:40+00:00\",\"dateModified\":\"2022-01-22T13:51:46+00:00\",\"breadcrumb\":{\"@id\":\"https:\/\/demoweb.info\/sexshop001\/producto\/solo-es-un-rumor-girl-heart-boy-2\/#breadcrumb\"},\"inLanguage\":\"es\",\"potentialAction\":[{\"@type\":\"ReadAction\",\"target\":[\"https:\/\/demoweb.info\/sexshop001\/producto\/solo-es-un-rumor-girl-heart-boy-2\/\"]}]},{\"@type\":\"BreadcrumbList\",\"@id\":\"https:\/\/demoweb.info\/sexshop001\/producto\/solo-es-un-rumor-girl-heart-boy-2\/#breadcrumb\",\"itemListElement\":[{\"@type\":\"ListItem\",\"position\":1,\"name\":\"Portada\",\"item\":\"https:\/\/demoweb.info\/sexshop001\/\"},{\"@type\":\"ListItem\",\"position\":2,\"name\":\"Tienda\",\"item\":\"https:\/\/demoweb.info\/sexshop001\/tienda\/\"},{\"@type\":\"ListItem\",\"position\":3,\"name\":\"SOLO ES UN RUMOR (GIRL HEART BOY 2)\"}]},{\"@type\":\"WebSite\",\"@id\":\"https:\/\/demoweb.info\/sexshop001\/#website\",\"url\":\"https:\/\/demoweb.info\/sexshop001\/\",\"name\":\"Tienda Er\u00f3tica\",\"description\":\"DEMOWEB SL\",\"potentialAction\":[{\"@type\":\"SearchAction\",\"target\":{\"@type\":\"EntryPoint\",\"urlTemplate\":\"https:\/\/demoweb.info\/sexshop001\/?s={search_term_string}\"},\"query-input\":\"required name=search_term_string\"}],\"inLanguage\":\"es\"}]}<\/script>\n<!-- \/ Yoast SEO plugin. -->","yoast_head_json":{"title":"SOLO ES UN RUMOR (GIRL HEART BOY 2) - Tienda Er\u00f3tica","robots":{"index":"noindex","follow":"follow","max-snippet":"max-snippet:-1","max-image-preview":"max-image-preview:large","max-video-preview":"max-video-preview:-1"},"og_locale":"es_ES","og_type":"article","og_title":"SOLO ES UN RUMOR (GIRL HEART BOY 2) - Tienda Er\u00f3tica","og_description":"SOLO ES UN RUMOR (GIRL HEART BOY 2) Ali Cronin Ashley, la transgresora y feminista; Rich, el amigo perfecto, siempre","og_url":"https:\/\/demoweb.info\/sexshop001\/producto\/solo-es-un-rumor-girl-heart-boy-2\/","og_site_name":"Tienda Er\u00f3tica","article_modified_time":"2022-01-22T13:51:46+00:00","og_image":[{"width":550,"height":550,"url":"https:\/\/demoweb.info\/sexshop001\/wp-content\/uploads\/2022\/01\/SOLO-ES-UN-RUMOR-GIRL-HEART-BOY-2.jpg","type":"image\/jpeg"}],"twitter_card":"summary_large_image","twitter_misc":{"Tiempo de lectura":"1 minuto"},"schema":{"@context":"https:\/\/schema.org","@graph":[{"@type":"WebPage","@id":"https:\/\/demoweb.info\/sexshop001\/producto\/solo-es-un-rumor-girl-heart-boy-2\/","url":"https:\/\/demoweb.info\/sexshop001\/producto\/solo-es-un-rumor-girl-heart-boy-2\/","name":"SOLO ES UN RUMOR (GIRL HEART BOY 2) - Tienda Er\u00f3tica","isPartOf":{"@id":"https:\/\/demoweb.info\/sexshop001\/#website"},"datePublished":"2022-01-22T13:51:40+00:00","dateModified":"2022-01-22T13:51:46+00:00","breadcrumb":{"@id":"https:\/\/demoweb.info\/sexshop001\/producto\/solo-es-un-rumor-girl-heart-boy-2\/#breadcrumb"},"inLanguage":"es","potentialAction":[{"@type":"ReadAction","target":["https:\/\/demoweb.info\/sexshop001\/producto\/solo-es-un-rumor-girl-heart-boy-2\/"]}]},{"@type":"BreadcrumbList","@id":"https:\/\/demoweb.info\/sexshop001\/producto\/solo-es-un-rumor-girl-heart-boy-2\/#breadcrumb","itemListElement":[{"@type":"ListItem","position":1,"name":"Portada","item":"https:\/\/demoweb.info\/sexshop001\/"},{"@type":"ListItem","position":2,"name":"Tienda","item":"https:\/\/demoweb.info\/sexshop001\/tienda\/"},{"@type":"ListItem","position":3,"name":"SOLO ES UN RUMOR (GIRL HEART BOY 2)"}]},{"@type":"WebSite","@id":"https:\/\/demoweb.info\/sexshop001\/#website","url":"https:\/\/demoweb.info\/sexshop001\/","name":"Tienda Er\u00f3tica","description":"DEMOWEB SL","potentialAction":[{"@type":"SearchAction","target":{"@type":"EntryPoint","urlTemplate":"https:\/\/demoweb.info\/sexshop001\/?s={search_term_string}"},"query-input":"required name=search_term_string"}],"inLanguage":"es"}]}},"_links":{"self":[{"href":"https:\/\/demoweb.info\/sexshop001\/wp-json\/wp\/v3\/product\/43395","targetHints":{"allow":["GET"]}}],"collection":[{"href":"https:\/\/demoweb.info\/sexshop001\/wp-json\/wp\/v3\/product"}],"about":[{"href":"https:\/\/demoweb.info\/sexshop001\/wp-json\/wp\/v2\/types\/product"}],"replies":[{"embeddable":true,"href":"https:\/\/demoweb.info\/sexshop001\/wp-json\/wp\/v2\/comments?post=43395"}],"wp:featuredmedia":[{"embeddable":true,"href":"https:\/\/demoweb.info\/sexshop001\/wp-json\/wp\/v2\/media\/43396"}],"wp:attachment":[{"href":"https:\/\/demoweb.info\/sexshop001\/wp-json\/wp\/v2\/media?parent=43395"}],"wp:term":[{"taxonomy":"product_cat","embeddable":true,"href":"https:\/\/demoweb.info\/sexshop001\/wp-json\/wp\/v2\/product_cat?post=43395"},{"taxonomy":"product_tag","embeddable":true,"href":"https:\/\/demoweb.info\/sexshop001\/wp-json\/wp\/v2\/product_tag?post=43395"}],"curies":[{"name":"wp","href":"https:\/\/api.w.org\/{rel}","templated":true}]}}