{"id":43350,"date":"2022-01-22T14:51:13","date_gmt":"2022-01-22T13:51:13","guid":{"rendered":"https:\/\/demoweb.info\/sexshop001\/producto\/jelly-rancher-plug-ondas-rosa\/"},"modified":"2022-01-22T14:51:20","modified_gmt":"2022-01-22T13:51:20","slug":"jelly-rancher-plug-ondas-rosa","status":"publish","type":"product","link":"https:\/\/demoweb.info\/sexshop001\/producto\/jelly-rancher-plug-ondas-rosa\/","title":{"rendered":"JELLY RANCHER PLUG ONDAS ROSA"},"content":{"rendered":"<p><strong>JELLY RANCHER T-PLUG RIPPLE PINK<\/strong><\/p>\n<p>Suave y c\u00f3modo este plug es f\u00e1cil de usar, fabricado en TPE<strong> <\/strong>que es seguro para el cuerpo. Libre de pftalato. El material es inodoro, ins\u00edpido, no poroso, hipoalerg\u00e9nico y se puede limpiar f\u00e1cilmente con agua tibia y un jab\u00f3n suave.<\/p>\n<p>Sus ondas te permitir\u00e1n alcanzar el m\u00e1ximo placer, y su base te permitir\u00e1 una extracci\u00f3n m\u00e1s segura.<\/p>\n<p>Suave y flexible.<\/p>\n<p>Se recomienda el uso con lubricantes.<\/p>\n<p>Medidas Insertables: 10 cm x 2.5 cm.<\/p>\n","protected":false},"excerpt":{"rendered":"<p>JELLY RANCHER T-PLUG RIPPLE PINK Suave y c\u00f3modo este plug es f\u00e1cil de usar, fabricado en TPE que es seguro<\/p>\n","protected":false},"featured_media":43351,"comment_status":"open","ping_status":"open","template":"","meta":[],"product_cat":[279],"product_tag":[1380,666],"class_list":["post-43350","product","type-product","status-publish","has-post-thumbnail","hentry","product_cat-plugs","product_tag-jelly-rancher","product_tag-nsnovelties"],"bundled_by":[],"bundle_stock_status":"instock","bundle_stock_quantity":1,"bundle_virtual":false,"bundle_layout":"","bundle_add_to_cart_form_location":"","bundle_editable_in_cart":false,"bundle_sold_individually_context":"","bundle_item_grouping":"","bundle_min_size":"","bundle_max_size":"","bundled_items":[],"yoast_head":"<!-- This site is optimized with the Yoast SEO plugin v20.6 - https:\/\/yoast.com\/wordpress\/plugins\/seo\/ -->\n<title>JELLY RANCHER PLUG ONDAS ROSA - Tienda Er\u00f3tica<\/title>\n<meta name=\"robots\" content=\"noindex, follow, max-snippet:-1, max-image-preview:large, max-video-preview:-1\" \/>\n<meta property=\"og:locale\" content=\"es_ES\" \/>\n<meta property=\"og:type\" content=\"article\" \/>\n<meta property=\"og:title\" content=\"JELLY RANCHER PLUG ONDAS ROSA - Tienda Er\u00f3tica\" \/>\n<meta property=\"og:description\" content=\"JELLY RANCHER T-PLUG RIPPLE PINK Suave y c\u00f3modo este plug es f\u00e1cil de usar, fabricado en TPE que es seguro\" \/>\n<meta property=\"og:url\" content=\"https:\/\/demoweb.info\/sexshop001\/producto\/jelly-rancher-plug-ondas-rosa\/\" \/>\n<meta property=\"og:site_name\" content=\"Tienda Er\u00f3tica\" \/>\n<meta property=\"article:modified_time\" content=\"2022-01-22T13:51:20+00:00\" \/>\n<meta property=\"og:image\" content=\"https:\/\/demoweb.info\/sexshop001\/wp-content\/uploads\/2022\/01\/JELLY-RANCHER-PLUG-ONDAS-ROSA.jpg\" \/>\n\t<meta property=\"og:image:width\" content=\"550\" \/>\n\t<meta property=\"og:image:height\" content=\"550\" \/>\n\t<meta property=\"og:image:type\" content=\"image\/jpeg\" \/>\n<meta name=\"twitter:card\" content=\"summary_large_image\" \/>\n<script type=\"application\/ld+json\" class=\"yoast-schema-graph\">{\"@context\":\"https:\/\/schema.org\",\"@graph\":[{\"@type\":\"WebPage\",\"@id\":\"https:\/\/demoweb.info\/sexshop001\/producto\/jelly-rancher-plug-ondas-rosa\/\",\"url\":\"https:\/\/demoweb.info\/sexshop001\/producto\/jelly-rancher-plug-ondas-rosa\/\",\"name\":\"JELLY RANCHER PLUG ONDAS ROSA - Tienda Er\u00f3tica\",\"isPartOf\":{\"@id\":\"https:\/\/demoweb.info\/sexshop001\/#website\"},\"datePublished\":\"2022-01-22T13:51:13+00:00\",\"dateModified\":\"2022-01-22T13:51:20+00:00\",\"breadcrumb\":{\"@id\":\"https:\/\/demoweb.info\/sexshop001\/producto\/jelly-rancher-plug-ondas-rosa\/#breadcrumb\"},\"inLanguage\":\"es\",\"potentialAction\":[{\"@type\":\"ReadAction\",\"target\":[\"https:\/\/demoweb.info\/sexshop001\/producto\/jelly-rancher-plug-ondas-rosa\/\"]}]},{\"@type\":\"BreadcrumbList\",\"@id\":\"https:\/\/demoweb.info\/sexshop001\/producto\/jelly-rancher-plug-ondas-rosa\/#breadcrumb\",\"itemListElement\":[{\"@type\":\"ListItem\",\"position\":1,\"name\":\"Portada\",\"item\":\"https:\/\/demoweb.info\/sexshop001\/\"},{\"@type\":\"ListItem\",\"position\":2,\"name\":\"Tienda\",\"item\":\"https:\/\/demoweb.info\/sexshop001\/tienda\/\"},{\"@type\":\"ListItem\",\"position\":3,\"name\":\"JELLY RANCHER PLUG ONDAS ROSA\"}]},{\"@type\":\"WebSite\",\"@id\":\"https:\/\/demoweb.info\/sexshop001\/#website\",\"url\":\"https:\/\/demoweb.info\/sexshop001\/\",\"name\":\"Tienda Er\u00f3tica\",\"description\":\"DEMOWEB SL\",\"potentialAction\":[{\"@type\":\"SearchAction\",\"target\":{\"@type\":\"EntryPoint\",\"urlTemplate\":\"https:\/\/demoweb.info\/sexshop001\/?s={search_term_string}\"},\"query-input\":\"required name=search_term_string\"}],\"inLanguage\":\"es\"}]}<\/script>\n<!-- \/ Yoast SEO plugin. -->","yoast_head_json":{"title":"JELLY RANCHER PLUG ONDAS ROSA - Tienda Er\u00f3tica","robots":{"index":"noindex","follow":"follow","max-snippet":"max-snippet:-1","max-image-preview":"max-image-preview:large","max-video-preview":"max-video-preview:-1"},"og_locale":"es_ES","og_type":"article","og_title":"JELLY RANCHER PLUG ONDAS ROSA - Tienda Er\u00f3tica","og_description":"JELLY RANCHER T-PLUG RIPPLE PINK Suave y c\u00f3modo este plug es f\u00e1cil de usar, fabricado en TPE que es seguro","og_url":"https:\/\/demoweb.info\/sexshop001\/producto\/jelly-rancher-plug-ondas-rosa\/","og_site_name":"Tienda Er\u00f3tica","article_modified_time":"2022-01-22T13:51:20+00:00","og_image":[{"width":550,"height":550,"url":"https:\/\/demoweb.info\/sexshop001\/wp-content\/uploads\/2022\/01\/JELLY-RANCHER-PLUG-ONDAS-ROSA.jpg","type":"image\/jpeg"}],"twitter_card":"summary_large_image","schema":{"@context":"https:\/\/schema.org","@graph":[{"@type":"WebPage","@id":"https:\/\/demoweb.info\/sexshop001\/producto\/jelly-rancher-plug-ondas-rosa\/","url":"https:\/\/demoweb.info\/sexshop001\/producto\/jelly-rancher-plug-ondas-rosa\/","name":"JELLY RANCHER PLUG ONDAS ROSA - Tienda Er\u00f3tica","isPartOf":{"@id":"https:\/\/demoweb.info\/sexshop001\/#website"},"datePublished":"2022-01-22T13:51:13+00:00","dateModified":"2022-01-22T13:51:20+00:00","breadcrumb":{"@id":"https:\/\/demoweb.info\/sexshop001\/producto\/jelly-rancher-plug-ondas-rosa\/#breadcrumb"},"inLanguage":"es","potentialAction":[{"@type":"ReadAction","target":["https:\/\/demoweb.info\/sexshop001\/producto\/jelly-rancher-plug-ondas-rosa\/"]}]},{"@type":"BreadcrumbList","@id":"https:\/\/demoweb.info\/sexshop001\/producto\/jelly-rancher-plug-ondas-rosa\/#breadcrumb","itemListElement":[{"@type":"ListItem","position":1,"name":"Portada","item":"https:\/\/demoweb.info\/sexshop001\/"},{"@type":"ListItem","position":2,"name":"Tienda","item":"https:\/\/demoweb.info\/sexshop001\/tienda\/"},{"@type":"ListItem","position":3,"name":"JELLY RANCHER PLUG ONDAS ROSA"}]},{"@type":"WebSite","@id":"https:\/\/demoweb.info\/sexshop001\/#website","url":"https:\/\/demoweb.info\/sexshop001\/","name":"Tienda Er\u00f3tica","description":"DEMOWEB SL","potentialAction":[{"@type":"SearchAction","target":{"@type":"EntryPoint","urlTemplate":"https:\/\/demoweb.info\/sexshop001\/?s={search_term_string}"},"query-input":"required name=search_term_string"}],"inLanguage":"es"}]}},"_links":{"self":[{"href":"https:\/\/demoweb.info\/sexshop001\/wp-json\/wp\/v3\/product\/43350","targetHints":{"allow":["GET"]}}],"collection":[{"href":"https:\/\/demoweb.info\/sexshop001\/wp-json\/wp\/v3\/product"}],"about":[{"href":"https:\/\/demoweb.info\/sexshop001\/wp-json\/wp\/v2\/types\/product"}],"replies":[{"embeddable":true,"href":"https:\/\/demoweb.info\/sexshop001\/wp-json\/wp\/v2\/comments?post=43350"}],"wp:featuredmedia":[{"embeddable":true,"href":"https:\/\/demoweb.info\/sexshop001\/wp-json\/wp\/v2\/media\/43351"}],"wp:attachment":[{"href":"https:\/\/demoweb.info\/sexshop001\/wp-json\/wp\/v2\/media?parent=43350"}],"wp:term":[{"taxonomy":"product_cat","embeddable":true,"href":"https:\/\/demoweb.info\/sexshop001\/wp-json\/wp\/v2\/product_cat?post=43350"},{"taxonomy":"product_tag","embeddable":true,"href":"https:\/\/demoweb.info\/sexshop001\/wp-json\/wp\/v2\/product_tag?post=43350"}],"curies":[{"name":"wp","href":"https:\/\/api.w.org\/{rel}","templated":true}]}}