{"id":43323,"date":"2022-01-22T14:51:04","date_gmt":"2022-01-22T13:51:04","guid":{"rendered":"https:\/\/demoweb.info\/sexshop001\/producto\/al-rojo-vivo-trilogia-deseo-3\/"},"modified":"2022-01-22T14:51:07","modified_gmt":"2022-01-22T13:51:07","slug":"al-rojo-vivo-trilogia-deseo-3","status":"publish","type":"product","link":"https:\/\/demoweb.info\/sexshop001\/producto\/al-rojo-vivo-trilogia-deseo-3\/","title":{"rendered":"AL ROJO VIVO. TRILOGIA DESEO 3"},"content":{"rendered":"<p><strong>AL ROJO VIVO. TRILOGIA DESEO 3<\/strong><\/p>\n<p><strong>J. Kenner<\/strong><\/p>\n<p>Durante la fiesta de inauguraci\u00f3n de la galer\u00eda de arte propiedad de Cole August y Tyler Sharp, Katrina deambula por las salas, y no precisamente para admirar los cuadros, sino a uno de los due\u00f1os: el apuesto e inaccesible Cole. \u00abCole no sale con chicas, solo se acuesta con ellas\u00bb. Eso es lo que le ha dicho la novia de Tyler, pero a ella no le importa ya que tampoco est\u00e1 buscando una relaci\u00f3n formal. Lo cierto es que ni siquiera termina de comprender por qu\u00e9 se siente tan atra\u00edda desde hace tiempo por este joven millonario. En realidad, su \u00fanico objetivo es curarse esa obsesi\u00f3n y sabe que solo lo lograr\u00e1 si pasa una noche con \u00e9l.<\/p>\n<p>Pero una sola noche puede abrir las puertas al placer m\u00e1s incre\u00edble y a los juegos er\u00f3ticos m\u00e1s atrevidos. Al dolor m\u00e1s sensual. Cole y Kat est\u00e1n a punto de descubrir que, a veces, entregarse al otro puede significar entrar en un juego peligroso y caer en una adicci\u00f3n a la que ninguno de los dos sabr\u00e1 resistirse.<\/p>\n<ul>\n<li><strong>Formato, p\u00e1ginas:<\/strong> BOLSILLO, 336<\/li>\n<li><strong>Medidas:<\/strong> 125 X 190 mm<\/li>\n<li><strong>ISBN:<\/strong> 9788490625767<\/li>\n<li><strong>EAN:<\/strong> 9788490625767<\/li>\n<li><strong>Tem\u00e1ticas:<\/strong> Novela rom\u00e1ntica, Comedia rom\u00e1ntica<\/li>\n<li><strong>Colecci\u00f3n:<\/strong> Best Seller<\/li>\n<li><strong>Edad recomendada:<\/strong> Adultos<\/li>\n<\/ul>\n","protected":false},"excerpt":{"rendered":"<p>AL ROJO VIVO. TRILOGIA DESEO 3 J. Kenner Durante la fiesta de inauguraci\u00f3n de la galer\u00eda de arte propiedad de<\/p>\n","protected":false},"featured_media":43324,"comment_status":"open","ping_status":"open","template":"","meta":[],"product_cat":[414],"product_tag":[722,415],"class_list":["post-43323","product","type-product","status-publish","has-post-thumbnail","hentry","product_cat-libros","product_tag-debolsillo","product_tag-random-house"],"bundled_by":[],"bundle_stock_status":"instock","bundle_stock_quantity":2,"bundle_virtual":false,"bundle_layout":"","bundle_add_to_cart_form_location":"","bundle_editable_in_cart":false,"bundle_sold_individually_context":"","bundle_item_grouping":"","bundle_min_size":"","bundle_max_size":"","bundled_items":[],"yoast_head":"<!-- This site is optimized with the Yoast SEO plugin v20.6 - https:\/\/yoast.com\/wordpress\/plugins\/seo\/ -->\n<title>AL ROJO VIVO. TRILOGIA DESEO 3 - Tienda Er\u00f3tica<\/title>\n<meta name=\"robots\" content=\"noindex, follow, max-snippet:-1, max-image-preview:large, max-video-preview:-1\" \/>\n<meta property=\"og:locale\" content=\"es_ES\" \/>\n<meta property=\"og:type\" content=\"article\" \/>\n<meta property=\"og:title\" content=\"AL ROJO VIVO. TRILOGIA DESEO 3 - Tienda Er\u00f3tica\" \/>\n<meta property=\"og:description\" content=\"AL ROJO VIVO. TRILOGIA DESEO 3 J. Kenner Durante la fiesta de inauguraci\u00f3n de la galer\u00eda de arte propiedad de\" \/>\n<meta property=\"og:url\" content=\"https:\/\/demoweb.info\/sexshop001\/producto\/al-rojo-vivo-trilogia-deseo-3\/\" \/>\n<meta property=\"og:site_name\" content=\"Tienda Er\u00f3tica\" \/>\n<meta property=\"article:modified_time\" content=\"2022-01-22T13:51:07+00:00\" \/>\n<meta property=\"og:image\" content=\"https:\/\/demoweb.info\/sexshop001\/wp-content\/uploads\/2022\/01\/AL-ROJO-VIVO.-TRILOGIA-DESEO-3.jpg\" \/>\n\t<meta property=\"og:image:width\" content=\"550\" \/>\n\t<meta property=\"og:image:height\" content=\"550\" \/>\n\t<meta property=\"og:image:type\" content=\"image\/jpeg\" \/>\n<meta name=\"twitter:card\" content=\"summary_large_image\" \/>\n<meta name=\"twitter:label1\" content=\"Tiempo de lectura\" \/>\n\t<meta name=\"twitter:data1\" content=\"1 minuto\" \/>\n<script type=\"application\/ld+json\" class=\"yoast-schema-graph\">{\"@context\":\"https:\/\/schema.org\",\"@graph\":[{\"@type\":\"WebPage\",\"@id\":\"https:\/\/demoweb.info\/sexshop001\/producto\/al-rojo-vivo-trilogia-deseo-3\/\",\"url\":\"https:\/\/demoweb.info\/sexshop001\/producto\/al-rojo-vivo-trilogia-deseo-3\/\",\"name\":\"AL ROJO VIVO. TRILOGIA DESEO 3 - Tienda Er\u00f3tica\",\"isPartOf\":{\"@id\":\"https:\/\/demoweb.info\/sexshop001\/#website\"},\"datePublished\":\"2022-01-22T13:51:04+00:00\",\"dateModified\":\"2022-01-22T13:51:07+00:00\",\"breadcrumb\":{\"@id\":\"https:\/\/demoweb.info\/sexshop001\/producto\/al-rojo-vivo-trilogia-deseo-3\/#breadcrumb\"},\"inLanguage\":\"es\",\"potentialAction\":[{\"@type\":\"ReadAction\",\"target\":[\"https:\/\/demoweb.info\/sexshop001\/producto\/al-rojo-vivo-trilogia-deseo-3\/\"]}]},{\"@type\":\"BreadcrumbList\",\"@id\":\"https:\/\/demoweb.info\/sexshop001\/producto\/al-rojo-vivo-trilogia-deseo-3\/#breadcrumb\",\"itemListElement\":[{\"@type\":\"ListItem\",\"position\":1,\"name\":\"Portada\",\"item\":\"https:\/\/demoweb.info\/sexshop001\/\"},{\"@type\":\"ListItem\",\"position\":2,\"name\":\"Tienda\",\"item\":\"https:\/\/demoweb.info\/sexshop001\/tienda\/\"},{\"@type\":\"ListItem\",\"position\":3,\"name\":\"AL ROJO VIVO. TRILOGIA DESEO 3\"}]},{\"@type\":\"WebSite\",\"@id\":\"https:\/\/demoweb.info\/sexshop001\/#website\",\"url\":\"https:\/\/demoweb.info\/sexshop001\/\",\"name\":\"Tienda Er\u00f3tica\",\"description\":\"DEMOWEB SL\",\"potentialAction\":[{\"@type\":\"SearchAction\",\"target\":{\"@type\":\"EntryPoint\",\"urlTemplate\":\"https:\/\/demoweb.info\/sexshop001\/?s={search_term_string}\"},\"query-input\":\"required name=search_term_string\"}],\"inLanguage\":\"es\"}]}<\/script>\n<!-- \/ Yoast SEO plugin. -->","yoast_head_json":{"title":"AL ROJO VIVO. TRILOGIA DESEO 3 - Tienda Er\u00f3tica","robots":{"index":"noindex","follow":"follow","max-snippet":"max-snippet:-1","max-image-preview":"max-image-preview:large","max-video-preview":"max-video-preview:-1"},"og_locale":"es_ES","og_type":"article","og_title":"AL ROJO VIVO. TRILOGIA DESEO 3 - Tienda Er\u00f3tica","og_description":"AL ROJO VIVO. TRILOGIA DESEO 3 J. Kenner Durante la fiesta de inauguraci\u00f3n de la galer\u00eda de arte propiedad de","og_url":"https:\/\/demoweb.info\/sexshop001\/producto\/al-rojo-vivo-trilogia-deseo-3\/","og_site_name":"Tienda Er\u00f3tica","article_modified_time":"2022-01-22T13:51:07+00:00","og_image":[{"width":550,"height":550,"url":"https:\/\/demoweb.info\/sexshop001\/wp-content\/uploads\/2022\/01\/AL-ROJO-VIVO.-TRILOGIA-DESEO-3.jpg","type":"image\/jpeg"}],"twitter_card":"summary_large_image","twitter_misc":{"Tiempo de lectura":"1 minuto"},"schema":{"@context":"https:\/\/schema.org","@graph":[{"@type":"WebPage","@id":"https:\/\/demoweb.info\/sexshop001\/producto\/al-rojo-vivo-trilogia-deseo-3\/","url":"https:\/\/demoweb.info\/sexshop001\/producto\/al-rojo-vivo-trilogia-deseo-3\/","name":"AL ROJO VIVO. TRILOGIA DESEO 3 - Tienda Er\u00f3tica","isPartOf":{"@id":"https:\/\/demoweb.info\/sexshop001\/#website"},"datePublished":"2022-01-22T13:51:04+00:00","dateModified":"2022-01-22T13:51:07+00:00","breadcrumb":{"@id":"https:\/\/demoweb.info\/sexshop001\/producto\/al-rojo-vivo-trilogia-deseo-3\/#breadcrumb"},"inLanguage":"es","potentialAction":[{"@type":"ReadAction","target":["https:\/\/demoweb.info\/sexshop001\/producto\/al-rojo-vivo-trilogia-deseo-3\/"]}]},{"@type":"BreadcrumbList","@id":"https:\/\/demoweb.info\/sexshop001\/producto\/al-rojo-vivo-trilogia-deseo-3\/#breadcrumb","itemListElement":[{"@type":"ListItem","position":1,"name":"Portada","item":"https:\/\/demoweb.info\/sexshop001\/"},{"@type":"ListItem","position":2,"name":"Tienda","item":"https:\/\/demoweb.info\/sexshop001\/tienda\/"},{"@type":"ListItem","position":3,"name":"AL ROJO VIVO. TRILOGIA DESEO 3"}]},{"@type":"WebSite","@id":"https:\/\/demoweb.info\/sexshop001\/#website","url":"https:\/\/demoweb.info\/sexshop001\/","name":"Tienda Er\u00f3tica","description":"DEMOWEB SL","potentialAction":[{"@type":"SearchAction","target":{"@type":"EntryPoint","urlTemplate":"https:\/\/demoweb.info\/sexshop001\/?s={search_term_string}"},"query-input":"required name=search_term_string"}],"inLanguage":"es"}]}},"_links":{"self":[{"href":"https:\/\/demoweb.info\/sexshop001\/wp-json\/wp\/v3\/product\/43323","targetHints":{"allow":["GET"]}}],"collection":[{"href":"https:\/\/demoweb.info\/sexshop001\/wp-json\/wp\/v3\/product"}],"about":[{"href":"https:\/\/demoweb.info\/sexshop001\/wp-json\/wp\/v2\/types\/product"}],"replies":[{"embeddable":true,"href":"https:\/\/demoweb.info\/sexshop001\/wp-json\/wp\/v2\/comments?post=43323"}],"wp:featuredmedia":[{"embeddable":true,"href":"https:\/\/demoweb.info\/sexshop001\/wp-json\/wp\/v2\/media\/43324"}],"wp:attachment":[{"href":"https:\/\/demoweb.info\/sexshop001\/wp-json\/wp\/v2\/media?parent=43323"}],"wp:term":[{"taxonomy":"product_cat","embeddable":true,"href":"https:\/\/demoweb.info\/sexshop001\/wp-json\/wp\/v2\/product_cat?post=43323"},{"taxonomy":"product_tag","embeddable":true,"href":"https:\/\/demoweb.info\/sexshop001\/wp-json\/wp\/v2\/product_tag?post=43323"}],"curies":[{"name":"wp","href":"https:\/\/api.w.org\/{rel}","templated":true}]}}