{"id":43321,"date":"2022-01-22T14:51:04","date_gmt":"2022-01-22T13:51:04","guid":{"rendered":"https:\/\/demoweb.info\/sexshop001\/producto\/seducido-trilogia-deseo-2\/"},"modified":"2022-01-22T14:51:06","modified_gmt":"2022-01-22T13:51:06","slug":"seducido-trilogia-deseo-2","status":"publish","type":"product","link":"https:\/\/demoweb.info\/sexshop001\/producto\/seducido-trilogia-deseo-2\/","title":{"rendered":"SEDUCIDO. TRILOGIA DESEO 2"},"content":{"rendered":"<p><strong>SEDUCIDO. TRILOGIA DESEO 2<\/strong><\/p>\n<p><strong>J. Kenner<\/strong><\/p>\n<p>La agente de polic\u00eda Sloane Watson est\u00e1 acostumbrada a lidiar con tipos duros y sabe bien c\u00f3mo manejarlos. Por eso no siente ning\u00fan temor ante su nueva misi\u00f3n: infiltrarse en el club Destiny como bailarina ex\u00f3tica para investigar a su due\u00f1o, Tyler Sharp, sospechoso de andar metido en negocios turbios con sus socios, Evan Black y Cole August.<\/p>\n<p>Lo peor, sin embargo, no ser\u00e1 bailar ante los clientes habituales del local, sino resistirse a su propietario. Encantador y arrolladoramente sexy, Tyler es uno de esos hombres que consiguen lo que quieren, y la actitud distante de Sloane no hace m\u00e1s que alimentar su deseo.<\/p>\n<p>Seducido por la aparente indiferencia de esa hermosa mujer, Tyler se lanza a conquistarla con todas sus armas. Y Sloane pronto comprender\u00e1 que es imposible no rendirse a su sonrisa, a sus caricias, a esos besos \u00fanicos que hacen que olvide qui\u00e9n es el cazador y qui\u00e9n la presa.<\/p>\n<ul>\n<li><strong>Formato, p\u00e1ginas:<\/strong> BOLSILLO, 328<\/li>\n<li><strong>Medidas:<\/strong> 125 X 190 mm<\/li>\n<li><strong>ISBN:<\/strong> 9788490625750<\/li>\n<li><strong>EAN:<\/strong> 9788490625750<\/li>\n<li><strong>Tem\u00e1ticas:<\/strong> Novela rom\u00e1ntica, Comedia rom\u00e1ntica<\/li>\n<li><strong>Colecci\u00f3n:<\/strong> Best Seller<\/li>\n<li><strong>Edad recomendada:<\/strong> Adultos<\/li>\n<\/ul>\n","protected":false},"excerpt":{"rendered":"<p>SEDUCIDO. TRILOGIA DESEO 2 J. Kenner La agente de polic\u00eda Sloane Watson est\u00e1 acostumbrada a lidiar con tipos duros y<\/p>\n","protected":false},"featured_media":43322,"comment_status":"open","ping_status":"open","template":"","meta":[],"product_cat":[414],"product_tag":[722,415],"class_list":["post-43321","product","type-product","status-publish","has-post-thumbnail","hentry","product_cat-libros","product_tag-debolsillo","product_tag-random-house"],"bundled_by":[],"bundle_stock_status":"instock","bundle_stock_quantity":2,"bundle_virtual":false,"bundle_layout":"","bundle_add_to_cart_form_location":"","bundle_editable_in_cart":false,"bundle_sold_individually_context":"","bundle_item_grouping":"","bundle_min_size":"","bundle_max_size":"","bundled_items":[],"yoast_head":"<!-- This site is optimized with the Yoast SEO plugin v20.6 - https:\/\/yoast.com\/wordpress\/plugins\/seo\/ -->\n<title>SEDUCIDO. TRILOGIA DESEO 2 - Tienda Er\u00f3tica<\/title>\n<meta name=\"robots\" content=\"noindex, follow, max-snippet:-1, max-image-preview:large, max-video-preview:-1\" \/>\n<meta property=\"og:locale\" content=\"es_ES\" \/>\n<meta property=\"og:type\" content=\"article\" \/>\n<meta property=\"og:title\" content=\"SEDUCIDO. TRILOGIA DESEO 2 - Tienda Er\u00f3tica\" \/>\n<meta property=\"og:description\" content=\"SEDUCIDO. TRILOGIA DESEO 2 J. Kenner La agente de polic\u00eda Sloane Watson est\u00e1 acostumbrada a lidiar con tipos duros y\" \/>\n<meta property=\"og:url\" content=\"https:\/\/demoweb.info\/sexshop001\/producto\/seducido-trilogia-deseo-2\/\" \/>\n<meta property=\"og:site_name\" content=\"Tienda Er\u00f3tica\" \/>\n<meta property=\"article:modified_time\" content=\"2022-01-22T13:51:06+00:00\" \/>\n<meta property=\"og:image\" content=\"https:\/\/demoweb.info\/sexshop001\/wp-content\/uploads\/2022\/01\/SEDUCIDO.-TRILOGIA-DESEO-2.jpg\" \/>\n\t<meta property=\"og:image:width\" content=\"550\" \/>\n\t<meta property=\"og:image:height\" content=\"550\" \/>\n\t<meta property=\"og:image:type\" content=\"image\/jpeg\" \/>\n<meta name=\"twitter:card\" content=\"summary_large_image\" \/>\n<meta name=\"twitter:label1\" content=\"Tiempo de lectura\" \/>\n\t<meta name=\"twitter:data1\" content=\"1 minuto\" \/>\n<script type=\"application\/ld+json\" class=\"yoast-schema-graph\">{\"@context\":\"https:\/\/schema.org\",\"@graph\":[{\"@type\":\"WebPage\",\"@id\":\"https:\/\/demoweb.info\/sexshop001\/producto\/seducido-trilogia-deseo-2\/\",\"url\":\"https:\/\/demoweb.info\/sexshop001\/producto\/seducido-trilogia-deseo-2\/\",\"name\":\"SEDUCIDO. TRILOGIA DESEO 2 - Tienda Er\u00f3tica\",\"isPartOf\":{\"@id\":\"https:\/\/demoweb.info\/sexshop001\/#website\"},\"datePublished\":\"2022-01-22T13:51:04+00:00\",\"dateModified\":\"2022-01-22T13:51:06+00:00\",\"breadcrumb\":{\"@id\":\"https:\/\/demoweb.info\/sexshop001\/producto\/seducido-trilogia-deseo-2\/#breadcrumb\"},\"inLanguage\":\"es\",\"potentialAction\":[{\"@type\":\"ReadAction\",\"target\":[\"https:\/\/demoweb.info\/sexshop001\/producto\/seducido-trilogia-deseo-2\/\"]}]},{\"@type\":\"BreadcrumbList\",\"@id\":\"https:\/\/demoweb.info\/sexshop001\/producto\/seducido-trilogia-deseo-2\/#breadcrumb\",\"itemListElement\":[{\"@type\":\"ListItem\",\"position\":1,\"name\":\"Portada\",\"item\":\"https:\/\/demoweb.info\/sexshop001\/\"},{\"@type\":\"ListItem\",\"position\":2,\"name\":\"Tienda\",\"item\":\"https:\/\/demoweb.info\/sexshop001\/tienda\/\"},{\"@type\":\"ListItem\",\"position\":3,\"name\":\"SEDUCIDO. TRILOGIA DESEO 2\"}]},{\"@type\":\"WebSite\",\"@id\":\"https:\/\/demoweb.info\/sexshop001\/#website\",\"url\":\"https:\/\/demoweb.info\/sexshop001\/\",\"name\":\"Tienda Er\u00f3tica\",\"description\":\"DEMOWEB SL\",\"potentialAction\":[{\"@type\":\"SearchAction\",\"target\":{\"@type\":\"EntryPoint\",\"urlTemplate\":\"https:\/\/demoweb.info\/sexshop001\/?s={search_term_string}\"},\"query-input\":\"required name=search_term_string\"}],\"inLanguage\":\"es\"}]}<\/script>\n<!-- \/ Yoast SEO plugin. -->","yoast_head_json":{"title":"SEDUCIDO. TRILOGIA DESEO 2 - Tienda Er\u00f3tica","robots":{"index":"noindex","follow":"follow","max-snippet":"max-snippet:-1","max-image-preview":"max-image-preview:large","max-video-preview":"max-video-preview:-1"},"og_locale":"es_ES","og_type":"article","og_title":"SEDUCIDO. TRILOGIA DESEO 2 - Tienda Er\u00f3tica","og_description":"SEDUCIDO. TRILOGIA DESEO 2 J. Kenner La agente de polic\u00eda Sloane Watson est\u00e1 acostumbrada a lidiar con tipos duros y","og_url":"https:\/\/demoweb.info\/sexshop001\/producto\/seducido-trilogia-deseo-2\/","og_site_name":"Tienda Er\u00f3tica","article_modified_time":"2022-01-22T13:51:06+00:00","og_image":[{"width":550,"height":550,"url":"https:\/\/demoweb.info\/sexshop001\/wp-content\/uploads\/2022\/01\/SEDUCIDO.-TRILOGIA-DESEO-2.jpg","type":"image\/jpeg"}],"twitter_card":"summary_large_image","twitter_misc":{"Tiempo de lectura":"1 minuto"},"schema":{"@context":"https:\/\/schema.org","@graph":[{"@type":"WebPage","@id":"https:\/\/demoweb.info\/sexshop001\/producto\/seducido-trilogia-deseo-2\/","url":"https:\/\/demoweb.info\/sexshop001\/producto\/seducido-trilogia-deseo-2\/","name":"SEDUCIDO. TRILOGIA DESEO 2 - Tienda Er\u00f3tica","isPartOf":{"@id":"https:\/\/demoweb.info\/sexshop001\/#website"},"datePublished":"2022-01-22T13:51:04+00:00","dateModified":"2022-01-22T13:51:06+00:00","breadcrumb":{"@id":"https:\/\/demoweb.info\/sexshop001\/producto\/seducido-trilogia-deseo-2\/#breadcrumb"},"inLanguage":"es","potentialAction":[{"@type":"ReadAction","target":["https:\/\/demoweb.info\/sexshop001\/producto\/seducido-trilogia-deseo-2\/"]}]},{"@type":"BreadcrumbList","@id":"https:\/\/demoweb.info\/sexshop001\/producto\/seducido-trilogia-deseo-2\/#breadcrumb","itemListElement":[{"@type":"ListItem","position":1,"name":"Portada","item":"https:\/\/demoweb.info\/sexshop001\/"},{"@type":"ListItem","position":2,"name":"Tienda","item":"https:\/\/demoweb.info\/sexshop001\/tienda\/"},{"@type":"ListItem","position":3,"name":"SEDUCIDO. TRILOGIA DESEO 2"}]},{"@type":"WebSite","@id":"https:\/\/demoweb.info\/sexshop001\/#website","url":"https:\/\/demoweb.info\/sexshop001\/","name":"Tienda Er\u00f3tica","description":"DEMOWEB SL","potentialAction":[{"@type":"SearchAction","target":{"@type":"EntryPoint","urlTemplate":"https:\/\/demoweb.info\/sexshop001\/?s={search_term_string}"},"query-input":"required name=search_term_string"}],"inLanguage":"es"}]}},"_links":{"self":[{"href":"https:\/\/demoweb.info\/sexshop001\/wp-json\/wp\/v3\/product\/43321","targetHints":{"allow":["GET"]}}],"collection":[{"href":"https:\/\/demoweb.info\/sexshop001\/wp-json\/wp\/v3\/product"}],"about":[{"href":"https:\/\/demoweb.info\/sexshop001\/wp-json\/wp\/v2\/types\/product"}],"replies":[{"embeddable":true,"href":"https:\/\/demoweb.info\/sexshop001\/wp-json\/wp\/v2\/comments?post=43321"}],"wp:featuredmedia":[{"embeddable":true,"href":"https:\/\/demoweb.info\/sexshop001\/wp-json\/wp\/v2\/media\/43322"}],"wp:attachment":[{"href":"https:\/\/demoweb.info\/sexshop001\/wp-json\/wp\/v2\/media?parent=43321"}],"wp:term":[{"taxonomy":"product_cat","embeddable":true,"href":"https:\/\/demoweb.info\/sexshop001\/wp-json\/wp\/v2\/product_cat?post=43321"},{"taxonomy":"product_tag","embeddable":true,"href":"https:\/\/demoweb.info\/sexshop001\/wp-json\/wp\/v2\/product_tag?post=43321"}],"curies":[{"name":"wp","href":"https:\/\/api.w.org\/{rel}","templated":true}]}}