{"id":43319,"date":"2022-01-22T14:51:04","date_gmt":"2022-01-22T13:51:04","guid":{"rendered":"https:\/\/demoweb.info\/sexshop001\/producto\/deseado-trilogia-deseo-1\/"},"modified":"2022-01-22T14:51:05","modified_gmt":"2022-01-22T13:51:05","slug":"deseado-trilogia-deseo-1","status":"publish","type":"product","link":"https:\/\/demoweb.info\/sexshop001\/producto\/deseado-trilogia-deseo-1\/","title":{"rendered":"DESEADO. TRILOGIA DESEO 1"},"content":{"rendered":"<p><strong>DESEADO. TRILOGIA DESEO 1<\/strong><\/p>\n<p><strong>J. Kenner<\/strong><\/p>\n<p>A sus veintitr\u00e9s a\u00f1os, Angelina Raine no est\u00e1 pasando por su mejor momento. Su t\u00edo y mentor, un marchante de arte comprensivo y culto, acaba de fallecer. \u00c9l era el \u00fanico que sab\u00eda que tras esa fachada de chica perfecta y responsable en realidad se esconde un alma m\u00e1s fr\u00e1gil de lo que nadie sospecha. Y es entonces cuando, de repente, reaparece en su vida alguien especial: Evan Black.<\/p>\n<p>Pocas mujeres pueden resistirse al poderoso atractivo de ese hombre que emana un aura de peligro, un magnetismo salvaje&#8230; Pero Angie no es como las dem\u00e1s; lleva a\u00f1os secretamente enamorada de \u00e9l, desde que ella era una adolescente y Evan un joven ambicioso que, junto con sus dos amigos inseparables, Tyler y Cole, estaba dispuesto a comerse el mundo a cualquier precio.<\/p>\n<p>Ahora \u00e9l ha conseguido lo que se propon\u00eda: \u00e9xito, dinero y poder. Y Angie, a pesar del halo misterioso que rodea a Evan, est\u00e1 decidida a conquistarlo.<\/p>\n<ul>\n<li><strong>Formato, p\u00e1ginas:<\/strong> BOLSILLO, 384<\/li>\n<li><strong>Medidas:<\/strong> 125 X 190 mm<\/li>\n<li><strong>ISBN:<\/strong> 9788490625743<\/li>\n<li><strong>EAN:<\/strong> 9788490625743<\/li>\n<li><strong>Tem\u00e1ticas:<\/strong> Novela rom\u00e1ntica, Comedia rom\u00e1ntica<\/li>\n<li><strong>Colecci\u00f3n:<\/strong> Best Seller<\/li>\n<li><strong>Edad recomendada:<\/strong> Adultos<\/li>\n<\/ul>\n","protected":false},"excerpt":{"rendered":"<p>DESEADO. TRILOGIA DESEO 1 J. Kenner A sus veintitr\u00e9s a\u00f1os, Angelina Raine no est\u00e1 pasando por su mejor momento. Su<\/p>\n","protected":false},"featured_media":43320,"comment_status":"open","ping_status":"open","template":"","meta":[],"product_cat":[414],"product_tag":[722,415],"class_list":["post-43319","product","type-product","status-publish","has-post-thumbnail","hentry","product_cat-libros","product_tag-debolsillo","product_tag-random-house"],"bundled_by":[],"bundle_stock_status":"instock","bundle_stock_quantity":1,"bundle_virtual":false,"bundle_layout":"","bundle_add_to_cart_form_location":"","bundle_editable_in_cart":false,"bundle_sold_individually_context":"","bundle_item_grouping":"","bundle_min_size":"","bundle_max_size":"","bundled_items":[],"yoast_head":"<!-- This site is optimized with the Yoast SEO plugin v20.6 - https:\/\/yoast.com\/wordpress\/plugins\/seo\/ -->\n<title>DESEADO. TRILOGIA DESEO 1 - Tienda Er\u00f3tica<\/title>\n<meta name=\"robots\" content=\"noindex, follow, max-snippet:-1, max-image-preview:large, max-video-preview:-1\" \/>\n<meta property=\"og:locale\" content=\"es_ES\" \/>\n<meta property=\"og:type\" content=\"article\" \/>\n<meta property=\"og:title\" content=\"DESEADO. TRILOGIA DESEO 1 - Tienda Er\u00f3tica\" \/>\n<meta property=\"og:description\" content=\"DESEADO. TRILOGIA DESEO 1 J. Kenner A sus veintitr\u00e9s a\u00f1os, Angelina Raine no est\u00e1 pasando por su mejor momento. Su\" \/>\n<meta property=\"og:url\" content=\"https:\/\/demoweb.info\/sexshop001\/producto\/deseado-trilogia-deseo-1\/\" \/>\n<meta property=\"og:site_name\" content=\"Tienda Er\u00f3tica\" \/>\n<meta property=\"article:modified_time\" content=\"2022-01-22T13:51:05+00:00\" \/>\n<meta property=\"og:image\" content=\"https:\/\/demoweb.info\/sexshop001\/wp-content\/uploads\/2022\/01\/DESEADO.-TRILOGIA-DESEO-1.jpg\" \/>\n\t<meta property=\"og:image:width\" content=\"550\" \/>\n\t<meta property=\"og:image:height\" content=\"550\" \/>\n\t<meta property=\"og:image:type\" content=\"image\/jpeg\" \/>\n<meta name=\"twitter:card\" content=\"summary_large_image\" \/>\n<meta name=\"twitter:label1\" content=\"Tiempo de lectura\" \/>\n\t<meta name=\"twitter:data1\" content=\"1 minuto\" \/>\n<script type=\"application\/ld+json\" class=\"yoast-schema-graph\">{\"@context\":\"https:\/\/schema.org\",\"@graph\":[{\"@type\":\"WebPage\",\"@id\":\"https:\/\/demoweb.info\/sexshop001\/producto\/deseado-trilogia-deseo-1\/\",\"url\":\"https:\/\/demoweb.info\/sexshop001\/producto\/deseado-trilogia-deseo-1\/\",\"name\":\"DESEADO. TRILOGIA DESEO 1 - Tienda Er\u00f3tica\",\"isPartOf\":{\"@id\":\"https:\/\/demoweb.info\/sexshop001\/#website\"},\"datePublished\":\"2022-01-22T13:51:04+00:00\",\"dateModified\":\"2022-01-22T13:51:05+00:00\",\"breadcrumb\":{\"@id\":\"https:\/\/demoweb.info\/sexshop001\/producto\/deseado-trilogia-deseo-1\/#breadcrumb\"},\"inLanguage\":\"es\",\"potentialAction\":[{\"@type\":\"ReadAction\",\"target\":[\"https:\/\/demoweb.info\/sexshop001\/producto\/deseado-trilogia-deseo-1\/\"]}]},{\"@type\":\"BreadcrumbList\",\"@id\":\"https:\/\/demoweb.info\/sexshop001\/producto\/deseado-trilogia-deseo-1\/#breadcrumb\",\"itemListElement\":[{\"@type\":\"ListItem\",\"position\":1,\"name\":\"Portada\",\"item\":\"https:\/\/demoweb.info\/sexshop001\/\"},{\"@type\":\"ListItem\",\"position\":2,\"name\":\"Tienda\",\"item\":\"https:\/\/demoweb.info\/sexshop001\/tienda\/\"},{\"@type\":\"ListItem\",\"position\":3,\"name\":\"DESEADO. TRILOGIA DESEO 1\"}]},{\"@type\":\"WebSite\",\"@id\":\"https:\/\/demoweb.info\/sexshop001\/#website\",\"url\":\"https:\/\/demoweb.info\/sexshop001\/\",\"name\":\"Tienda Er\u00f3tica\",\"description\":\"DEMOWEB SL\",\"potentialAction\":[{\"@type\":\"SearchAction\",\"target\":{\"@type\":\"EntryPoint\",\"urlTemplate\":\"https:\/\/demoweb.info\/sexshop001\/?s={search_term_string}\"},\"query-input\":\"required name=search_term_string\"}],\"inLanguage\":\"es\"}]}<\/script>\n<!-- \/ Yoast SEO plugin. -->","yoast_head_json":{"title":"DESEADO. TRILOGIA DESEO 1 - Tienda Er\u00f3tica","robots":{"index":"noindex","follow":"follow","max-snippet":"max-snippet:-1","max-image-preview":"max-image-preview:large","max-video-preview":"max-video-preview:-1"},"og_locale":"es_ES","og_type":"article","og_title":"DESEADO. TRILOGIA DESEO 1 - Tienda Er\u00f3tica","og_description":"DESEADO. TRILOGIA DESEO 1 J. Kenner A sus veintitr\u00e9s a\u00f1os, Angelina Raine no est\u00e1 pasando por su mejor momento. Su","og_url":"https:\/\/demoweb.info\/sexshop001\/producto\/deseado-trilogia-deseo-1\/","og_site_name":"Tienda Er\u00f3tica","article_modified_time":"2022-01-22T13:51:05+00:00","og_image":[{"width":550,"height":550,"url":"https:\/\/demoweb.info\/sexshop001\/wp-content\/uploads\/2022\/01\/DESEADO.-TRILOGIA-DESEO-1.jpg","type":"image\/jpeg"}],"twitter_card":"summary_large_image","twitter_misc":{"Tiempo de lectura":"1 minuto"},"schema":{"@context":"https:\/\/schema.org","@graph":[{"@type":"WebPage","@id":"https:\/\/demoweb.info\/sexshop001\/producto\/deseado-trilogia-deseo-1\/","url":"https:\/\/demoweb.info\/sexshop001\/producto\/deseado-trilogia-deseo-1\/","name":"DESEADO. TRILOGIA DESEO 1 - Tienda Er\u00f3tica","isPartOf":{"@id":"https:\/\/demoweb.info\/sexshop001\/#website"},"datePublished":"2022-01-22T13:51:04+00:00","dateModified":"2022-01-22T13:51:05+00:00","breadcrumb":{"@id":"https:\/\/demoweb.info\/sexshop001\/producto\/deseado-trilogia-deseo-1\/#breadcrumb"},"inLanguage":"es","potentialAction":[{"@type":"ReadAction","target":["https:\/\/demoweb.info\/sexshop001\/producto\/deseado-trilogia-deseo-1\/"]}]},{"@type":"BreadcrumbList","@id":"https:\/\/demoweb.info\/sexshop001\/producto\/deseado-trilogia-deseo-1\/#breadcrumb","itemListElement":[{"@type":"ListItem","position":1,"name":"Portada","item":"https:\/\/demoweb.info\/sexshop001\/"},{"@type":"ListItem","position":2,"name":"Tienda","item":"https:\/\/demoweb.info\/sexshop001\/tienda\/"},{"@type":"ListItem","position":3,"name":"DESEADO. TRILOGIA DESEO 1"}]},{"@type":"WebSite","@id":"https:\/\/demoweb.info\/sexshop001\/#website","url":"https:\/\/demoweb.info\/sexshop001\/","name":"Tienda Er\u00f3tica","description":"DEMOWEB SL","potentialAction":[{"@type":"SearchAction","target":{"@type":"EntryPoint","urlTemplate":"https:\/\/demoweb.info\/sexshop001\/?s={search_term_string}"},"query-input":"required name=search_term_string"}],"inLanguage":"es"}]}},"_links":{"self":[{"href":"https:\/\/demoweb.info\/sexshop001\/wp-json\/wp\/v3\/product\/43319","targetHints":{"allow":["GET"]}}],"collection":[{"href":"https:\/\/demoweb.info\/sexshop001\/wp-json\/wp\/v3\/product"}],"about":[{"href":"https:\/\/demoweb.info\/sexshop001\/wp-json\/wp\/v2\/types\/product"}],"replies":[{"embeddable":true,"href":"https:\/\/demoweb.info\/sexshop001\/wp-json\/wp\/v2\/comments?post=43319"}],"wp:featuredmedia":[{"embeddable":true,"href":"https:\/\/demoweb.info\/sexshop001\/wp-json\/wp\/v2\/media\/43320"}],"wp:attachment":[{"href":"https:\/\/demoweb.info\/sexshop001\/wp-json\/wp\/v2\/media?parent=43319"}],"wp:term":[{"taxonomy":"product_cat","embeddable":true,"href":"https:\/\/demoweb.info\/sexshop001\/wp-json\/wp\/v2\/product_cat?post=43319"},{"taxonomy":"product_tag","embeddable":true,"href":"https:\/\/demoweb.info\/sexshop001\/wp-json\/wp\/v2\/product_tag?post=43319"}],"curies":[{"name":"wp","href":"https:\/\/api.w.org\/{rel}","templated":true}]}}