{"id":43317,"date":"2022-01-22T14:51:04","date_gmt":"2022-01-22T13:51:04","guid":{"rendered":"https:\/\/demoweb.info\/sexshop001\/producto\/matrimonio-por-error-casarse-con-un-millonario-3\/"},"modified":"2022-01-22T14:51:04","modified_gmt":"2022-01-22T13:51:04","slug":"matrimonio-por-error-casarse-con-un-millonario-3","status":"publish","type":"product","link":"https:\/\/demoweb.info\/sexshop001\/producto\/matrimonio-por-error-casarse-con-un-millonario-3\/","title":{"rendered":"MATRIMONIO POR ERROR (CASARSE CON UN MILLONARIO 3)"},"content":{"rendered":"<p><strong>MATRIMONIO POR ERROR (CASARSE CON UN MILLONARIO 3)<\/strong><\/p>\n<p><strong>Jennifer Probst<\/strong><\/p>\n<p>Carina Conte es la benjamina de la familia italiana propietaria de La Dolce Famiglia, una empresa de proyecci\u00f3n internacional. Su hermano mayor, Michael, un joven ultra protector apegado a la tradici\u00f3n, es el responsable de la sede en Nueva York. Carina acaba de trasladarse all\u00ed con su flamante m\u00e1ster bajo el brazo. Trabajar\u00e1 a las \u00f3rdenes de Maximus Gray, director ejecutivo de la firma y el mejor amigo de Michael desde la infancia.<\/p>\n<p>A Max no le seduce en absoluto la perspectiva de cuidar de la cr\u00eda torpe e insulsa que recuerda. Pero nada lo hab\u00eda preparado para la transformaci\u00f3n de ese patito feo en una mujer lista, fuerte y exquisitamente voluptuosa. Carina, por su parte, est\u00e1 decidida a despojarse de las normas conservadoras que han reprimido su vida&#8230; en todos los sentidos.<\/p>\n<p>Cuando los acontecimientos se precipiten y la situaci\u00f3n se les vaya de las manos, la intervenci\u00f3n de la familia, imponiendo la \u00fanica soluci\u00f3n digna posible, obligar\u00e1 a Carina y Max a compartir mucho m\u00e1s que una noche de pasi\u00f3n desenfrenada.<\/p>\n<\/p>\n<ul>\n<li><strong>Formato, p\u00e1ginas:<\/strong> TAPA BLANDA CON SOLAPA, 336<\/li>\n<li><strong>Medidas:<\/strong> 152 X 225 mm<\/li>\n<li><strong>ISBN:<\/strong> 9788401015779<\/li>\n<li><strong>EAN:<\/strong> 9788401015779<\/li>\n<li><strong>Tem\u00e1ticas:<\/strong> Novela rom\u00e1ntica<\/li>\n<li><strong>Edad recomendada:<\/strong> Adultos<\/li>\n<\/ul>\n","protected":false},"excerpt":{"rendered":"<p>MATRIMONIO POR ERROR (CASARSE CON UN MILLONARIO 3) Jennifer Probst Carina Conte es la benjamina de la familia italiana propietaria<\/p>\n","protected":false},"featured_media":43318,"comment_status":"open","ping_status":"open","template":"","meta":[],"product_cat":[414],"product_tag":[792,415],"class_list":["post-43317","product","type-product","status-publish","has-post-thumbnail","hentry","product_cat-libros","product_tag-plaza-janes","product_tag-random-house"],"bundled_by":[],"bundle_stock_status":"instock","bundle_stock_quantity":4,"bundle_virtual":false,"bundle_layout":"","bundle_add_to_cart_form_location":"","bundle_editable_in_cart":false,"bundle_sold_individually_context":"","bundle_item_grouping":"","bundle_min_size":"","bundle_max_size":"","bundled_items":[],"yoast_head":"<!-- This site is optimized with the Yoast SEO plugin v20.6 - https:\/\/yoast.com\/wordpress\/plugins\/seo\/ -->\n<title>MATRIMONIO POR ERROR (CASARSE CON UN MILLONARIO 3) - Tienda Er\u00f3tica<\/title>\n<meta name=\"robots\" content=\"noindex, follow, max-snippet:-1, max-image-preview:large, max-video-preview:-1\" \/>\n<meta property=\"og:locale\" content=\"es_ES\" \/>\n<meta property=\"og:type\" content=\"article\" \/>\n<meta property=\"og:title\" content=\"MATRIMONIO POR ERROR (CASARSE CON UN MILLONARIO 3) - Tienda Er\u00f3tica\" \/>\n<meta property=\"og:description\" content=\"MATRIMONIO POR ERROR (CASARSE CON UN MILLONARIO 3) Jennifer Probst Carina Conte es la benjamina de la familia italiana propietaria\" \/>\n<meta property=\"og:url\" content=\"https:\/\/demoweb.info\/sexshop001\/producto\/matrimonio-por-error-casarse-con-un-millonario-3\/\" \/>\n<meta property=\"og:site_name\" content=\"Tienda Er\u00f3tica\" \/>\n<meta property=\"og:image\" content=\"https:\/\/demoweb.info\/sexshop001\/wp-content\/uploads\/2022\/01\/MATRIMONIO-POR-ERROR-CASARSE-CON-UN-MILLONARIO-3.jpg\" \/>\n\t<meta property=\"og:image:width\" content=\"550\" \/>\n\t<meta property=\"og:image:height\" content=\"550\" \/>\n\t<meta property=\"og:image:type\" content=\"image\/jpeg\" \/>\n<meta name=\"twitter:card\" content=\"summary_large_image\" \/>\n<meta name=\"twitter:label1\" content=\"Tiempo de lectura\" \/>\n\t<meta name=\"twitter:data1\" content=\"1 minuto\" \/>\n<script type=\"application\/ld+json\" class=\"yoast-schema-graph\">{\"@context\":\"https:\/\/schema.org\",\"@graph\":[{\"@type\":\"WebPage\",\"@id\":\"https:\/\/demoweb.info\/sexshop001\/producto\/matrimonio-por-error-casarse-con-un-millonario-3\/\",\"url\":\"https:\/\/demoweb.info\/sexshop001\/producto\/matrimonio-por-error-casarse-con-un-millonario-3\/\",\"name\":\"MATRIMONIO POR ERROR (CASARSE CON UN MILLONARIO 3) - Tienda Er\u00f3tica\",\"isPartOf\":{\"@id\":\"https:\/\/demoweb.info\/sexshop001\/#website\"},\"datePublished\":\"2022-01-22T13:51:04+00:00\",\"dateModified\":\"2022-01-22T13:51:04+00:00\",\"breadcrumb\":{\"@id\":\"https:\/\/demoweb.info\/sexshop001\/producto\/matrimonio-por-error-casarse-con-un-millonario-3\/#breadcrumb\"},\"inLanguage\":\"es\",\"potentialAction\":[{\"@type\":\"ReadAction\",\"target\":[\"https:\/\/demoweb.info\/sexshop001\/producto\/matrimonio-por-error-casarse-con-un-millonario-3\/\"]}]},{\"@type\":\"BreadcrumbList\",\"@id\":\"https:\/\/demoweb.info\/sexshop001\/producto\/matrimonio-por-error-casarse-con-un-millonario-3\/#breadcrumb\",\"itemListElement\":[{\"@type\":\"ListItem\",\"position\":1,\"name\":\"Portada\",\"item\":\"https:\/\/demoweb.info\/sexshop001\/\"},{\"@type\":\"ListItem\",\"position\":2,\"name\":\"Tienda\",\"item\":\"https:\/\/demoweb.info\/sexshop001\/tienda\/\"},{\"@type\":\"ListItem\",\"position\":3,\"name\":\"MATRIMONIO POR ERROR (CASARSE CON UN MILLONARIO 3)\"}]},{\"@type\":\"WebSite\",\"@id\":\"https:\/\/demoweb.info\/sexshop001\/#website\",\"url\":\"https:\/\/demoweb.info\/sexshop001\/\",\"name\":\"Tienda Er\u00f3tica\",\"description\":\"DEMOWEB SL\",\"potentialAction\":[{\"@type\":\"SearchAction\",\"target\":{\"@type\":\"EntryPoint\",\"urlTemplate\":\"https:\/\/demoweb.info\/sexshop001\/?s={search_term_string}\"},\"query-input\":\"required name=search_term_string\"}],\"inLanguage\":\"es\"}]}<\/script>\n<!-- \/ Yoast SEO plugin. -->","yoast_head_json":{"title":"MATRIMONIO POR ERROR (CASARSE CON UN MILLONARIO 3) - Tienda Er\u00f3tica","robots":{"index":"noindex","follow":"follow","max-snippet":"max-snippet:-1","max-image-preview":"max-image-preview:large","max-video-preview":"max-video-preview:-1"},"og_locale":"es_ES","og_type":"article","og_title":"MATRIMONIO POR ERROR (CASARSE CON UN MILLONARIO 3) - Tienda Er\u00f3tica","og_description":"MATRIMONIO POR ERROR (CASARSE CON UN MILLONARIO 3) Jennifer Probst Carina Conte es la benjamina de la familia italiana propietaria","og_url":"https:\/\/demoweb.info\/sexshop001\/producto\/matrimonio-por-error-casarse-con-un-millonario-3\/","og_site_name":"Tienda Er\u00f3tica","og_image":[{"width":550,"height":550,"url":"https:\/\/demoweb.info\/sexshop001\/wp-content\/uploads\/2022\/01\/MATRIMONIO-POR-ERROR-CASARSE-CON-UN-MILLONARIO-3.jpg","type":"image\/jpeg"}],"twitter_card":"summary_large_image","twitter_misc":{"Tiempo de lectura":"1 minuto"},"schema":{"@context":"https:\/\/schema.org","@graph":[{"@type":"WebPage","@id":"https:\/\/demoweb.info\/sexshop001\/producto\/matrimonio-por-error-casarse-con-un-millonario-3\/","url":"https:\/\/demoweb.info\/sexshop001\/producto\/matrimonio-por-error-casarse-con-un-millonario-3\/","name":"MATRIMONIO POR ERROR (CASARSE CON UN MILLONARIO 3) - Tienda Er\u00f3tica","isPartOf":{"@id":"https:\/\/demoweb.info\/sexshop001\/#website"},"datePublished":"2022-01-22T13:51:04+00:00","dateModified":"2022-01-22T13:51:04+00:00","breadcrumb":{"@id":"https:\/\/demoweb.info\/sexshop001\/producto\/matrimonio-por-error-casarse-con-un-millonario-3\/#breadcrumb"},"inLanguage":"es","potentialAction":[{"@type":"ReadAction","target":["https:\/\/demoweb.info\/sexshop001\/producto\/matrimonio-por-error-casarse-con-un-millonario-3\/"]}]},{"@type":"BreadcrumbList","@id":"https:\/\/demoweb.info\/sexshop001\/producto\/matrimonio-por-error-casarse-con-un-millonario-3\/#breadcrumb","itemListElement":[{"@type":"ListItem","position":1,"name":"Portada","item":"https:\/\/demoweb.info\/sexshop001\/"},{"@type":"ListItem","position":2,"name":"Tienda","item":"https:\/\/demoweb.info\/sexshop001\/tienda\/"},{"@type":"ListItem","position":3,"name":"MATRIMONIO POR ERROR (CASARSE CON UN MILLONARIO 3)"}]},{"@type":"WebSite","@id":"https:\/\/demoweb.info\/sexshop001\/#website","url":"https:\/\/demoweb.info\/sexshop001\/","name":"Tienda Er\u00f3tica","description":"DEMOWEB SL","potentialAction":[{"@type":"SearchAction","target":{"@type":"EntryPoint","urlTemplate":"https:\/\/demoweb.info\/sexshop001\/?s={search_term_string}"},"query-input":"required name=search_term_string"}],"inLanguage":"es"}]}},"_links":{"self":[{"href":"https:\/\/demoweb.info\/sexshop001\/wp-json\/wp\/v3\/product\/43317","targetHints":{"allow":["GET"]}}],"collection":[{"href":"https:\/\/demoweb.info\/sexshop001\/wp-json\/wp\/v3\/product"}],"about":[{"href":"https:\/\/demoweb.info\/sexshop001\/wp-json\/wp\/v2\/types\/product"}],"replies":[{"embeddable":true,"href":"https:\/\/demoweb.info\/sexshop001\/wp-json\/wp\/v2\/comments?post=43317"}],"wp:featuredmedia":[{"embeddable":true,"href":"https:\/\/demoweb.info\/sexshop001\/wp-json\/wp\/v2\/media\/43318"}],"wp:attachment":[{"href":"https:\/\/demoweb.info\/sexshop001\/wp-json\/wp\/v2\/media?parent=43317"}],"wp:term":[{"taxonomy":"product_cat","embeddable":true,"href":"https:\/\/demoweb.info\/sexshop001\/wp-json\/wp\/v2\/product_cat?post=43317"},{"taxonomy":"product_tag","embeddable":true,"href":"https:\/\/demoweb.info\/sexshop001\/wp-json\/wp\/v2\/product_tag?post=43317"}],"curies":[{"name":"wp","href":"https:\/\/api.w.org\/{rel}","templated":true}]}}