{"id":43298,"date":"2022-01-22T14:50:51","date_gmt":"2022-01-22T13:50:51","guid":{"rendered":"https:\/\/demoweb.info\/sexshop001\/producto\/isex-usb-bala-vibradora-delgada-blanca\/"},"modified":"2022-01-22T14:50:54","modified_gmt":"2022-01-22T13:50:54","slug":"isex-usb-bala-vibradora-delgada-blanca","status":"publish","type":"product","link":"https:\/\/demoweb.info\/sexshop001\/producto\/isex-usb-bala-vibradora-delgada-blanca\/","title":{"rendered":"ISEX USB BALA VIBRADORA DELGADA BLANCA"},"content":{"rendered":"<p><strong>ISEX USB SLIM BULLET WHITE<\/strong><\/p>\n<p><em><strong>Plug-n-play<\/strong><\/em> un significado totalmente nuevo con esta incre\u00edble colecci\u00f3n de dispositivos de placer alimentados por USB port\u00e1tiles.<\/p>\n<p>Todos los accesorios de viaje <strong>iSEX <\/strong>son f\u00e1ciles de usar, ideal para principiantes, aprobado por la TSA, y respetuoso del medio ambiente. En cualquier lugar, sin necesidad de bater\u00edas s\u00f3lo tiene que enchufar un dispositivo <strong>iSEX<\/strong> en el puerto USB de su ordenador, el coche, o el enchufe de tel\u00e9fono celular y \u00a1estar\u00e1 listo para la diversi\u00f3n!<\/p>\n<p>Las vibraciones extra fuertes te aportar\u00e1n las mejores sensaciones y lo mejor de todo, nadie sabr\u00e1 que su peque\u00f1o secreto. Apto para los estudiantes universitarios, los chats de v\u00eddeo de larga distancia, sesiones de caricias en solitario, cita la oficina, viajes por carretera, as\u00ed como cualquier otro momento que necesitan la satisfacci\u00f3n <em><strong>plug-n-play.<\/strong><\/em><\/p>\n<p>Medidas: 5.5 cm x 1 cm<\/p><\/p>\n","protected":false},"excerpt":{"rendered":"<p>ISEX USB SLIM BULLET WHITE Plug-n-play un significado totalmente nuevo con esta incre\u00edble colecci\u00f3n de dispositivos de placer alimentados por<\/p>\n","protected":false},"featured_media":43299,"comment_status":"open","ping_status":"open","template":"","meta":[],"product_cat":[322],"product_tag":[1377,259],"class_list":["post-43298","product","type-product","status-publish","has-post-thumbnail","hentry","product_cat-con-mando","product_tag-isex","product_tag-pipedream"],"bundled_by":[],"bundle_stock_status":"instock","bundle_stock_quantity":4,"bundle_virtual":false,"bundle_layout":"","bundle_add_to_cart_form_location":"","bundle_editable_in_cart":false,"bundle_sold_individually_context":"","bundle_item_grouping":"","bundle_min_size":"","bundle_max_size":"","bundled_items":[],"yoast_head":"<!-- This site is optimized with the Yoast SEO plugin v20.6 - https:\/\/yoast.com\/wordpress\/plugins\/seo\/ -->\n<title>ISEX USB BALA VIBRADORA DELGADA BLANCA - Tienda Er\u00f3tica<\/title>\n<meta name=\"robots\" content=\"noindex, follow, max-snippet:-1, max-image-preview:large, max-video-preview:-1\" \/>\n<meta property=\"og:locale\" content=\"es_ES\" \/>\n<meta property=\"og:type\" content=\"article\" \/>\n<meta property=\"og:title\" content=\"ISEX USB BALA VIBRADORA DELGADA BLANCA - Tienda Er\u00f3tica\" \/>\n<meta property=\"og:description\" content=\"ISEX USB SLIM BULLET WHITE Plug-n-play un significado totalmente nuevo con esta incre\u00edble colecci\u00f3n de dispositivos de placer alimentados por\" \/>\n<meta property=\"og:url\" content=\"https:\/\/demoweb.info\/sexshop001\/producto\/isex-usb-bala-vibradora-delgada-blanca\/\" \/>\n<meta property=\"og:site_name\" content=\"Tienda Er\u00f3tica\" \/>\n<meta property=\"article:modified_time\" content=\"2022-01-22T13:50:54+00:00\" \/>\n<meta property=\"og:image\" content=\"https:\/\/demoweb.info\/sexshop001\/wp-content\/uploads\/2022\/01\/ISEX-USB-BALA-VIBRADORA-DELGADA-BLANCA.jpg\" \/>\n\t<meta property=\"og:image:width\" content=\"550\" \/>\n\t<meta property=\"og:image:height\" content=\"550\" \/>\n\t<meta property=\"og:image:type\" content=\"image\/jpeg\" \/>\n<meta name=\"twitter:card\" content=\"summary_large_image\" \/>\n<meta name=\"twitter:label1\" content=\"Tiempo de lectura\" \/>\n\t<meta name=\"twitter:data1\" content=\"1 minuto\" \/>\n<script type=\"application\/ld+json\" class=\"yoast-schema-graph\">{\"@context\":\"https:\/\/schema.org\",\"@graph\":[{\"@type\":\"WebPage\",\"@id\":\"https:\/\/demoweb.info\/sexshop001\/producto\/isex-usb-bala-vibradora-delgada-blanca\/\",\"url\":\"https:\/\/demoweb.info\/sexshop001\/producto\/isex-usb-bala-vibradora-delgada-blanca\/\",\"name\":\"ISEX USB BALA VIBRADORA DELGADA BLANCA - Tienda Er\u00f3tica\",\"isPartOf\":{\"@id\":\"https:\/\/demoweb.info\/sexshop001\/#website\"},\"datePublished\":\"2022-01-22T13:50:51+00:00\",\"dateModified\":\"2022-01-22T13:50:54+00:00\",\"breadcrumb\":{\"@id\":\"https:\/\/demoweb.info\/sexshop001\/producto\/isex-usb-bala-vibradora-delgada-blanca\/#breadcrumb\"},\"inLanguage\":\"es\",\"potentialAction\":[{\"@type\":\"ReadAction\",\"target\":[\"https:\/\/demoweb.info\/sexshop001\/producto\/isex-usb-bala-vibradora-delgada-blanca\/\"]}]},{\"@type\":\"BreadcrumbList\",\"@id\":\"https:\/\/demoweb.info\/sexshop001\/producto\/isex-usb-bala-vibradora-delgada-blanca\/#breadcrumb\",\"itemListElement\":[{\"@type\":\"ListItem\",\"position\":1,\"name\":\"Portada\",\"item\":\"https:\/\/demoweb.info\/sexshop001\/\"},{\"@type\":\"ListItem\",\"position\":2,\"name\":\"Tienda\",\"item\":\"https:\/\/demoweb.info\/sexshop001\/tienda\/\"},{\"@type\":\"ListItem\",\"position\":3,\"name\":\"ISEX USB BALA VIBRADORA DELGADA BLANCA\"}]},{\"@type\":\"WebSite\",\"@id\":\"https:\/\/demoweb.info\/sexshop001\/#website\",\"url\":\"https:\/\/demoweb.info\/sexshop001\/\",\"name\":\"Tienda Er\u00f3tica\",\"description\":\"DEMOWEB SL\",\"potentialAction\":[{\"@type\":\"SearchAction\",\"target\":{\"@type\":\"EntryPoint\",\"urlTemplate\":\"https:\/\/demoweb.info\/sexshop001\/?s={search_term_string}\"},\"query-input\":\"required name=search_term_string\"}],\"inLanguage\":\"es\"}]}<\/script>\n<!-- \/ Yoast SEO plugin. -->","yoast_head_json":{"title":"ISEX USB BALA VIBRADORA DELGADA BLANCA - Tienda Er\u00f3tica","robots":{"index":"noindex","follow":"follow","max-snippet":"max-snippet:-1","max-image-preview":"max-image-preview:large","max-video-preview":"max-video-preview:-1"},"og_locale":"es_ES","og_type":"article","og_title":"ISEX USB BALA VIBRADORA DELGADA BLANCA - Tienda Er\u00f3tica","og_description":"ISEX USB SLIM BULLET WHITE Plug-n-play un significado totalmente nuevo con esta incre\u00edble colecci\u00f3n de dispositivos de placer alimentados por","og_url":"https:\/\/demoweb.info\/sexshop001\/producto\/isex-usb-bala-vibradora-delgada-blanca\/","og_site_name":"Tienda Er\u00f3tica","article_modified_time":"2022-01-22T13:50:54+00:00","og_image":[{"width":550,"height":550,"url":"https:\/\/demoweb.info\/sexshop001\/wp-content\/uploads\/2022\/01\/ISEX-USB-BALA-VIBRADORA-DELGADA-BLANCA.jpg","type":"image\/jpeg"}],"twitter_card":"summary_large_image","twitter_misc":{"Tiempo de lectura":"1 minuto"},"schema":{"@context":"https:\/\/schema.org","@graph":[{"@type":"WebPage","@id":"https:\/\/demoweb.info\/sexshop001\/producto\/isex-usb-bala-vibradora-delgada-blanca\/","url":"https:\/\/demoweb.info\/sexshop001\/producto\/isex-usb-bala-vibradora-delgada-blanca\/","name":"ISEX USB BALA VIBRADORA DELGADA BLANCA - Tienda Er\u00f3tica","isPartOf":{"@id":"https:\/\/demoweb.info\/sexshop001\/#website"},"datePublished":"2022-01-22T13:50:51+00:00","dateModified":"2022-01-22T13:50:54+00:00","breadcrumb":{"@id":"https:\/\/demoweb.info\/sexshop001\/producto\/isex-usb-bala-vibradora-delgada-blanca\/#breadcrumb"},"inLanguage":"es","potentialAction":[{"@type":"ReadAction","target":["https:\/\/demoweb.info\/sexshop001\/producto\/isex-usb-bala-vibradora-delgada-blanca\/"]}]},{"@type":"BreadcrumbList","@id":"https:\/\/demoweb.info\/sexshop001\/producto\/isex-usb-bala-vibradora-delgada-blanca\/#breadcrumb","itemListElement":[{"@type":"ListItem","position":1,"name":"Portada","item":"https:\/\/demoweb.info\/sexshop001\/"},{"@type":"ListItem","position":2,"name":"Tienda","item":"https:\/\/demoweb.info\/sexshop001\/tienda\/"},{"@type":"ListItem","position":3,"name":"ISEX USB BALA VIBRADORA DELGADA BLANCA"}]},{"@type":"WebSite","@id":"https:\/\/demoweb.info\/sexshop001\/#website","url":"https:\/\/demoweb.info\/sexshop001\/","name":"Tienda Er\u00f3tica","description":"DEMOWEB SL","potentialAction":[{"@type":"SearchAction","target":{"@type":"EntryPoint","urlTemplate":"https:\/\/demoweb.info\/sexshop001\/?s={search_term_string}"},"query-input":"required name=search_term_string"}],"inLanguage":"es"}]}},"_links":{"self":[{"href":"https:\/\/demoweb.info\/sexshop001\/wp-json\/wp\/v3\/product\/43298","targetHints":{"allow":["GET"]}}],"collection":[{"href":"https:\/\/demoweb.info\/sexshop001\/wp-json\/wp\/v3\/product"}],"about":[{"href":"https:\/\/demoweb.info\/sexshop001\/wp-json\/wp\/v2\/types\/product"}],"replies":[{"embeddable":true,"href":"https:\/\/demoweb.info\/sexshop001\/wp-json\/wp\/v2\/comments?post=43298"}],"wp:featuredmedia":[{"embeddable":true,"href":"https:\/\/demoweb.info\/sexshop001\/wp-json\/wp\/v2\/media\/43299"}],"wp:attachment":[{"href":"https:\/\/demoweb.info\/sexshop001\/wp-json\/wp\/v2\/media?parent=43298"}],"wp:term":[{"taxonomy":"product_cat","embeddable":true,"href":"https:\/\/demoweb.info\/sexshop001\/wp-json\/wp\/v2\/product_cat?post=43298"},{"taxonomy":"product_tag","embeddable":true,"href":"https:\/\/demoweb.info\/sexshop001\/wp-json\/wp\/v2\/product_tag?post=43298"}],"curies":[{"name":"wp","href":"https:\/\/api.w.org\/{rel}","templated":true}]}}