{"id":43224,"date":"2022-01-22T14:50:05","date_gmt":"2022-01-22T13:50:05","guid":{"rendered":"https:\/\/demoweb.info\/sexshop001\/producto\/ensena-a-tu-hombre-a-hacer-bien-el-amor\/"},"modified":"2022-01-22T14:50:09","modified_gmt":"2022-01-22T13:50:09","slug":"ensena-a-tu-hombre-a-hacer-bien-el-amor","status":"publish","type":"product","link":"https:\/\/demoweb.info\/sexshop001\/producto\/ensena-a-tu-hombre-a-hacer-bien-el-amor\/","title":{"rendered":"ENSE\u00d1A A TU HOMBRE A HACER BIEN EL AMOR"},"content":{"rendered":"<p><strong>ENSE\u00d1A A TU HOMBRE A HACER BIEN EL AMOR.<br \/>\nBarbara Keesling.<\/strong><\/p>\n<p>Para fomentar una relaci\u00f3n satisfactoria es necesario poseer la mayor cantidad de datos posibles acerca del comportamiento sexual masculino. Todos los hombres que una mujer va a invitar a su cama a lo largo de la vida tendr\u00e1n un papel esencial en la imagen que \u00e9sta asuma de s\u00ed misma como ser sexual, en su propia autoestima y en su sensaci\u00f3n de bienestar.<\/p>\n<p>268 P\u00e1ginas.<\/p>\n<p>ISBN: 978-84-9917-299-6<\/p>\n<p>Tapa blanda con solapa 19 x 12,5 cm.<\/p>\n","protected":false},"excerpt":{"rendered":"<p>ENSE\u00d1A A TU HOMBRE A HACER BIEN EL AMOR. Barbara Keesling. Para fomentar una relaci\u00f3n satisfactoria es necesario poseer la<\/p>\n","protected":false},"featured_media":43225,"comment_status":"open","ping_status":"open","template":"","meta":[],"product_cat":[414],"product_tag":[1348],"class_list":["post-43224","product","type-product","status-publish","has-post-thumbnail","hentry","product_cat-libros","product_tag-robin-book"],"bundled_by":[],"bundle_stock_status":"instock","bundle_stock_quantity":2,"bundle_virtual":false,"bundle_layout":"","bundle_add_to_cart_form_location":"","bundle_editable_in_cart":false,"bundle_sold_individually_context":"","bundle_item_grouping":"","bundle_min_size":"","bundle_max_size":"","bundled_items":[],"yoast_head":"<!-- This site is optimized with the Yoast SEO plugin v20.6 - https:\/\/yoast.com\/wordpress\/plugins\/seo\/ -->\n<title>ENSE\u00d1A A TU HOMBRE A HACER BIEN EL AMOR - Tienda Er\u00f3tica<\/title>\n<meta name=\"robots\" content=\"noindex, follow, max-snippet:-1, max-image-preview:large, max-video-preview:-1\" \/>\n<meta property=\"og:locale\" content=\"es_ES\" \/>\n<meta property=\"og:type\" content=\"article\" \/>\n<meta property=\"og:title\" content=\"ENSE\u00d1A A TU HOMBRE A HACER BIEN EL AMOR - Tienda Er\u00f3tica\" \/>\n<meta property=\"og:description\" content=\"ENSE\u00d1A A TU HOMBRE A HACER BIEN EL AMOR. Barbara Keesling. Para fomentar una relaci\u00f3n satisfactoria es necesario poseer la\" \/>\n<meta property=\"og:url\" content=\"https:\/\/demoweb.info\/sexshop001\/producto\/ensena-a-tu-hombre-a-hacer-bien-el-amor\/\" \/>\n<meta property=\"og:site_name\" content=\"Tienda Er\u00f3tica\" \/>\n<meta property=\"article:modified_time\" content=\"2022-01-22T13:50:09+00:00\" \/>\n<meta property=\"og:image\" content=\"https:\/\/demoweb.info\/sexshop001\/wp-content\/uploads\/2022\/01\/ENSENA-A-TU-HOMBRE-A-HACER-BIEN-EL-AMOR.jpg\" \/>\n\t<meta property=\"og:image:width\" content=\"550\" \/>\n\t<meta property=\"og:image:height\" content=\"550\" \/>\n\t<meta property=\"og:image:type\" content=\"image\/jpeg\" \/>\n<meta name=\"twitter:card\" content=\"summary_large_image\" \/>\n<script type=\"application\/ld+json\" class=\"yoast-schema-graph\">{\"@context\":\"https:\/\/schema.org\",\"@graph\":[{\"@type\":\"WebPage\",\"@id\":\"https:\/\/demoweb.info\/sexshop001\/producto\/ensena-a-tu-hombre-a-hacer-bien-el-amor\/\",\"url\":\"https:\/\/demoweb.info\/sexshop001\/producto\/ensena-a-tu-hombre-a-hacer-bien-el-amor\/\",\"name\":\"ENSE\u00d1A A TU HOMBRE A HACER BIEN EL AMOR - Tienda Er\u00f3tica\",\"isPartOf\":{\"@id\":\"https:\/\/demoweb.info\/sexshop001\/#website\"},\"datePublished\":\"2022-01-22T13:50:05+00:00\",\"dateModified\":\"2022-01-22T13:50:09+00:00\",\"breadcrumb\":{\"@id\":\"https:\/\/demoweb.info\/sexshop001\/producto\/ensena-a-tu-hombre-a-hacer-bien-el-amor\/#breadcrumb\"},\"inLanguage\":\"es\",\"potentialAction\":[{\"@type\":\"ReadAction\",\"target\":[\"https:\/\/demoweb.info\/sexshop001\/producto\/ensena-a-tu-hombre-a-hacer-bien-el-amor\/\"]}]},{\"@type\":\"BreadcrumbList\",\"@id\":\"https:\/\/demoweb.info\/sexshop001\/producto\/ensena-a-tu-hombre-a-hacer-bien-el-amor\/#breadcrumb\",\"itemListElement\":[{\"@type\":\"ListItem\",\"position\":1,\"name\":\"Portada\",\"item\":\"https:\/\/demoweb.info\/sexshop001\/\"},{\"@type\":\"ListItem\",\"position\":2,\"name\":\"Tienda\",\"item\":\"https:\/\/demoweb.info\/sexshop001\/tienda\/\"},{\"@type\":\"ListItem\",\"position\":3,\"name\":\"ENSE\u00d1A A TU HOMBRE A HACER BIEN EL AMOR\"}]},{\"@type\":\"WebSite\",\"@id\":\"https:\/\/demoweb.info\/sexshop001\/#website\",\"url\":\"https:\/\/demoweb.info\/sexshop001\/\",\"name\":\"Tienda Er\u00f3tica\",\"description\":\"DEMOWEB SL\",\"potentialAction\":[{\"@type\":\"SearchAction\",\"target\":{\"@type\":\"EntryPoint\",\"urlTemplate\":\"https:\/\/demoweb.info\/sexshop001\/?s={search_term_string}\"},\"query-input\":\"required name=search_term_string\"}],\"inLanguage\":\"es\"}]}<\/script>\n<!-- \/ Yoast SEO plugin. -->","yoast_head_json":{"title":"ENSE\u00d1A A TU HOMBRE A HACER BIEN EL AMOR - Tienda Er\u00f3tica","robots":{"index":"noindex","follow":"follow","max-snippet":"max-snippet:-1","max-image-preview":"max-image-preview:large","max-video-preview":"max-video-preview:-1"},"og_locale":"es_ES","og_type":"article","og_title":"ENSE\u00d1A A TU HOMBRE A HACER BIEN EL AMOR - Tienda Er\u00f3tica","og_description":"ENSE\u00d1A A TU HOMBRE A HACER BIEN EL AMOR. Barbara Keesling. Para fomentar una relaci\u00f3n satisfactoria es necesario poseer la","og_url":"https:\/\/demoweb.info\/sexshop001\/producto\/ensena-a-tu-hombre-a-hacer-bien-el-amor\/","og_site_name":"Tienda Er\u00f3tica","article_modified_time":"2022-01-22T13:50:09+00:00","og_image":[{"width":550,"height":550,"url":"https:\/\/demoweb.info\/sexshop001\/wp-content\/uploads\/2022\/01\/ENSENA-A-TU-HOMBRE-A-HACER-BIEN-EL-AMOR.jpg","type":"image\/jpeg"}],"twitter_card":"summary_large_image","schema":{"@context":"https:\/\/schema.org","@graph":[{"@type":"WebPage","@id":"https:\/\/demoweb.info\/sexshop001\/producto\/ensena-a-tu-hombre-a-hacer-bien-el-amor\/","url":"https:\/\/demoweb.info\/sexshop001\/producto\/ensena-a-tu-hombre-a-hacer-bien-el-amor\/","name":"ENSE\u00d1A A TU HOMBRE A HACER BIEN EL AMOR - Tienda Er\u00f3tica","isPartOf":{"@id":"https:\/\/demoweb.info\/sexshop001\/#website"},"datePublished":"2022-01-22T13:50:05+00:00","dateModified":"2022-01-22T13:50:09+00:00","breadcrumb":{"@id":"https:\/\/demoweb.info\/sexshop001\/producto\/ensena-a-tu-hombre-a-hacer-bien-el-amor\/#breadcrumb"},"inLanguage":"es","potentialAction":[{"@type":"ReadAction","target":["https:\/\/demoweb.info\/sexshop001\/producto\/ensena-a-tu-hombre-a-hacer-bien-el-amor\/"]}]},{"@type":"BreadcrumbList","@id":"https:\/\/demoweb.info\/sexshop001\/producto\/ensena-a-tu-hombre-a-hacer-bien-el-amor\/#breadcrumb","itemListElement":[{"@type":"ListItem","position":1,"name":"Portada","item":"https:\/\/demoweb.info\/sexshop001\/"},{"@type":"ListItem","position":2,"name":"Tienda","item":"https:\/\/demoweb.info\/sexshop001\/tienda\/"},{"@type":"ListItem","position":3,"name":"ENSE\u00d1A A TU HOMBRE A HACER BIEN EL AMOR"}]},{"@type":"WebSite","@id":"https:\/\/demoweb.info\/sexshop001\/#website","url":"https:\/\/demoweb.info\/sexshop001\/","name":"Tienda Er\u00f3tica","description":"DEMOWEB SL","potentialAction":[{"@type":"SearchAction","target":{"@type":"EntryPoint","urlTemplate":"https:\/\/demoweb.info\/sexshop001\/?s={search_term_string}"},"query-input":"required name=search_term_string"}],"inLanguage":"es"}]}},"_links":{"self":[{"href":"https:\/\/demoweb.info\/sexshop001\/wp-json\/wp\/v3\/product\/43224","targetHints":{"allow":["GET"]}}],"collection":[{"href":"https:\/\/demoweb.info\/sexshop001\/wp-json\/wp\/v3\/product"}],"about":[{"href":"https:\/\/demoweb.info\/sexshop001\/wp-json\/wp\/v2\/types\/product"}],"replies":[{"embeddable":true,"href":"https:\/\/demoweb.info\/sexshop001\/wp-json\/wp\/v2\/comments?post=43224"}],"wp:featuredmedia":[{"embeddable":true,"href":"https:\/\/demoweb.info\/sexshop001\/wp-json\/wp\/v2\/media\/43225"}],"wp:attachment":[{"href":"https:\/\/demoweb.info\/sexshop001\/wp-json\/wp\/v2\/media?parent=43224"}],"wp:term":[{"taxonomy":"product_cat","embeddable":true,"href":"https:\/\/demoweb.info\/sexshop001\/wp-json\/wp\/v2\/product_cat?post=43224"},{"taxonomy":"product_tag","embeddable":true,"href":"https:\/\/demoweb.info\/sexshop001\/wp-json\/wp\/v2\/product_tag?post=43224"}],"curies":[{"name":"wp","href":"https:\/\/api.w.org\/{rel}","templated":true}]}}