{"id":43210,"date":"2022-01-22T14:49:54","date_gmt":"2022-01-22T13:49:54","guid":{"rendered":"https:\/\/demoweb.info\/sexshop001\/producto\/cuando-estoy-contigo\/"},"modified":"2022-01-22T14:50:01","modified_gmt":"2022-01-22T13:50:01","slug":"cuando-estoy-contigo","status":"publish","type":"product","link":"https:\/\/demoweb.info\/sexshop001\/producto\/cuando-estoy-contigo\/","title":{"rendered":"CUANDO ESTOY CONTIGO"},"content":{"rendered":"<p><strong>CUANDO ESTOY CONTIGO.<\/strong><\/p>\n<p><strong>Beth Kery.<\/strong><\/p>\n<p>Un hombre y una mujer unidos por los escabrosos secretos del pasado.<br \/>\nUna atracci\u00f3n sexual que alimenta sin remedio un deseo incontrolable.<\/p>\n<p>Lucien Sauvage es due\u00f1o de un restaurante de lujo y heredero de una gran fortuna. Cuando aparece a las puertas de su local Elise Martin, hija de un poderoso modisto franc\u00e9s, se queda hipnotizado por la despampanante aprendiz de chef. De tal modo, que Lucien la convertir\u00e1 en guardiana de un secreto que podr\u00eda arruinar los planes que lleva construyendo cuidadosamente desde hace a\u00f1os.<\/p>\n<p>Conocida por su flagrante exhibicionismo y por saltarse las estrictas reglas que rigen su sofisticado mundo social, las maneras salvajes de la joven suelen sorprender a la mayor\u00eda. Pero no a Lucien. De hecho, se siente irremediablemente atra\u00eddo por su descaro.<\/p>\n<p>Ciertamente, la chica necesita disciplina, y \u00e9l est\u00e1 dispuesto a d\u00e1rsela. Pero domesticar a Elisa no va a ser ning\u00fan juego de ni\u00f1os. En su interior esconde un fuego capaz de devorar al m\u00e1s apasionado de los amantes.<\/p>\n<p>Pero Lucien no es un hombre corriente, y no permitir\u00e1 que lo manipulen. Para controlar a esta insolente belleza \u2014para someterla\u2014 no tendr\u00e1 m\u00e1s remedio que adentrarse en las ardientes llamas de su pasi\u00f3n&#8230;<\/p>\n<p>431 P\u00e1ginas.<\/p>\n<p>ISBN: 978-84-9062-526-2<\/p>\n<p>Tapa blanda con solapa 19 x 12,5 cm. Edici\u00f3n Debolsillo.<\/p>\n","protected":false},"excerpt":{"rendered":"<p>CUANDO ESTOY CONTIGO. Beth Kery. Un hombre y una mujer unidos por los escabrosos secretos del pasado. Una atracci\u00f3n sexual<\/p>\n","protected":false},"featured_media":43211,"comment_status":"open","ping_status":"open","template":"","meta":[],"product_cat":[414],"product_tag":[722,415],"class_list":["post-43210","product","type-product","status-publish","has-post-thumbnail","hentry","product_cat-libros","product_tag-debolsillo","product_tag-random-house"],"bundled_by":[],"bundle_stock_status":"instock","bundle_stock_quantity":3,"bundle_virtual":false,"bundle_layout":"","bundle_add_to_cart_form_location":"","bundle_editable_in_cart":false,"bundle_sold_individually_context":"","bundle_item_grouping":"","bundle_min_size":"","bundle_max_size":"","bundled_items":[],"yoast_head":"<!-- This site is optimized with the Yoast SEO plugin v20.6 - https:\/\/yoast.com\/wordpress\/plugins\/seo\/ -->\n<title>CUANDO ESTOY CONTIGO - Tienda Er\u00f3tica<\/title>\n<meta name=\"robots\" content=\"noindex, follow, max-snippet:-1, max-image-preview:large, max-video-preview:-1\" \/>\n<meta property=\"og:locale\" content=\"es_ES\" \/>\n<meta property=\"og:type\" content=\"article\" \/>\n<meta property=\"og:title\" content=\"CUANDO ESTOY CONTIGO - Tienda Er\u00f3tica\" \/>\n<meta property=\"og:description\" content=\"CUANDO ESTOY CONTIGO. Beth Kery. Un hombre y una mujer unidos por los escabrosos secretos del pasado. Una atracci\u00f3n sexual\" \/>\n<meta property=\"og:url\" content=\"https:\/\/demoweb.info\/sexshop001\/producto\/cuando-estoy-contigo\/\" \/>\n<meta property=\"og:site_name\" content=\"Tienda Er\u00f3tica\" \/>\n<meta property=\"article:modified_time\" content=\"2022-01-22T13:50:01+00:00\" \/>\n<meta property=\"og:image\" content=\"https:\/\/demoweb.info\/sexshop001\/wp-content\/uploads\/2022\/01\/CUANDO-ESTOY-CONTIGO.jpg\" \/>\n\t<meta property=\"og:image:width\" content=\"550\" \/>\n\t<meta property=\"og:image:height\" content=\"550\" \/>\n\t<meta property=\"og:image:type\" content=\"image\/jpeg\" \/>\n<meta name=\"twitter:card\" content=\"summary_large_image\" \/>\n<meta name=\"twitter:label1\" content=\"Tiempo de lectura\" \/>\n\t<meta name=\"twitter:data1\" content=\"1 minuto\" \/>\n<script type=\"application\/ld+json\" class=\"yoast-schema-graph\">{\"@context\":\"https:\/\/schema.org\",\"@graph\":[{\"@type\":\"WebPage\",\"@id\":\"https:\/\/demoweb.info\/sexshop001\/producto\/cuando-estoy-contigo\/\",\"url\":\"https:\/\/demoweb.info\/sexshop001\/producto\/cuando-estoy-contigo\/\",\"name\":\"CUANDO ESTOY CONTIGO - Tienda Er\u00f3tica\",\"isPartOf\":{\"@id\":\"https:\/\/demoweb.info\/sexshop001\/#website\"},\"datePublished\":\"2022-01-22T13:49:54+00:00\",\"dateModified\":\"2022-01-22T13:50:01+00:00\",\"breadcrumb\":{\"@id\":\"https:\/\/demoweb.info\/sexshop001\/producto\/cuando-estoy-contigo\/#breadcrumb\"},\"inLanguage\":\"es\",\"potentialAction\":[{\"@type\":\"ReadAction\",\"target\":[\"https:\/\/demoweb.info\/sexshop001\/producto\/cuando-estoy-contigo\/\"]}]},{\"@type\":\"BreadcrumbList\",\"@id\":\"https:\/\/demoweb.info\/sexshop001\/producto\/cuando-estoy-contigo\/#breadcrumb\",\"itemListElement\":[{\"@type\":\"ListItem\",\"position\":1,\"name\":\"Portada\",\"item\":\"https:\/\/demoweb.info\/sexshop001\/\"},{\"@type\":\"ListItem\",\"position\":2,\"name\":\"Tienda\",\"item\":\"https:\/\/demoweb.info\/sexshop001\/tienda\/\"},{\"@type\":\"ListItem\",\"position\":3,\"name\":\"CUANDO ESTOY CONTIGO\"}]},{\"@type\":\"WebSite\",\"@id\":\"https:\/\/demoweb.info\/sexshop001\/#website\",\"url\":\"https:\/\/demoweb.info\/sexshop001\/\",\"name\":\"Tienda Er\u00f3tica\",\"description\":\"DEMOWEB SL\",\"potentialAction\":[{\"@type\":\"SearchAction\",\"target\":{\"@type\":\"EntryPoint\",\"urlTemplate\":\"https:\/\/demoweb.info\/sexshop001\/?s={search_term_string}\"},\"query-input\":\"required name=search_term_string\"}],\"inLanguage\":\"es\"}]}<\/script>\n<!-- \/ Yoast SEO plugin. -->","yoast_head_json":{"title":"CUANDO ESTOY CONTIGO - Tienda Er\u00f3tica","robots":{"index":"noindex","follow":"follow","max-snippet":"max-snippet:-1","max-image-preview":"max-image-preview:large","max-video-preview":"max-video-preview:-1"},"og_locale":"es_ES","og_type":"article","og_title":"CUANDO ESTOY CONTIGO - Tienda Er\u00f3tica","og_description":"CUANDO ESTOY CONTIGO. Beth Kery. Un hombre y una mujer unidos por los escabrosos secretos del pasado. Una atracci\u00f3n sexual","og_url":"https:\/\/demoweb.info\/sexshop001\/producto\/cuando-estoy-contigo\/","og_site_name":"Tienda Er\u00f3tica","article_modified_time":"2022-01-22T13:50:01+00:00","og_image":[{"width":550,"height":550,"url":"https:\/\/demoweb.info\/sexshop001\/wp-content\/uploads\/2022\/01\/CUANDO-ESTOY-CONTIGO.jpg","type":"image\/jpeg"}],"twitter_card":"summary_large_image","twitter_misc":{"Tiempo de lectura":"1 minuto"},"schema":{"@context":"https:\/\/schema.org","@graph":[{"@type":"WebPage","@id":"https:\/\/demoweb.info\/sexshop001\/producto\/cuando-estoy-contigo\/","url":"https:\/\/demoweb.info\/sexshop001\/producto\/cuando-estoy-contigo\/","name":"CUANDO ESTOY CONTIGO - Tienda Er\u00f3tica","isPartOf":{"@id":"https:\/\/demoweb.info\/sexshop001\/#website"},"datePublished":"2022-01-22T13:49:54+00:00","dateModified":"2022-01-22T13:50:01+00:00","breadcrumb":{"@id":"https:\/\/demoweb.info\/sexshop001\/producto\/cuando-estoy-contigo\/#breadcrumb"},"inLanguage":"es","potentialAction":[{"@type":"ReadAction","target":["https:\/\/demoweb.info\/sexshop001\/producto\/cuando-estoy-contigo\/"]}]},{"@type":"BreadcrumbList","@id":"https:\/\/demoweb.info\/sexshop001\/producto\/cuando-estoy-contigo\/#breadcrumb","itemListElement":[{"@type":"ListItem","position":1,"name":"Portada","item":"https:\/\/demoweb.info\/sexshop001\/"},{"@type":"ListItem","position":2,"name":"Tienda","item":"https:\/\/demoweb.info\/sexshop001\/tienda\/"},{"@type":"ListItem","position":3,"name":"CUANDO ESTOY CONTIGO"}]},{"@type":"WebSite","@id":"https:\/\/demoweb.info\/sexshop001\/#website","url":"https:\/\/demoweb.info\/sexshop001\/","name":"Tienda Er\u00f3tica","description":"DEMOWEB SL","potentialAction":[{"@type":"SearchAction","target":{"@type":"EntryPoint","urlTemplate":"https:\/\/demoweb.info\/sexshop001\/?s={search_term_string}"},"query-input":"required name=search_term_string"}],"inLanguage":"es"}]}},"_links":{"self":[{"href":"https:\/\/demoweb.info\/sexshop001\/wp-json\/wp\/v3\/product\/43210","targetHints":{"allow":["GET"]}}],"collection":[{"href":"https:\/\/demoweb.info\/sexshop001\/wp-json\/wp\/v3\/product"}],"about":[{"href":"https:\/\/demoweb.info\/sexshop001\/wp-json\/wp\/v2\/types\/product"}],"replies":[{"embeddable":true,"href":"https:\/\/demoweb.info\/sexshop001\/wp-json\/wp\/v2\/comments?post=43210"}],"wp:featuredmedia":[{"embeddable":true,"href":"https:\/\/demoweb.info\/sexshop001\/wp-json\/wp\/v2\/media\/43211"}],"wp:attachment":[{"href":"https:\/\/demoweb.info\/sexshop001\/wp-json\/wp\/v2\/media?parent=43210"}],"wp:term":[{"taxonomy":"product_cat","embeddable":true,"href":"https:\/\/demoweb.info\/sexshop001\/wp-json\/wp\/v2\/product_cat?post=43210"},{"taxonomy":"product_tag","embeddable":true,"href":"https:\/\/demoweb.info\/sexshop001\/wp-json\/wp\/v2\/product_tag?post=43210"}],"curies":[{"name":"wp","href":"https:\/\/api.w.org\/{rel}","templated":true}]}}