{"id":43127,"date":"2022-01-22T14:49:12","date_gmt":"2022-01-22T13:49:12","guid":{"rendered":"https:\/\/demoweb.info\/sexshop001\/producto\/apollo-bomba-de-ereccion-sta-hard-kit\/"},"modified":"2022-01-22T14:49:12","modified_gmt":"2022-01-22T13:49:12","slug":"apollo-bomba-de-ereccion-sta-hard-kit","status":"publish","type":"product","link":"https:\/\/demoweb.info\/sexshop001\/producto\/apollo-bomba-de-ereccion-sta-hard-kit\/","title":{"rendered":"APOLLO BOMBA DE ERECCION STA-HARD KIT"},"content":{"rendered":"<p><strong>APOLLO TRAINER KIT  <\/strong>es una bomba de succi\u00f3n con la que conseguir\u00e1s <strong>erecciones incre\u00edbles<\/strong> en tu pene.<\/p>\n<p>El kit incluye:<\/p>\n<p>Fabricado en Silicona de Alta Calidad.<\/p>\n<p>Bomba de erecci\u00f3n Sta-Hard con la base bridada de sello seguro.<\/p>\n<p>Donut extra\u00edble suave y el\u00e1stico<\/p>\n<p>Goma f\u00e1cil con v\u00e1lvula de p\u00e9rdida de aire r\u00e1pida<\/p>\n<p>Anillos de silicona en 2 tama\u00f1os<\/p>\n<p>Masturbador estrecha y el\u00e1stico<\/p>\n<p>Vibraci\u00f3n estimulador multi-velocidad<\/p>\n<p>Medidas: 20 cm x 5.5 cm<\/p>\n<p>Funciona con pilas 2 x AAA (no incluidas)<\/p><\/p>\n","protected":false},"excerpt":{"rendered":"<p>APOLLO TRAINER KIT es una bomba de succi\u00f3n con la que conseguir\u00e1s erecciones incre\u00edbles en tu pene. El kit incluye:<\/p>\n","protected":false},"featured_media":43128,"comment_status":"open","ping_status":"open","template":"","meta":[],"product_cat":[495],"product_tag":[1286,660],"class_list":["post-43127","product","type-product","status-publish","has-post-thumbnail","hentry","product_cat-basicos","product_tag-apollo","product_tag-calexotics"],"bundled_by":[],"bundle_stock_status":"instock","bundle_stock_quantity":4,"bundle_virtual":false,"bundle_layout":"","bundle_add_to_cart_form_location":"","bundle_editable_in_cart":false,"bundle_sold_individually_context":"","bundle_item_grouping":"","bundle_min_size":"","bundle_max_size":"","bundled_items":[],"yoast_head":"<!-- This site is optimized with the Yoast SEO plugin v20.6 - https:\/\/yoast.com\/wordpress\/plugins\/seo\/ -->\n<title>APOLLO BOMBA DE ERECCION STA-HARD KIT - Tienda Er\u00f3tica<\/title>\n<meta name=\"robots\" content=\"noindex, follow, max-snippet:-1, max-image-preview:large, max-video-preview:-1\" \/>\n<meta property=\"og:locale\" content=\"es_ES\" \/>\n<meta property=\"og:type\" content=\"article\" \/>\n<meta property=\"og:title\" content=\"APOLLO BOMBA DE ERECCION STA-HARD KIT - Tienda Er\u00f3tica\" \/>\n<meta property=\"og:description\" content=\"APOLLO TRAINER KIT es una bomba de succi\u00f3n con la que conseguir\u00e1s erecciones incre\u00edbles en tu pene. El kit incluye:\" \/>\n<meta property=\"og:url\" content=\"https:\/\/demoweb.info\/sexshop001\/producto\/apollo-bomba-de-ereccion-sta-hard-kit\/\" \/>\n<meta property=\"og:site_name\" content=\"Tienda Er\u00f3tica\" \/>\n<meta property=\"og:image\" content=\"https:\/\/demoweb.info\/sexshop001\/wp-content\/uploads\/2022\/01\/APOLLO-BOMBA-DE-ERECCION-STA-HARD-KIT.jpg\" \/>\n\t<meta property=\"og:image:width\" content=\"550\" \/>\n\t<meta property=\"og:image:height\" content=\"550\" \/>\n\t<meta property=\"og:image:type\" content=\"image\/jpeg\" \/>\n<meta name=\"twitter:card\" content=\"summary_large_image\" \/>\n<script type=\"application\/ld+json\" class=\"yoast-schema-graph\">{\"@context\":\"https:\/\/schema.org\",\"@graph\":[{\"@type\":\"WebPage\",\"@id\":\"https:\/\/demoweb.info\/sexshop001\/producto\/apollo-bomba-de-ereccion-sta-hard-kit\/\",\"url\":\"https:\/\/demoweb.info\/sexshop001\/producto\/apollo-bomba-de-ereccion-sta-hard-kit\/\",\"name\":\"APOLLO BOMBA DE ERECCION STA-HARD KIT - Tienda Er\u00f3tica\",\"isPartOf\":{\"@id\":\"https:\/\/demoweb.info\/sexshop001\/#website\"},\"datePublished\":\"2022-01-22T13:49:12+00:00\",\"dateModified\":\"2022-01-22T13:49:12+00:00\",\"breadcrumb\":{\"@id\":\"https:\/\/demoweb.info\/sexshop001\/producto\/apollo-bomba-de-ereccion-sta-hard-kit\/#breadcrumb\"},\"inLanguage\":\"es\",\"potentialAction\":[{\"@type\":\"ReadAction\",\"target\":[\"https:\/\/demoweb.info\/sexshop001\/producto\/apollo-bomba-de-ereccion-sta-hard-kit\/\"]}]},{\"@type\":\"BreadcrumbList\",\"@id\":\"https:\/\/demoweb.info\/sexshop001\/producto\/apollo-bomba-de-ereccion-sta-hard-kit\/#breadcrumb\",\"itemListElement\":[{\"@type\":\"ListItem\",\"position\":1,\"name\":\"Portada\",\"item\":\"https:\/\/demoweb.info\/sexshop001\/\"},{\"@type\":\"ListItem\",\"position\":2,\"name\":\"Tienda\",\"item\":\"https:\/\/demoweb.info\/sexshop001\/tienda\/\"},{\"@type\":\"ListItem\",\"position\":3,\"name\":\"APOLLO BOMBA DE ERECCION STA-HARD KIT\"}]},{\"@type\":\"WebSite\",\"@id\":\"https:\/\/demoweb.info\/sexshop001\/#website\",\"url\":\"https:\/\/demoweb.info\/sexshop001\/\",\"name\":\"Tienda Er\u00f3tica\",\"description\":\"DEMOWEB SL\",\"potentialAction\":[{\"@type\":\"SearchAction\",\"target\":{\"@type\":\"EntryPoint\",\"urlTemplate\":\"https:\/\/demoweb.info\/sexshop001\/?s={search_term_string}\"},\"query-input\":\"required name=search_term_string\"}],\"inLanguage\":\"es\"}]}<\/script>\n<!-- \/ Yoast SEO plugin. -->","yoast_head_json":{"title":"APOLLO BOMBA DE ERECCION STA-HARD KIT - Tienda Er\u00f3tica","robots":{"index":"noindex","follow":"follow","max-snippet":"max-snippet:-1","max-image-preview":"max-image-preview:large","max-video-preview":"max-video-preview:-1"},"og_locale":"es_ES","og_type":"article","og_title":"APOLLO BOMBA DE ERECCION STA-HARD KIT - Tienda Er\u00f3tica","og_description":"APOLLO TRAINER KIT es una bomba de succi\u00f3n con la que conseguir\u00e1s erecciones incre\u00edbles en tu pene. El kit incluye:","og_url":"https:\/\/demoweb.info\/sexshop001\/producto\/apollo-bomba-de-ereccion-sta-hard-kit\/","og_site_name":"Tienda Er\u00f3tica","og_image":[{"width":550,"height":550,"url":"https:\/\/demoweb.info\/sexshop001\/wp-content\/uploads\/2022\/01\/APOLLO-BOMBA-DE-ERECCION-STA-HARD-KIT.jpg","type":"image\/jpeg"}],"twitter_card":"summary_large_image","schema":{"@context":"https:\/\/schema.org","@graph":[{"@type":"WebPage","@id":"https:\/\/demoweb.info\/sexshop001\/producto\/apollo-bomba-de-ereccion-sta-hard-kit\/","url":"https:\/\/demoweb.info\/sexshop001\/producto\/apollo-bomba-de-ereccion-sta-hard-kit\/","name":"APOLLO BOMBA DE ERECCION STA-HARD KIT - Tienda Er\u00f3tica","isPartOf":{"@id":"https:\/\/demoweb.info\/sexshop001\/#website"},"datePublished":"2022-01-22T13:49:12+00:00","dateModified":"2022-01-22T13:49:12+00:00","breadcrumb":{"@id":"https:\/\/demoweb.info\/sexshop001\/producto\/apollo-bomba-de-ereccion-sta-hard-kit\/#breadcrumb"},"inLanguage":"es","potentialAction":[{"@type":"ReadAction","target":["https:\/\/demoweb.info\/sexshop001\/producto\/apollo-bomba-de-ereccion-sta-hard-kit\/"]}]},{"@type":"BreadcrumbList","@id":"https:\/\/demoweb.info\/sexshop001\/producto\/apollo-bomba-de-ereccion-sta-hard-kit\/#breadcrumb","itemListElement":[{"@type":"ListItem","position":1,"name":"Portada","item":"https:\/\/demoweb.info\/sexshop001\/"},{"@type":"ListItem","position":2,"name":"Tienda","item":"https:\/\/demoweb.info\/sexshop001\/tienda\/"},{"@type":"ListItem","position":3,"name":"APOLLO BOMBA DE ERECCION STA-HARD KIT"}]},{"@type":"WebSite","@id":"https:\/\/demoweb.info\/sexshop001\/#website","url":"https:\/\/demoweb.info\/sexshop001\/","name":"Tienda Er\u00f3tica","description":"DEMOWEB SL","potentialAction":[{"@type":"SearchAction","target":{"@type":"EntryPoint","urlTemplate":"https:\/\/demoweb.info\/sexshop001\/?s={search_term_string}"},"query-input":"required name=search_term_string"}],"inLanguage":"es"}]}},"_links":{"self":[{"href":"https:\/\/demoweb.info\/sexshop001\/wp-json\/wp\/v3\/product\/43127","targetHints":{"allow":["GET"]}}],"collection":[{"href":"https:\/\/demoweb.info\/sexshop001\/wp-json\/wp\/v3\/product"}],"about":[{"href":"https:\/\/demoweb.info\/sexshop001\/wp-json\/wp\/v2\/types\/product"}],"replies":[{"embeddable":true,"href":"https:\/\/demoweb.info\/sexshop001\/wp-json\/wp\/v2\/comments?post=43127"}],"wp:featuredmedia":[{"embeddable":true,"href":"https:\/\/demoweb.info\/sexshop001\/wp-json\/wp\/v2\/media\/43128"}],"wp:attachment":[{"href":"https:\/\/demoweb.info\/sexshop001\/wp-json\/wp\/v2\/media?parent=43127"}],"wp:term":[{"taxonomy":"product_cat","embeddable":true,"href":"https:\/\/demoweb.info\/sexshop001\/wp-json\/wp\/v2\/product_cat?post=43127"},{"taxonomy":"product_tag","embeddable":true,"href":"https:\/\/demoweb.info\/sexshop001\/wp-json\/wp\/v2\/product_tag?post=43127"}],"curies":[{"name":"wp","href":"https:\/\/api.w.org\/{rel}","templated":true}]}}