{"id":43109,"date":"2022-01-22T14:48:57","date_gmt":"2022-01-22T13:48:57","guid":{"rendered":"https:\/\/demoweb.info\/sexshop001\/producto\/posh-vibrador-10-velocidades-mariposa-rosa\/"},"modified":"2022-01-22T14:49:00","modified_gmt":"2022-01-22T13:49:00","slug":"posh-vibrador-10-velocidades-mariposa-rosa","status":"publish","type":"product","link":"https:\/\/demoweb.info\/sexshop001\/producto\/posh-vibrador-10-velocidades-mariposa-rosa\/","title":{"rendered":"POSH VIBRADOR 10 VELOCIDADES MARIPOSA ROSA"},"content":{"rendered":"<p><strong>POSH 10 FUNCTION FLUTTERING BUTTERFLY PINK<\/strong><\/p>\n<p>Este vibrador tiene <strong>10 funciones de vibraci\u00f3n distintas<\/strong> y fabricado en silicona que respeta tu cuerpo, y muy f\u00e1cil de utilizar, ya que solamente hace falta accionar un bot\u00f3n que hay en la parte inferior.<\/p>\n<p>Adem\u00e1s tambi\u00e9n incorpora otro vibrador espec\u00edficamente indicado para <strong>estimular el cl\u00edtoris<\/strong> mediante un dise\u00f1o que simula una simp\u00e1tica mariposa. Con motores duales, podr\u00e1s disfrutar al m\u00e1ximo de el.<\/p>\n<p>Dise\u00f1ado especialmente para la estimulaci\u00f3n del <strong>Punto G .<\/strong><\/p>\n<p>Medidas insertables: 11.5 cm x 5.5 cm.<\/p>\n<p>Funciona con 2 pilas <strong>AAA<\/strong> que puedes encontrar en la secci\u00f3n <strong>Pilas<\/strong>.<\/p>\n","protected":false},"excerpt":{"rendered":"<p>POSH 10 FUNCTION FLUTTERING BUTTERFLY PINK Este vibrador tiene 10 funciones de vibraci\u00f3n distintas y fabricado en silicona que respeta<\/p>\n","protected":false},"featured_media":43110,"comment_status":"open","ping_status":"open","template":"","meta":[],"product_cat":[434],"product_tag":[660,738],"class_list":["post-43109","product","type-product","status-publish","has-post-thumbnail","hentry","product_cat-doble-estimulacion-vibradores-juguetes-xxx","product_tag-calexotics","product_tag-posh"],"bundled_by":[],"bundle_stock_status":"instock","bundle_stock_quantity":1,"bundle_virtual":false,"bundle_layout":"","bundle_add_to_cart_form_location":"","bundle_editable_in_cart":false,"bundle_sold_individually_context":"","bundle_item_grouping":"","bundle_min_size":"","bundle_max_size":"","bundled_items":[],"yoast_head":"<!-- This site is optimized with the Yoast SEO plugin v20.6 - https:\/\/yoast.com\/wordpress\/plugins\/seo\/ -->\n<title>POSH VIBRADOR 10 VELOCIDADES MARIPOSA ROSA - Tienda Er\u00f3tica<\/title>\n<meta name=\"robots\" content=\"noindex, follow, max-snippet:-1, max-image-preview:large, max-video-preview:-1\" \/>\n<meta property=\"og:locale\" content=\"es_ES\" \/>\n<meta property=\"og:type\" content=\"article\" \/>\n<meta property=\"og:title\" content=\"POSH VIBRADOR 10 VELOCIDADES MARIPOSA ROSA - Tienda Er\u00f3tica\" \/>\n<meta property=\"og:description\" content=\"POSH 10 FUNCTION FLUTTERING BUTTERFLY PINK Este vibrador tiene 10 funciones de vibraci\u00f3n distintas y fabricado en silicona que respeta\" \/>\n<meta property=\"og:url\" content=\"https:\/\/demoweb.info\/sexshop001\/producto\/posh-vibrador-10-velocidades-mariposa-rosa\/\" \/>\n<meta property=\"og:site_name\" content=\"Tienda Er\u00f3tica\" \/>\n<meta property=\"article:modified_time\" content=\"2022-01-22T13:49:00+00:00\" \/>\n<meta property=\"og:image\" content=\"https:\/\/demoweb.info\/sexshop001\/wp-content\/uploads\/2022\/01\/POSH-VIBRADOR-10-VELOCIDADES-MARIPOSA-ROSA.jpg\" \/>\n\t<meta property=\"og:image:width\" content=\"550\" \/>\n\t<meta property=\"og:image:height\" content=\"550\" \/>\n\t<meta property=\"og:image:type\" content=\"image\/jpeg\" \/>\n<meta name=\"twitter:card\" content=\"summary_large_image\" \/>\n<meta name=\"twitter:label1\" content=\"Tiempo de lectura\" \/>\n\t<meta name=\"twitter:data1\" content=\"1 minuto\" \/>\n<script type=\"application\/ld+json\" class=\"yoast-schema-graph\">{\"@context\":\"https:\/\/schema.org\",\"@graph\":[{\"@type\":\"WebPage\",\"@id\":\"https:\/\/demoweb.info\/sexshop001\/producto\/posh-vibrador-10-velocidades-mariposa-rosa\/\",\"url\":\"https:\/\/demoweb.info\/sexshop001\/producto\/posh-vibrador-10-velocidades-mariposa-rosa\/\",\"name\":\"POSH VIBRADOR 10 VELOCIDADES MARIPOSA ROSA - Tienda Er\u00f3tica\",\"isPartOf\":{\"@id\":\"https:\/\/demoweb.info\/sexshop001\/#website\"},\"datePublished\":\"2022-01-22T13:48:57+00:00\",\"dateModified\":\"2022-01-22T13:49:00+00:00\",\"breadcrumb\":{\"@id\":\"https:\/\/demoweb.info\/sexshop001\/producto\/posh-vibrador-10-velocidades-mariposa-rosa\/#breadcrumb\"},\"inLanguage\":\"es\",\"potentialAction\":[{\"@type\":\"ReadAction\",\"target\":[\"https:\/\/demoweb.info\/sexshop001\/producto\/posh-vibrador-10-velocidades-mariposa-rosa\/\"]}]},{\"@type\":\"BreadcrumbList\",\"@id\":\"https:\/\/demoweb.info\/sexshop001\/producto\/posh-vibrador-10-velocidades-mariposa-rosa\/#breadcrumb\",\"itemListElement\":[{\"@type\":\"ListItem\",\"position\":1,\"name\":\"Portada\",\"item\":\"https:\/\/demoweb.info\/sexshop001\/\"},{\"@type\":\"ListItem\",\"position\":2,\"name\":\"Tienda\",\"item\":\"https:\/\/demoweb.info\/sexshop001\/tienda\/\"},{\"@type\":\"ListItem\",\"position\":3,\"name\":\"POSH VIBRADOR 10 VELOCIDADES MARIPOSA ROSA\"}]},{\"@type\":\"WebSite\",\"@id\":\"https:\/\/demoweb.info\/sexshop001\/#website\",\"url\":\"https:\/\/demoweb.info\/sexshop001\/\",\"name\":\"Tienda Er\u00f3tica\",\"description\":\"DEMOWEB SL\",\"potentialAction\":[{\"@type\":\"SearchAction\",\"target\":{\"@type\":\"EntryPoint\",\"urlTemplate\":\"https:\/\/demoweb.info\/sexshop001\/?s={search_term_string}\"},\"query-input\":\"required name=search_term_string\"}],\"inLanguage\":\"es\"}]}<\/script>\n<!-- \/ Yoast SEO plugin. -->","yoast_head_json":{"title":"POSH VIBRADOR 10 VELOCIDADES MARIPOSA ROSA - Tienda Er\u00f3tica","robots":{"index":"noindex","follow":"follow","max-snippet":"max-snippet:-1","max-image-preview":"max-image-preview:large","max-video-preview":"max-video-preview:-1"},"og_locale":"es_ES","og_type":"article","og_title":"POSH VIBRADOR 10 VELOCIDADES MARIPOSA ROSA - Tienda Er\u00f3tica","og_description":"POSH 10 FUNCTION FLUTTERING BUTTERFLY PINK Este vibrador tiene 10 funciones de vibraci\u00f3n distintas y fabricado en silicona que respeta","og_url":"https:\/\/demoweb.info\/sexshop001\/producto\/posh-vibrador-10-velocidades-mariposa-rosa\/","og_site_name":"Tienda Er\u00f3tica","article_modified_time":"2022-01-22T13:49:00+00:00","og_image":[{"width":550,"height":550,"url":"https:\/\/demoweb.info\/sexshop001\/wp-content\/uploads\/2022\/01\/POSH-VIBRADOR-10-VELOCIDADES-MARIPOSA-ROSA.jpg","type":"image\/jpeg"}],"twitter_card":"summary_large_image","twitter_misc":{"Tiempo de lectura":"1 minuto"},"schema":{"@context":"https:\/\/schema.org","@graph":[{"@type":"WebPage","@id":"https:\/\/demoweb.info\/sexshop001\/producto\/posh-vibrador-10-velocidades-mariposa-rosa\/","url":"https:\/\/demoweb.info\/sexshop001\/producto\/posh-vibrador-10-velocidades-mariposa-rosa\/","name":"POSH VIBRADOR 10 VELOCIDADES MARIPOSA ROSA - Tienda Er\u00f3tica","isPartOf":{"@id":"https:\/\/demoweb.info\/sexshop001\/#website"},"datePublished":"2022-01-22T13:48:57+00:00","dateModified":"2022-01-22T13:49:00+00:00","breadcrumb":{"@id":"https:\/\/demoweb.info\/sexshop001\/producto\/posh-vibrador-10-velocidades-mariposa-rosa\/#breadcrumb"},"inLanguage":"es","potentialAction":[{"@type":"ReadAction","target":["https:\/\/demoweb.info\/sexshop001\/producto\/posh-vibrador-10-velocidades-mariposa-rosa\/"]}]},{"@type":"BreadcrumbList","@id":"https:\/\/demoweb.info\/sexshop001\/producto\/posh-vibrador-10-velocidades-mariposa-rosa\/#breadcrumb","itemListElement":[{"@type":"ListItem","position":1,"name":"Portada","item":"https:\/\/demoweb.info\/sexshop001\/"},{"@type":"ListItem","position":2,"name":"Tienda","item":"https:\/\/demoweb.info\/sexshop001\/tienda\/"},{"@type":"ListItem","position":3,"name":"POSH VIBRADOR 10 VELOCIDADES MARIPOSA ROSA"}]},{"@type":"WebSite","@id":"https:\/\/demoweb.info\/sexshop001\/#website","url":"https:\/\/demoweb.info\/sexshop001\/","name":"Tienda Er\u00f3tica","description":"DEMOWEB SL","potentialAction":[{"@type":"SearchAction","target":{"@type":"EntryPoint","urlTemplate":"https:\/\/demoweb.info\/sexshop001\/?s={search_term_string}"},"query-input":"required name=search_term_string"}],"inLanguage":"es"}]}},"_links":{"self":[{"href":"https:\/\/demoweb.info\/sexshop001\/wp-json\/wp\/v3\/product\/43109","targetHints":{"allow":["GET"]}}],"collection":[{"href":"https:\/\/demoweb.info\/sexshop001\/wp-json\/wp\/v3\/product"}],"about":[{"href":"https:\/\/demoweb.info\/sexshop001\/wp-json\/wp\/v2\/types\/product"}],"replies":[{"embeddable":true,"href":"https:\/\/demoweb.info\/sexshop001\/wp-json\/wp\/v2\/comments?post=43109"}],"wp:featuredmedia":[{"embeddable":true,"href":"https:\/\/demoweb.info\/sexshop001\/wp-json\/wp\/v2\/media\/43110"}],"wp:attachment":[{"href":"https:\/\/demoweb.info\/sexshop001\/wp-json\/wp\/v2\/media?parent=43109"}],"wp:term":[{"taxonomy":"product_cat","embeddable":true,"href":"https:\/\/demoweb.info\/sexshop001\/wp-json\/wp\/v2\/product_cat?post=43109"},{"taxonomy":"product_tag","embeddable":true,"href":"https:\/\/demoweb.info\/sexshop001\/wp-json\/wp\/v2\/product_tag?post=43109"}],"curies":[{"name":"wp","href":"https:\/\/api.w.org\/{rel}","templated":true}]}}