{"id":43091,"date":"2022-01-22T14:48:45","date_gmt":"2022-01-22T13:48:45","guid":{"rendered":"https:\/\/demoweb.info\/sexshop001\/producto\/collar-con-restricciones-para-el-cuerpo\/"},"modified":"2022-01-22T14:48:49","modified_gmt":"2022-01-22T13:48:49","slug":"collar-con-restricciones-para-el-cuerpo","status":"publish","type":"product","link":"https:\/\/demoweb.info\/sexshop001\/producto\/collar-con-restricciones-para-el-cuerpo\/","title":{"rendered":"COLLAR CON RESTRICCIONES PARA EL CUERPO"},"content":{"rendered":"<p><strong>COLLAR BODY RESTRAINT<\/strong><\/p>\n<p>Elegante conjunto de collar con restricciones para el cuerpo con esposas para disfrutar al m\u00e1ximo de las m\u00e1s fant\u00e1sticas experiencias.<\/p>\n<p>-Lujoso collar con pu\u00f1os universales y sistemas de retenci\u00f3n ajustable.<\/p>\n<p>-Dise\u00f1o reversible para usar en la parte delantera o trasera.<\/p>\n<p>-Suave y lujoso por un lado con tela de dise\u00f1o en la otro.<\/p>\n<p>-Correas de cintura ajustables hasta 116.75 cm<\/p>\n<p>-Collar ajustable hasta 50,75 cm<\/p>\n<p>-Los pu\u00f1os desmontables para uso independiente.<\/p>\n<p>-Cierres universales y anillos O con dise\u00f1o giratorio.<\/p>\n<p>-No se lustra, libre de n\u00edquel.<\/p><\/p>\n","protected":false},"excerpt":{"rendered":"<p>COLLAR BODY RESTRAINT Elegante conjunto de collar con restricciones para el cuerpo con esposas para disfrutar al m\u00e1ximo de las<\/p>\n","protected":false},"featured_media":43092,"comment_status":"open","ping_status":"open","template":"","meta":[],"product_cat":[603],"product_tag":[660,662],"class_list":["post-43091","product","type-product","status-publish","has-post-thumbnail","hentry","product_cat-arneses-ataduras","product_tag-calexotics","product_tag-scandal"],"bundled_by":[],"bundle_stock_status":"outofstock","bundle_stock_quantity":0,"bundle_virtual":false,"bundle_layout":"","bundle_add_to_cart_form_location":"","bundle_editable_in_cart":false,"bundle_sold_individually_context":"","bundle_item_grouping":"","bundle_min_size":"","bundle_max_size":"","bundled_items":[],"yoast_head":"<!-- This site is optimized with the Yoast SEO plugin v20.6 - https:\/\/yoast.com\/wordpress\/plugins\/seo\/ -->\n<title>COLLAR CON RESTRICCIONES PARA EL CUERPO - Tienda Er\u00f3tica<\/title>\n<meta name=\"robots\" content=\"noindex, follow, max-snippet:-1, max-image-preview:large, max-video-preview:-1\" \/>\n<meta property=\"og:locale\" content=\"es_ES\" \/>\n<meta property=\"og:type\" content=\"article\" \/>\n<meta property=\"og:title\" content=\"COLLAR CON RESTRICCIONES PARA EL CUERPO - Tienda Er\u00f3tica\" \/>\n<meta property=\"og:description\" content=\"COLLAR BODY RESTRAINT Elegante conjunto de collar con restricciones para el cuerpo con esposas para disfrutar al m\u00e1ximo de las\" \/>\n<meta property=\"og:url\" content=\"https:\/\/demoweb.info\/sexshop001\/producto\/collar-con-restricciones-para-el-cuerpo\/\" \/>\n<meta property=\"og:site_name\" content=\"Tienda Er\u00f3tica\" \/>\n<meta property=\"article:modified_time\" content=\"2022-01-22T13:48:49+00:00\" \/>\n<meta property=\"og:image\" content=\"https:\/\/demoweb.info\/sexshop001\/wp-content\/uploads\/2022\/01\/COLLAR-CON-RESTRICCIONES-PARA-EL-CUERPO.jpg\" \/>\n\t<meta property=\"og:image:width\" content=\"550\" \/>\n\t<meta property=\"og:image:height\" content=\"550\" \/>\n\t<meta property=\"og:image:type\" content=\"image\/jpeg\" \/>\n<meta name=\"twitter:card\" content=\"summary_large_image\" \/>\n<script type=\"application\/ld+json\" class=\"yoast-schema-graph\">{\"@context\":\"https:\/\/schema.org\",\"@graph\":[{\"@type\":\"WebPage\",\"@id\":\"https:\/\/demoweb.info\/sexshop001\/producto\/collar-con-restricciones-para-el-cuerpo\/\",\"url\":\"https:\/\/demoweb.info\/sexshop001\/producto\/collar-con-restricciones-para-el-cuerpo\/\",\"name\":\"COLLAR CON RESTRICCIONES PARA EL CUERPO - Tienda Er\u00f3tica\",\"isPartOf\":{\"@id\":\"https:\/\/demoweb.info\/sexshop001\/#website\"},\"datePublished\":\"2022-01-22T13:48:45+00:00\",\"dateModified\":\"2022-01-22T13:48:49+00:00\",\"breadcrumb\":{\"@id\":\"https:\/\/demoweb.info\/sexshop001\/producto\/collar-con-restricciones-para-el-cuerpo\/#breadcrumb\"},\"inLanguage\":\"es\",\"potentialAction\":[{\"@type\":\"ReadAction\",\"target\":[\"https:\/\/demoweb.info\/sexshop001\/producto\/collar-con-restricciones-para-el-cuerpo\/\"]}]},{\"@type\":\"BreadcrumbList\",\"@id\":\"https:\/\/demoweb.info\/sexshop001\/producto\/collar-con-restricciones-para-el-cuerpo\/#breadcrumb\",\"itemListElement\":[{\"@type\":\"ListItem\",\"position\":1,\"name\":\"Portada\",\"item\":\"https:\/\/demoweb.info\/sexshop001\/\"},{\"@type\":\"ListItem\",\"position\":2,\"name\":\"Tienda\",\"item\":\"https:\/\/demoweb.info\/sexshop001\/tienda\/\"},{\"@type\":\"ListItem\",\"position\":3,\"name\":\"COLLAR CON RESTRICCIONES PARA EL CUERPO\"}]},{\"@type\":\"WebSite\",\"@id\":\"https:\/\/demoweb.info\/sexshop001\/#website\",\"url\":\"https:\/\/demoweb.info\/sexshop001\/\",\"name\":\"Tienda Er\u00f3tica\",\"description\":\"DEMOWEB SL\",\"potentialAction\":[{\"@type\":\"SearchAction\",\"target\":{\"@type\":\"EntryPoint\",\"urlTemplate\":\"https:\/\/demoweb.info\/sexshop001\/?s={search_term_string}\"},\"query-input\":\"required name=search_term_string\"}],\"inLanguage\":\"es\"}]}<\/script>\n<!-- \/ Yoast SEO plugin. -->","yoast_head_json":{"title":"COLLAR CON RESTRICCIONES PARA EL CUERPO - Tienda Er\u00f3tica","robots":{"index":"noindex","follow":"follow","max-snippet":"max-snippet:-1","max-image-preview":"max-image-preview:large","max-video-preview":"max-video-preview:-1"},"og_locale":"es_ES","og_type":"article","og_title":"COLLAR CON RESTRICCIONES PARA EL CUERPO - Tienda Er\u00f3tica","og_description":"COLLAR BODY RESTRAINT Elegante conjunto de collar con restricciones para el cuerpo con esposas para disfrutar al m\u00e1ximo de las","og_url":"https:\/\/demoweb.info\/sexshop001\/producto\/collar-con-restricciones-para-el-cuerpo\/","og_site_name":"Tienda Er\u00f3tica","article_modified_time":"2022-01-22T13:48:49+00:00","og_image":[{"width":550,"height":550,"url":"https:\/\/demoweb.info\/sexshop001\/wp-content\/uploads\/2022\/01\/COLLAR-CON-RESTRICCIONES-PARA-EL-CUERPO.jpg","type":"image\/jpeg"}],"twitter_card":"summary_large_image","schema":{"@context":"https:\/\/schema.org","@graph":[{"@type":"WebPage","@id":"https:\/\/demoweb.info\/sexshop001\/producto\/collar-con-restricciones-para-el-cuerpo\/","url":"https:\/\/demoweb.info\/sexshop001\/producto\/collar-con-restricciones-para-el-cuerpo\/","name":"COLLAR CON RESTRICCIONES PARA EL CUERPO - Tienda Er\u00f3tica","isPartOf":{"@id":"https:\/\/demoweb.info\/sexshop001\/#website"},"datePublished":"2022-01-22T13:48:45+00:00","dateModified":"2022-01-22T13:48:49+00:00","breadcrumb":{"@id":"https:\/\/demoweb.info\/sexshop001\/producto\/collar-con-restricciones-para-el-cuerpo\/#breadcrumb"},"inLanguage":"es","potentialAction":[{"@type":"ReadAction","target":["https:\/\/demoweb.info\/sexshop001\/producto\/collar-con-restricciones-para-el-cuerpo\/"]}]},{"@type":"BreadcrumbList","@id":"https:\/\/demoweb.info\/sexshop001\/producto\/collar-con-restricciones-para-el-cuerpo\/#breadcrumb","itemListElement":[{"@type":"ListItem","position":1,"name":"Portada","item":"https:\/\/demoweb.info\/sexshop001\/"},{"@type":"ListItem","position":2,"name":"Tienda","item":"https:\/\/demoweb.info\/sexshop001\/tienda\/"},{"@type":"ListItem","position":3,"name":"COLLAR CON RESTRICCIONES PARA EL CUERPO"}]},{"@type":"WebSite","@id":"https:\/\/demoweb.info\/sexshop001\/#website","url":"https:\/\/demoweb.info\/sexshop001\/","name":"Tienda Er\u00f3tica","description":"DEMOWEB SL","potentialAction":[{"@type":"SearchAction","target":{"@type":"EntryPoint","urlTemplate":"https:\/\/demoweb.info\/sexshop001\/?s={search_term_string}"},"query-input":"required name=search_term_string"}],"inLanguage":"es"}]}},"_links":{"self":[{"href":"https:\/\/demoweb.info\/sexshop001\/wp-json\/wp\/v3\/product\/43091","targetHints":{"allow":["GET"]}}],"collection":[{"href":"https:\/\/demoweb.info\/sexshop001\/wp-json\/wp\/v3\/product"}],"about":[{"href":"https:\/\/demoweb.info\/sexshop001\/wp-json\/wp\/v2\/types\/product"}],"replies":[{"embeddable":true,"href":"https:\/\/demoweb.info\/sexshop001\/wp-json\/wp\/v2\/comments?post=43091"}],"wp:featuredmedia":[{"embeddable":true,"href":"https:\/\/demoweb.info\/sexshop001\/wp-json\/wp\/v2\/media\/43092"}],"wp:attachment":[{"href":"https:\/\/demoweb.info\/sexshop001\/wp-json\/wp\/v2\/media?parent=43091"}],"wp:term":[{"taxonomy":"product_cat","embeddable":true,"href":"https:\/\/demoweb.info\/sexshop001\/wp-json\/wp\/v2\/product_cat?post=43091"},{"taxonomy":"product_tag","embeddable":true,"href":"https:\/\/demoweb.info\/sexshop001\/wp-json\/wp\/v2\/product_tag?post=43091"}],"curies":[{"name":"wp","href":"https:\/\/api.w.org\/{rel}","templated":true}]}}