{"id":43047,"date":"2022-01-22T14:48:17","date_gmt":"2022-01-22T13:48:17","guid":{"rendered":"https:\/\/demoweb.info\/sexshop001\/producto\/el-oscuro-juego-de-lucifer\/"},"modified":"2022-01-22T14:48:23","modified_gmt":"2022-01-22T13:48:23","slug":"el-oscuro-juego-de-lucifer","status":"publish","type":"product","link":"https:\/\/demoweb.info\/sexshop001\/producto\/el-oscuro-juego-de-lucifer\/","title":{"rendered":"EL OSCURO JUEGO DE LUCIFER"},"content":{"rendered":"<p><strong>EL OSCURO JUEGO DE LUCIFER.<\/p>\n<p>CHARLOTTE BENNET<\/strong><\/p>\n<p>\u00bfQu\u00e9 har\u00edas si, de repente, el hombre que crees detestar, y que es tu jefe, te propone tener una relaci\u00f3n carnal exenta de ataduras? Me llamo Emma Taylor, tengo veinticinco a\u00f1os y nunca he tenido suerte en el amor. Por eso, a d\u00eda de hoy solo pretend\u00eda llevar una vida tranquila, exenta de sobresaltos, hasta que \u00e9l se cruz \u00f3 en mi camino, y ese no era otro que el enigm\u00e1tico y arrogante hermano de mi difunto jefe, con el que ya hab\u00eda tenido mis diferencias en el pasado. El tipo hab\u00eda regresado a Nueva York para hacerse con el control de la agencia de publicidad para la que trabajo como secretaria, o eso pensaba yo&#8230; Alexander Crawford, apodado \u00abLucifer\u00bb, era rico, apuesto, inteligente y estaba acostumbrado a conseguir todo aquello que se propon\u00eda, pero&#8230; \u00bfhasta d\u00f3nde estaba dispuesta a llegar yo con alguien como \u00e9l? Lo que empez\u00f3 como un oscuro juego se transform\u00f3 en algo inesperado y complejo&#8230;<\/p>\n<p>316 P\u00e1ginas.<\/p>\n<p>Tapa dura 19,5 x 13cm. Edici\u00f3n Terciopelo.<\/p>\n","protected":false},"excerpt":{"rendered":"<p>EL OSCURO JUEGO DE LUCIFER. CHARLOTTE BENNET \u00bfQu\u00e9 har\u00edas si, de repente, el hombre que crees detestar, y que es<\/p>\n","protected":false},"featured_media":43048,"comment_status":"open","ping_status":"open","template":"","meta":[],"product_cat":[713],"product_tag":[415,714],"class_list":["post-43047","product","type-product","status-publish","has-post-thumbnail","hentry","product_cat-libros-lectura","product_tag-random-house","product_tag-terciopelo"],"bundled_by":[],"bundle_stock_status":"instock","bundle_stock_quantity":3,"bundle_virtual":false,"bundle_layout":"","bundle_add_to_cart_form_location":"","bundle_editable_in_cart":false,"bundle_sold_individually_context":"","bundle_item_grouping":"","bundle_min_size":"","bundle_max_size":"","bundled_items":[],"yoast_head":"<!-- This site is optimized with the Yoast SEO plugin v20.6 - https:\/\/yoast.com\/wordpress\/plugins\/seo\/ -->\n<title>EL OSCURO JUEGO DE LUCIFER - Tienda Er\u00f3tica<\/title>\n<meta name=\"robots\" content=\"noindex, follow, max-snippet:-1, max-image-preview:large, max-video-preview:-1\" \/>\n<meta property=\"og:locale\" content=\"es_ES\" \/>\n<meta property=\"og:type\" content=\"article\" \/>\n<meta property=\"og:title\" content=\"EL OSCURO JUEGO DE LUCIFER - Tienda Er\u00f3tica\" \/>\n<meta property=\"og:description\" content=\"EL OSCURO JUEGO DE LUCIFER. CHARLOTTE BENNET \u00bfQu\u00e9 har\u00edas si, de repente, el hombre que crees detestar, y que es\" \/>\n<meta property=\"og:url\" content=\"https:\/\/demoweb.info\/sexshop001\/producto\/el-oscuro-juego-de-lucifer\/\" \/>\n<meta property=\"og:site_name\" content=\"Tienda Er\u00f3tica\" \/>\n<meta property=\"article:modified_time\" content=\"2022-01-22T13:48:23+00:00\" \/>\n<meta property=\"og:image\" content=\"https:\/\/demoweb.info\/sexshop001\/wp-content\/uploads\/2022\/01\/EL-OSCURO-JUEGO-DE-LUCIFER.jpg\" \/>\n\t<meta property=\"og:image:width\" content=\"550\" \/>\n\t<meta property=\"og:image:height\" content=\"550\" \/>\n\t<meta property=\"og:image:type\" content=\"image\/jpeg\" \/>\n<meta name=\"twitter:card\" content=\"summary_large_image\" \/>\n<meta name=\"twitter:label1\" content=\"Tiempo de lectura\" \/>\n\t<meta name=\"twitter:data1\" content=\"1 minuto\" \/>\n<script type=\"application\/ld+json\" class=\"yoast-schema-graph\">{\"@context\":\"https:\/\/schema.org\",\"@graph\":[{\"@type\":\"WebPage\",\"@id\":\"https:\/\/demoweb.info\/sexshop001\/producto\/el-oscuro-juego-de-lucifer\/\",\"url\":\"https:\/\/demoweb.info\/sexshop001\/producto\/el-oscuro-juego-de-lucifer\/\",\"name\":\"EL OSCURO JUEGO DE LUCIFER - Tienda Er\u00f3tica\",\"isPartOf\":{\"@id\":\"https:\/\/demoweb.info\/sexshop001\/#website\"},\"datePublished\":\"2022-01-22T13:48:17+00:00\",\"dateModified\":\"2022-01-22T13:48:23+00:00\",\"breadcrumb\":{\"@id\":\"https:\/\/demoweb.info\/sexshop001\/producto\/el-oscuro-juego-de-lucifer\/#breadcrumb\"},\"inLanguage\":\"es\",\"potentialAction\":[{\"@type\":\"ReadAction\",\"target\":[\"https:\/\/demoweb.info\/sexshop001\/producto\/el-oscuro-juego-de-lucifer\/\"]}]},{\"@type\":\"BreadcrumbList\",\"@id\":\"https:\/\/demoweb.info\/sexshop001\/producto\/el-oscuro-juego-de-lucifer\/#breadcrumb\",\"itemListElement\":[{\"@type\":\"ListItem\",\"position\":1,\"name\":\"Portada\",\"item\":\"https:\/\/demoweb.info\/sexshop001\/\"},{\"@type\":\"ListItem\",\"position\":2,\"name\":\"Tienda\",\"item\":\"https:\/\/demoweb.info\/sexshop001\/tienda\/\"},{\"@type\":\"ListItem\",\"position\":3,\"name\":\"EL OSCURO JUEGO DE LUCIFER\"}]},{\"@type\":\"WebSite\",\"@id\":\"https:\/\/demoweb.info\/sexshop001\/#website\",\"url\":\"https:\/\/demoweb.info\/sexshop001\/\",\"name\":\"Tienda Er\u00f3tica\",\"description\":\"DEMOWEB SL\",\"potentialAction\":[{\"@type\":\"SearchAction\",\"target\":{\"@type\":\"EntryPoint\",\"urlTemplate\":\"https:\/\/demoweb.info\/sexshop001\/?s={search_term_string}\"},\"query-input\":\"required name=search_term_string\"}],\"inLanguage\":\"es\"}]}<\/script>\n<!-- \/ Yoast SEO plugin. -->","yoast_head_json":{"title":"EL OSCURO JUEGO DE LUCIFER - Tienda Er\u00f3tica","robots":{"index":"noindex","follow":"follow","max-snippet":"max-snippet:-1","max-image-preview":"max-image-preview:large","max-video-preview":"max-video-preview:-1"},"og_locale":"es_ES","og_type":"article","og_title":"EL OSCURO JUEGO DE LUCIFER - Tienda Er\u00f3tica","og_description":"EL OSCURO JUEGO DE LUCIFER. CHARLOTTE BENNET \u00bfQu\u00e9 har\u00edas si, de repente, el hombre que crees detestar, y que es","og_url":"https:\/\/demoweb.info\/sexshop001\/producto\/el-oscuro-juego-de-lucifer\/","og_site_name":"Tienda Er\u00f3tica","article_modified_time":"2022-01-22T13:48:23+00:00","og_image":[{"width":550,"height":550,"url":"https:\/\/demoweb.info\/sexshop001\/wp-content\/uploads\/2022\/01\/EL-OSCURO-JUEGO-DE-LUCIFER.jpg","type":"image\/jpeg"}],"twitter_card":"summary_large_image","twitter_misc":{"Tiempo de lectura":"1 minuto"},"schema":{"@context":"https:\/\/schema.org","@graph":[{"@type":"WebPage","@id":"https:\/\/demoweb.info\/sexshop001\/producto\/el-oscuro-juego-de-lucifer\/","url":"https:\/\/demoweb.info\/sexshop001\/producto\/el-oscuro-juego-de-lucifer\/","name":"EL OSCURO JUEGO DE LUCIFER - Tienda Er\u00f3tica","isPartOf":{"@id":"https:\/\/demoweb.info\/sexshop001\/#website"},"datePublished":"2022-01-22T13:48:17+00:00","dateModified":"2022-01-22T13:48:23+00:00","breadcrumb":{"@id":"https:\/\/demoweb.info\/sexshop001\/producto\/el-oscuro-juego-de-lucifer\/#breadcrumb"},"inLanguage":"es","potentialAction":[{"@type":"ReadAction","target":["https:\/\/demoweb.info\/sexshop001\/producto\/el-oscuro-juego-de-lucifer\/"]}]},{"@type":"BreadcrumbList","@id":"https:\/\/demoweb.info\/sexshop001\/producto\/el-oscuro-juego-de-lucifer\/#breadcrumb","itemListElement":[{"@type":"ListItem","position":1,"name":"Portada","item":"https:\/\/demoweb.info\/sexshop001\/"},{"@type":"ListItem","position":2,"name":"Tienda","item":"https:\/\/demoweb.info\/sexshop001\/tienda\/"},{"@type":"ListItem","position":3,"name":"EL OSCURO JUEGO DE LUCIFER"}]},{"@type":"WebSite","@id":"https:\/\/demoweb.info\/sexshop001\/#website","url":"https:\/\/demoweb.info\/sexshop001\/","name":"Tienda Er\u00f3tica","description":"DEMOWEB SL","potentialAction":[{"@type":"SearchAction","target":{"@type":"EntryPoint","urlTemplate":"https:\/\/demoweb.info\/sexshop001\/?s={search_term_string}"},"query-input":"required name=search_term_string"}],"inLanguage":"es"}]}},"_links":{"self":[{"href":"https:\/\/demoweb.info\/sexshop001\/wp-json\/wp\/v3\/product\/43047","targetHints":{"allow":["GET"]}}],"collection":[{"href":"https:\/\/demoweb.info\/sexshop001\/wp-json\/wp\/v3\/product"}],"about":[{"href":"https:\/\/demoweb.info\/sexshop001\/wp-json\/wp\/v2\/types\/product"}],"replies":[{"embeddable":true,"href":"https:\/\/demoweb.info\/sexshop001\/wp-json\/wp\/v2\/comments?post=43047"}],"wp:featuredmedia":[{"embeddable":true,"href":"https:\/\/demoweb.info\/sexshop001\/wp-json\/wp\/v2\/media\/43048"}],"wp:attachment":[{"href":"https:\/\/demoweb.info\/sexshop001\/wp-json\/wp\/v2\/media?parent=43047"}],"wp:term":[{"taxonomy":"product_cat","embeddable":true,"href":"https:\/\/demoweb.info\/sexshop001\/wp-json\/wp\/v2\/product_cat?post=43047"},{"taxonomy":"product_tag","embeddable":true,"href":"https:\/\/demoweb.info\/sexshop001\/wp-json\/wp\/v2\/product_tag?post=43047"}],"curies":[{"name":"wp","href":"https:\/\/api.w.org\/{rel}","templated":true}]}}