{"id":43036,"date":"2022-01-22T14:48:17","date_gmt":"2022-01-22T13:48:17","guid":{"rendered":"https:\/\/demoweb.info\/sexshop001\/producto\/lucid-dream-14-naranja\/"},"modified":"2022-01-22T14:48:17","modified_gmt":"2022-01-22T13:48:17","slug":"lucid-dream-14-naranja","status":"publish","type":"product","link":"https:\/\/demoweb.info\/sexshop001\/producto\/lucid-dream-14-naranja\/","title":{"rendered":"LUCID DREAM 14 NARANJA"},"content":{"rendered":"<p><strong>LUCID DREAMS 14 <\/strong><\/p>\n<p>Galardonado con el t\u00edtulo de Best Maxi Vibe de Women&#39;s Health Magazine, el Lucid Dream No. 14 es realmente un sue\u00f1o hecho realidad.<\/p>\n<p>La curva y la forma de la cabeza bulbosa est\u00e1 espec\u00edficamente dise\u00f1ada para ofrecer una incre\u00edble estimulaci\u00f3n del punto G, y el eje tiene una forma ergon\u00f3mica para adaptarse a las curvas de la anatom\u00eda de la mujer.<\/p>\n<p>Las potentes vibraciones de varias velocidades se concentran en la punta, justo donde los usuarios pueden disfrutar m\u00e1s, y el cuerpo firme y flexible hace que la colocaci\u00f3n perfecta sea muy f\u00e1cil.<\/p>\n<p>Las velocidades se controlan f\u00e1cilmente con un simple dial giratorio en la base.<\/p>\n<p>Medidas:<\/p>\n<ul>\n<li>Longitud total: 22 cm<\/li>\n<li>Longitud insertable: 18,8 cm<\/li>\n<li>Di\u00e1metro: 4,3 cm<\/li>\n<\/ul>\n<p>Funciona con 2 pilas <strong>AA<\/strong> que puedes encontrar en la secci\u00f3n <strong>Pilas<\/strong>.<\/p>\n","protected":false},"excerpt":{"rendered":"<p>LUCID DREAMS 14 Galardonado con el t\u00edtulo de Best Maxi Vibe de Women&#39;s Health Magazine, el Lucid Dream No. 14<\/p>\n","protected":false},"featured_media":43037,"comment_status":"open","ping_status":"open","template":"","meta":[],"product_cat":[639],"product_tag":[460,1337],"class_list":["post-43036","product","type-product","status-publish","has-post-thumbnail","hentry","product_cat-punto-g","product_tag-doc-johnson","product_tag-lucid-dreams"],"bundled_by":[],"bundle_stock_status":"instock","bundle_stock_quantity":1,"bundle_virtual":false,"bundle_layout":"","bundle_add_to_cart_form_location":"","bundle_editable_in_cart":false,"bundle_sold_individually_context":"","bundle_item_grouping":"","bundle_min_size":"","bundle_max_size":"","bundled_items":[],"yoast_head":"<!-- This site is optimized with the Yoast SEO plugin v20.6 - https:\/\/yoast.com\/wordpress\/plugins\/seo\/ -->\n<title>LUCID DREAM 14 NARANJA - Tienda Er\u00f3tica<\/title>\n<meta name=\"robots\" content=\"noindex, follow, max-snippet:-1, max-image-preview:large, max-video-preview:-1\" \/>\n<meta property=\"og:locale\" content=\"es_ES\" \/>\n<meta property=\"og:type\" content=\"article\" \/>\n<meta property=\"og:title\" content=\"LUCID DREAM 14 NARANJA - Tienda Er\u00f3tica\" \/>\n<meta property=\"og:description\" content=\"LUCID DREAMS 14 Galardonado con el t\u00edtulo de Best Maxi Vibe de Women&#039;s Health Magazine, el Lucid Dream No. 14\" \/>\n<meta property=\"og:url\" content=\"https:\/\/demoweb.info\/sexshop001\/producto\/lucid-dream-14-naranja\/\" \/>\n<meta property=\"og:site_name\" content=\"Tienda Er\u00f3tica\" \/>\n<meta property=\"og:image\" content=\"https:\/\/demoweb.info\/sexshop001\/wp-content\/uploads\/2022\/01\/LUCID-DREAM-14-NARANJA.jpg\" \/>\n\t<meta property=\"og:image:width\" content=\"550\" \/>\n\t<meta property=\"og:image:height\" content=\"550\" \/>\n\t<meta property=\"og:image:type\" content=\"image\/jpeg\" \/>\n<meta name=\"twitter:card\" content=\"summary_large_image\" \/>\n<meta name=\"twitter:label1\" content=\"Tiempo de lectura\" \/>\n\t<meta name=\"twitter:data1\" content=\"1 minuto\" \/>\n<script type=\"application\/ld+json\" class=\"yoast-schema-graph\">{\"@context\":\"https:\/\/schema.org\",\"@graph\":[{\"@type\":\"WebPage\",\"@id\":\"https:\/\/demoweb.info\/sexshop001\/producto\/lucid-dream-14-naranja\/\",\"url\":\"https:\/\/demoweb.info\/sexshop001\/producto\/lucid-dream-14-naranja\/\",\"name\":\"LUCID DREAM 14 NARANJA - Tienda Er\u00f3tica\",\"isPartOf\":{\"@id\":\"https:\/\/demoweb.info\/sexshop001\/#website\"},\"datePublished\":\"2022-01-22T13:48:17+00:00\",\"dateModified\":\"2022-01-22T13:48:17+00:00\",\"breadcrumb\":{\"@id\":\"https:\/\/demoweb.info\/sexshop001\/producto\/lucid-dream-14-naranja\/#breadcrumb\"},\"inLanguage\":\"es\",\"potentialAction\":[{\"@type\":\"ReadAction\",\"target\":[\"https:\/\/demoweb.info\/sexshop001\/producto\/lucid-dream-14-naranja\/\"]}]},{\"@type\":\"BreadcrumbList\",\"@id\":\"https:\/\/demoweb.info\/sexshop001\/producto\/lucid-dream-14-naranja\/#breadcrumb\",\"itemListElement\":[{\"@type\":\"ListItem\",\"position\":1,\"name\":\"Portada\",\"item\":\"https:\/\/demoweb.info\/sexshop001\/\"},{\"@type\":\"ListItem\",\"position\":2,\"name\":\"Tienda\",\"item\":\"https:\/\/demoweb.info\/sexshop001\/tienda\/\"},{\"@type\":\"ListItem\",\"position\":3,\"name\":\"LUCID DREAM 14 NARANJA\"}]},{\"@type\":\"WebSite\",\"@id\":\"https:\/\/demoweb.info\/sexshop001\/#website\",\"url\":\"https:\/\/demoweb.info\/sexshop001\/\",\"name\":\"Tienda Er\u00f3tica\",\"description\":\"DEMOWEB SL\",\"potentialAction\":[{\"@type\":\"SearchAction\",\"target\":{\"@type\":\"EntryPoint\",\"urlTemplate\":\"https:\/\/demoweb.info\/sexshop001\/?s={search_term_string}\"},\"query-input\":\"required name=search_term_string\"}],\"inLanguage\":\"es\"}]}<\/script>\n<!-- \/ Yoast SEO plugin. -->","yoast_head_json":{"title":"LUCID DREAM 14 NARANJA - Tienda Er\u00f3tica","robots":{"index":"noindex","follow":"follow","max-snippet":"max-snippet:-1","max-image-preview":"max-image-preview:large","max-video-preview":"max-video-preview:-1"},"og_locale":"es_ES","og_type":"article","og_title":"LUCID DREAM 14 NARANJA - Tienda Er\u00f3tica","og_description":"LUCID DREAMS 14 Galardonado con el t\u00edtulo de Best Maxi Vibe de Women&#39;s Health Magazine, el Lucid Dream No. 14","og_url":"https:\/\/demoweb.info\/sexshop001\/producto\/lucid-dream-14-naranja\/","og_site_name":"Tienda Er\u00f3tica","og_image":[{"width":550,"height":550,"url":"https:\/\/demoweb.info\/sexshop001\/wp-content\/uploads\/2022\/01\/LUCID-DREAM-14-NARANJA.jpg","type":"image\/jpeg"}],"twitter_card":"summary_large_image","twitter_misc":{"Tiempo de lectura":"1 minuto"},"schema":{"@context":"https:\/\/schema.org","@graph":[{"@type":"WebPage","@id":"https:\/\/demoweb.info\/sexshop001\/producto\/lucid-dream-14-naranja\/","url":"https:\/\/demoweb.info\/sexshop001\/producto\/lucid-dream-14-naranja\/","name":"LUCID DREAM 14 NARANJA - Tienda Er\u00f3tica","isPartOf":{"@id":"https:\/\/demoweb.info\/sexshop001\/#website"},"datePublished":"2022-01-22T13:48:17+00:00","dateModified":"2022-01-22T13:48:17+00:00","breadcrumb":{"@id":"https:\/\/demoweb.info\/sexshop001\/producto\/lucid-dream-14-naranja\/#breadcrumb"},"inLanguage":"es","potentialAction":[{"@type":"ReadAction","target":["https:\/\/demoweb.info\/sexshop001\/producto\/lucid-dream-14-naranja\/"]}]},{"@type":"BreadcrumbList","@id":"https:\/\/demoweb.info\/sexshop001\/producto\/lucid-dream-14-naranja\/#breadcrumb","itemListElement":[{"@type":"ListItem","position":1,"name":"Portada","item":"https:\/\/demoweb.info\/sexshop001\/"},{"@type":"ListItem","position":2,"name":"Tienda","item":"https:\/\/demoweb.info\/sexshop001\/tienda\/"},{"@type":"ListItem","position":3,"name":"LUCID DREAM 14 NARANJA"}]},{"@type":"WebSite","@id":"https:\/\/demoweb.info\/sexshop001\/#website","url":"https:\/\/demoweb.info\/sexshop001\/","name":"Tienda Er\u00f3tica","description":"DEMOWEB SL","potentialAction":[{"@type":"SearchAction","target":{"@type":"EntryPoint","urlTemplate":"https:\/\/demoweb.info\/sexshop001\/?s={search_term_string}"},"query-input":"required name=search_term_string"}],"inLanguage":"es"}]}},"_links":{"self":[{"href":"https:\/\/demoweb.info\/sexshop001\/wp-json\/wp\/v3\/product\/43036","targetHints":{"allow":["GET"]}}],"collection":[{"href":"https:\/\/demoweb.info\/sexshop001\/wp-json\/wp\/v3\/product"}],"about":[{"href":"https:\/\/demoweb.info\/sexshop001\/wp-json\/wp\/v2\/types\/product"}],"replies":[{"embeddable":true,"href":"https:\/\/demoweb.info\/sexshop001\/wp-json\/wp\/v2\/comments?post=43036"}],"wp:featuredmedia":[{"embeddable":true,"href":"https:\/\/demoweb.info\/sexshop001\/wp-json\/wp\/v2\/media\/43037"}],"wp:attachment":[{"href":"https:\/\/demoweb.info\/sexshop001\/wp-json\/wp\/v2\/media?parent=43036"}],"wp:term":[{"taxonomy":"product_cat","embeddable":true,"href":"https:\/\/demoweb.info\/sexshop001\/wp-json\/wp\/v2\/product_cat?post=43036"},{"taxonomy":"product_tag","embeddable":true,"href":"https:\/\/demoweb.info\/sexshop001\/wp-json\/wp\/v2\/product_tag?post=43036"}],"curies":[{"name":"wp","href":"https:\/\/api.w.org\/{rel}","templated":true}]}}