{"id":43030,"date":"2022-01-22T14:48:05","date_gmt":"2022-01-22T13:48:05","guid":{"rendered":"https:\/\/demoweb.info\/sexshop001\/producto\/pene-ur3-ultra-realistico-8-inch\/"},"modified":"2022-01-22T14:48:12","modified_gmt":"2022-01-22T13:48:12","slug":"pene-ur3-ultra-realistico-8-inch","status":"publish","type":"product","link":"https:\/\/demoweb.info\/sexshop001\/producto\/pene-ur3-ultra-realistico-8-inch\/","title":{"rendered":"PENE UR3 ULTRA-REALISTICO 8 INCH"},"content":{"rendered":"<p><strong>8 UR3 VAC U LOCK COCK ATTACHMENT<\/strong> es la r\u00e9plica del pene de la legendaria estrella del porno, a tama\u00f1o real, de una calidad insuperable, gracias al nuevo material <strong>UR3 UltraRealistic<\/strong>, lo \u00faltimo en simulaci\u00f3n del tacto de la piel humana.<\/p>\n<p>Dispone de todo lujo de detalles, glande, venas y test\u00edculos muy bien reproducidos, con apariencia completamente real, para llegar a la m\u00e1xima estimulaci\u00f3n e incre\u00edbles sensaciones.<\/p>\n<p>De alt\u00edsima calidad. Increible material que te har\u00e1 pensar que tienes uno real en tus manos.<\/p>\n<p>El material <strong>UR3 UltraRealistic 3.0<\/strong>, simula perfectamente el tacto de la piel humana y la rigidez que necesita la vagina y ano, para disfrutar al m\u00e1ximo de todas las sensaciones.<\/p>\n<ul>\n<li>Longitud insertable: 19 cm<\/li>\n<li>Longitud total: 21,5 cm<\/li>\n<li>Di\u00e1metro insertable: 4,5 cm<\/li>\n<li>Di\u00e1metro total (contando test\u00edculos): 10,5 cm<\/li>\n<\/ul>\n","protected":false},"excerpt":{"rendered":"<p>8 UR3 VAC U LOCK COCK ATTACHMENT es la r\u00e9plica del pene de la legendaria estrella del porno, a tama\u00f1o<\/p>\n","protected":false},"featured_media":43031,"comment_status":"open","ping_status":"open","template":"","meta":[],"product_cat":[545],"product_tag":[460,794],"class_list":["post-43030","product","type-product","status-publish","has-post-thumbnail","hentry","product_cat-de-actores","product_tag-doc-johnson","product_tag-vac-u-lock"],"bundled_by":[],"bundle_stock_status":"instock","bundle_stock_quantity":1,"bundle_virtual":false,"bundle_layout":"","bundle_add_to_cart_form_location":"","bundle_editable_in_cart":false,"bundle_sold_individually_context":"","bundle_item_grouping":"","bundle_min_size":"","bundle_max_size":"","bundled_items":[],"yoast_head":"<!-- This site is optimized with the Yoast SEO plugin v20.6 - https:\/\/yoast.com\/wordpress\/plugins\/seo\/ -->\n<title>PENE UR3 ULTRA-REALISTICO 8 INCH - Tienda Er\u00f3tica<\/title>\n<meta name=\"robots\" content=\"noindex, follow, max-snippet:-1, max-image-preview:large, max-video-preview:-1\" \/>\n<meta property=\"og:locale\" content=\"es_ES\" \/>\n<meta property=\"og:type\" content=\"article\" \/>\n<meta property=\"og:title\" content=\"PENE UR3 ULTRA-REALISTICO 8 INCH - Tienda Er\u00f3tica\" \/>\n<meta property=\"og:description\" content=\"8 UR3 VAC U LOCK COCK ATTACHMENT es la r\u00e9plica del pene de la legendaria estrella del porno, a tama\u00f1o\" \/>\n<meta property=\"og:url\" content=\"https:\/\/demoweb.info\/sexshop001\/producto\/pene-ur3-ultra-realistico-8-inch\/\" \/>\n<meta property=\"og:site_name\" content=\"Tienda Er\u00f3tica\" \/>\n<meta property=\"article:modified_time\" content=\"2022-01-22T13:48:12+00:00\" \/>\n<meta property=\"og:image\" content=\"https:\/\/demoweb.info\/sexshop001\/wp-content\/uploads\/2022\/01\/PENE-UR3-ULTRA-REALISTICO-8-INCH.jpg\" \/>\n\t<meta property=\"og:image:width\" content=\"550\" \/>\n\t<meta property=\"og:image:height\" content=\"550\" \/>\n\t<meta property=\"og:image:type\" content=\"image\/jpeg\" \/>\n<meta name=\"twitter:card\" content=\"summary_large_image\" \/>\n<meta name=\"twitter:label1\" content=\"Tiempo de lectura\" \/>\n\t<meta name=\"twitter:data1\" content=\"1 minuto\" \/>\n<script type=\"application\/ld+json\" class=\"yoast-schema-graph\">{\"@context\":\"https:\/\/schema.org\",\"@graph\":[{\"@type\":\"WebPage\",\"@id\":\"https:\/\/demoweb.info\/sexshop001\/producto\/pene-ur3-ultra-realistico-8-inch\/\",\"url\":\"https:\/\/demoweb.info\/sexshop001\/producto\/pene-ur3-ultra-realistico-8-inch\/\",\"name\":\"PENE UR3 ULTRA-REALISTICO 8 INCH - Tienda Er\u00f3tica\",\"isPartOf\":{\"@id\":\"https:\/\/demoweb.info\/sexshop001\/#website\"},\"datePublished\":\"2022-01-22T13:48:05+00:00\",\"dateModified\":\"2022-01-22T13:48:12+00:00\",\"breadcrumb\":{\"@id\":\"https:\/\/demoweb.info\/sexshop001\/producto\/pene-ur3-ultra-realistico-8-inch\/#breadcrumb\"},\"inLanguage\":\"es\",\"potentialAction\":[{\"@type\":\"ReadAction\",\"target\":[\"https:\/\/demoweb.info\/sexshop001\/producto\/pene-ur3-ultra-realistico-8-inch\/\"]}]},{\"@type\":\"BreadcrumbList\",\"@id\":\"https:\/\/demoweb.info\/sexshop001\/producto\/pene-ur3-ultra-realistico-8-inch\/#breadcrumb\",\"itemListElement\":[{\"@type\":\"ListItem\",\"position\":1,\"name\":\"Portada\",\"item\":\"https:\/\/demoweb.info\/sexshop001\/\"},{\"@type\":\"ListItem\",\"position\":2,\"name\":\"Tienda\",\"item\":\"https:\/\/demoweb.info\/sexshop001\/tienda\/\"},{\"@type\":\"ListItem\",\"position\":3,\"name\":\"PENE UR3 ULTRA-REALISTICO 8 INCH\"}]},{\"@type\":\"WebSite\",\"@id\":\"https:\/\/demoweb.info\/sexshop001\/#website\",\"url\":\"https:\/\/demoweb.info\/sexshop001\/\",\"name\":\"Tienda Er\u00f3tica\",\"description\":\"DEMOWEB SL\",\"potentialAction\":[{\"@type\":\"SearchAction\",\"target\":{\"@type\":\"EntryPoint\",\"urlTemplate\":\"https:\/\/demoweb.info\/sexshop001\/?s={search_term_string}\"},\"query-input\":\"required name=search_term_string\"}],\"inLanguage\":\"es\"}]}<\/script>\n<!-- \/ Yoast SEO plugin. -->","yoast_head_json":{"title":"PENE UR3 ULTRA-REALISTICO 8 INCH - Tienda Er\u00f3tica","robots":{"index":"noindex","follow":"follow","max-snippet":"max-snippet:-1","max-image-preview":"max-image-preview:large","max-video-preview":"max-video-preview:-1"},"og_locale":"es_ES","og_type":"article","og_title":"PENE UR3 ULTRA-REALISTICO 8 INCH - Tienda Er\u00f3tica","og_description":"8 UR3 VAC U LOCK COCK ATTACHMENT es la r\u00e9plica del pene de la legendaria estrella del porno, a tama\u00f1o","og_url":"https:\/\/demoweb.info\/sexshop001\/producto\/pene-ur3-ultra-realistico-8-inch\/","og_site_name":"Tienda Er\u00f3tica","article_modified_time":"2022-01-22T13:48:12+00:00","og_image":[{"width":550,"height":550,"url":"https:\/\/demoweb.info\/sexshop001\/wp-content\/uploads\/2022\/01\/PENE-UR3-ULTRA-REALISTICO-8-INCH.jpg","type":"image\/jpeg"}],"twitter_card":"summary_large_image","twitter_misc":{"Tiempo de lectura":"1 minuto"},"schema":{"@context":"https:\/\/schema.org","@graph":[{"@type":"WebPage","@id":"https:\/\/demoweb.info\/sexshop001\/producto\/pene-ur3-ultra-realistico-8-inch\/","url":"https:\/\/demoweb.info\/sexshop001\/producto\/pene-ur3-ultra-realistico-8-inch\/","name":"PENE UR3 ULTRA-REALISTICO 8 INCH - Tienda Er\u00f3tica","isPartOf":{"@id":"https:\/\/demoweb.info\/sexshop001\/#website"},"datePublished":"2022-01-22T13:48:05+00:00","dateModified":"2022-01-22T13:48:12+00:00","breadcrumb":{"@id":"https:\/\/demoweb.info\/sexshop001\/producto\/pene-ur3-ultra-realistico-8-inch\/#breadcrumb"},"inLanguage":"es","potentialAction":[{"@type":"ReadAction","target":["https:\/\/demoweb.info\/sexshop001\/producto\/pene-ur3-ultra-realistico-8-inch\/"]}]},{"@type":"BreadcrumbList","@id":"https:\/\/demoweb.info\/sexshop001\/producto\/pene-ur3-ultra-realistico-8-inch\/#breadcrumb","itemListElement":[{"@type":"ListItem","position":1,"name":"Portada","item":"https:\/\/demoweb.info\/sexshop001\/"},{"@type":"ListItem","position":2,"name":"Tienda","item":"https:\/\/demoweb.info\/sexshop001\/tienda\/"},{"@type":"ListItem","position":3,"name":"PENE UR3 ULTRA-REALISTICO 8 INCH"}]},{"@type":"WebSite","@id":"https:\/\/demoweb.info\/sexshop001\/#website","url":"https:\/\/demoweb.info\/sexshop001\/","name":"Tienda Er\u00f3tica","description":"DEMOWEB SL","potentialAction":[{"@type":"SearchAction","target":{"@type":"EntryPoint","urlTemplate":"https:\/\/demoweb.info\/sexshop001\/?s={search_term_string}"},"query-input":"required name=search_term_string"}],"inLanguage":"es"}]}},"_links":{"self":[{"href":"https:\/\/demoweb.info\/sexshop001\/wp-json\/wp\/v3\/product\/43030","targetHints":{"allow":["GET"]}}],"collection":[{"href":"https:\/\/demoweb.info\/sexshop001\/wp-json\/wp\/v3\/product"}],"about":[{"href":"https:\/\/demoweb.info\/sexshop001\/wp-json\/wp\/v2\/types\/product"}],"replies":[{"embeddable":true,"href":"https:\/\/demoweb.info\/sexshop001\/wp-json\/wp\/v2\/comments?post=43030"}],"wp:featuredmedia":[{"embeddable":true,"href":"https:\/\/demoweb.info\/sexshop001\/wp-json\/wp\/v2\/media\/43031"}],"wp:attachment":[{"href":"https:\/\/demoweb.info\/sexshop001\/wp-json\/wp\/v2\/media?parent=43030"}],"wp:term":[{"taxonomy":"product_cat","embeddable":true,"href":"https:\/\/demoweb.info\/sexshop001\/wp-json\/wp\/v2\/product_cat?post=43030"},{"taxonomy":"product_tag","embeddable":true,"href":"https:\/\/demoweb.info\/sexshop001\/wp-json\/wp\/v2\/product_tag?post=43030"}],"curies":[{"name":"wp","href":"https:\/\/api.w.org\/{rel}","templated":true}]}}