{"id":42950,"date":"2022-01-22T14:47:12","date_gmt":"2022-01-22T13:47:12","guid":{"rendered":"https:\/\/demoweb.info\/sexshop001\/producto\/cyberskin-sexy-psycho-muneca-hinchable-del-amor\/"},"modified":"2022-01-22T14:47:17","modified_gmt":"2022-01-22T13:47:17","slug":"cyberskin-sexy-psycho-muneca-hinchable-del-amor","status":"publish","type":"product","link":"https:\/\/demoweb.info\/sexshop001\/producto\/cyberskin-sexy-psycho-muneca-hinchable-del-amor\/","title":{"rendered":"CYBERSKIN SEXY PSYCHO MU\u00d1ECA HINCHABLE DEL AMOR"},"content":{"rendered":"<p><strong>SEXY PSYCHO INFLATABLE LOVE DOLL<\/strong><\/p>\n<p>Mu\u00f1eca Hinchable de tama\u00f1o real preparada para cubrir todas tus necesidades amatorias. Fabricada en Cyberskin con dos agujeros de penetraci\u00f3n para alcanzar el m\u00e1ximo placer. Cara en 3D con labios suaves y sensuales, ojos verdes y bonita cara con pelo pelirrojo y largo.<\/p>\n<p>Pezones erectos listos para lamer, que en conjunto har\u00e1n de esta mu\u00f1eca tu fiel compa\u00f1era en la cama, pisicna o ducha.<\/p>\n<p>-Resistente al agua.<\/p>\n<p>-Libre de phalatos.<\/p>\n<p>-Incluye kit de reparaci\u00f3n<\/p><\/p>\n","protected":false},"excerpt":{"rendered":"<p>SEXY PSYCHO INFLATABLE LOVE DOLL Mu\u00f1eca Hinchable de tama\u00f1o real preparada para cubrir todas tus necesidades amatorias. Fabricada en Cyberskin<\/p>\n","protected":false},"featured_media":42951,"comment_status":"open","ping_status":"open","template":"","meta":[],"product_cat":[694],"product_tag":[1132,932],"class_list":["post-42950","product","type-product","status-publish","has-post-thumbnail","hentry","product_cat-hinchables-munecas","product_tag-cyberskin","product_tag-topco-sales"],"bundled_by":[],"bundle_stock_status":"outofstock","bundle_stock_quantity":0,"bundle_virtual":false,"bundle_layout":"","bundle_add_to_cart_form_location":"","bundle_editable_in_cart":false,"bundle_sold_individually_context":"","bundle_item_grouping":"","bundle_min_size":"","bundle_max_size":"","bundled_items":[],"yoast_head":"<!-- This site is optimized with the Yoast SEO plugin v20.6 - https:\/\/yoast.com\/wordpress\/plugins\/seo\/ -->\n<title>CYBERSKIN SEXY PSYCHO MU\u00d1ECA HINCHABLE DEL AMOR - Tienda Er\u00f3tica<\/title>\n<meta name=\"robots\" content=\"noindex, follow, max-snippet:-1, max-image-preview:large, max-video-preview:-1\" \/>\n<meta property=\"og:locale\" content=\"es_ES\" \/>\n<meta property=\"og:type\" content=\"article\" \/>\n<meta property=\"og:title\" content=\"CYBERSKIN SEXY PSYCHO MU\u00d1ECA HINCHABLE DEL AMOR - Tienda Er\u00f3tica\" \/>\n<meta property=\"og:description\" content=\"SEXY PSYCHO INFLATABLE LOVE DOLL Mu\u00f1eca Hinchable de tama\u00f1o real preparada para cubrir todas tus necesidades amatorias. Fabricada en Cyberskin\" \/>\n<meta property=\"og:url\" content=\"https:\/\/demoweb.info\/sexshop001\/producto\/cyberskin-sexy-psycho-muneca-hinchable-del-amor\/\" \/>\n<meta property=\"og:site_name\" content=\"Tienda Er\u00f3tica\" \/>\n<meta property=\"article:modified_time\" content=\"2022-01-22T13:47:17+00:00\" \/>\n<meta property=\"og:image\" content=\"https:\/\/demoweb.info\/sexshop001\/wp-content\/uploads\/2022\/01\/CYBERSKIN-SEXY-PSYCHO-MUNECA-HINCHABLE-DEL-AMOR.jpg\" \/>\n\t<meta property=\"og:image:width\" content=\"550\" \/>\n\t<meta property=\"og:image:height\" content=\"550\" \/>\n\t<meta property=\"og:image:type\" content=\"image\/jpeg\" \/>\n<meta name=\"twitter:card\" content=\"summary_large_image\" \/>\n<script type=\"application\/ld+json\" class=\"yoast-schema-graph\">{\"@context\":\"https:\/\/schema.org\",\"@graph\":[{\"@type\":\"WebPage\",\"@id\":\"https:\/\/demoweb.info\/sexshop001\/producto\/cyberskin-sexy-psycho-muneca-hinchable-del-amor\/\",\"url\":\"https:\/\/demoweb.info\/sexshop001\/producto\/cyberskin-sexy-psycho-muneca-hinchable-del-amor\/\",\"name\":\"CYBERSKIN SEXY PSYCHO MU\u00d1ECA HINCHABLE DEL AMOR - Tienda Er\u00f3tica\",\"isPartOf\":{\"@id\":\"https:\/\/demoweb.info\/sexshop001\/#website\"},\"datePublished\":\"2022-01-22T13:47:12+00:00\",\"dateModified\":\"2022-01-22T13:47:17+00:00\",\"breadcrumb\":{\"@id\":\"https:\/\/demoweb.info\/sexshop001\/producto\/cyberskin-sexy-psycho-muneca-hinchable-del-amor\/#breadcrumb\"},\"inLanguage\":\"es\",\"potentialAction\":[{\"@type\":\"ReadAction\",\"target\":[\"https:\/\/demoweb.info\/sexshop001\/producto\/cyberskin-sexy-psycho-muneca-hinchable-del-amor\/\"]}]},{\"@type\":\"BreadcrumbList\",\"@id\":\"https:\/\/demoweb.info\/sexshop001\/producto\/cyberskin-sexy-psycho-muneca-hinchable-del-amor\/#breadcrumb\",\"itemListElement\":[{\"@type\":\"ListItem\",\"position\":1,\"name\":\"Portada\",\"item\":\"https:\/\/demoweb.info\/sexshop001\/\"},{\"@type\":\"ListItem\",\"position\":2,\"name\":\"Tienda\",\"item\":\"https:\/\/demoweb.info\/sexshop001\/tienda\/\"},{\"@type\":\"ListItem\",\"position\":3,\"name\":\"CYBERSKIN SEXY PSYCHO MU\u00d1ECA HINCHABLE DEL AMOR\"}]},{\"@type\":\"WebSite\",\"@id\":\"https:\/\/demoweb.info\/sexshop001\/#website\",\"url\":\"https:\/\/demoweb.info\/sexshop001\/\",\"name\":\"Tienda Er\u00f3tica\",\"description\":\"DEMOWEB SL\",\"potentialAction\":[{\"@type\":\"SearchAction\",\"target\":{\"@type\":\"EntryPoint\",\"urlTemplate\":\"https:\/\/demoweb.info\/sexshop001\/?s={search_term_string}\"},\"query-input\":\"required name=search_term_string\"}],\"inLanguage\":\"es\"}]}<\/script>\n<!-- \/ Yoast SEO plugin. -->","yoast_head_json":{"title":"CYBERSKIN SEXY PSYCHO MU\u00d1ECA HINCHABLE DEL AMOR - Tienda Er\u00f3tica","robots":{"index":"noindex","follow":"follow","max-snippet":"max-snippet:-1","max-image-preview":"max-image-preview:large","max-video-preview":"max-video-preview:-1"},"og_locale":"es_ES","og_type":"article","og_title":"CYBERSKIN SEXY PSYCHO MU\u00d1ECA HINCHABLE DEL AMOR - Tienda Er\u00f3tica","og_description":"SEXY PSYCHO INFLATABLE LOVE DOLL Mu\u00f1eca Hinchable de tama\u00f1o real preparada para cubrir todas tus necesidades amatorias. Fabricada en Cyberskin","og_url":"https:\/\/demoweb.info\/sexshop001\/producto\/cyberskin-sexy-psycho-muneca-hinchable-del-amor\/","og_site_name":"Tienda Er\u00f3tica","article_modified_time":"2022-01-22T13:47:17+00:00","og_image":[{"width":550,"height":550,"url":"https:\/\/demoweb.info\/sexshop001\/wp-content\/uploads\/2022\/01\/CYBERSKIN-SEXY-PSYCHO-MUNECA-HINCHABLE-DEL-AMOR.jpg","type":"image\/jpeg"}],"twitter_card":"summary_large_image","schema":{"@context":"https:\/\/schema.org","@graph":[{"@type":"WebPage","@id":"https:\/\/demoweb.info\/sexshop001\/producto\/cyberskin-sexy-psycho-muneca-hinchable-del-amor\/","url":"https:\/\/demoweb.info\/sexshop001\/producto\/cyberskin-sexy-psycho-muneca-hinchable-del-amor\/","name":"CYBERSKIN SEXY PSYCHO MU\u00d1ECA HINCHABLE DEL AMOR - Tienda Er\u00f3tica","isPartOf":{"@id":"https:\/\/demoweb.info\/sexshop001\/#website"},"datePublished":"2022-01-22T13:47:12+00:00","dateModified":"2022-01-22T13:47:17+00:00","breadcrumb":{"@id":"https:\/\/demoweb.info\/sexshop001\/producto\/cyberskin-sexy-psycho-muneca-hinchable-del-amor\/#breadcrumb"},"inLanguage":"es","potentialAction":[{"@type":"ReadAction","target":["https:\/\/demoweb.info\/sexshop001\/producto\/cyberskin-sexy-psycho-muneca-hinchable-del-amor\/"]}]},{"@type":"BreadcrumbList","@id":"https:\/\/demoweb.info\/sexshop001\/producto\/cyberskin-sexy-psycho-muneca-hinchable-del-amor\/#breadcrumb","itemListElement":[{"@type":"ListItem","position":1,"name":"Portada","item":"https:\/\/demoweb.info\/sexshop001\/"},{"@type":"ListItem","position":2,"name":"Tienda","item":"https:\/\/demoweb.info\/sexshop001\/tienda\/"},{"@type":"ListItem","position":3,"name":"CYBERSKIN SEXY PSYCHO MU\u00d1ECA HINCHABLE DEL AMOR"}]},{"@type":"WebSite","@id":"https:\/\/demoweb.info\/sexshop001\/#website","url":"https:\/\/demoweb.info\/sexshop001\/","name":"Tienda Er\u00f3tica","description":"DEMOWEB SL","potentialAction":[{"@type":"SearchAction","target":{"@type":"EntryPoint","urlTemplate":"https:\/\/demoweb.info\/sexshop001\/?s={search_term_string}"},"query-input":"required name=search_term_string"}],"inLanguage":"es"}]}},"_links":{"self":[{"href":"https:\/\/demoweb.info\/sexshop001\/wp-json\/wp\/v3\/product\/42950","targetHints":{"allow":["GET"]}}],"collection":[{"href":"https:\/\/demoweb.info\/sexshop001\/wp-json\/wp\/v3\/product"}],"about":[{"href":"https:\/\/demoweb.info\/sexshop001\/wp-json\/wp\/v2\/types\/product"}],"replies":[{"embeddable":true,"href":"https:\/\/demoweb.info\/sexshop001\/wp-json\/wp\/v2\/comments?post=42950"}],"wp:featuredmedia":[{"embeddable":true,"href":"https:\/\/demoweb.info\/sexshop001\/wp-json\/wp\/v2\/media\/42951"}],"wp:attachment":[{"href":"https:\/\/demoweb.info\/sexshop001\/wp-json\/wp\/v2\/media?parent=42950"}],"wp:term":[{"taxonomy":"product_cat","embeddable":true,"href":"https:\/\/demoweb.info\/sexshop001\/wp-json\/wp\/v2\/product_cat?post=42950"},{"taxonomy":"product_tag","embeddable":true,"href":"https:\/\/demoweb.info\/sexshop001\/wp-json\/wp\/v2\/product_tag?post=42950"}],"curies":[{"name":"wp","href":"https:\/\/api.w.org\/{rel}","templated":true}]}}