{"id":42924,"date":"2022-01-22T14:46:55","date_gmt":"2022-01-22T13:46:55","guid":{"rendered":"https:\/\/demoweb.info\/sexshop001\/producto\/ultra-perfect-torso-de-mujer\/"},"modified":"2022-01-22T14:47:01","modified_gmt":"2022-01-22T13:47:01","slug":"ultra-perfect-torso-de-mujer","status":"publish","type":"product","link":"https:\/\/demoweb.info\/sexshop001\/producto\/ultra-perfect-torso-de-mujer\/","title":{"rendered":"ULTRA PERFECT TORSO DE MUJER"},"content":{"rendered":"<p><strong>ULTRA PERFECT WOMAN PLAYTING LIGHT<\/strong><\/p>\n<p>Ultra Perfect Woman Playting es el juguete er\u00f3tico de tama\u00f1o natural m\u00e1s realista disponible. Fabricado de material CiberSkin increiblemente suave, al igual que la piel real. Cierra los ojos y no podr\u00e1s saber la diferencia.<\/p>\n<p>Arrastre un dedo por su delicada clav\u00edcula y hacia abajo a sus pechos voluptuosos. Acaricie sus pezones suaves, rosas; descienda sus manos hasta la cintura con curvas. Agarre sus caderas y tire hacia s\u00ed; sentir su calor, en su vagina hinchada contra su pene duro. Con labios inferiores suaves; deslice un dedo dentro y sienta el t\u00fanel de espesor acanalado rogando por ti.<\/p>\n<p>Entierre tu rostro en sus enormes tetas, lama sus pezones turgentes. Deslice el dedo en el culo apretado e imagine el t\u00fanel de espesor acanalado agarre su pene palpitante. Calientela a una temperatura natural en 10 minutos con las varitas calentamiento incluidas. La bala vibradora la hace vibrar y palpitar hasta que explotes. Cada patr\u00f3n de vibraci\u00f3n est\u00e1 disponible en 6 velocidades; personalizar la vibraci\u00f3n a sus necesidades.<\/p>\n<p>El t\u00fanel interior en forma de U la hace f\u00e1cil de limpiar. Hecho de un n\u00facleo Foamfrax cubierto en CiberSkin flexible, que pesa s\u00f3lo 5 kg. De f\u00e1cil limpieza.<\/p>\n<p>Libre de ftalatos. Vibrante juguete sexual requiere 3 pilas AAA, no incluidas. No deje las bater\u00edas en el vibrador entre usos. Se recomienda usar un lubricante a base de agua. Siempre limpio antes y despu\u00e9s de su uso.<\/p><\/p>\n","protected":false},"excerpt":{"rendered":"<p>ULTRA PERFECT WOMAN PLAYTING LIGHT Ultra Perfect Woman Playting es el juguete er\u00f3tico de tama\u00f1o natural m\u00e1s realista disponible. Fabricado<\/p>\n","protected":false},"featured_media":42925,"comment_status":"open","ping_status":"open","template":"","meta":[],"product_cat":[1135],"product_tag":[1132,932],"class_list":["post-42924","product","type-product","status-publish","has-post-thumbnail","hentry","product_cat-torsos","product_tag-cyberskin","product_tag-topco-sales"],"bundled_by":[],"bundle_stock_status":"instock","bundle_stock_quantity":2,"bundle_virtual":false,"bundle_layout":"","bundle_add_to_cart_form_location":"","bundle_editable_in_cart":false,"bundle_sold_individually_context":"","bundle_item_grouping":"","bundle_min_size":"","bundle_max_size":"","bundled_items":[],"yoast_head":"<!-- This site is optimized with the Yoast SEO plugin v20.6 - https:\/\/yoast.com\/wordpress\/plugins\/seo\/ -->\n<title>ULTRA PERFECT TORSO DE MUJER - Tienda Er\u00f3tica<\/title>\n<meta name=\"robots\" content=\"noindex, follow, max-snippet:-1, max-image-preview:large, max-video-preview:-1\" \/>\n<meta property=\"og:locale\" content=\"es_ES\" \/>\n<meta property=\"og:type\" content=\"article\" \/>\n<meta property=\"og:title\" content=\"ULTRA PERFECT TORSO DE MUJER - Tienda Er\u00f3tica\" \/>\n<meta property=\"og:description\" content=\"ULTRA PERFECT WOMAN PLAYTING LIGHT Ultra Perfect Woman Playting es el juguete er\u00f3tico de tama\u00f1o natural m\u00e1s realista disponible. Fabricado\" \/>\n<meta property=\"og:url\" content=\"https:\/\/demoweb.info\/sexshop001\/producto\/ultra-perfect-torso-de-mujer\/\" \/>\n<meta property=\"og:site_name\" content=\"Tienda Er\u00f3tica\" \/>\n<meta property=\"article:modified_time\" content=\"2022-01-22T13:47:01+00:00\" \/>\n<meta property=\"og:image\" content=\"https:\/\/demoweb.info\/sexshop001\/wp-content\/uploads\/2022\/01\/ULTRA-PERFECT-TORSO-DE-MUJER.jpg\" \/>\n\t<meta property=\"og:image:width\" content=\"550\" \/>\n\t<meta property=\"og:image:height\" content=\"550\" \/>\n\t<meta property=\"og:image:type\" content=\"image\/jpeg\" \/>\n<meta name=\"twitter:card\" content=\"summary_large_image\" \/>\n<meta name=\"twitter:label1\" content=\"Tiempo de lectura\" \/>\n\t<meta name=\"twitter:data1\" content=\"1 minuto\" \/>\n<script type=\"application\/ld+json\" class=\"yoast-schema-graph\">{\"@context\":\"https:\/\/schema.org\",\"@graph\":[{\"@type\":\"WebPage\",\"@id\":\"https:\/\/demoweb.info\/sexshop001\/producto\/ultra-perfect-torso-de-mujer\/\",\"url\":\"https:\/\/demoweb.info\/sexshop001\/producto\/ultra-perfect-torso-de-mujer\/\",\"name\":\"ULTRA PERFECT TORSO DE MUJER - Tienda Er\u00f3tica\",\"isPartOf\":{\"@id\":\"https:\/\/demoweb.info\/sexshop001\/#website\"},\"datePublished\":\"2022-01-22T13:46:55+00:00\",\"dateModified\":\"2022-01-22T13:47:01+00:00\",\"breadcrumb\":{\"@id\":\"https:\/\/demoweb.info\/sexshop001\/producto\/ultra-perfect-torso-de-mujer\/#breadcrumb\"},\"inLanguage\":\"es\",\"potentialAction\":[{\"@type\":\"ReadAction\",\"target\":[\"https:\/\/demoweb.info\/sexshop001\/producto\/ultra-perfect-torso-de-mujer\/\"]}]},{\"@type\":\"BreadcrumbList\",\"@id\":\"https:\/\/demoweb.info\/sexshop001\/producto\/ultra-perfect-torso-de-mujer\/#breadcrumb\",\"itemListElement\":[{\"@type\":\"ListItem\",\"position\":1,\"name\":\"Portada\",\"item\":\"https:\/\/demoweb.info\/sexshop001\/\"},{\"@type\":\"ListItem\",\"position\":2,\"name\":\"Tienda\",\"item\":\"https:\/\/demoweb.info\/sexshop001\/tienda\/\"},{\"@type\":\"ListItem\",\"position\":3,\"name\":\"ULTRA PERFECT TORSO DE MUJER\"}]},{\"@type\":\"WebSite\",\"@id\":\"https:\/\/demoweb.info\/sexshop001\/#website\",\"url\":\"https:\/\/demoweb.info\/sexshop001\/\",\"name\":\"Tienda Er\u00f3tica\",\"description\":\"DEMOWEB SL\",\"potentialAction\":[{\"@type\":\"SearchAction\",\"target\":{\"@type\":\"EntryPoint\",\"urlTemplate\":\"https:\/\/demoweb.info\/sexshop001\/?s={search_term_string}\"},\"query-input\":\"required name=search_term_string\"}],\"inLanguage\":\"es\"}]}<\/script>\n<!-- \/ Yoast SEO plugin. -->","yoast_head_json":{"title":"ULTRA PERFECT TORSO DE MUJER - Tienda Er\u00f3tica","robots":{"index":"noindex","follow":"follow","max-snippet":"max-snippet:-1","max-image-preview":"max-image-preview:large","max-video-preview":"max-video-preview:-1"},"og_locale":"es_ES","og_type":"article","og_title":"ULTRA PERFECT TORSO DE MUJER - Tienda Er\u00f3tica","og_description":"ULTRA PERFECT WOMAN PLAYTING LIGHT Ultra Perfect Woman Playting es el juguete er\u00f3tico de tama\u00f1o natural m\u00e1s realista disponible. Fabricado","og_url":"https:\/\/demoweb.info\/sexshop001\/producto\/ultra-perfect-torso-de-mujer\/","og_site_name":"Tienda Er\u00f3tica","article_modified_time":"2022-01-22T13:47:01+00:00","og_image":[{"width":550,"height":550,"url":"https:\/\/demoweb.info\/sexshop001\/wp-content\/uploads\/2022\/01\/ULTRA-PERFECT-TORSO-DE-MUJER.jpg","type":"image\/jpeg"}],"twitter_card":"summary_large_image","twitter_misc":{"Tiempo de lectura":"1 minuto"},"schema":{"@context":"https:\/\/schema.org","@graph":[{"@type":"WebPage","@id":"https:\/\/demoweb.info\/sexshop001\/producto\/ultra-perfect-torso-de-mujer\/","url":"https:\/\/demoweb.info\/sexshop001\/producto\/ultra-perfect-torso-de-mujer\/","name":"ULTRA PERFECT TORSO DE MUJER - Tienda Er\u00f3tica","isPartOf":{"@id":"https:\/\/demoweb.info\/sexshop001\/#website"},"datePublished":"2022-01-22T13:46:55+00:00","dateModified":"2022-01-22T13:47:01+00:00","breadcrumb":{"@id":"https:\/\/demoweb.info\/sexshop001\/producto\/ultra-perfect-torso-de-mujer\/#breadcrumb"},"inLanguage":"es","potentialAction":[{"@type":"ReadAction","target":["https:\/\/demoweb.info\/sexshop001\/producto\/ultra-perfect-torso-de-mujer\/"]}]},{"@type":"BreadcrumbList","@id":"https:\/\/demoweb.info\/sexshop001\/producto\/ultra-perfect-torso-de-mujer\/#breadcrumb","itemListElement":[{"@type":"ListItem","position":1,"name":"Portada","item":"https:\/\/demoweb.info\/sexshop001\/"},{"@type":"ListItem","position":2,"name":"Tienda","item":"https:\/\/demoweb.info\/sexshop001\/tienda\/"},{"@type":"ListItem","position":3,"name":"ULTRA PERFECT TORSO DE MUJER"}]},{"@type":"WebSite","@id":"https:\/\/demoweb.info\/sexshop001\/#website","url":"https:\/\/demoweb.info\/sexshop001\/","name":"Tienda Er\u00f3tica","description":"DEMOWEB SL","potentialAction":[{"@type":"SearchAction","target":{"@type":"EntryPoint","urlTemplate":"https:\/\/demoweb.info\/sexshop001\/?s={search_term_string}"},"query-input":"required name=search_term_string"}],"inLanguage":"es"}]}},"_links":{"self":[{"href":"https:\/\/demoweb.info\/sexshop001\/wp-json\/wp\/v3\/product\/42924","targetHints":{"allow":["GET"]}}],"collection":[{"href":"https:\/\/demoweb.info\/sexshop001\/wp-json\/wp\/v3\/product"}],"about":[{"href":"https:\/\/demoweb.info\/sexshop001\/wp-json\/wp\/v2\/types\/product"}],"replies":[{"embeddable":true,"href":"https:\/\/demoweb.info\/sexshop001\/wp-json\/wp\/v2\/comments?post=42924"}],"wp:featuredmedia":[{"embeddable":true,"href":"https:\/\/demoweb.info\/sexshop001\/wp-json\/wp\/v2\/media\/42925"}],"wp:attachment":[{"href":"https:\/\/demoweb.info\/sexshop001\/wp-json\/wp\/v2\/media?parent=42924"}],"wp:term":[{"taxonomy":"product_cat","embeddable":true,"href":"https:\/\/demoweb.info\/sexshop001\/wp-json\/wp\/v2\/product_cat?post=42924"},{"taxonomy":"product_tag","embeddable":true,"href":"https:\/\/demoweb.info\/sexshop001\/wp-json\/wp\/v2\/product_tag?post=42924"}],"curies":[{"name":"wp","href":"https:\/\/api.w.org\/{rel}","templated":true}]}}