{"id":42902,"date":"2022-01-22T14:46:41","date_gmt":"2022-01-22T13:46:41","guid":{"rendered":"https:\/\/demoweb.info\/sexshop001\/producto\/samson-pene-realistico-vibrador\/"},"modified":"2022-01-22T14:46:48","modified_gmt":"2022-01-22T13:46:48","slug":"samson-pene-realistico-vibrador","status":"publish","type":"product","link":"https:\/\/demoweb.info\/sexshop001\/producto\/samson-pene-realistico-vibrador\/","title":{"rendered":"SAMSON PENE REALISTICO VIBRADOR"},"content":{"rendered":"<p><strong>SAMSONS SWINGING DELIGHT VIBRATING<\/strong><\/p>\n<p>Pene flexible y s\u00faper realista de 20.3 cm y escroto dise\u00f1ados especialmente en colores verdaderos y las venas de un hombre. Tiene un casquillo de succi\u00f3n fuerte, para que puedas pegar este miembro donde quiera.<\/p>\n<p>El vibrador est\u00e1 situado en la parte superior del pene para una sensibilidad adicional y viene con un mando que controla sus 3 velocidades.<\/p>\n<p>Pilas 3 AA no incluidas.<\/p>\n","protected":false},"excerpt":{"rendered":"<p>SAMSONS SWINGING DELIGHT VIBRATING Pene flexible y s\u00faper realista de 20.3 cm y escroto dise\u00f1ados especialmente en colores verdaderos y<\/p>\n","protected":false},"featured_media":42903,"comment_status":"open","ping_status":"open","template":"","meta":[],"product_cat":[757],"product_tag":[941],"class_list":["post-42902","product","type-product","status-publish","has-post-thumbnail","hentry","product_cat-gelatina","product_tag-nmc"],"bundled_by":[],"bundle_stock_status":"outofstock","bundle_stock_quantity":0,"bundle_virtual":false,"bundle_layout":"","bundle_add_to_cart_form_location":"","bundle_editable_in_cart":false,"bundle_sold_individually_context":"","bundle_item_grouping":"","bundle_min_size":"","bundle_max_size":"","bundled_items":[],"yoast_head":"<!-- This site is optimized with the Yoast SEO plugin v20.6 - https:\/\/yoast.com\/wordpress\/plugins\/seo\/ -->\n<title>SAMSON PENE REALISTICO VIBRADOR - Tienda Er\u00f3tica<\/title>\n<meta name=\"robots\" content=\"noindex, follow, max-snippet:-1, max-image-preview:large, max-video-preview:-1\" \/>\n<meta property=\"og:locale\" content=\"es_ES\" \/>\n<meta property=\"og:type\" content=\"article\" \/>\n<meta property=\"og:title\" content=\"SAMSON PENE REALISTICO VIBRADOR - Tienda Er\u00f3tica\" \/>\n<meta property=\"og:description\" content=\"SAMSONS SWINGING DELIGHT VIBRATING Pene flexible y s\u00faper realista de 20.3 cm y escroto dise\u00f1ados especialmente en colores verdaderos y\" \/>\n<meta property=\"og:url\" content=\"https:\/\/demoweb.info\/sexshop001\/producto\/samson-pene-realistico-vibrador\/\" \/>\n<meta property=\"og:site_name\" content=\"Tienda Er\u00f3tica\" \/>\n<meta property=\"article:modified_time\" content=\"2022-01-22T13:46:48+00:00\" \/>\n<meta property=\"og:image\" content=\"https:\/\/demoweb.info\/sexshop001\/wp-content\/uploads\/2022\/01\/SAMSON-PENE-REALISTICO-VIBRADOR.jpg\" \/>\n\t<meta property=\"og:image:width\" content=\"550\" \/>\n\t<meta property=\"og:image:height\" content=\"550\" \/>\n\t<meta property=\"og:image:type\" content=\"image\/jpeg\" \/>\n<meta name=\"twitter:card\" content=\"summary_large_image\" \/>\n<script type=\"application\/ld+json\" class=\"yoast-schema-graph\">{\"@context\":\"https:\/\/schema.org\",\"@graph\":[{\"@type\":\"WebPage\",\"@id\":\"https:\/\/demoweb.info\/sexshop001\/producto\/samson-pene-realistico-vibrador\/\",\"url\":\"https:\/\/demoweb.info\/sexshop001\/producto\/samson-pene-realistico-vibrador\/\",\"name\":\"SAMSON PENE REALISTICO VIBRADOR - Tienda Er\u00f3tica\",\"isPartOf\":{\"@id\":\"https:\/\/demoweb.info\/sexshop001\/#website\"},\"datePublished\":\"2022-01-22T13:46:41+00:00\",\"dateModified\":\"2022-01-22T13:46:48+00:00\",\"breadcrumb\":{\"@id\":\"https:\/\/demoweb.info\/sexshop001\/producto\/samson-pene-realistico-vibrador\/#breadcrumb\"},\"inLanguage\":\"es\",\"potentialAction\":[{\"@type\":\"ReadAction\",\"target\":[\"https:\/\/demoweb.info\/sexshop001\/producto\/samson-pene-realistico-vibrador\/\"]}]},{\"@type\":\"BreadcrumbList\",\"@id\":\"https:\/\/demoweb.info\/sexshop001\/producto\/samson-pene-realistico-vibrador\/#breadcrumb\",\"itemListElement\":[{\"@type\":\"ListItem\",\"position\":1,\"name\":\"Portada\",\"item\":\"https:\/\/demoweb.info\/sexshop001\/\"},{\"@type\":\"ListItem\",\"position\":2,\"name\":\"Tienda\",\"item\":\"https:\/\/demoweb.info\/sexshop001\/tienda\/\"},{\"@type\":\"ListItem\",\"position\":3,\"name\":\"SAMSON PENE REALISTICO VIBRADOR\"}]},{\"@type\":\"WebSite\",\"@id\":\"https:\/\/demoweb.info\/sexshop001\/#website\",\"url\":\"https:\/\/demoweb.info\/sexshop001\/\",\"name\":\"Tienda Er\u00f3tica\",\"description\":\"DEMOWEB SL\",\"potentialAction\":[{\"@type\":\"SearchAction\",\"target\":{\"@type\":\"EntryPoint\",\"urlTemplate\":\"https:\/\/demoweb.info\/sexshop001\/?s={search_term_string}\"},\"query-input\":\"required name=search_term_string\"}],\"inLanguage\":\"es\"}]}<\/script>\n<!-- \/ Yoast SEO plugin. -->","yoast_head_json":{"title":"SAMSON PENE REALISTICO VIBRADOR - Tienda Er\u00f3tica","robots":{"index":"noindex","follow":"follow","max-snippet":"max-snippet:-1","max-image-preview":"max-image-preview:large","max-video-preview":"max-video-preview:-1"},"og_locale":"es_ES","og_type":"article","og_title":"SAMSON PENE REALISTICO VIBRADOR - Tienda Er\u00f3tica","og_description":"SAMSONS SWINGING DELIGHT VIBRATING Pene flexible y s\u00faper realista de 20.3 cm y escroto dise\u00f1ados especialmente en colores verdaderos y","og_url":"https:\/\/demoweb.info\/sexshop001\/producto\/samson-pene-realistico-vibrador\/","og_site_name":"Tienda Er\u00f3tica","article_modified_time":"2022-01-22T13:46:48+00:00","og_image":[{"width":550,"height":550,"url":"https:\/\/demoweb.info\/sexshop001\/wp-content\/uploads\/2022\/01\/SAMSON-PENE-REALISTICO-VIBRADOR.jpg","type":"image\/jpeg"}],"twitter_card":"summary_large_image","schema":{"@context":"https:\/\/schema.org","@graph":[{"@type":"WebPage","@id":"https:\/\/demoweb.info\/sexshop001\/producto\/samson-pene-realistico-vibrador\/","url":"https:\/\/demoweb.info\/sexshop001\/producto\/samson-pene-realistico-vibrador\/","name":"SAMSON PENE REALISTICO VIBRADOR - Tienda Er\u00f3tica","isPartOf":{"@id":"https:\/\/demoweb.info\/sexshop001\/#website"},"datePublished":"2022-01-22T13:46:41+00:00","dateModified":"2022-01-22T13:46:48+00:00","breadcrumb":{"@id":"https:\/\/demoweb.info\/sexshop001\/producto\/samson-pene-realistico-vibrador\/#breadcrumb"},"inLanguage":"es","potentialAction":[{"@type":"ReadAction","target":["https:\/\/demoweb.info\/sexshop001\/producto\/samson-pene-realistico-vibrador\/"]}]},{"@type":"BreadcrumbList","@id":"https:\/\/demoweb.info\/sexshop001\/producto\/samson-pene-realistico-vibrador\/#breadcrumb","itemListElement":[{"@type":"ListItem","position":1,"name":"Portada","item":"https:\/\/demoweb.info\/sexshop001\/"},{"@type":"ListItem","position":2,"name":"Tienda","item":"https:\/\/demoweb.info\/sexshop001\/tienda\/"},{"@type":"ListItem","position":3,"name":"SAMSON PENE REALISTICO VIBRADOR"}]},{"@type":"WebSite","@id":"https:\/\/demoweb.info\/sexshop001\/#website","url":"https:\/\/demoweb.info\/sexshop001\/","name":"Tienda Er\u00f3tica","description":"DEMOWEB SL","potentialAction":[{"@type":"SearchAction","target":{"@type":"EntryPoint","urlTemplate":"https:\/\/demoweb.info\/sexshop001\/?s={search_term_string}"},"query-input":"required name=search_term_string"}],"inLanguage":"es"}]}},"_links":{"self":[{"href":"https:\/\/demoweb.info\/sexshop001\/wp-json\/wp\/v3\/product\/42902","targetHints":{"allow":["GET"]}}],"collection":[{"href":"https:\/\/demoweb.info\/sexshop001\/wp-json\/wp\/v3\/product"}],"about":[{"href":"https:\/\/demoweb.info\/sexshop001\/wp-json\/wp\/v2\/types\/product"}],"replies":[{"embeddable":true,"href":"https:\/\/demoweb.info\/sexshop001\/wp-json\/wp\/v2\/comments?post=42902"}],"wp:featuredmedia":[{"embeddable":true,"href":"https:\/\/demoweb.info\/sexshop001\/wp-json\/wp\/v2\/media\/42903"}],"wp:attachment":[{"href":"https:\/\/demoweb.info\/sexshop001\/wp-json\/wp\/v2\/media?parent=42902"}],"wp:term":[{"taxonomy":"product_cat","embeddable":true,"href":"https:\/\/demoweb.info\/sexshop001\/wp-json\/wp\/v2\/product_cat?post=42902"},{"taxonomy":"product_tag","embeddable":true,"href":"https:\/\/demoweb.info\/sexshop001\/wp-json\/wp\/v2\/product_tag?post=42902"}],"curies":[{"name":"wp","href":"https:\/\/api.w.org\/{rel}","templated":true}]}}