{"id":42729,"date":"2022-01-22T14:45:12","date_gmt":"2022-01-22T13:45:12","guid":{"rendered":"https:\/\/demoweb.info\/sexshop001\/producto\/saninex-sexual-evolution-sexo-joven-mujer-200-ml\/"},"modified":"2022-01-22T14:45:17","modified_gmt":"2022-01-22T13:45:17","slug":"saninex-sexual-evolution-sexo-joven-mujer-200-ml","status":"publish","type":"product","link":"https:\/\/demoweb.info\/sexshop001\/producto\/saninex-sexual-evolution-sexo-joven-mujer-200-ml\/","title":{"rendered":"SANINEX SEXUAL EVOLUTION SEXO JOVEN MUJER 200 ML"},"content":{"rendered":"<p><strong>SANINEX SEXUAL EVOLUTION YOUNG SEX WOMAN PHEROMONE 200 ML<\/strong><\/p>\n<p>Sexual Oil Young Sex Woman est\u00e1 integrado dentro de la exclusiva l\u00ednea de productos cosm\u00e9ticos de salud y placer Saninex.<\/p>\n<p>Aceite de base afrodisiaca vitaminado indicado para la mujer actual y activa. Adem\u00e1s de incrementar el deseo y aumentar las ganas de tus momentos intimos de amar. Aporta y regenera la textura de tu parte mas \u00edntima, as\u00ed como de tu piel. Consiguiendo m\u00e1s juventud, elasticidad y firmeza\/presi\u00f3n. Crear\u00e1s en cada aplicaci\u00f3n erotismo altamente estimulante y repetidamente excitante.<\/p>\n<p>Podr\u00e1s tener de nuevo el aporte joven firme sexual, al mismo tiempo que generas intensa atracci\u00f3n a tu pareja. Convi\u00e9rtete en una mujer actual, joven y din\u00e1mica.<\/p>\n<p>Su exclusiva f\u00f3rmula Saninex reactivadora de los tacto receptores sexuales multiplica tu deseo de ser amada. 100% enriquecida con vitaminas, aceites cosm\u00e9ticos de alta calidad y componentes arom\u00e1ticos naturales, que hidratan de manera er\u00f3tica, al mismo tiempo que cuidas de tu salud y belleza.<\/p>\n<p>Sus efectos se ven, se sienten y te recompensan. Regenera tu cuerpo a trav\u00e9s de tu sexualidad activa, aumentando la repetici\u00f3n y disposici\u00f3n al m\u00e1ximo deseo y placer sexual propio.<\/p>\n<p><strong>Aplicaci\u00f3n:<\/strong><br \/>\nEs importante que generes con masajes en la zona pelviana y clitorial &#8211; vaginal movimientos suaves verticales o circulares que acompa\u00f1ados con el exclusivo aceite Sexual Young Sex Woman Saninex proporcionan que tu erotismo riegue de placer tus sentidos sexuales m\u00e1s intensos y org\u00e1smicos.<\/p>\n<p>Aplicable tambi\u00e9n al resto del cuerpo para obtener su total poder sensual. Debes de repetir diariamente la aplicaci\u00f3n para que su efecto er\u00f3tico te proporcione orgasmos plenos. Aplicable igualmente en juegos er\u00f3ticos individuales o de pareja.<\/p>\n<p>Dermatol\u00f3gicamente testado y sexualmente positivo. Placer y salud Saninex. 100% Dise\u00f1o y fabricaci\u00f3n exclusiva de Saninex Europe.<\/p>\n<p>Volumen 200ml. Cosmetica er\u00f3tica alta gama. Uso externo. Product made in Spain.<\/p>\n","protected":false},"excerpt":{"rendered":"<p>SANINEX SEXUAL EVOLUTION YOUNG SEX WOMAN PHEROMONE 200 ML Sexual Oil Young Sex Woman est\u00e1 integrado dentro de la exclusiva<\/p>\n","protected":false},"featured_media":42730,"comment_status":"open","ping_status":"open","template":"","meta":[],"product_cat":[431],"product_tag":[673],"class_list":["post-42729","product","type-product","status-publish","has-post-thumbnail","hentry","product_cat-para-ellas","product_tag-saninex"],"bundled_by":[],"bundle_stock_status":"instock","bundle_stock_quantity":20,"bundle_virtual":false,"bundle_layout":"","bundle_add_to_cart_form_location":"","bundle_editable_in_cart":false,"bundle_sold_individually_context":"","bundle_item_grouping":"","bundle_min_size":"","bundle_max_size":"","bundled_items":[],"yoast_head":"<!-- This site is optimized with the Yoast SEO plugin v20.6 - https:\/\/yoast.com\/wordpress\/plugins\/seo\/ -->\n<title>SANINEX SEXUAL EVOLUTION SEXO JOVEN MUJER 200 ML - Tienda Er\u00f3tica<\/title>\n<meta name=\"robots\" content=\"noindex, follow, max-snippet:-1, max-image-preview:large, max-video-preview:-1\" \/>\n<meta property=\"og:locale\" content=\"es_ES\" \/>\n<meta property=\"og:type\" content=\"article\" \/>\n<meta property=\"og:title\" content=\"SANINEX SEXUAL EVOLUTION SEXO JOVEN MUJER 200 ML - Tienda Er\u00f3tica\" \/>\n<meta property=\"og:description\" content=\"SANINEX SEXUAL EVOLUTION YOUNG SEX WOMAN PHEROMONE 200 ML Sexual Oil Young Sex Woman est\u00e1 integrado dentro de la exclusiva\" \/>\n<meta property=\"og:url\" content=\"https:\/\/demoweb.info\/sexshop001\/producto\/saninex-sexual-evolution-sexo-joven-mujer-200-ml\/\" \/>\n<meta property=\"og:site_name\" content=\"Tienda Er\u00f3tica\" \/>\n<meta property=\"article:modified_time\" content=\"2022-01-22T13:45:17+00:00\" \/>\n<meta property=\"og:image\" content=\"https:\/\/demoweb.info\/sexshop001\/wp-content\/uploads\/2022\/01\/SANINEX-SEXUAL-EVOLUTION-SEXO-JOVEN-MUJER-200-ML.jpg\" \/>\n\t<meta property=\"og:image:width\" content=\"550\" \/>\n\t<meta property=\"og:image:height\" content=\"550\" \/>\n\t<meta property=\"og:image:type\" content=\"image\/jpeg\" \/>\n<meta name=\"twitter:card\" content=\"summary_large_image\" \/>\n<meta name=\"twitter:label1\" content=\"Tiempo de lectura\" \/>\n\t<meta name=\"twitter:data1\" content=\"2 minutos\" \/>\n<script type=\"application\/ld+json\" class=\"yoast-schema-graph\">{\"@context\":\"https:\/\/schema.org\",\"@graph\":[{\"@type\":\"WebPage\",\"@id\":\"https:\/\/demoweb.info\/sexshop001\/producto\/saninex-sexual-evolution-sexo-joven-mujer-200-ml\/\",\"url\":\"https:\/\/demoweb.info\/sexshop001\/producto\/saninex-sexual-evolution-sexo-joven-mujer-200-ml\/\",\"name\":\"SANINEX SEXUAL EVOLUTION SEXO JOVEN MUJER 200 ML - Tienda Er\u00f3tica\",\"isPartOf\":{\"@id\":\"https:\/\/demoweb.info\/sexshop001\/#website\"},\"datePublished\":\"2022-01-22T13:45:12+00:00\",\"dateModified\":\"2022-01-22T13:45:17+00:00\",\"breadcrumb\":{\"@id\":\"https:\/\/demoweb.info\/sexshop001\/producto\/saninex-sexual-evolution-sexo-joven-mujer-200-ml\/#breadcrumb\"},\"inLanguage\":\"es\",\"potentialAction\":[{\"@type\":\"ReadAction\",\"target\":[\"https:\/\/demoweb.info\/sexshop001\/producto\/saninex-sexual-evolution-sexo-joven-mujer-200-ml\/\"]}]},{\"@type\":\"BreadcrumbList\",\"@id\":\"https:\/\/demoweb.info\/sexshop001\/producto\/saninex-sexual-evolution-sexo-joven-mujer-200-ml\/#breadcrumb\",\"itemListElement\":[{\"@type\":\"ListItem\",\"position\":1,\"name\":\"Portada\",\"item\":\"https:\/\/demoweb.info\/sexshop001\/\"},{\"@type\":\"ListItem\",\"position\":2,\"name\":\"Tienda\",\"item\":\"https:\/\/demoweb.info\/sexshop001\/tienda\/\"},{\"@type\":\"ListItem\",\"position\":3,\"name\":\"SANINEX SEXUAL EVOLUTION SEXO JOVEN MUJER 200 ML\"}]},{\"@type\":\"WebSite\",\"@id\":\"https:\/\/demoweb.info\/sexshop001\/#website\",\"url\":\"https:\/\/demoweb.info\/sexshop001\/\",\"name\":\"Tienda Er\u00f3tica\",\"description\":\"DEMOWEB SL\",\"potentialAction\":[{\"@type\":\"SearchAction\",\"target\":{\"@type\":\"EntryPoint\",\"urlTemplate\":\"https:\/\/demoweb.info\/sexshop001\/?s={search_term_string}\"},\"query-input\":\"required name=search_term_string\"}],\"inLanguage\":\"es\"}]}<\/script>\n<!-- \/ Yoast SEO plugin. -->","yoast_head_json":{"title":"SANINEX SEXUAL EVOLUTION SEXO JOVEN MUJER 200 ML - Tienda Er\u00f3tica","robots":{"index":"noindex","follow":"follow","max-snippet":"max-snippet:-1","max-image-preview":"max-image-preview:large","max-video-preview":"max-video-preview:-1"},"og_locale":"es_ES","og_type":"article","og_title":"SANINEX SEXUAL EVOLUTION SEXO JOVEN MUJER 200 ML - Tienda Er\u00f3tica","og_description":"SANINEX SEXUAL EVOLUTION YOUNG SEX WOMAN PHEROMONE 200 ML Sexual Oil Young Sex Woman est\u00e1 integrado dentro de la exclusiva","og_url":"https:\/\/demoweb.info\/sexshop001\/producto\/saninex-sexual-evolution-sexo-joven-mujer-200-ml\/","og_site_name":"Tienda Er\u00f3tica","article_modified_time":"2022-01-22T13:45:17+00:00","og_image":[{"width":550,"height":550,"url":"https:\/\/demoweb.info\/sexshop001\/wp-content\/uploads\/2022\/01\/SANINEX-SEXUAL-EVOLUTION-SEXO-JOVEN-MUJER-200-ML.jpg","type":"image\/jpeg"}],"twitter_card":"summary_large_image","twitter_misc":{"Tiempo de lectura":"2 minutos"},"schema":{"@context":"https:\/\/schema.org","@graph":[{"@type":"WebPage","@id":"https:\/\/demoweb.info\/sexshop001\/producto\/saninex-sexual-evolution-sexo-joven-mujer-200-ml\/","url":"https:\/\/demoweb.info\/sexshop001\/producto\/saninex-sexual-evolution-sexo-joven-mujer-200-ml\/","name":"SANINEX SEXUAL EVOLUTION SEXO JOVEN MUJER 200 ML - Tienda Er\u00f3tica","isPartOf":{"@id":"https:\/\/demoweb.info\/sexshop001\/#website"},"datePublished":"2022-01-22T13:45:12+00:00","dateModified":"2022-01-22T13:45:17+00:00","breadcrumb":{"@id":"https:\/\/demoweb.info\/sexshop001\/producto\/saninex-sexual-evolution-sexo-joven-mujer-200-ml\/#breadcrumb"},"inLanguage":"es","potentialAction":[{"@type":"ReadAction","target":["https:\/\/demoweb.info\/sexshop001\/producto\/saninex-sexual-evolution-sexo-joven-mujer-200-ml\/"]}]},{"@type":"BreadcrumbList","@id":"https:\/\/demoweb.info\/sexshop001\/producto\/saninex-sexual-evolution-sexo-joven-mujer-200-ml\/#breadcrumb","itemListElement":[{"@type":"ListItem","position":1,"name":"Portada","item":"https:\/\/demoweb.info\/sexshop001\/"},{"@type":"ListItem","position":2,"name":"Tienda","item":"https:\/\/demoweb.info\/sexshop001\/tienda\/"},{"@type":"ListItem","position":3,"name":"SANINEX SEXUAL EVOLUTION SEXO JOVEN MUJER 200 ML"}]},{"@type":"WebSite","@id":"https:\/\/demoweb.info\/sexshop001\/#website","url":"https:\/\/demoweb.info\/sexshop001\/","name":"Tienda Er\u00f3tica","description":"DEMOWEB SL","potentialAction":[{"@type":"SearchAction","target":{"@type":"EntryPoint","urlTemplate":"https:\/\/demoweb.info\/sexshop001\/?s={search_term_string}"},"query-input":"required name=search_term_string"}],"inLanguage":"es"}]}},"_links":{"self":[{"href":"https:\/\/demoweb.info\/sexshop001\/wp-json\/wp\/v3\/product\/42729","targetHints":{"allow":["GET"]}}],"collection":[{"href":"https:\/\/demoweb.info\/sexshop001\/wp-json\/wp\/v3\/product"}],"about":[{"href":"https:\/\/demoweb.info\/sexshop001\/wp-json\/wp\/v2\/types\/product"}],"replies":[{"embeddable":true,"href":"https:\/\/demoweb.info\/sexshop001\/wp-json\/wp\/v2\/comments?post=42729"}],"wp:featuredmedia":[{"embeddable":true,"href":"https:\/\/demoweb.info\/sexshop001\/wp-json\/wp\/v2\/media\/42730"}],"wp:attachment":[{"href":"https:\/\/demoweb.info\/sexshop001\/wp-json\/wp\/v2\/media?parent=42729"}],"wp:term":[{"taxonomy":"product_cat","embeddable":true,"href":"https:\/\/demoweb.info\/sexshop001\/wp-json\/wp\/v2\/product_cat?post=42729"},{"taxonomy":"product_tag","embeddable":true,"href":"https:\/\/demoweb.info\/sexshop001\/wp-json\/wp\/v2\/product_tag?post=42729"}],"curies":[{"name":"wp","href":"https:\/\/api.w.org\/{rel}","templated":true}]}}