{"id":42726,"date":"2022-01-22T14:45:12","date_gmt":"2022-01-22T13:45:12","guid":{"rendered":"https:\/\/demoweb.info\/sexshop001\/producto\/saninex-sexual-evolution-anal-placer-salvaje-200-ml\/"},"modified":"2022-01-22T14:45:16","modified_gmt":"2022-01-22T13:45:16","slug":"saninex-sexual-evolution-anal-placer-salvaje-200-ml","status":"publish","type":"product","link":"https:\/\/demoweb.info\/sexshop001\/producto\/saninex-sexual-evolution-anal-placer-salvaje-200-ml\/","title":{"rendered":"SANINEX SEXUAL EVOLUTION ANAL PLACER SALVAJE 200 ML"},"content":{"rendered":"<p><strong>SANINEX SEXUAL EVOLUTION ANAL SAVAGE PLEASURE PHEROMONE 200 ML<\/strong><\/p>\n<p>Sexual Oil Anal Savage Pleasure est\u00e1 integrado dentro de la exclusiva l\u00ednea de productos cosm\u00e9ticos de salud y placer Saninex.<\/p>\n<p>Oil base afrodisiaca indicada para aportar a las relaciones sexuales anales de un alto poder de placer sexual. Disfruta del sexo anal de manera fuertemente activa y placenteramente suave y refrescante. Ofreci\u00e9ndote y concediendo al mismo tiempo una fascinante lubricaci\u00f3n y excitante aroma en tus gl\u00fateos y toda la zona anal. sexo con placer apasionado, intenso y duradero. Crear\u00e1s en cada aplicaci\u00f3n erotismo altamente estimulante y repetidamente excitante.<\/p>\n<p>Podr\u00e1s regenerar el aporte natural que tus feromonas generan naturalmente en tu cuerpo y alcanzar tu propio y repetido deseo sexual anal, al mismo tiempo que generas intensa atracci\u00f3n hacia t\u00ed. Su exclusiva f\u00f3rmula Saninex potenciadora de los tacto receptores sexuales anales, multiplican tu deseo. 100% enriquecida con vitaminas, aceites cosm\u00e9ticos de alta calidad y componentes arom\u00e1ticos naturales, que hidratan y vitaminan de manera er\u00f3tica, al mismo tiempo que cuidas de tu salud y belleza. Sus efectos se ven, se sienten y te recompensan. Regenera tu cuerpo a trav\u00e9s de tu sexualidad anal activa, aumentando la repetici\u00f3n y disposici\u00f3n al m\u00e1ximo deseo y placer sexual mutuo.<\/p>\n<p><strong>Aplicaci\u00f3n:<\/strong><br \/>\nEs importante que generes con masajes en la zona anal y perif\u00e9rica, movimientos suaves verticales o circulares que acompa\u00f1ados con la exclusiva crema Anal Savage Pleasure Saninex proporcionan que tu erotismo riegue de placer tus sentidos sexuales m\u00e1s intensos y org\u00e1smicos. Debes de repetir diariamente la aplicaci\u00f3n para que su efecto erotico y expansivo te proporcione climax plenos. Aplicable igualmente en juegos er\u00f3ticos individuales o de pareja.<\/p>\n<p>Con SaninexSexual Oil Anal Savage Pleasure estimular\u00e1s y favorecer\u00e1s de sexualidad y suavidad tus relaciones sexuales anales, aport\u00e1ndote placer y salud hidratante, nutriente y profunda. Estimulante, tiene efectos refrescantes, excitantes, tonificantes y protectores.<\/p>\n<p>Dermatol\u00f3gicamente testado y sexualmente positivo. Placer y salud Saninex. 100% Dise\u00f1o y fabricaci\u00f3n exclusiva de Saninex Europe.<\/p>\n<p>Volumen 200ml. Cosmetica er\u00f3tica alta gama. Uso externo. Product made in Spain.<\/p>\n","protected":false},"excerpt":{"rendered":"<p>SANINEX SEXUAL EVOLUTION ANAL SAVAGE PLEASURE PHEROMONE 200 ML Sexual Oil Anal Savage Pleasure est\u00e1 integrado dentro de la exclusiva<\/p>\n","protected":false},"featured_media":42727,"comment_status":"open","ping_status":"open","template":"","meta":[],"product_cat":[812],"product_tag":[673],"class_list":["post-42726","product","type-product","status-publish","has-post-thumbnail","hentry","product_cat-aceites-y-lubricantes-lgtb","product_tag-saninex"],"bundled_by":[],"bundle_stock_status":"instock","bundle_stock_quantity":5,"bundle_virtual":false,"bundle_layout":"","bundle_add_to_cart_form_location":"","bundle_editable_in_cart":false,"bundle_sold_individually_context":"","bundle_item_grouping":"","bundle_min_size":"","bundle_max_size":"","bundled_items":[],"yoast_head":"<!-- This site is optimized with the Yoast SEO plugin v20.6 - https:\/\/yoast.com\/wordpress\/plugins\/seo\/ -->\n<title>SANINEX SEXUAL EVOLUTION ANAL PLACER SALVAJE 200 ML - Tienda Er\u00f3tica<\/title>\n<meta name=\"robots\" content=\"noindex, follow, max-snippet:-1, max-image-preview:large, max-video-preview:-1\" \/>\n<meta property=\"og:locale\" content=\"es_ES\" \/>\n<meta property=\"og:type\" content=\"article\" \/>\n<meta property=\"og:title\" content=\"SANINEX SEXUAL EVOLUTION ANAL PLACER SALVAJE 200 ML - Tienda Er\u00f3tica\" \/>\n<meta property=\"og:description\" content=\"SANINEX SEXUAL EVOLUTION ANAL SAVAGE PLEASURE PHEROMONE 200 ML Sexual Oil Anal Savage Pleasure est\u00e1 integrado dentro de la exclusiva\" \/>\n<meta property=\"og:url\" content=\"https:\/\/demoweb.info\/sexshop001\/producto\/saninex-sexual-evolution-anal-placer-salvaje-200-ml\/\" \/>\n<meta property=\"og:site_name\" content=\"Tienda Er\u00f3tica\" \/>\n<meta property=\"article:modified_time\" content=\"2022-01-22T13:45:16+00:00\" \/>\n<meta property=\"og:image\" content=\"https:\/\/demoweb.info\/sexshop001\/wp-content\/uploads\/2022\/01\/SANINEX-SEXUAL-EVOLUTION-ANAL-PLACER-SALVAJE-200-ML.jpg\" \/>\n\t<meta property=\"og:image:width\" content=\"550\" \/>\n\t<meta property=\"og:image:height\" content=\"550\" \/>\n\t<meta property=\"og:image:type\" content=\"image\/jpeg\" \/>\n<meta name=\"twitter:card\" content=\"summary_large_image\" \/>\n<meta name=\"twitter:label1\" content=\"Tiempo de lectura\" \/>\n\t<meta name=\"twitter:data1\" content=\"2 minutos\" \/>\n<script type=\"application\/ld+json\" class=\"yoast-schema-graph\">{\"@context\":\"https:\/\/schema.org\",\"@graph\":[{\"@type\":\"WebPage\",\"@id\":\"https:\/\/demoweb.info\/sexshop001\/producto\/saninex-sexual-evolution-anal-placer-salvaje-200-ml\/\",\"url\":\"https:\/\/demoweb.info\/sexshop001\/producto\/saninex-sexual-evolution-anal-placer-salvaje-200-ml\/\",\"name\":\"SANINEX SEXUAL EVOLUTION ANAL PLACER SALVAJE 200 ML - Tienda Er\u00f3tica\",\"isPartOf\":{\"@id\":\"https:\/\/demoweb.info\/sexshop001\/#website\"},\"datePublished\":\"2022-01-22T13:45:12+00:00\",\"dateModified\":\"2022-01-22T13:45:16+00:00\",\"breadcrumb\":{\"@id\":\"https:\/\/demoweb.info\/sexshop001\/producto\/saninex-sexual-evolution-anal-placer-salvaje-200-ml\/#breadcrumb\"},\"inLanguage\":\"es\",\"potentialAction\":[{\"@type\":\"ReadAction\",\"target\":[\"https:\/\/demoweb.info\/sexshop001\/producto\/saninex-sexual-evolution-anal-placer-salvaje-200-ml\/\"]}]},{\"@type\":\"BreadcrumbList\",\"@id\":\"https:\/\/demoweb.info\/sexshop001\/producto\/saninex-sexual-evolution-anal-placer-salvaje-200-ml\/#breadcrumb\",\"itemListElement\":[{\"@type\":\"ListItem\",\"position\":1,\"name\":\"Portada\",\"item\":\"https:\/\/demoweb.info\/sexshop001\/\"},{\"@type\":\"ListItem\",\"position\":2,\"name\":\"Tienda\",\"item\":\"https:\/\/demoweb.info\/sexshop001\/tienda\/\"},{\"@type\":\"ListItem\",\"position\":3,\"name\":\"SANINEX SEXUAL EVOLUTION ANAL PLACER SALVAJE 200 ML\"}]},{\"@type\":\"WebSite\",\"@id\":\"https:\/\/demoweb.info\/sexshop001\/#website\",\"url\":\"https:\/\/demoweb.info\/sexshop001\/\",\"name\":\"Tienda Er\u00f3tica\",\"description\":\"DEMOWEB SL\",\"potentialAction\":[{\"@type\":\"SearchAction\",\"target\":{\"@type\":\"EntryPoint\",\"urlTemplate\":\"https:\/\/demoweb.info\/sexshop001\/?s={search_term_string}\"},\"query-input\":\"required name=search_term_string\"}],\"inLanguage\":\"es\"}]}<\/script>\n<!-- \/ Yoast SEO plugin. -->","yoast_head_json":{"title":"SANINEX SEXUAL EVOLUTION ANAL PLACER SALVAJE 200 ML - Tienda Er\u00f3tica","robots":{"index":"noindex","follow":"follow","max-snippet":"max-snippet:-1","max-image-preview":"max-image-preview:large","max-video-preview":"max-video-preview:-1"},"og_locale":"es_ES","og_type":"article","og_title":"SANINEX SEXUAL EVOLUTION ANAL PLACER SALVAJE 200 ML - Tienda Er\u00f3tica","og_description":"SANINEX SEXUAL EVOLUTION ANAL SAVAGE PLEASURE PHEROMONE 200 ML Sexual Oil Anal Savage Pleasure est\u00e1 integrado dentro de la exclusiva","og_url":"https:\/\/demoweb.info\/sexshop001\/producto\/saninex-sexual-evolution-anal-placer-salvaje-200-ml\/","og_site_name":"Tienda Er\u00f3tica","article_modified_time":"2022-01-22T13:45:16+00:00","og_image":[{"width":550,"height":550,"url":"https:\/\/demoweb.info\/sexshop001\/wp-content\/uploads\/2022\/01\/SANINEX-SEXUAL-EVOLUTION-ANAL-PLACER-SALVAJE-200-ML.jpg","type":"image\/jpeg"}],"twitter_card":"summary_large_image","twitter_misc":{"Tiempo de lectura":"2 minutos"},"schema":{"@context":"https:\/\/schema.org","@graph":[{"@type":"WebPage","@id":"https:\/\/demoweb.info\/sexshop001\/producto\/saninex-sexual-evolution-anal-placer-salvaje-200-ml\/","url":"https:\/\/demoweb.info\/sexshop001\/producto\/saninex-sexual-evolution-anal-placer-salvaje-200-ml\/","name":"SANINEX SEXUAL EVOLUTION ANAL PLACER SALVAJE 200 ML - Tienda Er\u00f3tica","isPartOf":{"@id":"https:\/\/demoweb.info\/sexshop001\/#website"},"datePublished":"2022-01-22T13:45:12+00:00","dateModified":"2022-01-22T13:45:16+00:00","breadcrumb":{"@id":"https:\/\/demoweb.info\/sexshop001\/producto\/saninex-sexual-evolution-anal-placer-salvaje-200-ml\/#breadcrumb"},"inLanguage":"es","potentialAction":[{"@type":"ReadAction","target":["https:\/\/demoweb.info\/sexshop001\/producto\/saninex-sexual-evolution-anal-placer-salvaje-200-ml\/"]}]},{"@type":"BreadcrumbList","@id":"https:\/\/demoweb.info\/sexshop001\/producto\/saninex-sexual-evolution-anal-placer-salvaje-200-ml\/#breadcrumb","itemListElement":[{"@type":"ListItem","position":1,"name":"Portada","item":"https:\/\/demoweb.info\/sexshop001\/"},{"@type":"ListItem","position":2,"name":"Tienda","item":"https:\/\/demoweb.info\/sexshop001\/tienda\/"},{"@type":"ListItem","position":3,"name":"SANINEX SEXUAL EVOLUTION ANAL PLACER SALVAJE 200 ML"}]},{"@type":"WebSite","@id":"https:\/\/demoweb.info\/sexshop001\/#website","url":"https:\/\/demoweb.info\/sexshop001\/","name":"Tienda Er\u00f3tica","description":"DEMOWEB SL","potentialAction":[{"@type":"SearchAction","target":{"@type":"EntryPoint","urlTemplate":"https:\/\/demoweb.info\/sexshop001\/?s={search_term_string}"},"query-input":"required name=search_term_string"}],"inLanguage":"es"}]}},"_links":{"self":[{"href":"https:\/\/demoweb.info\/sexshop001\/wp-json\/wp\/v3\/product\/42726","targetHints":{"allow":["GET"]}}],"collection":[{"href":"https:\/\/demoweb.info\/sexshop001\/wp-json\/wp\/v3\/product"}],"about":[{"href":"https:\/\/demoweb.info\/sexshop001\/wp-json\/wp\/v2\/types\/product"}],"replies":[{"embeddable":true,"href":"https:\/\/demoweb.info\/sexshop001\/wp-json\/wp\/v2\/comments?post=42726"}],"wp:featuredmedia":[{"embeddable":true,"href":"https:\/\/demoweb.info\/sexshop001\/wp-json\/wp\/v2\/media\/42727"}],"wp:attachment":[{"href":"https:\/\/demoweb.info\/sexshop001\/wp-json\/wp\/v2\/media?parent=42726"}],"wp:term":[{"taxonomy":"product_cat","embeddable":true,"href":"https:\/\/demoweb.info\/sexshop001\/wp-json\/wp\/v2\/product_cat?post=42726"},{"taxonomy":"product_tag","embeddable":true,"href":"https:\/\/demoweb.info\/sexshop001\/wp-json\/wp\/v2\/product_tag?post=42726"}],"curies":[{"name":"wp","href":"https:\/\/api.w.org\/{rel}","templated":true}]}}