{"id":42688,"date":"2022-01-22T14:44:39","date_gmt":"2022-01-22T13:44:39","guid":{"rendered":"https:\/\/demoweb.info\/sexshop001\/producto\/apollo-bomba-de-ereccion-premium\/"},"modified":"2022-01-22T14:44:51","modified_gmt":"2022-01-22T13:44:51","slug":"apollo-bomba-de-ereccion-premium","status":"publish","type":"product","link":"https:\/\/demoweb.info\/sexshop001\/producto\/apollo-bomba-de-ereccion-premium\/","title":{"rendered":"APOLLO BOMBA DE ERECCION PREMIUM"},"content":{"rendered":"<p><strong>APOLLO PREMIUM POWER PUMP SMOKE <\/strong>es una bomba de succi\u00f3n con la que conseguir\u00e1s <strong>erecciones incre\u00edbles<\/strong> en tu pene.<\/p>\n<p>Olv\u00eddate de las perillas manuales, tan s\u00f3lo presiona el bot\u00f3n y deja que el motor autom\u00e1tico haga su trabajo.<\/p>\n<p>Es compacta y silenciosa y adem\u00e1s logra una succi\u00f3n superior.<\/p>\n<p>Tambi\u00e9n se puede utilizar como un completo desarrollador, capaz de fortalecer y desarrollar el pene.<\/p>\n<p>Dispone de una junta de silicona de primera calidad, para adaptar tu pene a la perfecci\u00f3n.<\/p>\n<p>Medidas: 24 cm x 8 cm<\/p><\/p>\n","protected":false},"excerpt":{"rendered":"<p>APOLLO PREMIUM POWER PUMP SMOKE es una bomba de succi\u00f3n con la que conseguir\u00e1s erecciones incre\u00edbles en tu pene. Olv\u00eddate<\/p>\n","protected":false},"featured_media":42689,"comment_status":"open","ping_status":"open","template":"","meta":[],"product_cat":[495],"product_tag":[1286,660],"class_list":["post-42688","product","type-product","status-publish","has-post-thumbnail","hentry","product_cat-basicos","product_tag-apollo","product_tag-calexotics"],"bundled_by":[],"bundle_stock_status":"outofstock","bundle_stock_quantity":0,"bundle_virtual":false,"bundle_layout":"","bundle_add_to_cart_form_location":"","bundle_editable_in_cart":false,"bundle_sold_individually_context":"","bundle_item_grouping":"","bundle_min_size":"","bundle_max_size":"","bundled_items":[],"yoast_head":"<!-- This site is optimized with the Yoast SEO plugin v20.6 - https:\/\/yoast.com\/wordpress\/plugins\/seo\/ -->\n<title>APOLLO BOMBA DE ERECCION PREMIUM - Tienda Er\u00f3tica<\/title>\n<meta name=\"robots\" content=\"noindex, follow, max-snippet:-1, max-image-preview:large, max-video-preview:-1\" \/>\n<meta property=\"og:locale\" content=\"es_ES\" \/>\n<meta property=\"og:type\" content=\"article\" \/>\n<meta property=\"og:title\" content=\"APOLLO BOMBA DE ERECCION PREMIUM - Tienda Er\u00f3tica\" \/>\n<meta property=\"og:description\" content=\"APOLLO PREMIUM POWER PUMP SMOKE es una bomba de succi\u00f3n con la que conseguir\u00e1s erecciones incre\u00edbles en tu pene. Olv\u00eddate\" \/>\n<meta property=\"og:url\" content=\"https:\/\/demoweb.info\/sexshop001\/producto\/apollo-bomba-de-ereccion-premium\/\" \/>\n<meta property=\"og:site_name\" content=\"Tienda Er\u00f3tica\" \/>\n<meta property=\"article:modified_time\" content=\"2022-01-22T13:44:51+00:00\" \/>\n<meta property=\"og:image\" content=\"https:\/\/demoweb.info\/sexshop001\/wp-content\/uploads\/2022\/01\/APOLLO-BOMBA-DE-ERECCION-PREMIUM.jpg\" \/>\n\t<meta property=\"og:image:width\" content=\"550\" \/>\n\t<meta property=\"og:image:height\" content=\"550\" \/>\n\t<meta property=\"og:image:type\" content=\"image\/jpeg\" \/>\n<meta name=\"twitter:card\" content=\"summary_large_image\" \/>\n<script type=\"application\/ld+json\" class=\"yoast-schema-graph\">{\"@context\":\"https:\/\/schema.org\",\"@graph\":[{\"@type\":\"WebPage\",\"@id\":\"https:\/\/demoweb.info\/sexshop001\/producto\/apollo-bomba-de-ereccion-premium\/\",\"url\":\"https:\/\/demoweb.info\/sexshop001\/producto\/apollo-bomba-de-ereccion-premium\/\",\"name\":\"APOLLO BOMBA DE ERECCION PREMIUM - Tienda Er\u00f3tica\",\"isPartOf\":{\"@id\":\"https:\/\/demoweb.info\/sexshop001\/#website\"},\"datePublished\":\"2022-01-22T13:44:39+00:00\",\"dateModified\":\"2022-01-22T13:44:51+00:00\",\"breadcrumb\":{\"@id\":\"https:\/\/demoweb.info\/sexshop001\/producto\/apollo-bomba-de-ereccion-premium\/#breadcrumb\"},\"inLanguage\":\"es\",\"potentialAction\":[{\"@type\":\"ReadAction\",\"target\":[\"https:\/\/demoweb.info\/sexshop001\/producto\/apollo-bomba-de-ereccion-premium\/\"]}]},{\"@type\":\"BreadcrumbList\",\"@id\":\"https:\/\/demoweb.info\/sexshop001\/producto\/apollo-bomba-de-ereccion-premium\/#breadcrumb\",\"itemListElement\":[{\"@type\":\"ListItem\",\"position\":1,\"name\":\"Portada\",\"item\":\"https:\/\/demoweb.info\/sexshop001\/\"},{\"@type\":\"ListItem\",\"position\":2,\"name\":\"Tienda\",\"item\":\"https:\/\/demoweb.info\/sexshop001\/tienda\/\"},{\"@type\":\"ListItem\",\"position\":3,\"name\":\"APOLLO BOMBA DE ERECCION PREMIUM\"}]},{\"@type\":\"WebSite\",\"@id\":\"https:\/\/demoweb.info\/sexshop001\/#website\",\"url\":\"https:\/\/demoweb.info\/sexshop001\/\",\"name\":\"Tienda Er\u00f3tica\",\"description\":\"DEMOWEB SL\",\"potentialAction\":[{\"@type\":\"SearchAction\",\"target\":{\"@type\":\"EntryPoint\",\"urlTemplate\":\"https:\/\/demoweb.info\/sexshop001\/?s={search_term_string}\"},\"query-input\":\"required name=search_term_string\"}],\"inLanguage\":\"es\"}]}<\/script>\n<!-- \/ Yoast SEO plugin. -->","yoast_head_json":{"title":"APOLLO BOMBA DE ERECCION PREMIUM - Tienda Er\u00f3tica","robots":{"index":"noindex","follow":"follow","max-snippet":"max-snippet:-1","max-image-preview":"max-image-preview:large","max-video-preview":"max-video-preview:-1"},"og_locale":"es_ES","og_type":"article","og_title":"APOLLO BOMBA DE ERECCION PREMIUM - Tienda Er\u00f3tica","og_description":"APOLLO PREMIUM POWER PUMP SMOKE es una bomba de succi\u00f3n con la que conseguir\u00e1s erecciones incre\u00edbles en tu pene. Olv\u00eddate","og_url":"https:\/\/demoweb.info\/sexshop001\/producto\/apollo-bomba-de-ereccion-premium\/","og_site_name":"Tienda Er\u00f3tica","article_modified_time":"2022-01-22T13:44:51+00:00","og_image":[{"width":550,"height":550,"url":"https:\/\/demoweb.info\/sexshop001\/wp-content\/uploads\/2022\/01\/APOLLO-BOMBA-DE-ERECCION-PREMIUM.jpg","type":"image\/jpeg"}],"twitter_card":"summary_large_image","schema":{"@context":"https:\/\/schema.org","@graph":[{"@type":"WebPage","@id":"https:\/\/demoweb.info\/sexshop001\/producto\/apollo-bomba-de-ereccion-premium\/","url":"https:\/\/demoweb.info\/sexshop001\/producto\/apollo-bomba-de-ereccion-premium\/","name":"APOLLO BOMBA DE ERECCION PREMIUM - Tienda Er\u00f3tica","isPartOf":{"@id":"https:\/\/demoweb.info\/sexshop001\/#website"},"datePublished":"2022-01-22T13:44:39+00:00","dateModified":"2022-01-22T13:44:51+00:00","breadcrumb":{"@id":"https:\/\/demoweb.info\/sexshop001\/producto\/apollo-bomba-de-ereccion-premium\/#breadcrumb"},"inLanguage":"es","potentialAction":[{"@type":"ReadAction","target":["https:\/\/demoweb.info\/sexshop001\/producto\/apollo-bomba-de-ereccion-premium\/"]}]},{"@type":"BreadcrumbList","@id":"https:\/\/demoweb.info\/sexshop001\/producto\/apollo-bomba-de-ereccion-premium\/#breadcrumb","itemListElement":[{"@type":"ListItem","position":1,"name":"Portada","item":"https:\/\/demoweb.info\/sexshop001\/"},{"@type":"ListItem","position":2,"name":"Tienda","item":"https:\/\/demoweb.info\/sexshop001\/tienda\/"},{"@type":"ListItem","position":3,"name":"APOLLO BOMBA DE ERECCION PREMIUM"}]},{"@type":"WebSite","@id":"https:\/\/demoweb.info\/sexshop001\/#website","url":"https:\/\/demoweb.info\/sexshop001\/","name":"Tienda Er\u00f3tica","description":"DEMOWEB SL","potentialAction":[{"@type":"SearchAction","target":{"@type":"EntryPoint","urlTemplate":"https:\/\/demoweb.info\/sexshop001\/?s={search_term_string}"},"query-input":"required name=search_term_string"}],"inLanguage":"es"}]}},"_links":{"self":[{"href":"https:\/\/demoweb.info\/sexshop001\/wp-json\/wp\/v3\/product\/42688","targetHints":{"allow":["GET"]}}],"collection":[{"href":"https:\/\/demoweb.info\/sexshop001\/wp-json\/wp\/v3\/product"}],"about":[{"href":"https:\/\/demoweb.info\/sexshop001\/wp-json\/wp\/v2\/types\/product"}],"replies":[{"embeddable":true,"href":"https:\/\/demoweb.info\/sexshop001\/wp-json\/wp\/v2\/comments?post=42688"}],"wp:featuredmedia":[{"embeddable":true,"href":"https:\/\/demoweb.info\/sexshop001\/wp-json\/wp\/v2\/media\/42689"}],"wp:attachment":[{"href":"https:\/\/demoweb.info\/sexshop001\/wp-json\/wp\/v2\/media?parent=42688"}],"wp:term":[{"taxonomy":"product_cat","embeddable":true,"href":"https:\/\/demoweb.info\/sexshop001\/wp-json\/wp\/v2\/product_cat?post=42688"},{"taxonomy":"product_tag","embeddable":true,"href":"https:\/\/demoweb.info\/sexshop001\/wp-json\/wp\/v2\/product_tag?post=42688"}],"curies":[{"name":"wp","href":"https:\/\/api.w.org\/{rel}","templated":true}]}}