{"id":42548,"date":"2022-01-22T14:43:29","date_gmt":"2022-01-22T13:43:29","guid":{"rendered":"https:\/\/demoweb.info\/sexshop001\/producto\/masturbador-de-bolsillo\/"},"modified":"2022-01-22T14:43:29","modified_gmt":"2022-01-22T13:43:29","slug":"masturbador-de-bolsillo","status":"publish","type":"product","link":"https:\/\/demoweb.info\/sexshop001\/producto\/masturbador-de-bolsillo\/","title":{"rendered":"MASTURBADOR DE BOLSILLO"},"content":{"rendered":"<p><strong>POCKET PAL MASTURBATOR<\/strong><\/p>\n<p>Descubre el m\u00e1ximo placer con este fant\u00e1stico masturbador que te podr\u00e1s llevar a cualquier parte. Nunca estar\u00e1s solo.<\/p>\n<p>Fabricado por la prestigiosa marca <strong>DOC JOHNSON<\/strong>, todo un s\u00edmbolo de garant\u00eda y calidad.<\/p>\n","protected":false},"excerpt":{"rendered":"<p>POCKET PAL MASTURBATOR Descubre el m\u00e1ximo placer con este fant\u00e1stico masturbador que te podr\u00e1s llevar a cualquier parte. Nunca estar\u00e1s<\/p>\n","protected":false},"featured_media":42549,"comment_status":"open","ping_status":"open","template":"","meta":[],"product_cat":[541],"product_tag":[1355,460],"class_list":["post-42548","product","type-product","status-publish","has-post-thumbnail","hentry","product_cat-vaginas","product_tag-club-jenna","product_tag-doc-johnson"],"bundled_by":[],"bundle_stock_status":"instock","bundle_stock_quantity":1,"bundle_virtual":false,"bundle_layout":"","bundle_add_to_cart_form_location":"","bundle_editable_in_cart":false,"bundle_sold_individually_context":"","bundle_item_grouping":"","bundle_min_size":"","bundle_max_size":"","bundled_items":[],"yoast_head":"<!-- This site is optimized with the Yoast SEO plugin v20.6 - https:\/\/yoast.com\/wordpress\/plugins\/seo\/ -->\n<title>MASTURBADOR DE BOLSILLO - Tienda Er\u00f3tica<\/title>\n<meta name=\"robots\" content=\"noindex, follow, max-snippet:-1, max-image-preview:large, max-video-preview:-1\" \/>\n<meta property=\"og:locale\" content=\"es_ES\" \/>\n<meta property=\"og:type\" content=\"article\" \/>\n<meta property=\"og:title\" content=\"MASTURBADOR DE BOLSILLO - Tienda Er\u00f3tica\" \/>\n<meta property=\"og:description\" content=\"POCKET PAL MASTURBATOR Descubre el m\u00e1ximo placer con este fant\u00e1stico masturbador que te podr\u00e1s llevar a cualquier parte. Nunca estar\u00e1s\" \/>\n<meta property=\"og:url\" content=\"https:\/\/demoweb.info\/sexshop001\/producto\/masturbador-de-bolsillo\/\" \/>\n<meta property=\"og:site_name\" content=\"Tienda Er\u00f3tica\" \/>\n<meta property=\"og:image\" content=\"https:\/\/demoweb.info\/sexshop001\/wp-content\/uploads\/2022\/01\/MASTURBADOR-DE-BOLSILLO.jpg\" \/>\n\t<meta property=\"og:image:width\" content=\"550\" \/>\n\t<meta property=\"og:image:height\" content=\"550\" \/>\n\t<meta property=\"og:image:type\" content=\"image\/jpeg\" \/>\n<meta name=\"twitter:card\" content=\"summary_large_image\" \/>\n<script type=\"application\/ld+json\" class=\"yoast-schema-graph\">{\"@context\":\"https:\/\/schema.org\",\"@graph\":[{\"@type\":\"WebPage\",\"@id\":\"https:\/\/demoweb.info\/sexshop001\/producto\/masturbador-de-bolsillo\/\",\"url\":\"https:\/\/demoweb.info\/sexshop001\/producto\/masturbador-de-bolsillo\/\",\"name\":\"MASTURBADOR DE BOLSILLO - Tienda Er\u00f3tica\",\"isPartOf\":{\"@id\":\"https:\/\/demoweb.info\/sexshop001\/#website\"},\"datePublished\":\"2022-01-22T13:43:29+00:00\",\"dateModified\":\"2022-01-22T13:43:29+00:00\",\"breadcrumb\":{\"@id\":\"https:\/\/demoweb.info\/sexshop001\/producto\/masturbador-de-bolsillo\/#breadcrumb\"},\"inLanguage\":\"es\",\"potentialAction\":[{\"@type\":\"ReadAction\",\"target\":[\"https:\/\/demoweb.info\/sexshop001\/producto\/masturbador-de-bolsillo\/\"]}]},{\"@type\":\"BreadcrumbList\",\"@id\":\"https:\/\/demoweb.info\/sexshop001\/producto\/masturbador-de-bolsillo\/#breadcrumb\",\"itemListElement\":[{\"@type\":\"ListItem\",\"position\":1,\"name\":\"Portada\",\"item\":\"https:\/\/demoweb.info\/sexshop001\/\"},{\"@type\":\"ListItem\",\"position\":2,\"name\":\"Tienda\",\"item\":\"https:\/\/demoweb.info\/sexshop001\/tienda\/\"},{\"@type\":\"ListItem\",\"position\":3,\"name\":\"MASTURBADOR DE BOLSILLO\"}]},{\"@type\":\"WebSite\",\"@id\":\"https:\/\/demoweb.info\/sexshop001\/#website\",\"url\":\"https:\/\/demoweb.info\/sexshop001\/\",\"name\":\"Tienda Er\u00f3tica\",\"description\":\"DEMOWEB SL\",\"potentialAction\":[{\"@type\":\"SearchAction\",\"target\":{\"@type\":\"EntryPoint\",\"urlTemplate\":\"https:\/\/demoweb.info\/sexshop001\/?s={search_term_string}\"},\"query-input\":\"required name=search_term_string\"}],\"inLanguage\":\"es\"}]}<\/script>\n<!-- \/ Yoast SEO plugin. -->","yoast_head_json":{"title":"MASTURBADOR DE BOLSILLO - Tienda Er\u00f3tica","robots":{"index":"noindex","follow":"follow","max-snippet":"max-snippet:-1","max-image-preview":"max-image-preview:large","max-video-preview":"max-video-preview:-1"},"og_locale":"es_ES","og_type":"article","og_title":"MASTURBADOR DE BOLSILLO - Tienda Er\u00f3tica","og_description":"POCKET PAL MASTURBATOR Descubre el m\u00e1ximo placer con este fant\u00e1stico masturbador que te podr\u00e1s llevar a cualquier parte. Nunca estar\u00e1s","og_url":"https:\/\/demoweb.info\/sexshop001\/producto\/masturbador-de-bolsillo\/","og_site_name":"Tienda Er\u00f3tica","og_image":[{"width":550,"height":550,"url":"https:\/\/demoweb.info\/sexshop001\/wp-content\/uploads\/2022\/01\/MASTURBADOR-DE-BOLSILLO.jpg","type":"image\/jpeg"}],"twitter_card":"summary_large_image","schema":{"@context":"https:\/\/schema.org","@graph":[{"@type":"WebPage","@id":"https:\/\/demoweb.info\/sexshop001\/producto\/masturbador-de-bolsillo\/","url":"https:\/\/demoweb.info\/sexshop001\/producto\/masturbador-de-bolsillo\/","name":"MASTURBADOR DE BOLSILLO - Tienda Er\u00f3tica","isPartOf":{"@id":"https:\/\/demoweb.info\/sexshop001\/#website"},"datePublished":"2022-01-22T13:43:29+00:00","dateModified":"2022-01-22T13:43:29+00:00","breadcrumb":{"@id":"https:\/\/demoweb.info\/sexshop001\/producto\/masturbador-de-bolsillo\/#breadcrumb"},"inLanguage":"es","potentialAction":[{"@type":"ReadAction","target":["https:\/\/demoweb.info\/sexshop001\/producto\/masturbador-de-bolsillo\/"]}]},{"@type":"BreadcrumbList","@id":"https:\/\/demoweb.info\/sexshop001\/producto\/masturbador-de-bolsillo\/#breadcrumb","itemListElement":[{"@type":"ListItem","position":1,"name":"Portada","item":"https:\/\/demoweb.info\/sexshop001\/"},{"@type":"ListItem","position":2,"name":"Tienda","item":"https:\/\/demoweb.info\/sexshop001\/tienda\/"},{"@type":"ListItem","position":3,"name":"MASTURBADOR DE BOLSILLO"}]},{"@type":"WebSite","@id":"https:\/\/demoweb.info\/sexshop001\/#website","url":"https:\/\/demoweb.info\/sexshop001\/","name":"Tienda Er\u00f3tica","description":"DEMOWEB SL","potentialAction":[{"@type":"SearchAction","target":{"@type":"EntryPoint","urlTemplate":"https:\/\/demoweb.info\/sexshop001\/?s={search_term_string}"},"query-input":"required name=search_term_string"}],"inLanguage":"es"}]}},"_links":{"self":[{"href":"https:\/\/demoweb.info\/sexshop001\/wp-json\/wp\/v3\/product\/42548","targetHints":{"allow":["GET"]}}],"collection":[{"href":"https:\/\/demoweb.info\/sexshop001\/wp-json\/wp\/v3\/product"}],"about":[{"href":"https:\/\/demoweb.info\/sexshop001\/wp-json\/wp\/v2\/types\/product"}],"replies":[{"embeddable":true,"href":"https:\/\/demoweb.info\/sexshop001\/wp-json\/wp\/v2\/comments?post=42548"}],"wp:featuredmedia":[{"embeddable":true,"href":"https:\/\/demoweb.info\/sexshop001\/wp-json\/wp\/v2\/media\/42549"}],"wp:attachment":[{"href":"https:\/\/demoweb.info\/sexshop001\/wp-json\/wp\/v2\/media?parent=42548"}],"wp:term":[{"taxonomy":"product_cat","embeddable":true,"href":"https:\/\/demoweb.info\/sexshop001\/wp-json\/wp\/v2\/product_cat?post=42548"},{"taxonomy":"product_tag","embeddable":true,"href":"https:\/\/demoweb.info\/sexshop001\/wp-json\/wp\/v2\/product_tag?post=42548"}],"curies":[{"name":"wp","href":"https:\/\/api.w.org\/{rel}","templated":true}]}}