{"id":42545,"date":"2022-01-22T14:43:10","date_gmt":"2022-01-22T13:43:10","guid":{"rendered":"https:\/\/demoweb.info\/sexshop001\/producto\/extravaganza-lexi-tyler-muneca\/"},"modified":"2022-01-22T14:43:26","modified_gmt":"2022-01-22T13:43:26","slug":"extravaganza-lexi-tyler-muneca","status":"publish","type":"product","link":"https:\/\/demoweb.info\/sexshop001\/producto\/extravaganza-lexi-tyler-muneca\/","title":{"rendered":"EXTRAVAGANZA LEXI TYLER MU\u00d1ECA"},"content":{"rendered":"<p><strong>EXTRAVAGANZA LEXI TYLER DOLL<\/strong><\/p>\n<p><em>Extravaganza Lexi Tyler,<\/em> hermosa mu\u00f1eca inflable con un rostro tridimensional moldeado encantador y con una postura amorosa para tentar una sensaci\u00f3n. Ella es una modelo de tama\u00f1o humano la cual tiene pechos grandes con pezones erectos y dos orificios amorosos para seducir su pene. Viene con un vibrador de m\u00faltiples velocidades para aumentar su excitaci\u00f3n.<\/p>\n<p>&#8211; Tama\u00f1o real 145 cm.<br \/>\n&#8211; Cara realista con pesta\u00f1as y pelo.<br \/>\n&#8211; Pechos turgentes con pezones erectos.<br \/>\n&#8211; 2 agujeros de penetraci\u00f3n, ano y vagina.<br \/>\n&#8211; F\u00e1cil de limpiar.<br \/>\n-Manos y pies realistas con u\u00f1as pintadas.<\/p>\n<p>-POSICI\u00d3N: MISIONERO<\/p>\n<p>Incluye:<br \/>\n&#8211; Inflador.<br \/>\n&#8211; Bala vibradora.<\/p>\n<p>Utiliza pila alcalina tama\u00f1o 2 x AA ( LR6)<\/p>\n","protected":false},"excerpt":{"rendered":"<p>EXTRAVAGANZA LEXI TYLER DOLL Extravaganza Lexi Tyler, hermosa mu\u00f1eca inflable con un rostro tridimensional moldeado encantador y con una postura<\/p>\n","protected":false},"featured_media":42546,"comment_status":"open","ping_status":"open","template":"","meta":[],"product_cat":[694],"product_tag":[1342,941],"class_list":["post-42545","product","type-product","status-publish","has-post-thumbnail","hentry","product_cat-hinchables-munecas","product_tag-extravaganza","product_tag-nmc"],"bundled_by":[],"bundle_stock_status":"outofstock","bundle_stock_quantity":0,"bundle_virtual":false,"bundle_layout":"","bundle_add_to_cart_form_location":"","bundle_editable_in_cart":false,"bundle_sold_individually_context":"","bundle_item_grouping":"","bundle_min_size":"","bundle_max_size":"","bundled_items":[],"yoast_head":"<!-- This site is optimized with the Yoast SEO plugin v20.6 - https:\/\/yoast.com\/wordpress\/plugins\/seo\/ -->\n<title>EXTRAVAGANZA LEXI TYLER MU\u00d1ECA - Tienda Er\u00f3tica<\/title>\n<meta name=\"robots\" content=\"noindex, follow, max-snippet:-1, max-image-preview:large, max-video-preview:-1\" \/>\n<meta property=\"og:locale\" content=\"es_ES\" \/>\n<meta property=\"og:type\" content=\"article\" \/>\n<meta property=\"og:title\" content=\"EXTRAVAGANZA LEXI TYLER MU\u00d1ECA - Tienda Er\u00f3tica\" \/>\n<meta property=\"og:description\" content=\"EXTRAVAGANZA LEXI TYLER DOLL Extravaganza Lexi Tyler, hermosa mu\u00f1eca inflable con un rostro tridimensional moldeado encantador y con una postura\" \/>\n<meta property=\"og:url\" content=\"https:\/\/demoweb.info\/sexshop001\/producto\/extravaganza-lexi-tyler-muneca\/\" \/>\n<meta property=\"og:site_name\" content=\"Tienda Er\u00f3tica\" \/>\n<meta property=\"article:modified_time\" content=\"2022-01-22T13:43:26+00:00\" \/>\n<meta property=\"og:image\" content=\"https:\/\/demoweb.info\/sexshop001\/wp-content\/uploads\/2022\/01\/EXTRAVAGANZA-LEXI-TYLER-MUNECA.jpg\" \/>\n\t<meta property=\"og:image:width\" content=\"550\" \/>\n\t<meta property=\"og:image:height\" content=\"550\" \/>\n\t<meta property=\"og:image:type\" content=\"image\/jpeg\" \/>\n<meta name=\"twitter:card\" content=\"summary_large_image\" \/>\n<meta name=\"twitter:label1\" content=\"Tiempo de lectura\" \/>\n\t<meta name=\"twitter:data1\" content=\"1 minuto\" \/>\n<script type=\"application\/ld+json\" class=\"yoast-schema-graph\">{\"@context\":\"https:\/\/schema.org\",\"@graph\":[{\"@type\":\"WebPage\",\"@id\":\"https:\/\/demoweb.info\/sexshop001\/producto\/extravaganza-lexi-tyler-muneca\/\",\"url\":\"https:\/\/demoweb.info\/sexshop001\/producto\/extravaganza-lexi-tyler-muneca\/\",\"name\":\"EXTRAVAGANZA LEXI TYLER MU\u00d1ECA - Tienda Er\u00f3tica\",\"isPartOf\":{\"@id\":\"https:\/\/demoweb.info\/sexshop001\/#website\"},\"datePublished\":\"2022-01-22T13:43:10+00:00\",\"dateModified\":\"2022-01-22T13:43:26+00:00\",\"breadcrumb\":{\"@id\":\"https:\/\/demoweb.info\/sexshop001\/producto\/extravaganza-lexi-tyler-muneca\/#breadcrumb\"},\"inLanguage\":\"es\",\"potentialAction\":[{\"@type\":\"ReadAction\",\"target\":[\"https:\/\/demoweb.info\/sexshop001\/producto\/extravaganza-lexi-tyler-muneca\/\"]}]},{\"@type\":\"BreadcrumbList\",\"@id\":\"https:\/\/demoweb.info\/sexshop001\/producto\/extravaganza-lexi-tyler-muneca\/#breadcrumb\",\"itemListElement\":[{\"@type\":\"ListItem\",\"position\":1,\"name\":\"Portada\",\"item\":\"https:\/\/demoweb.info\/sexshop001\/\"},{\"@type\":\"ListItem\",\"position\":2,\"name\":\"Tienda\",\"item\":\"https:\/\/demoweb.info\/sexshop001\/tienda\/\"},{\"@type\":\"ListItem\",\"position\":3,\"name\":\"EXTRAVAGANZA LEXI TYLER MU\u00d1ECA\"}]},{\"@type\":\"WebSite\",\"@id\":\"https:\/\/demoweb.info\/sexshop001\/#website\",\"url\":\"https:\/\/demoweb.info\/sexshop001\/\",\"name\":\"Tienda Er\u00f3tica\",\"description\":\"DEMOWEB SL\",\"potentialAction\":[{\"@type\":\"SearchAction\",\"target\":{\"@type\":\"EntryPoint\",\"urlTemplate\":\"https:\/\/demoweb.info\/sexshop001\/?s={search_term_string}\"},\"query-input\":\"required name=search_term_string\"}],\"inLanguage\":\"es\"}]}<\/script>\n<!-- \/ Yoast SEO plugin. -->","yoast_head_json":{"title":"EXTRAVAGANZA LEXI TYLER MU\u00d1ECA - Tienda Er\u00f3tica","robots":{"index":"noindex","follow":"follow","max-snippet":"max-snippet:-1","max-image-preview":"max-image-preview:large","max-video-preview":"max-video-preview:-1"},"og_locale":"es_ES","og_type":"article","og_title":"EXTRAVAGANZA LEXI TYLER MU\u00d1ECA - Tienda Er\u00f3tica","og_description":"EXTRAVAGANZA LEXI TYLER DOLL Extravaganza Lexi Tyler, hermosa mu\u00f1eca inflable con un rostro tridimensional moldeado encantador y con una postura","og_url":"https:\/\/demoweb.info\/sexshop001\/producto\/extravaganza-lexi-tyler-muneca\/","og_site_name":"Tienda Er\u00f3tica","article_modified_time":"2022-01-22T13:43:26+00:00","og_image":[{"width":550,"height":550,"url":"https:\/\/demoweb.info\/sexshop001\/wp-content\/uploads\/2022\/01\/EXTRAVAGANZA-LEXI-TYLER-MUNECA.jpg","type":"image\/jpeg"}],"twitter_card":"summary_large_image","twitter_misc":{"Tiempo de lectura":"1 minuto"},"schema":{"@context":"https:\/\/schema.org","@graph":[{"@type":"WebPage","@id":"https:\/\/demoweb.info\/sexshop001\/producto\/extravaganza-lexi-tyler-muneca\/","url":"https:\/\/demoweb.info\/sexshop001\/producto\/extravaganza-lexi-tyler-muneca\/","name":"EXTRAVAGANZA LEXI TYLER MU\u00d1ECA - Tienda Er\u00f3tica","isPartOf":{"@id":"https:\/\/demoweb.info\/sexshop001\/#website"},"datePublished":"2022-01-22T13:43:10+00:00","dateModified":"2022-01-22T13:43:26+00:00","breadcrumb":{"@id":"https:\/\/demoweb.info\/sexshop001\/producto\/extravaganza-lexi-tyler-muneca\/#breadcrumb"},"inLanguage":"es","potentialAction":[{"@type":"ReadAction","target":["https:\/\/demoweb.info\/sexshop001\/producto\/extravaganza-lexi-tyler-muneca\/"]}]},{"@type":"BreadcrumbList","@id":"https:\/\/demoweb.info\/sexshop001\/producto\/extravaganza-lexi-tyler-muneca\/#breadcrumb","itemListElement":[{"@type":"ListItem","position":1,"name":"Portada","item":"https:\/\/demoweb.info\/sexshop001\/"},{"@type":"ListItem","position":2,"name":"Tienda","item":"https:\/\/demoweb.info\/sexshop001\/tienda\/"},{"@type":"ListItem","position":3,"name":"EXTRAVAGANZA LEXI TYLER MU\u00d1ECA"}]},{"@type":"WebSite","@id":"https:\/\/demoweb.info\/sexshop001\/#website","url":"https:\/\/demoweb.info\/sexshop001\/","name":"Tienda Er\u00f3tica","description":"DEMOWEB SL","potentialAction":[{"@type":"SearchAction","target":{"@type":"EntryPoint","urlTemplate":"https:\/\/demoweb.info\/sexshop001\/?s={search_term_string}"},"query-input":"required name=search_term_string"}],"inLanguage":"es"}]}},"_links":{"self":[{"href":"https:\/\/demoweb.info\/sexshop001\/wp-json\/wp\/v3\/product\/42545","targetHints":{"allow":["GET"]}}],"collection":[{"href":"https:\/\/demoweb.info\/sexshop001\/wp-json\/wp\/v3\/product"}],"about":[{"href":"https:\/\/demoweb.info\/sexshop001\/wp-json\/wp\/v2\/types\/product"}],"replies":[{"embeddable":true,"href":"https:\/\/demoweb.info\/sexshop001\/wp-json\/wp\/v2\/comments?post=42545"}],"wp:featuredmedia":[{"embeddable":true,"href":"https:\/\/demoweb.info\/sexshop001\/wp-json\/wp\/v2\/media\/42546"}],"wp:attachment":[{"href":"https:\/\/demoweb.info\/sexshop001\/wp-json\/wp\/v2\/media?parent=42545"}],"wp:term":[{"taxonomy":"product_cat","embeddable":true,"href":"https:\/\/demoweb.info\/sexshop001\/wp-json\/wp\/v2\/product_cat?post=42545"},{"taxonomy":"product_tag","embeddable":true,"href":"https:\/\/demoweb.info\/sexshop001\/wp-json\/wp\/v2\/product_tag?post=42545"}],"curies":[{"name":"wp","href":"https:\/\/api.w.org\/{rel}","templated":true}]}}