{"id":42526,"date":"2022-01-22T14:43:10","date_gmt":"2022-01-22T13:43:10","guid":{"rendered":"https:\/\/demoweb.info\/sexshop001\/producto\/agent-69-love-muneca\/"},"modified":"2022-01-22T14:43:14","modified_gmt":"2022-01-22T13:43:14","slug":"agent-69-love-muneca","status":"publish","type":"product","link":"https:\/\/demoweb.info\/sexshop001\/producto\/agent-69-love-muneca\/","title":{"rendered":"AGENT 69 LOVE MU\u00d1ECA"},"content":{"rendered":"<p><strong>AGENT 69 LOVE DOLL<\/strong><\/p>\n<p>Esta<strong> incre\u00edble mu\u00f1eca de tama\u00f1o natural inflable,<\/strong> fue meticulosamente dise\u00f1ada con caracter\u00edsticas realistas para una experiencia verdaderamente realista. Su atractivo rostro 3-D moldeado, se remata con una lujosa cabellera que est\u00e1 deseando ser retirada, con una sensual y<strong> profunda boca<\/strong>. Con sus<strong> pechos turgentes podr\u00e1s <\/strong> disfrutar de sus<strong> pezones<\/strong> super suaves y reales. Su<strong> vagina <\/strong>y <strong>culo<\/strong> apretado y muy realista<\/p>\n<p><strong>Incluye:<\/strong><br \/>\n&#8211; kit de reparaci\u00f3n de vinilo<br \/>\n&#8211; Instrucciones.<\/p>\n<p><strong>C\u00f3mo Inflar:<\/strong><br \/>\nNo infle completamente. Para evitar el exceso de la inflaci\u00f3n, no utilice un compresor el\u00e9ctrico. En su lugar, utilice una bomba manual. Dejar reposar durante diez minutos para que el aire pueda distribuir uniformemente dentro de la mu\u00f1eca antes de inflar completamente. Cuanto menos aire en el interior del mu\u00f1eco, la menor tensi\u00f3n se colocar\u00e1 en \u00e9l durante su uso.<\/p>\n<p><strong>Instrucciones de limpieza:<\/strong><br \/>\nEnjuague el mu\u00f1eco con agua tibia, luego frote suavemente con un limpiador de juguetes con las manos o un pa\u00f1o suave. Evite utilizar trapos o esponjas \u00e1speras, ya que esto podr\u00eda da\u00f1ar el material. Despu\u00e9s de fregar, enjuagar de nuevo con agua tibia. Seque con una toalla sin pelusa.<\/p>\n<p><strong>Instrucciones para el almacenamiento:<\/strong><br \/>\nDesinfle el mu\u00f1eco, luego doble cuidadosamente, envolverlo en un pa\u00f1o que no suelte pelusa. Almacene en un lugar fresco, seco y alejado de la luz solar directa.<\/p><\/p>\n","protected":false},"excerpt":{"rendered":"<p>AGENT 69 LOVE DOLL Esta incre\u00edble mu\u00f1eca de tama\u00f1o natural inflable, fue meticulosamente dise\u00f1ada con caracter\u00edsticas realistas para una experiencia<\/p>\n","protected":false},"featured_media":42527,"comment_status":"open","ping_status":"open","template":"","meta":[],"product_cat":[472],"product_tag":[860,259],"class_list":["post-42526","product","type-product","status-publish","has-post-thumbnail","hentry","product_cat-realisticas","product_tag-extreme-dollz","product_tag-pipedream"],"bundled_by":[],"bundle_stock_status":"outofstock","bundle_stock_quantity":0,"bundle_virtual":false,"bundle_layout":"","bundle_add_to_cart_form_location":"","bundle_editable_in_cart":false,"bundle_sold_individually_context":"","bundle_item_grouping":"","bundle_min_size":"","bundle_max_size":"","bundled_items":[],"yoast_head":"<!-- This site is optimized with the Yoast SEO plugin v20.6 - https:\/\/yoast.com\/wordpress\/plugins\/seo\/ -->\n<title>AGENT 69 LOVE MU\u00d1ECA - Tienda Er\u00f3tica<\/title>\n<meta name=\"robots\" content=\"noindex, follow, max-snippet:-1, max-image-preview:large, max-video-preview:-1\" \/>\n<meta property=\"og:locale\" content=\"es_ES\" \/>\n<meta property=\"og:type\" content=\"article\" \/>\n<meta property=\"og:title\" content=\"AGENT 69 LOVE MU\u00d1ECA - Tienda Er\u00f3tica\" \/>\n<meta property=\"og:description\" content=\"AGENT 69 LOVE DOLL Esta incre\u00edble mu\u00f1eca de tama\u00f1o natural inflable, fue meticulosamente dise\u00f1ada con caracter\u00edsticas realistas para una experiencia\" \/>\n<meta property=\"og:url\" content=\"https:\/\/demoweb.info\/sexshop001\/producto\/agent-69-love-muneca\/\" \/>\n<meta property=\"og:site_name\" content=\"Tienda Er\u00f3tica\" \/>\n<meta property=\"article:modified_time\" content=\"2022-01-22T13:43:14+00:00\" \/>\n<meta property=\"og:image\" content=\"https:\/\/demoweb.info\/sexshop001\/wp-content\/uploads\/2022\/01\/AGENT-69-LOVE-MUNECA.jpg\" \/>\n\t<meta property=\"og:image:width\" content=\"550\" \/>\n\t<meta property=\"og:image:height\" content=\"550\" \/>\n\t<meta property=\"og:image:type\" content=\"image\/jpeg\" \/>\n<meta name=\"twitter:card\" content=\"summary_large_image\" \/>\n<meta name=\"twitter:label1\" content=\"Tiempo de lectura\" \/>\n\t<meta name=\"twitter:data1\" content=\"1 minuto\" \/>\n<script type=\"application\/ld+json\" class=\"yoast-schema-graph\">{\"@context\":\"https:\/\/schema.org\",\"@graph\":[{\"@type\":\"WebPage\",\"@id\":\"https:\/\/demoweb.info\/sexshop001\/producto\/agent-69-love-muneca\/\",\"url\":\"https:\/\/demoweb.info\/sexshop001\/producto\/agent-69-love-muneca\/\",\"name\":\"AGENT 69 LOVE MU\u00d1ECA - Tienda Er\u00f3tica\",\"isPartOf\":{\"@id\":\"https:\/\/demoweb.info\/sexshop001\/#website\"},\"datePublished\":\"2022-01-22T13:43:10+00:00\",\"dateModified\":\"2022-01-22T13:43:14+00:00\",\"breadcrumb\":{\"@id\":\"https:\/\/demoweb.info\/sexshop001\/producto\/agent-69-love-muneca\/#breadcrumb\"},\"inLanguage\":\"es\",\"potentialAction\":[{\"@type\":\"ReadAction\",\"target\":[\"https:\/\/demoweb.info\/sexshop001\/producto\/agent-69-love-muneca\/\"]}]},{\"@type\":\"BreadcrumbList\",\"@id\":\"https:\/\/demoweb.info\/sexshop001\/producto\/agent-69-love-muneca\/#breadcrumb\",\"itemListElement\":[{\"@type\":\"ListItem\",\"position\":1,\"name\":\"Portada\",\"item\":\"https:\/\/demoweb.info\/sexshop001\/\"},{\"@type\":\"ListItem\",\"position\":2,\"name\":\"Tienda\",\"item\":\"https:\/\/demoweb.info\/sexshop001\/tienda\/\"},{\"@type\":\"ListItem\",\"position\":3,\"name\":\"AGENT 69 LOVE MU\u00d1ECA\"}]},{\"@type\":\"WebSite\",\"@id\":\"https:\/\/demoweb.info\/sexshop001\/#website\",\"url\":\"https:\/\/demoweb.info\/sexshop001\/\",\"name\":\"Tienda Er\u00f3tica\",\"description\":\"DEMOWEB SL\",\"potentialAction\":[{\"@type\":\"SearchAction\",\"target\":{\"@type\":\"EntryPoint\",\"urlTemplate\":\"https:\/\/demoweb.info\/sexshop001\/?s={search_term_string}\"},\"query-input\":\"required name=search_term_string\"}],\"inLanguage\":\"es\"}]}<\/script>\n<!-- \/ Yoast SEO plugin. -->","yoast_head_json":{"title":"AGENT 69 LOVE MU\u00d1ECA - Tienda Er\u00f3tica","robots":{"index":"noindex","follow":"follow","max-snippet":"max-snippet:-1","max-image-preview":"max-image-preview:large","max-video-preview":"max-video-preview:-1"},"og_locale":"es_ES","og_type":"article","og_title":"AGENT 69 LOVE MU\u00d1ECA - Tienda Er\u00f3tica","og_description":"AGENT 69 LOVE DOLL Esta incre\u00edble mu\u00f1eca de tama\u00f1o natural inflable, fue meticulosamente dise\u00f1ada con caracter\u00edsticas realistas para una experiencia","og_url":"https:\/\/demoweb.info\/sexshop001\/producto\/agent-69-love-muneca\/","og_site_name":"Tienda Er\u00f3tica","article_modified_time":"2022-01-22T13:43:14+00:00","og_image":[{"width":550,"height":550,"url":"https:\/\/demoweb.info\/sexshop001\/wp-content\/uploads\/2022\/01\/AGENT-69-LOVE-MUNECA.jpg","type":"image\/jpeg"}],"twitter_card":"summary_large_image","twitter_misc":{"Tiempo de lectura":"1 minuto"},"schema":{"@context":"https:\/\/schema.org","@graph":[{"@type":"WebPage","@id":"https:\/\/demoweb.info\/sexshop001\/producto\/agent-69-love-muneca\/","url":"https:\/\/demoweb.info\/sexshop001\/producto\/agent-69-love-muneca\/","name":"AGENT 69 LOVE MU\u00d1ECA - Tienda Er\u00f3tica","isPartOf":{"@id":"https:\/\/demoweb.info\/sexshop001\/#website"},"datePublished":"2022-01-22T13:43:10+00:00","dateModified":"2022-01-22T13:43:14+00:00","breadcrumb":{"@id":"https:\/\/demoweb.info\/sexshop001\/producto\/agent-69-love-muneca\/#breadcrumb"},"inLanguage":"es","potentialAction":[{"@type":"ReadAction","target":["https:\/\/demoweb.info\/sexshop001\/producto\/agent-69-love-muneca\/"]}]},{"@type":"BreadcrumbList","@id":"https:\/\/demoweb.info\/sexshop001\/producto\/agent-69-love-muneca\/#breadcrumb","itemListElement":[{"@type":"ListItem","position":1,"name":"Portada","item":"https:\/\/demoweb.info\/sexshop001\/"},{"@type":"ListItem","position":2,"name":"Tienda","item":"https:\/\/demoweb.info\/sexshop001\/tienda\/"},{"@type":"ListItem","position":3,"name":"AGENT 69 LOVE MU\u00d1ECA"}]},{"@type":"WebSite","@id":"https:\/\/demoweb.info\/sexshop001\/#website","url":"https:\/\/demoweb.info\/sexshop001\/","name":"Tienda Er\u00f3tica","description":"DEMOWEB SL","potentialAction":[{"@type":"SearchAction","target":{"@type":"EntryPoint","urlTemplate":"https:\/\/demoweb.info\/sexshop001\/?s={search_term_string}"},"query-input":"required name=search_term_string"}],"inLanguage":"es"}]}},"_links":{"self":[{"href":"https:\/\/demoweb.info\/sexshop001\/wp-json\/wp\/v3\/product\/42526","targetHints":{"allow":["GET"]}}],"collection":[{"href":"https:\/\/demoweb.info\/sexshop001\/wp-json\/wp\/v3\/product"}],"about":[{"href":"https:\/\/demoweb.info\/sexshop001\/wp-json\/wp\/v2\/types\/product"}],"replies":[{"embeddable":true,"href":"https:\/\/demoweb.info\/sexshop001\/wp-json\/wp\/v2\/comments?post=42526"}],"wp:featuredmedia":[{"embeddable":true,"href":"https:\/\/demoweb.info\/sexshop001\/wp-json\/wp\/v2\/media\/42527"}],"wp:attachment":[{"href":"https:\/\/demoweb.info\/sexshop001\/wp-json\/wp\/v2\/media?parent=42526"}],"wp:term":[{"taxonomy":"product_cat","embeddable":true,"href":"https:\/\/demoweb.info\/sexshop001\/wp-json\/wp\/v2\/product_cat?post=42526"},{"taxonomy":"product_tag","embeddable":true,"href":"https:\/\/demoweb.info\/sexshop001\/wp-json\/wp\/v2\/product_tag?post=42526"}],"curies":[{"name":"wp","href":"https:\/\/api.w.org\/{rel}","templated":true}]}}