{"id":42514,"date":"2022-01-22T14:42:56","date_gmt":"2022-01-22T13:42:56","guid":{"rendered":"https:\/\/demoweb.info\/sexshop001\/producto\/cyberstroker-masturbador-negro\/"},"modified":"2022-01-22T14:43:06","modified_gmt":"2022-01-22T13:43:06","slug":"cyberstroker-masturbador-negro","status":"publish","type":"product","link":"https:\/\/demoweb.info\/sexshop001\/producto\/cyberstroker-masturbador-negro\/","title":{"rendered":"CYBERSTROKER MASTURBADOR NEGRO"},"content":{"rendered":"<p><strong>CYBERSTROKER PUSSY AND ASS DARK<\/strong><\/p>\n<p>Este masturbador realista es firme y est\u00e1 listo para la acci\u00f3n m\u00e1s dura. Hecho de material de CyberSkin que se siente como la piel humana real. Dispone de doble entrada de penetraci\u00f3n con interior ranurado para a\u00f1adir m\u00e1s placer.<\/p>\n","protected":false},"excerpt":{"rendered":"<p>CYBERSTROKER PUSSY AND ASS DARK Este masturbador realista es firme y est\u00e1 listo para la acci\u00f3n m\u00e1s dura. Hecho de<\/p>\n","protected":false},"featured_media":42515,"comment_status":"open","ping_status":"open","template":"","meta":[],"product_cat":[541],"product_tag":[1353,932],"class_list":["post-42514","product","type-product","status-publish","has-post-thumbnail","hentry","product_cat-vaginas","product_tag-tlc","product_tag-topco-sales"],"bundled_by":[],"bundle_stock_status":"instock","bundle_stock_quantity":2,"bundle_virtual":false,"bundle_layout":"","bundle_add_to_cart_form_location":"","bundle_editable_in_cart":false,"bundle_sold_individually_context":"","bundle_item_grouping":"","bundle_min_size":"","bundle_max_size":"","bundled_items":[],"yoast_head":"<!-- This site is optimized with the Yoast SEO plugin v20.6 - https:\/\/yoast.com\/wordpress\/plugins\/seo\/ -->\n<title>CYBERSTROKER MASTURBADOR NEGRO - Tienda Er\u00f3tica<\/title>\n<meta name=\"robots\" content=\"noindex, follow, max-snippet:-1, max-image-preview:large, max-video-preview:-1\" \/>\n<meta property=\"og:locale\" content=\"es_ES\" \/>\n<meta property=\"og:type\" content=\"article\" \/>\n<meta property=\"og:title\" content=\"CYBERSTROKER MASTURBADOR NEGRO - Tienda Er\u00f3tica\" \/>\n<meta property=\"og:description\" content=\"CYBERSTROKER PUSSY AND ASS DARK Este masturbador realista es firme y est\u00e1 listo para la acci\u00f3n m\u00e1s dura. Hecho de\" \/>\n<meta property=\"og:url\" content=\"https:\/\/demoweb.info\/sexshop001\/producto\/cyberstroker-masturbador-negro\/\" \/>\n<meta property=\"og:site_name\" content=\"Tienda Er\u00f3tica\" \/>\n<meta property=\"article:modified_time\" content=\"2022-01-22T13:43:06+00:00\" \/>\n<meta property=\"og:image\" content=\"https:\/\/demoweb.info\/sexshop001\/wp-content\/uploads\/2022\/01\/CYBERSTROKER-MASTURBADOR-NEGRO.jpg\" \/>\n\t<meta property=\"og:image:width\" content=\"550\" \/>\n\t<meta property=\"og:image:height\" content=\"550\" \/>\n\t<meta property=\"og:image:type\" content=\"image\/jpeg\" \/>\n<meta name=\"twitter:card\" content=\"summary_large_image\" \/>\n<script type=\"application\/ld+json\" class=\"yoast-schema-graph\">{\"@context\":\"https:\/\/schema.org\",\"@graph\":[{\"@type\":\"WebPage\",\"@id\":\"https:\/\/demoweb.info\/sexshop001\/producto\/cyberstroker-masturbador-negro\/\",\"url\":\"https:\/\/demoweb.info\/sexshop001\/producto\/cyberstroker-masturbador-negro\/\",\"name\":\"CYBERSTROKER MASTURBADOR NEGRO - Tienda Er\u00f3tica\",\"isPartOf\":{\"@id\":\"https:\/\/demoweb.info\/sexshop001\/#website\"},\"datePublished\":\"2022-01-22T13:42:56+00:00\",\"dateModified\":\"2022-01-22T13:43:06+00:00\",\"breadcrumb\":{\"@id\":\"https:\/\/demoweb.info\/sexshop001\/producto\/cyberstroker-masturbador-negro\/#breadcrumb\"},\"inLanguage\":\"es\",\"potentialAction\":[{\"@type\":\"ReadAction\",\"target\":[\"https:\/\/demoweb.info\/sexshop001\/producto\/cyberstroker-masturbador-negro\/\"]}]},{\"@type\":\"BreadcrumbList\",\"@id\":\"https:\/\/demoweb.info\/sexshop001\/producto\/cyberstroker-masturbador-negro\/#breadcrumb\",\"itemListElement\":[{\"@type\":\"ListItem\",\"position\":1,\"name\":\"Portada\",\"item\":\"https:\/\/demoweb.info\/sexshop001\/\"},{\"@type\":\"ListItem\",\"position\":2,\"name\":\"Tienda\",\"item\":\"https:\/\/demoweb.info\/sexshop001\/tienda\/\"},{\"@type\":\"ListItem\",\"position\":3,\"name\":\"CYBERSTROKER MASTURBADOR NEGRO\"}]},{\"@type\":\"WebSite\",\"@id\":\"https:\/\/demoweb.info\/sexshop001\/#website\",\"url\":\"https:\/\/demoweb.info\/sexshop001\/\",\"name\":\"Tienda Er\u00f3tica\",\"description\":\"DEMOWEB SL\",\"potentialAction\":[{\"@type\":\"SearchAction\",\"target\":{\"@type\":\"EntryPoint\",\"urlTemplate\":\"https:\/\/demoweb.info\/sexshop001\/?s={search_term_string}\"},\"query-input\":\"required name=search_term_string\"}],\"inLanguage\":\"es\"}]}<\/script>\n<!-- \/ Yoast SEO plugin. -->","yoast_head_json":{"title":"CYBERSTROKER MASTURBADOR NEGRO - Tienda Er\u00f3tica","robots":{"index":"noindex","follow":"follow","max-snippet":"max-snippet:-1","max-image-preview":"max-image-preview:large","max-video-preview":"max-video-preview:-1"},"og_locale":"es_ES","og_type":"article","og_title":"CYBERSTROKER MASTURBADOR NEGRO - Tienda Er\u00f3tica","og_description":"CYBERSTROKER PUSSY AND ASS DARK Este masturbador realista es firme y est\u00e1 listo para la acci\u00f3n m\u00e1s dura. Hecho de","og_url":"https:\/\/demoweb.info\/sexshop001\/producto\/cyberstroker-masturbador-negro\/","og_site_name":"Tienda Er\u00f3tica","article_modified_time":"2022-01-22T13:43:06+00:00","og_image":[{"width":550,"height":550,"url":"https:\/\/demoweb.info\/sexshop001\/wp-content\/uploads\/2022\/01\/CYBERSTROKER-MASTURBADOR-NEGRO.jpg","type":"image\/jpeg"}],"twitter_card":"summary_large_image","schema":{"@context":"https:\/\/schema.org","@graph":[{"@type":"WebPage","@id":"https:\/\/demoweb.info\/sexshop001\/producto\/cyberstroker-masturbador-negro\/","url":"https:\/\/demoweb.info\/sexshop001\/producto\/cyberstroker-masturbador-negro\/","name":"CYBERSTROKER MASTURBADOR NEGRO - Tienda Er\u00f3tica","isPartOf":{"@id":"https:\/\/demoweb.info\/sexshop001\/#website"},"datePublished":"2022-01-22T13:42:56+00:00","dateModified":"2022-01-22T13:43:06+00:00","breadcrumb":{"@id":"https:\/\/demoweb.info\/sexshop001\/producto\/cyberstroker-masturbador-negro\/#breadcrumb"},"inLanguage":"es","potentialAction":[{"@type":"ReadAction","target":["https:\/\/demoweb.info\/sexshop001\/producto\/cyberstroker-masturbador-negro\/"]}]},{"@type":"BreadcrumbList","@id":"https:\/\/demoweb.info\/sexshop001\/producto\/cyberstroker-masturbador-negro\/#breadcrumb","itemListElement":[{"@type":"ListItem","position":1,"name":"Portada","item":"https:\/\/demoweb.info\/sexshop001\/"},{"@type":"ListItem","position":2,"name":"Tienda","item":"https:\/\/demoweb.info\/sexshop001\/tienda\/"},{"@type":"ListItem","position":3,"name":"CYBERSTROKER MASTURBADOR NEGRO"}]},{"@type":"WebSite","@id":"https:\/\/demoweb.info\/sexshop001\/#website","url":"https:\/\/demoweb.info\/sexshop001\/","name":"Tienda Er\u00f3tica","description":"DEMOWEB SL","potentialAction":[{"@type":"SearchAction","target":{"@type":"EntryPoint","urlTemplate":"https:\/\/demoweb.info\/sexshop001\/?s={search_term_string}"},"query-input":"required name=search_term_string"}],"inLanguage":"es"}]}},"_links":{"self":[{"href":"https:\/\/demoweb.info\/sexshop001\/wp-json\/wp\/v3\/product\/42514","targetHints":{"allow":["GET"]}}],"collection":[{"href":"https:\/\/demoweb.info\/sexshop001\/wp-json\/wp\/v3\/product"}],"about":[{"href":"https:\/\/demoweb.info\/sexshop001\/wp-json\/wp\/v2\/types\/product"}],"replies":[{"embeddable":true,"href":"https:\/\/demoweb.info\/sexshop001\/wp-json\/wp\/v2\/comments?post=42514"}],"wp:featuredmedia":[{"embeddable":true,"href":"https:\/\/demoweb.info\/sexshop001\/wp-json\/wp\/v2\/media\/42515"}],"wp:attachment":[{"href":"https:\/\/demoweb.info\/sexshop001\/wp-json\/wp\/v2\/media?parent=42514"}],"wp:term":[{"taxonomy":"product_cat","embeddable":true,"href":"https:\/\/demoweb.info\/sexshop001\/wp-json\/wp\/v2\/product_cat?post=42514"},{"taxonomy":"product_tag","embeddable":true,"href":"https:\/\/demoweb.info\/sexshop001\/wp-json\/wp\/v2\/product_tag?post=42514"}],"curies":[{"name":"wp","href":"https:\/\/api.w.org\/{rel}","templated":true}]}}