{"id":42499,"date":"2022-01-22T14:42:56","date_gmt":"2022-01-22T13:42:56","guid":{"rendered":"https:\/\/demoweb.info\/sexshop001\/producto\/el-sueno-de-morfeo-pene-realistico\/"},"modified":"2022-01-22T14:42:58","modified_gmt":"2022-01-22T13:42:58","slug":"el-sueno-de-morfeo-pene-realistico","status":"publish","type":"product","link":"https:\/\/demoweb.info\/sexshop001\/producto\/el-sueno-de-morfeo-pene-realistico\/","title":{"rendered":"EL SUE\u00d1O DE MORFEO PENE REALISTICO"},"content":{"rendered":"<p><strong>MORPHEUS DREAMER VIBE 7.5 COCK<\/strong><\/p>\n<p>El Sue\u00f1o de Morfeo es un pene flexible y s\u00faper realista de 19 cm y escroto dise\u00f1ados especialmente en colores verdaderos y las venas de un hombre. Tiene un casquillo de succi\u00f3n fuerte, para que puedas pegar este miembro donde quiera. El vibrador est\u00e1 situado en la parte superior del pene para una sensibilidad adicional y viene con un mando que controla sus 3 velocidades.<\/p>\n<p>Pilas 3 AA no incluidas.<\/p>\n","protected":false},"excerpt":{"rendered":"<p>MORPHEUS DREAMER VIBE 7.5 COCK El Sue\u00f1o de Morfeo es un pene flexible y s\u00faper realista de 19 cm y<\/p>\n","protected":false},"featured_media":42500,"comment_status":"open","ping_status":"open","template":"","meta":[],"product_cat":[757],"product_tag":[941],"class_list":["post-42499","product","type-product","status-publish","has-post-thumbnail","hentry","product_cat-gelatina","product_tag-nmc"],"bundled_by":[],"bundle_stock_status":"outofstock","bundle_stock_quantity":0,"bundle_virtual":false,"bundle_layout":"","bundle_add_to_cart_form_location":"","bundle_editable_in_cart":false,"bundle_sold_individually_context":"","bundle_item_grouping":"","bundle_min_size":"","bundle_max_size":"","bundled_items":[],"yoast_head":"<!-- This site is optimized with the Yoast SEO plugin v20.6 - https:\/\/yoast.com\/wordpress\/plugins\/seo\/ -->\n<title>EL SUE\u00d1O DE MORFEO PENE REALISTICO - Tienda Er\u00f3tica<\/title>\n<meta name=\"robots\" content=\"noindex, follow, max-snippet:-1, max-image-preview:large, max-video-preview:-1\" \/>\n<meta property=\"og:locale\" content=\"es_ES\" \/>\n<meta property=\"og:type\" content=\"article\" \/>\n<meta property=\"og:title\" content=\"EL SUE\u00d1O DE MORFEO PENE REALISTICO - Tienda Er\u00f3tica\" \/>\n<meta property=\"og:description\" content=\"MORPHEUS DREAMER VIBE 7.5 COCK El Sue\u00f1o de Morfeo es un pene flexible y s\u00faper realista de 19 cm y\" \/>\n<meta property=\"og:url\" content=\"https:\/\/demoweb.info\/sexshop001\/producto\/el-sueno-de-morfeo-pene-realistico\/\" \/>\n<meta property=\"og:site_name\" content=\"Tienda Er\u00f3tica\" \/>\n<meta property=\"article:modified_time\" content=\"2022-01-22T13:42:58+00:00\" \/>\n<meta property=\"og:image\" content=\"https:\/\/demoweb.info\/sexshop001\/wp-content\/uploads\/2022\/01\/EL-SUENO-DE-MORFEO-PENE-REALISTICO.jpg\" \/>\n\t<meta property=\"og:image:width\" content=\"550\" \/>\n\t<meta property=\"og:image:height\" content=\"550\" \/>\n\t<meta property=\"og:image:type\" content=\"image\/jpeg\" \/>\n<meta name=\"twitter:card\" content=\"summary_large_image\" \/>\n<script type=\"application\/ld+json\" class=\"yoast-schema-graph\">{\"@context\":\"https:\/\/schema.org\",\"@graph\":[{\"@type\":\"WebPage\",\"@id\":\"https:\/\/demoweb.info\/sexshop001\/producto\/el-sueno-de-morfeo-pene-realistico\/\",\"url\":\"https:\/\/demoweb.info\/sexshop001\/producto\/el-sueno-de-morfeo-pene-realistico\/\",\"name\":\"EL SUE\u00d1O DE MORFEO PENE REALISTICO - Tienda Er\u00f3tica\",\"isPartOf\":{\"@id\":\"https:\/\/demoweb.info\/sexshop001\/#website\"},\"datePublished\":\"2022-01-22T13:42:56+00:00\",\"dateModified\":\"2022-01-22T13:42:58+00:00\",\"breadcrumb\":{\"@id\":\"https:\/\/demoweb.info\/sexshop001\/producto\/el-sueno-de-morfeo-pene-realistico\/#breadcrumb\"},\"inLanguage\":\"es\",\"potentialAction\":[{\"@type\":\"ReadAction\",\"target\":[\"https:\/\/demoweb.info\/sexshop001\/producto\/el-sueno-de-morfeo-pene-realistico\/\"]}]},{\"@type\":\"BreadcrumbList\",\"@id\":\"https:\/\/demoweb.info\/sexshop001\/producto\/el-sueno-de-morfeo-pene-realistico\/#breadcrumb\",\"itemListElement\":[{\"@type\":\"ListItem\",\"position\":1,\"name\":\"Portada\",\"item\":\"https:\/\/demoweb.info\/sexshop001\/\"},{\"@type\":\"ListItem\",\"position\":2,\"name\":\"Tienda\",\"item\":\"https:\/\/demoweb.info\/sexshop001\/tienda\/\"},{\"@type\":\"ListItem\",\"position\":3,\"name\":\"EL SUE\u00d1O DE MORFEO PENE REALISTICO\"}]},{\"@type\":\"WebSite\",\"@id\":\"https:\/\/demoweb.info\/sexshop001\/#website\",\"url\":\"https:\/\/demoweb.info\/sexshop001\/\",\"name\":\"Tienda Er\u00f3tica\",\"description\":\"DEMOWEB SL\",\"potentialAction\":[{\"@type\":\"SearchAction\",\"target\":{\"@type\":\"EntryPoint\",\"urlTemplate\":\"https:\/\/demoweb.info\/sexshop001\/?s={search_term_string}\"},\"query-input\":\"required name=search_term_string\"}],\"inLanguage\":\"es\"}]}<\/script>\n<!-- \/ Yoast SEO plugin. -->","yoast_head_json":{"title":"EL SUE\u00d1O DE MORFEO PENE REALISTICO - Tienda Er\u00f3tica","robots":{"index":"noindex","follow":"follow","max-snippet":"max-snippet:-1","max-image-preview":"max-image-preview:large","max-video-preview":"max-video-preview:-1"},"og_locale":"es_ES","og_type":"article","og_title":"EL SUE\u00d1O DE MORFEO PENE REALISTICO - Tienda Er\u00f3tica","og_description":"MORPHEUS DREAMER VIBE 7.5 COCK El Sue\u00f1o de Morfeo es un pene flexible y s\u00faper realista de 19 cm y","og_url":"https:\/\/demoweb.info\/sexshop001\/producto\/el-sueno-de-morfeo-pene-realistico\/","og_site_name":"Tienda Er\u00f3tica","article_modified_time":"2022-01-22T13:42:58+00:00","og_image":[{"width":550,"height":550,"url":"https:\/\/demoweb.info\/sexshop001\/wp-content\/uploads\/2022\/01\/EL-SUENO-DE-MORFEO-PENE-REALISTICO.jpg","type":"image\/jpeg"}],"twitter_card":"summary_large_image","schema":{"@context":"https:\/\/schema.org","@graph":[{"@type":"WebPage","@id":"https:\/\/demoweb.info\/sexshop001\/producto\/el-sueno-de-morfeo-pene-realistico\/","url":"https:\/\/demoweb.info\/sexshop001\/producto\/el-sueno-de-morfeo-pene-realistico\/","name":"EL SUE\u00d1O DE MORFEO PENE REALISTICO - Tienda Er\u00f3tica","isPartOf":{"@id":"https:\/\/demoweb.info\/sexshop001\/#website"},"datePublished":"2022-01-22T13:42:56+00:00","dateModified":"2022-01-22T13:42:58+00:00","breadcrumb":{"@id":"https:\/\/demoweb.info\/sexshop001\/producto\/el-sueno-de-morfeo-pene-realistico\/#breadcrumb"},"inLanguage":"es","potentialAction":[{"@type":"ReadAction","target":["https:\/\/demoweb.info\/sexshop001\/producto\/el-sueno-de-morfeo-pene-realistico\/"]}]},{"@type":"BreadcrumbList","@id":"https:\/\/demoweb.info\/sexshop001\/producto\/el-sueno-de-morfeo-pene-realistico\/#breadcrumb","itemListElement":[{"@type":"ListItem","position":1,"name":"Portada","item":"https:\/\/demoweb.info\/sexshop001\/"},{"@type":"ListItem","position":2,"name":"Tienda","item":"https:\/\/demoweb.info\/sexshop001\/tienda\/"},{"@type":"ListItem","position":3,"name":"EL SUE\u00d1O DE MORFEO PENE REALISTICO"}]},{"@type":"WebSite","@id":"https:\/\/demoweb.info\/sexshop001\/#website","url":"https:\/\/demoweb.info\/sexshop001\/","name":"Tienda Er\u00f3tica","description":"DEMOWEB SL","potentialAction":[{"@type":"SearchAction","target":{"@type":"EntryPoint","urlTemplate":"https:\/\/demoweb.info\/sexshop001\/?s={search_term_string}"},"query-input":"required name=search_term_string"}],"inLanguage":"es"}]}},"_links":{"self":[{"href":"https:\/\/demoweb.info\/sexshop001\/wp-json\/wp\/v3\/product\/42499","targetHints":{"allow":["GET"]}}],"collection":[{"href":"https:\/\/demoweb.info\/sexshop001\/wp-json\/wp\/v3\/product"}],"about":[{"href":"https:\/\/demoweb.info\/sexshop001\/wp-json\/wp\/v2\/types\/product"}],"replies":[{"embeddable":true,"href":"https:\/\/demoweb.info\/sexshop001\/wp-json\/wp\/v2\/comments?post=42499"}],"wp:featuredmedia":[{"embeddable":true,"href":"https:\/\/demoweb.info\/sexshop001\/wp-json\/wp\/v2\/media\/42500"}],"wp:attachment":[{"href":"https:\/\/demoweb.info\/sexshop001\/wp-json\/wp\/v2\/media?parent=42499"}],"wp:term":[{"taxonomy":"product_cat","embeddable":true,"href":"https:\/\/demoweb.info\/sexshop001\/wp-json\/wp\/v2\/product_cat?post=42499"},{"taxonomy":"product_tag","embeddable":true,"href":"https:\/\/demoweb.info\/sexshop001\/wp-json\/wp\/v2\/product_tag?post=42499"}],"curies":[{"name":"wp","href":"https:\/\/api.w.org\/{rel}","templated":true}]}}