{"id":42425,"date":"2022-01-22T14:42:05","date_gmt":"2022-01-22T13:42:05","guid":{"rendered":"https:\/\/demoweb.info\/sexshop001\/producto\/50-reflejos-de-la-oscuridad\/"},"modified":"2022-01-22T14:42:11","modified_gmt":"2022-01-22T13:42:11","slug":"50-reflejos-de-la-oscuridad","status":"publish","type":"product","link":"https:\/\/demoweb.info\/sexshop001\/producto\/50-reflejos-de-la-oscuridad\/","title":{"rendered":"50 REFLEJOS DE LA OSCURIDAD"},"content":{"rendered":"<p><strong>50 REFLEJOS DE LA OSCURIDAD<\/strong><\/p>\n<p>SUSANNA MANN<\/p>\n<p>La cara m\u00e1s oculta del amor y el deseo. Muchas mujeres han descubierto deslumbradas la ficci\u00f3n sensual y sugerente de la novela 50 SOMBRAS DE GREY que ha sido publicada en todo el mundo con enorme \u00e9xito. Probablemente ha sido un libro que ha abierto muchas expectativas a un p\u00fablico femenino \u00e1vido de nuevas experiencias y de acercarse a un mundo de intimidad sexual, considerado prohibido hasta hace poco. Bondage, dominaci\u00f3n, sadomasoquismo o la cara m\u00e1s oscura del amor. Este libro presenta una visi\u00f3n m\u00e1s profunda, directa y explicita de este mundo entre tinieblas del sexo m\u00e1s extremo. T\u00e9cnicas sexuales avanzadas, con breves relatos femeninos.<\/p>\n<p>160 P\u00e1ginas.<\/p>\n<p>Tapa blanda con solapa 145 x 225 mm<\/p>\n","protected":false},"excerpt":{"rendered":"<p>50 REFLEJOS DE LA OSCURIDAD SUSANNA MANN La cara m\u00e1s oculta del amor y el deseo. Muchas mujeres han descubierto<\/p>\n","protected":false},"featured_media":42426,"comment_status":"open","ping_status":"open","template":"","meta":[],"product_cat":[713],"product_tag":[1348],"class_list":["post-42425","product","type-product","status-publish","has-post-thumbnail","hentry","product_cat-libros-lectura","product_tag-robin-book"],"bundled_by":[],"bundle_stock_status":"instock","bundle_stock_quantity":1,"bundle_virtual":false,"bundle_layout":"","bundle_add_to_cart_form_location":"","bundle_editable_in_cart":false,"bundle_sold_individually_context":"","bundle_item_grouping":"","bundle_min_size":"","bundle_max_size":"","bundled_items":[],"yoast_head":"<!-- This site is optimized with the Yoast SEO plugin v20.6 - https:\/\/yoast.com\/wordpress\/plugins\/seo\/ -->\n<title>50 REFLEJOS DE LA OSCURIDAD - Tienda Er\u00f3tica<\/title>\n<meta name=\"robots\" content=\"noindex, follow, max-snippet:-1, max-image-preview:large, max-video-preview:-1\" \/>\n<meta property=\"og:locale\" content=\"es_ES\" \/>\n<meta property=\"og:type\" content=\"article\" \/>\n<meta property=\"og:title\" content=\"50 REFLEJOS DE LA OSCURIDAD - Tienda Er\u00f3tica\" \/>\n<meta property=\"og:description\" content=\"50 REFLEJOS DE LA OSCURIDAD SUSANNA MANN La cara m\u00e1s oculta del amor y el deseo. Muchas mujeres han descubierto\" \/>\n<meta property=\"og:url\" content=\"https:\/\/demoweb.info\/sexshop001\/producto\/50-reflejos-de-la-oscuridad\/\" \/>\n<meta property=\"og:site_name\" content=\"Tienda Er\u00f3tica\" \/>\n<meta property=\"article:modified_time\" content=\"2022-01-22T13:42:11+00:00\" \/>\n<meta property=\"og:image\" content=\"https:\/\/demoweb.info\/sexshop001\/wp-content\/uploads\/2022\/01\/50-REFLEJOS-DE-LA-OSCURIDAD.jpg\" \/>\n\t<meta property=\"og:image:width\" content=\"550\" \/>\n\t<meta property=\"og:image:height\" content=\"550\" \/>\n\t<meta property=\"og:image:type\" content=\"image\/jpeg\" \/>\n<meta name=\"twitter:card\" content=\"summary_large_image\" \/>\n<meta name=\"twitter:label1\" content=\"Tiempo de lectura\" \/>\n\t<meta name=\"twitter:data1\" content=\"1 minuto\" \/>\n<script type=\"application\/ld+json\" class=\"yoast-schema-graph\">{\"@context\":\"https:\/\/schema.org\",\"@graph\":[{\"@type\":\"WebPage\",\"@id\":\"https:\/\/demoweb.info\/sexshop001\/producto\/50-reflejos-de-la-oscuridad\/\",\"url\":\"https:\/\/demoweb.info\/sexshop001\/producto\/50-reflejos-de-la-oscuridad\/\",\"name\":\"50 REFLEJOS DE LA OSCURIDAD - Tienda Er\u00f3tica\",\"isPartOf\":{\"@id\":\"https:\/\/demoweb.info\/sexshop001\/#website\"},\"datePublished\":\"2022-01-22T13:42:05+00:00\",\"dateModified\":\"2022-01-22T13:42:11+00:00\",\"breadcrumb\":{\"@id\":\"https:\/\/demoweb.info\/sexshop001\/producto\/50-reflejos-de-la-oscuridad\/#breadcrumb\"},\"inLanguage\":\"es\",\"potentialAction\":[{\"@type\":\"ReadAction\",\"target\":[\"https:\/\/demoweb.info\/sexshop001\/producto\/50-reflejos-de-la-oscuridad\/\"]}]},{\"@type\":\"BreadcrumbList\",\"@id\":\"https:\/\/demoweb.info\/sexshop001\/producto\/50-reflejos-de-la-oscuridad\/#breadcrumb\",\"itemListElement\":[{\"@type\":\"ListItem\",\"position\":1,\"name\":\"Portada\",\"item\":\"https:\/\/demoweb.info\/sexshop001\/\"},{\"@type\":\"ListItem\",\"position\":2,\"name\":\"Tienda\",\"item\":\"https:\/\/demoweb.info\/sexshop001\/tienda\/\"},{\"@type\":\"ListItem\",\"position\":3,\"name\":\"50 REFLEJOS DE LA OSCURIDAD\"}]},{\"@type\":\"WebSite\",\"@id\":\"https:\/\/demoweb.info\/sexshop001\/#website\",\"url\":\"https:\/\/demoweb.info\/sexshop001\/\",\"name\":\"Tienda Er\u00f3tica\",\"description\":\"DEMOWEB SL\",\"potentialAction\":[{\"@type\":\"SearchAction\",\"target\":{\"@type\":\"EntryPoint\",\"urlTemplate\":\"https:\/\/demoweb.info\/sexshop001\/?s={search_term_string}\"},\"query-input\":\"required name=search_term_string\"}],\"inLanguage\":\"es\"}]}<\/script>\n<!-- \/ Yoast SEO plugin. -->","yoast_head_json":{"title":"50 REFLEJOS DE LA OSCURIDAD - Tienda Er\u00f3tica","robots":{"index":"noindex","follow":"follow","max-snippet":"max-snippet:-1","max-image-preview":"max-image-preview:large","max-video-preview":"max-video-preview:-1"},"og_locale":"es_ES","og_type":"article","og_title":"50 REFLEJOS DE LA OSCURIDAD - Tienda Er\u00f3tica","og_description":"50 REFLEJOS DE LA OSCURIDAD SUSANNA MANN La cara m\u00e1s oculta del amor y el deseo. Muchas mujeres han descubierto","og_url":"https:\/\/demoweb.info\/sexshop001\/producto\/50-reflejos-de-la-oscuridad\/","og_site_name":"Tienda Er\u00f3tica","article_modified_time":"2022-01-22T13:42:11+00:00","og_image":[{"width":550,"height":550,"url":"https:\/\/demoweb.info\/sexshop001\/wp-content\/uploads\/2022\/01\/50-REFLEJOS-DE-LA-OSCURIDAD.jpg","type":"image\/jpeg"}],"twitter_card":"summary_large_image","twitter_misc":{"Tiempo de lectura":"1 minuto"},"schema":{"@context":"https:\/\/schema.org","@graph":[{"@type":"WebPage","@id":"https:\/\/demoweb.info\/sexshop001\/producto\/50-reflejos-de-la-oscuridad\/","url":"https:\/\/demoweb.info\/sexshop001\/producto\/50-reflejos-de-la-oscuridad\/","name":"50 REFLEJOS DE LA OSCURIDAD - Tienda Er\u00f3tica","isPartOf":{"@id":"https:\/\/demoweb.info\/sexshop001\/#website"},"datePublished":"2022-01-22T13:42:05+00:00","dateModified":"2022-01-22T13:42:11+00:00","breadcrumb":{"@id":"https:\/\/demoweb.info\/sexshop001\/producto\/50-reflejos-de-la-oscuridad\/#breadcrumb"},"inLanguage":"es","potentialAction":[{"@type":"ReadAction","target":["https:\/\/demoweb.info\/sexshop001\/producto\/50-reflejos-de-la-oscuridad\/"]}]},{"@type":"BreadcrumbList","@id":"https:\/\/demoweb.info\/sexshop001\/producto\/50-reflejos-de-la-oscuridad\/#breadcrumb","itemListElement":[{"@type":"ListItem","position":1,"name":"Portada","item":"https:\/\/demoweb.info\/sexshop001\/"},{"@type":"ListItem","position":2,"name":"Tienda","item":"https:\/\/demoweb.info\/sexshop001\/tienda\/"},{"@type":"ListItem","position":3,"name":"50 REFLEJOS DE LA OSCURIDAD"}]},{"@type":"WebSite","@id":"https:\/\/demoweb.info\/sexshop001\/#website","url":"https:\/\/demoweb.info\/sexshop001\/","name":"Tienda Er\u00f3tica","description":"DEMOWEB SL","potentialAction":[{"@type":"SearchAction","target":{"@type":"EntryPoint","urlTemplate":"https:\/\/demoweb.info\/sexshop001\/?s={search_term_string}"},"query-input":"required name=search_term_string"}],"inLanguage":"es"}]}},"_links":{"self":[{"href":"https:\/\/demoweb.info\/sexshop001\/wp-json\/wp\/v3\/product\/42425","targetHints":{"allow":["GET"]}}],"collection":[{"href":"https:\/\/demoweb.info\/sexshop001\/wp-json\/wp\/v3\/product"}],"about":[{"href":"https:\/\/demoweb.info\/sexshop001\/wp-json\/wp\/v2\/types\/product"}],"replies":[{"embeddable":true,"href":"https:\/\/demoweb.info\/sexshop001\/wp-json\/wp\/v2\/comments?post=42425"}],"wp:featuredmedia":[{"embeddable":true,"href":"https:\/\/demoweb.info\/sexshop001\/wp-json\/wp\/v2\/media\/42426"}],"wp:attachment":[{"href":"https:\/\/demoweb.info\/sexshop001\/wp-json\/wp\/v2\/media?parent=42425"}],"wp:term":[{"taxonomy":"product_cat","embeddable":true,"href":"https:\/\/demoweb.info\/sexshop001\/wp-json\/wp\/v2\/product_cat?post=42425"},{"taxonomy":"product_tag","embeddable":true,"href":"https:\/\/demoweb.info\/sexshop001\/wp-json\/wp\/v2\/product_tag?post=42425"}],"curies":[{"name":"wp","href":"https:\/\/api.w.org\/{rel}","templated":true}]}}