{"id":42423,"date":"2022-01-22T14:42:05","date_gmt":"2022-01-22T13:42:05","guid":{"rendered":"https:\/\/demoweb.info\/sexshop001\/producto\/23-penumbras-del-deseo\/"},"modified":"2022-01-22T14:42:09","modified_gmt":"2022-01-22T13:42:09","slug":"23-penumbras-del-deseo","status":"publish","type":"product","link":"https:\/\/demoweb.info\/sexshop001\/producto\/23-penumbras-del-deseo\/","title":{"rendered":"23 PENUMBRAS DEL DESEO"},"content":{"rendered":"<p><strong>23 PENUMBRAS DEL DESEO<\/strong><\/p>\n<p><strong>VV.AA<\/strong><\/p>\n<p>Hurgue en los deseos m\u00e1s oscuros del alma femenina Solo para mujeres que osen ir m\u00e1s all\u00e1 de las sombras de Grey. 23 mujeres en busca de una aventura de placer, pasi\u00f3n y deseo. Un cautivador universo femenino de deseos hechos realidad que tratan temas, algunos inesperados y con sorpresa final y otros con la dosis justa de m orbo, fantas\u00eda y emociones desbocadas. \u00bfEst\u00e1n listo para explorar los abismos de la imaginaci\u00f3n femenina? \u00bfAnhelan descubrir las fantas\u00edas m\u00e1s oscuras de 23 afamadas escritoras francesas?.<\/p>\n<p>198 P\u00e1ginas.<\/p>\n<p>Tapa blanda con solapa 145 x 225 mm<\/p>\n","protected":false},"excerpt":{"rendered":"<p>23 PENUMBRAS DEL DESEO VV.AA Hurgue en los deseos m\u00e1s oscuros del alma femenina Solo para mujeres que osen ir<\/p>\n","protected":false},"featured_media":42424,"comment_status":"open","ping_status":"open","template":"","meta":[],"product_cat":[414],"product_tag":[1348],"class_list":["post-42423","product","type-product","status-publish","has-post-thumbnail","hentry","product_cat-libros","product_tag-robin-book"],"bundled_by":[],"bundle_stock_status":"instock","bundle_stock_quantity":1,"bundle_virtual":false,"bundle_layout":"","bundle_add_to_cart_form_location":"","bundle_editable_in_cart":false,"bundle_sold_individually_context":"","bundle_item_grouping":"","bundle_min_size":"","bundle_max_size":"","bundled_items":[],"yoast_head":"<!-- This site is optimized with the Yoast SEO plugin v20.6 - https:\/\/yoast.com\/wordpress\/plugins\/seo\/ -->\n<title>23 PENUMBRAS DEL DESEO - Tienda Er\u00f3tica<\/title>\n<meta name=\"robots\" content=\"noindex, follow, max-snippet:-1, max-image-preview:large, max-video-preview:-1\" \/>\n<meta property=\"og:locale\" content=\"es_ES\" \/>\n<meta property=\"og:type\" content=\"article\" \/>\n<meta property=\"og:title\" content=\"23 PENUMBRAS DEL DESEO - Tienda Er\u00f3tica\" \/>\n<meta property=\"og:description\" content=\"23 PENUMBRAS DEL DESEO VV.AA Hurgue en los deseos m\u00e1s oscuros del alma femenina Solo para mujeres que osen ir\" \/>\n<meta property=\"og:url\" content=\"https:\/\/demoweb.info\/sexshop001\/producto\/23-penumbras-del-deseo\/\" \/>\n<meta property=\"og:site_name\" content=\"Tienda Er\u00f3tica\" \/>\n<meta property=\"article:modified_time\" content=\"2022-01-22T13:42:09+00:00\" \/>\n<meta property=\"og:image\" content=\"https:\/\/demoweb.info\/sexshop001\/wp-content\/uploads\/2022\/01\/23-PENUMBRAS-DEL-DESEO.jpg\" \/>\n\t<meta property=\"og:image:width\" content=\"550\" \/>\n\t<meta property=\"og:image:height\" content=\"550\" \/>\n\t<meta property=\"og:image:type\" content=\"image\/jpeg\" \/>\n<meta name=\"twitter:card\" content=\"summary_large_image\" \/>\n<meta name=\"twitter:label1\" content=\"Tiempo de lectura\" \/>\n\t<meta name=\"twitter:data1\" content=\"1 minuto\" \/>\n<script type=\"application\/ld+json\" class=\"yoast-schema-graph\">{\"@context\":\"https:\/\/schema.org\",\"@graph\":[{\"@type\":\"WebPage\",\"@id\":\"https:\/\/demoweb.info\/sexshop001\/producto\/23-penumbras-del-deseo\/\",\"url\":\"https:\/\/demoweb.info\/sexshop001\/producto\/23-penumbras-del-deseo\/\",\"name\":\"23 PENUMBRAS DEL DESEO - Tienda Er\u00f3tica\",\"isPartOf\":{\"@id\":\"https:\/\/demoweb.info\/sexshop001\/#website\"},\"datePublished\":\"2022-01-22T13:42:05+00:00\",\"dateModified\":\"2022-01-22T13:42:09+00:00\",\"breadcrumb\":{\"@id\":\"https:\/\/demoweb.info\/sexshop001\/producto\/23-penumbras-del-deseo\/#breadcrumb\"},\"inLanguage\":\"es\",\"potentialAction\":[{\"@type\":\"ReadAction\",\"target\":[\"https:\/\/demoweb.info\/sexshop001\/producto\/23-penumbras-del-deseo\/\"]}]},{\"@type\":\"BreadcrumbList\",\"@id\":\"https:\/\/demoweb.info\/sexshop001\/producto\/23-penumbras-del-deseo\/#breadcrumb\",\"itemListElement\":[{\"@type\":\"ListItem\",\"position\":1,\"name\":\"Portada\",\"item\":\"https:\/\/demoweb.info\/sexshop001\/\"},{\"@type\":\"ListItem\",\"position\":2,\"name\":\"Tienda\",\"item\":\"https:\/\/demoweb.info\/sexshop001\/tienda\/\"},{\"@type\":\"ListItem\",\"position\":3,\"name\":\"23 PENUMBRAS DEL DESEO\"}]},{\"@type\":\"WebSite\",\"@id\":\"https:\/\/demoweb.info\/sexshop001\/#website\",\"url\":\"https:\/\/demoweb.info\/sexshop001\/\",\"name\":\"Tienda Er\u00f3tica\",\"description\":\"DEMOWEB SL\",\"potentialAction\":[{\"@type\":\"SearchAction\",\"target\":{\"@type\":\"EntryPoint\",\"urlTemplate\":\"https:\/\/demoweb.info\/sexshop001\/?s={search_term_string}\"},\"query-input\":\"required name=search_term_string\"}],\"inLanguage\":\"es\"}]}<\/script>\n<!-- \/ Yoast SEO plugin. -->","yoast_head_json":{"title":"23 PENUMBRAS DEL DESEO - Tienda Er\u00f3tica","robots":{"index":"noindex","follow":"follow","max-snippet":"max-snippet:-1","max-image-preview":"max-image-preview:large","max-video-preview":"max-video-preview:-1"},"og_locale":"es_ES","og_type":"article","og_title":"23 PENUMBRAS DEL DESEO - Tienda Er\u00f3tica","og_description":"23 PENUMBRAS DEL DESEO VV.AA Hurgue en los deseos m\u00e1s oscuros del alma femenina Solo para mujeres que osen ir","og_url":"https:\/\/demoweb.info\/sexshop001\/producto\/23-penumbras-del-deseo\/","og_site_name":"Tienda Er\u00f3tica","article_modified_time":"2022-01-22T13:42:09+00:00","og_image":[{"width":550,"height":550,"url":"https:\/\/demoweb.info\/sexshop001\/wp-content\/uploads\/2022\/01\/23-PENUMBRAS-DEL-DESEO.jpg","type":"image\/jpeg"}],"twitter_card":"summary_large_image","twitter_misc":{"Tiempo de lectura":"1 minuto"},"schema":{"@context":"https:\/\/schema.org","@graph":[{"@type":"WebPage","@id":"https:\/\/demoweb.info\/sexshop001\/producto\/23-penumbras-del-deseo\/","url":"https:\/\/demoweb.info\/sexshop001\/producto\/23-penumbras-del-deseo\/","name":"23 PENUMBRAS DEL DESEO - Tienda Er\u00f3tica","isPartOf":{"@id":"https:\/\/demoweb.info\/sexshop001\/#website"},"datePublished":"2022-01-22T13:42:05+00:00","dateModified":"2022-01-22T13:42:09+00:00","breadcrumb":{"@id":"https:\/\/demoweb.info\/sexshop001\/producto\/23-penumbras-del-deseo\/#breadcrumb"},"inLanguage":"es","potentialAction":[{"@type":"ReadAction","target":["https:\/\/demoweb.info\/sexshop001\/producto\/23-penumbras-del-deseo\/"]}]},{"@type":"BreadcrumbList","@id":"https:\/\/demoweb.info\/sexshop001\/producto\/23-penumbras-del-deseo\/#breadcrumb","itemListElement":[{"@type":"ListItem","position":1,"name":"Portada","item":"https:\/\/demoweb.info\/sexshop001\/"},{"@type":"ListItem","position":2,"name":"Tienda","item":"https:\/\/demoweb.info\/sexshop001\/tienda\/"},{"@type":"ListItem","position":3,"name":"23 PENUMBRAS DEL DESEO"}]},{"@type":"WebSite","@id":"https:\/\/demoweb.info\/sexshop001\/#website","url":"https:\/\/demoweb.info\/sexshop001\/","name":"Tienda Er\u00f3tica","description":"DEMOWEB SL","potentialAction":[{"@type":"SearchAction","target":{"@type":"EntryPoint","urlTemplate":"https:\/\/demoweb.info\/sexshop001\/?s={search_term_string}"},"query-input":"required name=search_term_string"}],"inLanguage":"es"}]}},"_links":{"self":[{"href":"https:\/\/demoweb.info\/sexshop001\/wp-json\/wp\/v3\/product\/42423","targetHints":{"allow":["GET"]}}],"collection":[{"href":"https:\/\/demoweb.info\/sexshop001\/wp-json\/wp\/v3\/product"}],"about":[{"href":"https:\/\/demoweb.info\/sexshop001\/wp-json\/wp\/v2\/types\/product"}],"replies":[{"embeddable":true,"href":"https:\/\/demoweb.info\/sexshop001\/wp-json\/wp\/v2\/comments?post=42423"}],"wp:featuredmedia":[{"embeddable":true,"href":"https:\/\/demoweb.info\/sexshop001\/wp-json\/wp\/v2\/media\/42424"}],"wp:attachment":[{"href":"https:\/\/demoweb.info\/sexshop001\/wp-json\/wp\/v2\/media?parent=42423"}],"wp:term":[{"taxonomy":"product_cat","embeddable":true,"href":"https:\/\/demoweb.info\/sexshop001\/wp-json\/wp\/v2\/product_cat?post=42423"},{"taxonomy":"product_tag","embeddable":true,"href":"https:\/\/demoweb.info\/sexshop001\/wp-json\/wp\/v2\/product_tag?post=42423"}],"curies":[{"name":"wp","href":"https:\/\/api.w.org\/{rel}","templated":true}]}}