{"id":42421,"date":"2022-01-22T14:42:05","date_gmt":"2022-01-22T13:42:05","guid":{"rendered":"https:\/\/demoweb.info\/sexshop001\/producto\/1000-curiosidades-sexuales\/"},"modified":"2022-01-22T14:42:08","modified_gmt":"2022-01-22T13:42:08","slug":"1000-curiosidades-sexuales","status":"publish","type":"product","link":"https:\/\/demoweb.info\/sexshop001\/producto\/1000-curiosidades-sexuales\/","title":{"rendered":"1000 CURIOSIDADES SEXUALES"},"content":{"rendered":"<p><strong>1000 CURIOSIDADES SEXUALES<\/strong><\/p>\n<p><strong>Marc Dannam.<\/strong><\/p>\n<p>Posiciones divertidas, fantas\u00edas masculinas, fetichismos y perversiones muy originales, lugares excitantes para hacer el amor. Este manual pr\u00e1ctico es la mejor herramienta para adentrarse placer. En este libro descubrir\u00e1s t\u00e9cnicas que mejorar\u00e1n tu vida sexual en adelante, por ejemplo c\u00f3mo practicar una felaci\u00f3n con \u00e9xito, c \u00f3mo elaborar un filtro de amor, c\u00f3mo acertar con un estriptis o c\u00f3mo mantener una erecci\u00f3n. Pero el lector tambi\u00e9n conocer\u00e1 cu\u00e1les fueron las cortesanas m\u00e1s famosas de la historia, cu\u00e1les han sido las mejores escenas pornogr\u00e1ficas del cine X o qu\u00e9 objetos son imprescindibles en la mesita de noche de cualquier buen amante.<\/p>\n<p>208 P\u00e1ginas.<\/p>\n<p>Tapa blanda 144 x 220 mm<\/p>\n","protected":false},"excerpt":{"rendered":"<p>1000 CURIOSIDADES SEXUALES Marc Dannam. Posiciones divertidas, fantas\u00edas masculinas, fetichismos y perversiones muy originales, lugares excitantes para hacer el amor.<\/p>\n","protected":false},"featured_media":42422,"comment_status":"open","ping_status":"open","template":"","meta":[],"product_cat":[414],"product_tag":[1348],"class_list":["post-42421","product","type-product","status-publish","has-post-thumbnail","hentry","product_cat-libros","product_tag-robin-book"],"bundled_by":[],"bundle_stock_status":"instock","bundle_stock_quantity":2,"bundle_virtual":false,"bundle_layout":"","bundle_add_to_cart_form_location":"","bundle_editable_in_cart":false,"bundle_sold_individually_context":"","bundle_item_grouping":"","bundle_min_size":"","bundle_max_size":"","bundled_items":[],"yoast_head":"<!-- This site is optimized with the Yoast SEO plugin v20.6 - https:\/\/yoast.com\/wordpress\/plugins\/seo\/ -->\n<title>1000 CURIOSIDADES SEXUALES - Tienda Er\u00f3tica<\/title>\n<meta name=\"robots\" content=\"noindex, follow, max-snippet:-1, max-image-preview:large, max-video-preview:-1\" \/>\n<meta property=\"og:locale\" content=\"es_ES\" \/>\n<meta property=\"og:type\" content=\"article\" \/>\n<meta property=\"og:title\" content=\"1000 CURIOSIDADES SEXUALES - Tienda Er\u00f3tica\" \/>\n<meta property=\"og:description\" content=\"1000 CURIOSIDADES SEXUALES Marc Dannam. Posiciones divertidas, fantas\u00edas masculinas, fetichismos y perversiones muy originales, lugares excitantes para hacer el amor.\" \/>\n<meta property=\"og:url\" content=\"https:\/\/demoweb.info\/sexshop001\/producto\/1000-curiosidades-sexuales\/\" \/>\n<meta property=\"og:site_name\" content=\"Tienda Er\u00f3tica\" \/>\n<meta property=\"article:modified_time\" content=\"2022-01-22T13:42:08+00:00\" \/>\n<meta property=\"og:image\" content=\"https:\/\/demoweb.info\/sexshop001\/wp-content\/uploads\/2022\/01\/1000-CURIOSIDADES-SEXUALES.jpg\" \/>\n\t<meta property=\"og:image:width\" content=\"550\" \/>\n\t<meta property=\"og:image:height\" content=\"550\" \/>\n\t<meta property=\"og:image:type\" content=\"image\/jpeg\" \/>\n<meta name=\"twitter:card\" content=\"summary_large_image\" \/>\n<meta name=\"twitter:label1\" content=\"Tiempo de lectura\" \/>\n\t<meta name=\"twitter:data1\" content=\"1 minuto\" \/>\n<script type=\"application\/ld+json\" class=\"yoast-schema-graph\">{\"@context\":\"https:\/\/schema.org\",\"@graph\":[{\"@type\":\"WebPage\",\"@id\":\"https:\/\/demoweb.info\/sexshop001\/producto\/1000-curiosidades-sexuales\/\",\"url\":\"https:\/\/demoweb.info\/sexshop001\/producto\/1000-curiosidades-sexuales\/\",\"name\":\"1000 CURIOSIDADES SEXUALES - Tienda Er\u00f3tica\",\"isPartOf\":{\"@id\":\"https:\/\/demoweb.info\/sexshop001\/#website\"},\"datePublished\":\"2022-01-22T13:42:05+00:00\",\"dateModified\":\"2022-01-22T13:42:08+00:00\",\"breadcrumb\":{\"@id\":\"https:\/\/demoweb.info\/sexshop001\/producto\/1000-curiosidades-sexuales\/#breadcrumb\"},\"inLanguage\":\"es\",\"potentialAction\":[{\"@type\":\"ReadAction\",\"target\":[\"https:\/\/demoweb.info\/sexshop001\/producto\/1000-curiosidades-sexuales\/\"]}]},{\"@type\":\"BreadcrumbList\",\"@id\":\"https:\/\/demoweb.info\/sexshop001\/producto\/1000-curiosidades-sexuales\/#breadcrumb\",\"itemListElement\":[{\"@type\":\"ListItem\",\"position\":1,\"name\":\"Portada\",\"item\":\"https:\/\/demoweb.info\/sexshop001\/\"},{\"@type\":\"ListItem\",\"position\":2,\"name\":\"Tienda\",\"item\":\"https:\/\/demoweb.info\/sexshop001\/tienda\/\"},{\"@type\":\"ListItem\",\"position\":3,\"name\":\"1000 CURIOSIDADES SEXUALES\"}]},{\"@type\":\"WebSite\",\"@id\":\"https:\/\/demoweb.info\/sexshop001\/#website\",\"url\":\"https:\/\/demoweb.info\/sexshop001\/\",\"name\":\"Tienda Er\u00f3tica\",\"description\":\"DEMOWEB SL\",\"potentialAction\":[{\"@type\":\"SearchAction\",\"target\":{\"@type\":\"EntryPoint\",\"urlTemplate\":\"https:\/\/demoweb.info\/sexshop001\/?s={search_term_string}\"},\"query-input\":\"required name=search_term_string\"}],\"inLanguage\":\"es\"}]}<\/script>\n<!-- \/ Yoast SEO plugin. -->","yoast_head_json":{"title":"1000 CURIOSIDADES SEXUALES - Tienda Er\u00f3tica","robots":{"index":"noindex","follow":"follow","max-snippet":"max-snippet:-1","max-image-preview":"max-image-preview:large","max-video-preview":"max-video-preview:-1"},"og_locale":"es_ES","og_type":"article","og_title":"1000 CURIOSIDADES SEXUALES - Tienda Er\u00f3tica","og_description":"1000 CURIOSIDADES SEXUALES Marc Dannam. Posiciones divertidas, fantas\u00edas masculinas, fetichismos y perversiones muy originales, lugares excitantes para hacer el amor.","og_url":"https:\/\/demoweb.info\/sexshop001\/producto\/1000-curiosidades-sexuales\/","og_site_name":"Tienda Er\u00f3tica","article_modified_time":"2022-01-22T13:42:08+00:00","og_image":[{"width":550,"height":550,"url":"https:\/\/demoweb.info\/sexshop001\/wp-content\/uploads\/2022\/01\/1000-CURIOSIDADES-SEXUALES.jpg","type":"image\/jpeg"}],"twitter_card":"summary_large_image","twitter_misc":{"Tiempo de lectura":"1 minuto"},"schema":{"@context":"https:\/\/schema.org","@graph":[{"@type":"WebPage","@id":"https:\/\/demoweb.info\/sexshop001\/producto\/1000-curiosidades-sexuales\/","url":"https:\/\/demoweb.info\/sexshop001\/producto\/1000-curiosidades-sexuales\/","name":"1000 CURIOSIDADES SEXUALES - Tienda Er\u00f3tica","isPartOf":{"@id":"https:\/\/demoweb.info\/sexshop001\/#website"},"datePublished":"2022-01-22T13:42:05+00:00","dateModified":"2022-01-22T13:42:08+00:00","breadcrumb":{"@id":"https:\/\/demoweb.info\/sexshop001\/producto\/1000-curiosidades-sexuales\/#breadcrumb"},"inLanguage":"es","potentialAction":[{"@type":"ReadAction","target":["https:\/\/demoweb.info\/sexshop001\/producto\/1000-curiosidades-sexuales\/"]}]},{"@type":"BreadcrumbList","@id":"https:\/\/demoweb.info\/sexshop001\/producto\/1000-curiosidades-sexuales\/#breadcrumb","itemListElement":[{"@type":"ListItem","position":1,"name":"Portada","item":"https:\/\/demoweb.info\/sexshop001\/"},{"@type":"ListItem","position":2,"name":"Tienda","item":"https:\/\/demoweb.info\/sexshop001\/tienda\/"},{"@type":"ListItem","position":3,"name":"1000 CURIOSIDADES SEXUALES"}]},{"@type":"WebSite","@id":"https:\/\/demoweb.info\/sexshop001\/#website","url":"https:\/\/demoweb.info\/sexshop001\/","name":"Tienda Er\u00f3tica","description":"DEMOWEB SL","potentialAction":[{"@type":"SearchAction","target":{"@type":"EntryPoint","urlTemplate":"https:\/\/demoweb.info\/sexshop001\/?s={search_term_string}"},"query-input":"required name=search_term_string"}],"inLanguage":"es"}]}},"_links":{"self":[{"href":"https:\/\/demoweb.info\/sexshop001\/wp-json\/wp\/v3\/product\/42421","targetHints":{"allow":["GET"]}}],"collection":[{"href":"https:\/\/demoweb.info\/sexshop001\/wp-json\/wp\/v3\/product"}],"about":[{"href":"https:\/\/demoweb.info\/sexshop001\/wp-json\/wp\/v2\/types\/product"}],"replies":[{"embeddable":true,"href":"https:\/\/demoweb.info\/sexshop001\/wp-json\/wp\/v2\/comments?post=42421"}],"wp:featuredmedia":[{"embeddable":true,"href":"https:\/\/demoweb.info\/sexshop001\/wp-json\/wp\/v2\/media\/42422"}],"wp:attachment":[{"href":"https:\/\/demoweb.info\/sexshop001\/wp-json\/wp\/v2\/media?parent=42421"}],"wp:term":[{"taxonomy":"product_cat","embeddable":true,"href":"https:\/\/demoweb.info\/sexshop001\/wp-json\/wp\/v2\/product_cat?post=42421"},{"taxonomy":"product_tag","embeddable":true,"href":"https:\/\/demoweb.info\/sexshop001\/wp-json\/wp\/v2\/product_tag?post=42421"}],"curies":[{"name":"wp","href":"https:\/\/api.w.org\/{rel}","templated":true}]}}