{"id":42338,"date":"2022-01-22T14:41:17","date_gmt":"2022-01-22T13:41:17","guid":{"rendered":"https:\/\/demoweb.info\/sexshop001\/producto\/alguien-como-tu-mi-eleccion-ii\/"},"modified":"2022-01-22T14:41:20","modified_gmt":"2022-01-22T13:41:20","slug":"alguien-como-tu-mi-eleccion-ii","status":"publish","type":"product","link":"https:\/\/demoweb.info\/sexshop001\/producto\/alguien-como-tu-mi-eleccion-ii\/","title":{"rendered":"ALGUIEN COMO TU. MI ELECCION II"},"content":{"rendered":"<p><strong>ALGUIEN COMO TU. MI ELECCION II<\/strong><\/p>\n<p><strong>EL\u00cdSABET BENAVENT<\/strong><\/p>\n<p><strong>Eng\u00e1nchate al fen\u00f3meno Alba<\/strong> <strong>\u00a1Te vas a enamorar!<\/strong> Alba se siente culpable. No sabe c\u00f3mo actuar. Hugo y Nicol\u00e1s se han volatizado y no puede imaginar su vida sin ellos. Alba se refugia en su estudio, no quiere ver a nadie. Alba empieza a beber para desconectar hasta que Hugo la libera de su culpa. Falta Nico para cerrar el c\u00edrculo y que todo vuelva a ser como antes. Pero Nico es tozudo, Hugo duda y Alba no quiere tirar la toalla.<\/p>\n<p>Despu\u00e9s del \u00e9xito de las sagas Valeria y Silvia, con m\u00e1s de 100.000 ejemplares vendidos, El\u00edsabet Benavent regresa con m\u00e1s fuerza que nunca para hablarte del amor en estado puro, de la atracci\u00f3n entre opuestos y de la necesidad de olvidar los prejuicios para simplemente amar. \u00bfQuieres seguir jugando? Sugerente, emotiva, f\u00edsica, mental, <em>Alguien como t\u00fa<\/em>, la segunda entrega de Mi elecci\u00f3n te har\u00e1 arder en deseo&#8230; Acelerar\u00e1 tu coraz\u00f3n.<\/p>\n<p>440 P\u00e1ginas.<\/p>\n<p>Tapa blanda con solapa 152 X 230 mm<\/p>\n","protected":false},"excerpt":{"rendered":"<p>ALGUIEN COMO TU. MI ELECCION II EL\u00cdSABET BENAVENT Eng\u00e1nchate al fen\u00f3meno Alba \u00a1Te vas a enamorar! Alba se siente culpable.<\/p>\n","protected":false},"featured_media":42339,"comment_status":"open","ping_status":"open","template":"","meta":[],"product_cat":[713],"product_tag":[415,1258],"class_list":["post-42338","product","type-product","status-publish","has-post-thumbnail","hentry","product_cat-libros-lectura","product_tag-random-house","product_tag-suma-de-letras"],"bundled_by":[],"bundle_stock_status":"instock","bundle_stock_quantity":3,"bundle_virtual":false,"bundle_layout":"","bundle_add_to_cart_form_location":"","bundle_editable_in_cart":false,"bundle_sold_individually_context":"","bundle_item_grouping":"","bundle_min_size":"","bundle_max_size":"","bundled_items":[],"yoast_head":"<!-- This site is optimized with the Yoast SEO plugin v20.6 - https:\/\/yoast.com\/wordpress\/plugins\/seo\/ -->\n<title>ALGUIEN COMO TU. MI ELECCION II - Tienda Er\u00f3tica<\/title>\n<meta name=\"robots\" content=\"noindex, follow, max-snippet:-1, max-image-preview:large, max-video-preview:-1\" \/>\n<meta property=\"og:locale\" content=\"es_ES\" \/>\n<meta property=\"og:type\" content=\"article\" \/>\n<meta property=\"og:title\" content=\"ALGUIEN COMO TU. MI ELECCION II - Tienda Er\u00f3tica\" \/>\n<meta property=\"og:description\" content=\"ALGUIEN COMO TU. MI ELECCION II EL\u00cdSABET BENAVENT Eng\u00e1nchate al fen\u00f3meno Alba \u00a1Te vas a enamorar! Alba se siente culpable.\" \/>\n<meta property=\"og:url\" content=\"https:\/\/demoweb.info\/sexshop001\/producto\/alguien-como-tu-mi-eleccion-ii\/\" \/>\n<meta property=\"og:site_name\" content=\"Tienda Er\u00f3tica\" \/>\n<meta property=\"article:modified_time\" content=\"2022-01-22T13:41:20+00:00\" \/>\n<meta property=\"og:image\" content=\"https:\/\/demoweb.info\/sexshop001\/wp-content\/uploads\/2022\/01\/ALGUIEN-COMO-TU.-MI-ELECCION-II.jpg\" \/>\n\t<meta property=\"og:image:width\" content=\"550\" \/>\n\t<meta property=\"og:image:height\" content=\"550\" \/>\n\t<meta property=\"og:image:type\" content=\"image\/jpeg\" \/>\n<meta name=\"twitter:card\" content=\"summary_large_image\" \/>\n<meta name=\"twitter:label1\" content=\"Tiempo de lectura\" \/>\n\t<meta name=\"twitter:data1\" content=\"1 minuto\" \/>\n<script type=\"application\/ld+json\" class=\"yoast-schema-graph\">{\"@context\":\"https:\/\/schema.org\",\"@graph\":[{\"@type\":\"WebPage\",\"@id\":\"https:\/\/demoweb.info\/sexshop001\/producto\/alguien-como-tu-mi-eleccion-ii\/\",\"url\":\"https:\/\/demoweb.info\/sexshop001\/producto\/alguien-como-tu-mi-eleccion-ii\/\",\"name\":\"ALGUIEN COMO TU. MI ELECCION II - Tienda Er\u00f3tica\",\"isPartOf\":{\"@id\":\"https:\/\/demoweb.info\/sexshop001\/#website\"},\"datePublished\":\"2022-01-22T13:41:17+00:00\",\"dateModified\":\"2022-01-22T13:41:20+00:00\",\"breadcrumb\":{\"@id\":\"https:\/\/demoweb.info\/sexshop001\/producto\/alguien-como-tu-mi-eleccion-ii\/#breadcrumb\"},\"inLanguage\":\"es\",\"potentialAction\":[{\"@type\":\"ReadAction\",\"target\":[\"https:\/\/demoweb.info\/sexshop001\/producto\/alguien-como-tu-mi-eleccion-ii\/\"]}]},{\"@type\":\"BreadcrumbList\",\"@id\":\"https:\/\/demoweb.info\/sexshop001\/producto\/alguien-como-tu-mi-eleccion-ii\/#breadcrumb\",\"itemListElement\":[{\"@type\":\"ListItem\",\"position\":1,\"name\":\"Portada\",\"item\":\"https:\/\/demoweb.info\/sexshop001\/\"},{\"@type\":\"ListItem\",\"position\":2,\"name\":\"Tienda\",\"item\":\"https:\/\/demoweb.info\/sexshop001\/tienda\/\"},{\"@type\":\"ListItem\",\"position\":3,\"name\":\"ALGUIEN COMO TU. MI ELECCION II\"}]},{\"@type\":\"WebSite\",\"@id\":\"https:\/\/demoweb.info\/sexshop001\/#website\",\"url\":\"https:\/\/demoweb.info\/sexshop001\/\",\"name\":\"Tienda Er\u00f3tica\",\"description\":\"DEMOWEB SL\",\"potentialAction\":[{\"@type\":\"SearchAction\",\"target\":{\"@type\":\"EntryPoint\",\"urlTemplate\":\"https:\/\/demoweb.info\/sexshop001\/?s={search_term_string}\"},\"query-input\":\"required name=search_term_string\"}],\"inLanguage\":\"es\"}]}<\/script>\n<!-- \/ Yoast SEO plugin. -->","yoast_head_json":{"title":"ALGUIEN COMO TU. MI ELECCION II - Tienda Er\u00f3tica","robots":{"index":"noindex","follow":"follow","max-snippet":"max-snippet:-1","max-image-preview":"max-image-preview:large","max-video-preview":"max-video-preview:-1"},"og_locale":"es_ES","og_type":"article","og_title":"ALGUIEN COMO TU. MI ELECCION II - Tienda Er\u00f3tica","og_description":"ALGUIEN COMO TU. MI ELECCION II EL\u00cdSABET BENAVENT Eng\u00e1nchate al fen\u00f3meno Alba \u00a1Te vas a enamorar! Alba se siente culpable.","og_url":"https:\/\/demoweb.info\/sexshop001\/producto\/alguien-como-tu-mi-eleccion-ii\/","og_site_name":"Tienda Er\u00f3tica","article_modified_time":"2022-01-22T13:41:20+00:00","og_image":[{"width":550,"height":550,"url":"https:\/\/demoweb.info\/sexshop001\/wp-content\/uploads\/2022\/01\/ALGUIEN-COMO-TU.-MI-ELECCION-II.jpg","type":"image\/jpeg"}],"twitter_card":"summary_large_image","twitter_misc":{"Tiempo de lectura":"1 minuto"},"schema":{"@context":"https:\/\/schema.org","@graph":[{"@type":"WebPage","@id":"https:\/\/demoweb.info\/sexshop001\/producto\/alguien-como-tu-mi-eleccion-ii\/","url":"https:\/\/demoweb.info\/sexshop001\/producto\/alguien-como-tu-mi-eleccion-ii\/","name":"ALGUIEN COMO TU. MI ELECCION II - Tienda Er\u00f3tica","isPartOf":{"@id":"https:\/\/demoweb.info\/sexshop001\/#website"},"datePublished":"2022-01-22T13:41:17+00:00","dateModified":"2022-01-22T13:41:20+00:00","breadcrumb":{"@id":"https:\/\/demoweb.info\/sexshop001\/producto\/alguien-como-tu-mi-eleccion-ii\/#breadcrumb"},"inLanguage":"es","potentialAction":[{"@type":"ReadAction","target":["https:\/\/demoweb.info\/sexshop001\/producto\/alguien-como-tu-mi-eleccion-ii\/"]}]},{"@type":"BreadcrumbList","@id":"https:\/\/demoweb.info\/sexshop001\/producto\/alguien-como-tu-mi-eleccion-ii\/#breadcrumb","itemListElement":[{"@type":"ListItem","position":1,"name":"Portada","item":"https:\/\/demoweb.info\/sexshop001\/"},{"@type":"ListItem","position":2,"name":"Tienda","item":"https:\/\/demoweb.info\/sexshop001\/tienda\/"},{"@type":"ListItem","position":3,"name":"ALGUIEN COMO TU. MI ELECCION II"}]},{"@type":"WebSite","@id":"https:\/\/demoweb.info\/sexshop001\/#website","url":"https:\/\/demoweb.info\/sexshop001\/","name":"Tienda Er\u00f3tica","description":"DEMOWEB SL","potentialAction":[{"@type":"SearchAction","target":{"@type":"EntryPoint","urlTemplate":"https:\/\/demoweb.info\/sexshop001\/?s={search_term_string}"},"query-input":"required name=search_term_string"}],"inLanguage":"es"}]}},"_links":{"self":[{"href":"https:\/\/demoweb.info\/sexshop001\/wp-json\/wp\/v3\/product\/42338","targetHints":{"allow":["GET"]}}],"collection":[{"href":"https:\/\/demoweb.info\/sexshop001\/wp-json\/wp\/v3\/product"}],"about":[{"href":"https:\/\/demoweb.info\/sexshop001\/wp-json\/wp\/v2\/types\/product"}],"replies":[{"embeddable":true,"href":"https:\/\/demoweb.info\/sexshop001\/wp-json\/wp\/v2\/comments?post=42338"}],"wp:featuredmedia":[{"embeddable":true,"href":"https:\/\/demoweb.info\/sexshop001\/wp-json\/wp\/v2\/media\/42339"}],"wp:attachment":[{"href":"https:\/\/demoweb.info\/sexshop001\/wp-json\/wp\/v2\/media?parent=42338"}],"wp:term":[{"taxonomy":"product_cat","embeddable":true,"href":"https:\/\/demoweb.info\/sexshop001\/wp-json\/wp\/v2\/product_cat?post=42338"},{"taxonomy":"product_tag","embeddable":true,"href":"https:\/\/demoweb.info\/sexshop001\/wp-json\/wp\/v2\/product_tag?post=42338"}],"curies":[{"name":"wp","href":"https:\/\/api.w.org\/{rel}","templated":true}]}}