{"id":42324,"date":"2022-01-22T14:41:05","date_gmt":"2022-01-22T13:41:05","guid":{"rendered":"https:\/\/demoweb.info\/sexshop001\/producto\/panteras-2\/"},"modified":"2022-01-22T14:41:11","modified_gmt":"2022-01-22T13:41:11","slug":"panteras-2","status":"publish","type":"product","link":"https:\/\/demoweb.info\/sexshop001\/producto\/panteras-2\/","title":{"rendered":"PANTERAS"},"content":{"rendered":"<p><strong>PANTERAS<\/strong><\/p>\n<p><strong>LENA VALENTI.<\/strong><\/p>\n<p>Inglaterra, siglo XIX. Katherine ha regresado al lugar de donde la rechazaron por enfrentarse a una sociedad hip\u00f3crita, al padre que no la defendi\u00f3 y, sobre todo, al hombre que no la am\u00f3 lo suficiente como para creer en su inocencia. Ella ha cambiado y, con su atrevimiento y sus ansias de venganza, est\u00e1 dispuesta a acechar a los que la traicionaron. Y no est\u00e1 sola en su prop\u00f3sito. Katherine y sus Panteras luchar\u00e1n para ense\u00f1ar a los hombres y<\/p>\n<p>las mujeres de su naci\u00f3n que todos guardamos secretos bajo llave. Siendo una dama, la acusaron de libertina. Siendo libertina, demostrar\u00e1 qu\u00e9 significa ser una verdadera dama, aunque ello implique jugarse la vida. Un desaf\u00edo en toda regla. Quien est\u00e9 libre de culpa que tire la primera piedra. Un\u00edos a las Panteras. <strong>Una historia de amor jam\u00e1s contada llena de erotismo, aventuras y emociones a flor de piel.<\/strong><\/p>\n<p>\n512 P\u00e1ginas.<\/p>\n<p>Tapa blanda 125 X 190 mm<\/p>\n","protected":false},"excerpt":{"rendered":"<p>PANTERAS LENA VALENTI. Inglaterra, siglo XIX. Katherine ha regresado al lugar de donde la rechazaron por enfrentarse a una sociedad<\/p>\n","protected":false},"featured_media":42325,"comment_status":"open","ping_status":"open","template":"","meta":[],"product_cat":[713],"product_tag":[722,415],"class_list":["post-42324","product","type-product","status-publish","has-post-thumbnail","hentry","product_cat-libros-lectura","product_tag-debolsillo","product_tag-random-house"],"bundled_by":[],"bundle_stock_status":"instock","bundle_stock_quantity":3,"bundle_virtual":false,"bundle_layout":"","bundle_add_to_cart_form_location":"","bundle_editable_in_cart":false,"bundle_sold_individually_context":"","bundle_item_grouping":"","bundle_min_size":"","bundle_max_size":"","bundled_items":[],"yoast_head":"<!-- This site is optimized with the Yoast SEO plugin v20.6 - https:\/\/yoast.com\/wordpress\/plugins\/seo\/ -->\n<title>PANTERAS - Tienda Er\u00f3tica<\/title>\n<meta name=\"robots\" content=\"noindex, follow, max-snippet:-1, max-image-preview:large, max-video-preview:-1\" \/>\n<meta property=\"og:locale\" content=\"es_ES\" \/>\n<meta property=\"og:type\" content=\"article\" \/>\n<meta property=\"og:title\" content=\"PANTERAS - Tienda Er\u00f3tica\" \/>\n<meta property=\"og:description\" content=\"PANTERAS LENA VALENTI. Inglaterra, siglo XIX. Katherine ha regresado al lugar de donde la rechazaron por enfrentarse a una sociedad\" \/>\n<meta property=\"og:url\" content=\"https:\/\/demoweb.info\/sexshop001\/producto\/panteras-2\/\" \/>\n<meta property=\"og:site_name\" content=\"Tienda Er\u00f3tica\" \/>\n<meta property=\"article:modified_time\" content=\"2022-01-22T13:41:11+00:00\" \/>\n<meta property=\"og:image\" content=\"https:\/\/demoweb.info\/sexshop001\/wp-content\/uploads\/2022\/01\/PANTERAS-1.jpg\" \/>\n\t<meta property=\"og:image:width\" content=\"550\" \/>\n\t<meta property=\"og:image:height\" content=\"550\" \/>\n\t<meta property=\"og:image:type\" content=\"image\/jpeg\" \/>\n<meta name=\"twitter:card\" content=\"summary_large_image\" \/>\n<meta name=\"twitter:label1\" content=\"Tiempo de lectura\" \/>\n\t<meta name=\"twitter:data1\" content=\"1 minuto\" \/>\n<script type=\"application\/ld+json\" class=\"yoast-schema-graph\">{\"@context\":\"https:\/\/schema.org\",\"@graph\":[{\"@type\":\"WebPage\",\"@id\":\"https:\/\/demoweb.info\/sexshop001\/producto\/panteras-2\/\",\"url\":\"https:\/\/demoweb.info\/sexshop001\/producto\/panteras-2\/\",\"name\":\"PANTERAS - Tienda Er\u00f3tica\",\"isPartOf\":{\"@id\":\"https:\/\/demoweb.info\/sexshop001\/#website\"},\"datePublished\":\"2022-01-22T13:41:05+00:00\",\"dateModified\":\"2022-01-22T13:41:11+00:00\",\"breadcrumb\":{\"@id\":\"https:\/\/demoweb.info\/sexshop001\/producto\/panteras-2\/#breadcrumb\"},\"inLanguage\":\"es\",\"potentialAction\":[{\"@type\":\"ReadAction\",\"target\":[\"https:\/\/demoweb.info\/sexshop001\/producto\/panteras-2\/\"]}]},{\"@type\":\"BreadcrumbList\",\"@id\":\"https:\/\/demoweb.info\/sexshop001\/producto\/panteras-2\/#breadcrumb\",\"itemListElement\":[{\"@type\":\"ListItem\",\"position\":1,\"name\":\"Portada\",\"item\":\"https:\/\/demoweb.info\/sexshop001\/\"},{\"@type\":\"ListItem\",\"position\":2,\"name\":\"Tienda\",\"item\":\"https:\/\/demoweb.info\/sexshop001\/tienda\/\"},{\"@type\":\"ListItem\",\"position\":3,\"name\":\"PANTERAS\"}]},{\"@type\":\"WebSite\",\"@id\":\"https:\/\/demoweb.info\/sexshop001\/#website\",\"url\":\"https:\/\/demoweb.info\/sexshop001\/\",\"name\":\"Tienda Er\u00f3tica\",\"description\":\"DEMOWEB SL\",\"potentialAction\":[{\"@type\":\"SearchAction\",\"target\":{\"@type\":\"EntryPoint\",\"urlTemplate\":\"https:\/\/demoweb.info\/sexshop001\/?s={search_term_string}\"},\"query-input\":\"required name=search_term_string\"}],\"inLanguage\":\"es\"}]}<\/script>\n<!-- \/ Yoast SEO plugin. -->","yoast_head_json":{"title":"PANTERAS - Tienda Er\u00f3tica","robots":{"index":"noindex","follow":"follow","max-snippet":"max-snippet:-1","max-image-preview":"max-image-preview:large","max-video-preview":"max-video-preview:-1"},"og_locale":"es_ES","og_type":"article","og_title":"PANTERAS - Tienda Er\u00f3tica","og_description":"PANTERAS LENA VALENTI. Inglaterra, siglo XIX. Katherine ha regresado al lugar de donde la rechazaron por enfrentarse a una sociedad","og_url":"https:\/\/demoweb.info\/sexshop001\/producto\/panteras-2\/","og_site_name":"Tienda Er\u00f3tica","article_modified_time":"2022-01-22T13:41:11+00:00","og_image":[{"width":550,"height":550,"url":"https:\/\/demoweb.info\/sexshop001\/wp-content\/uploads\/2022\/01\/PANTERAS-1.jpg","type":"image\/jpeg"}],"twitter_card":"summary_large_image","twitter_misc":{"Tiempo de lectura":"1 minuto"},"schema":{"@context":"https:\/\/schema.org","@graph":[{"@type":"WebPage","@id":"https:\/\/demoweb.info\/sexshop001\/producto\/panteras-2\/","url":"https:\/\/demoweb.info\/sexshop001\/producto\/panteras-2\/","name":"PANTERAS - Tienda Er\u00f3tica","isPartOf":{"@id":"https:\/\/demoweb.info\/sexshop001\/#website"},"datePublished":"2022-01-22T13:41:05+00:00","dateModified":"2022-01-22T13:41:11+00:00","breadcrumb":{"@id":"https:\/\/demoweb.info\/sexshop001\/producto\/panteras-2\/#breadcrumb"},"inLanguage":"es","potentialAction":[{"@type":"ReadAction","target":["https:\/\/demoweb.info\/sexshop001\/producto\/panteras-2\/"]}]},{"@type":"BreadcrumbList","@id":"https:\/\/demoweb.info\/sexshop001\/producto\/panteras-2\/#breadcrumb","itemListElement":[{"@type":"ListItem","position":1,"name":"Portada","item":"https:\/\/demoweb.info\/sexshop001\/"},{"@type":"ListItem","position":2,"name":"Tienda","item":"https:\/\/demoweb.info\/sexshop001\/tienda\/"},{"@type":"ListItem","position":3,"name":"PANTERAS"}]},{"@type":"WebSite","@id":"https:\/\/demoweb.info\/sexshop001\/#website","url":"https:\/\/demoweb.info\/sexshop001\/","name":"Tienda Er\u00f3tica","description":"DEMOWEB SL","potentialAction":[{"@type":"SearchAction","target":{"@type":"EntryPoint","urlTemplate":"https:\/\/demoweb.info\/sexshop001\/?s={search_term_string}"},"query-input":"required name=search_term_string"}],"inLanguage":"es"}]}},"_links":{"self":[{"href":"https:\/\/demoweb.info\/sexshop001\/wp-json\/wp\/v3\/product\/42324","targetHints":{"allow":["GET"]}}],"collection":[{"href":"https:\/\/demoweb.info\/sexshop001\/wp-json\/wp\/v3\/product"}],"about":[{"href":"https:\/\/demoweb.info\/sexshop001\/wp-json\/wp\/v2\/types\/product"}],"replies":[{"embeddable":true,"href":"https:\/\/demoweb.info\/sexshop001\/wp-json\/wp\/v2\/comments?post=42324"}],"wp:featuredmedia":[{"embeddable":true,"href":"https:\/\/demoweb.info\/sexshop001\/wp-json\/wp\/v2\/media\/42325"}],"wp:attachment":[{"href":"https:\/\/demoweb.info\/sexshop001\/wp-json\/wp\/v2\/media?parent=42324"}],"wp:term":[{"taxonomy":"product_cat","embeddable":true,"href":"https:\/\/demoweb.info\/sexshop001\/wp-json\/wp\/v2\/product_cat?post=42324"},{"taxonomy":"product_tag","embeddable":true,"href":"https:\/\/demoweb.info\/sexshop001\/wp-json\/wp\/v2\/product_tag?post=42324"}],"curies":[{"name":"wp","href":"https:\/\/api.w.org\/{rel}","templated":true}]}}