{"id":42318,"date":"2022-01-22T14:41:05","date_gmt":"2022-01-22T13:41:05","guid":{"rendered":"https:\/\/demoweb.info\/sexshop001\/producto\/ovo-s4-estimulador-recargable-blanco\/"},"modified":"2022-01-22T14:41:08","modified_gmt":"2022-01-22T13:41:08","slug":"ovo-s4-estimulador-recargable-blanco","status":"publish","type":"product","link":"https:\/\/demoweb.info\/sexshop001\/producto\/ovo-s4-estimulador-recargable-blanco\/","title":{"rendered":"OVO S4 ESTIMULADOR RECARGABLE BLANCO"},"content":{"rendered":"<p><strong>OVO S4 LAY ON RECHARGABLE WHITE<\/strong><\/p>\n<p>El estimulador S4 de OVO Lifestyle Toys\u2122 de suave y sedosa silicona ofrece 7 programas distintos de vibraci\u00f3n ha sido dise\u00f1ado para complementar tus relaciones de pareja. Por sus bater\u00edas de litio ofrece la m\u00e1xima potencia sin hacer ruido. Puedes usarlo en la ducha y se recarga con un USB. No sumergible.<\/p>\n<p>Caracter\u00edsticas:<\/p>\n<p>&#8211; 15 a\u00f1os de garant\u00eda<\/p>\n<p>&#8211; Dise\u00f1ado en Alemania<\/p>\n<p>&#8211; Material 100% seguro<\/p>\n<p>&#8211; Cargador USB incluido<\/p>\n","protected":false},"excerpt":{"rendered":"<p>OVO S4 LAY ON RECHARGABLE WHITE El estimulador S4 de OVO Lifestyle Toys\u2122 de suave y sedosa silicona ofrece 7<\/p>\n","protected":false},"featured_media":42319,"comment_status":"open","ping_status":"open","template":"","meta":[],"product_cat":[370],"product_tag":[376,1344],"class_list":["post-42318","product","type-product","status-publish","has-post-thumbnail","hentry","product_cat-clitoris","product_tag-ovo","product_tag-s-layon"],"bundled_by":[],"bundle_stock_status":"instock","bundle_stock_quantity":5,"bundle_virtual":false,"bundle_layout":"","bundle_add_to_cart_form_location":"","bundle_editable_in_cart":false,"bundle_sold_individually_context":"","bundle_item_grouping":"","bundle_min_size":"","bundle_max_size":"","bundled_items":[],"yoast_head":"<!-- This site is optimized with the Yoast SEO plugin v20.6 - https:\/\/yoast.com\/wordpress\/plugins\/seo\/ -->\n<title>OVO S4 ESTIMULADOR RECARGABLE BLANCO - Tienda Er\u00f3tica<\/title>\n<meta name=\"robots\" content=\"noindex, follow, max-snippet:-1, max-image-preview:large, max-video-preview:-1\" \/>\n<meta property=\"og:locale\" content=\"es_ES\" \/>\n<meta property=\"og:type\" content=\"article\" \/>\n<meta property=\"og:title\" content=\"OVO S4 ESTIMULADOR RECARGABLE BLANCO - Tienda Er\u00f3tica\" \/>\n<meta property=\"og:description\" content=\"OVO S4 LAY ON RECHARGABLE WHITE El estimulador S4 de OVO Lifestyle Toys\u2122 de suave y sedosa silicona ofrece 7\" \/>\n<meta property=\"og:url\" content=\"https:\/\/demoweb.info\/sexshop001\/producto\/ovo-s4-estimulador-recargable-blanco\/\" \/>\n<meta property=\"og:site_name\" content=\"Tienda Er\u00f3tica\" \/>\n<meta property=\"article:modified_time\" content=\"2022-01-22T13:41:08+00:00\" \/>\n<meta property=\"og:image\" content=\"https:\/\/demoweb.info\/sexshop001\/wp-content\/uploads\/2022\/01\/OVO-S4-ESTIMULADOR-RECARGABLE-BLANCO.jpg\" \/>\n\t<meta property=\"og:image:width\" content=\"550\" \/>\n\t<meta property=\"og:image:height\" content=\"550\" \/>\n\t<meta property=\"og:image:type\" content=\"image\/jpeg\" \/>\n<meta name=\"twitter:card\" content=\"summary_large_image\" \/>\n<script type=\"application\/ld+json\" class=\"yoast-schema-graph\">{\"@context\":\"https:\/\/schema.org\",\"@graph\":[{\"@type\":\"WebPage\",\"@id\":\"https:\/\/demoweb.info\/sexshop001\/producto\/ovo-s4-estimulador-recargable-blanco\/\",\"url\":\"https:\/\/demoweb.info\/sexshop001\/producto\/ovo-s4-estimulador-recargable-blanco\/\",\"name\":\"OVO S4 ESTIMULADOR RECARGABLE BLANCO - Tienda Er\u00f3tica\",\"isPartOf\":{\"@id\":\"https:\/\/demoweb.info\/sexshop001\/#website\"},\"datePublished\":\"2022-01-22T13:41:05+00:00\",\"dateModified\":\"2022-01-22T13:41:08+00:00\",\"breadcrumb\":{\"@id\":\"https:\/\/demoweb.info\/sexshop001\/producto\/ovo-s4-estimulador-recargable-blanco\/#breadcrumb\"},\"inLanguage\":\"es\",\"potentialAction\":[{\"@type\":\"ReadAction\",\"target\":[\"https:\/\/demoweb.info\/sexshop001\/producto\/ovo-s4-estimulador-recargable-blanco\/\"]}]},{\"@type\":\"BreadcrumbList\",\"@id\":\"https:\/\/demoweb.info\/sexshop001\/producto\/ovo-s4-estimulador-recargable-blanco\/#breadcrumb\",\"itemListElement\":[{\"@type\":\"ListItem\",\"position\":1,\"name\":\"Portada\",\"item\":\"https:\/\/demoweb.info\/sexshop001\/\"},{\"@type\":\"ListItem\",\"position\":2,\"name\":\"Tienda\",\"item\":\"https:\/\/demoweb.info\/sexshop001\/tienda\/\"},{\"@type\":\"ListItem\",\"position\":3,\"name\":\"OVO S4 ESTIMULADOR RECARGABLE BLANCO\"}]},{\"@type\":\"WebSite\",\"@id\":\"https:\/\/demoweb.info\/sexshop001\/#website\",\"url\":\"https:\/\/demoweb.info\/sexshop001\/\",\"name\":\"Tienda Er\u00f3tica\",\"description\":\"DEMOWEB SL\",\"potentialAction\":[{\"@type\":\"SearchAction\",\"target\":{\"@type\":\"EntryPoint\",\"urlTemplate\":\"https:\/\/demoweb.info\/sexshop001\/?s={search_term_string}\"},\"query-input\":\"required name=search_term_string\"}],\"inLanguage\":\"es\"}]}<\/script>\n<!-- \/ Yoast SEO plugin. -->","yoast_head_json":{"title":"OVO S4 ESTIMULADOR RECARGABLE BLANCO - Tienda Er\u00f3tica","robots":{"index":"noindex","follow":"follow","max-snippet":"max-snippet:-1","max-image-preview":"max-image-preview:large","max-video-preview":"max-video-preview:-1"},"og_locale":"es_ES","og_type":"article","og_title":"OVO S4 ESTIMULADOR RECARGABLE BLANCO - Tienda Er\u00f3tica","og_description":"OVO S4 LAY ON RECHARGABLE WHITE El estimulador S4 de OVO Lifestyle Toys\u2122 de suave y sedosa silicona ofrece 7","og_url":"https:\/\/demoweb.info\/sexshop001\/producto\/ovo-s4-estimulador-recargable-blanco\/","og_site_name":"Tienda Er\u00f3tica","article_modified_time":"2022-01-22T13:41:08+00:00","og_image":[{"width":550,"height":550,"url":"https:\/\/demoweb.info\/sexshop001\/wp-content\/uploads\/2022\/01\/OVO-S4-ESTIMULADOR-RECARGABLE-BLANCO.jpg","type":"image\/jpeg"}],"twitter_card":"summary_large_image","schema":{"@context":"https:\/\/schema.org","@graph":[{"@type":"WebPage","@id":"https:\/\/demoweb.info\/sexshop001\/producto\/ovo-s4-estimulador-recargable-blanco\/","url":"https:\/\/demoweb.info\/sexshop001\/producto\/ovo-s4-estimulador-recargable-blanco\/","name":"OVO S4 ESTIMULADOR RECARGABLE BLANCO - Tienda Er\u00f3tica","isPartOf":{"@id":"https:\/\/demoweb.info\/sexshop001\/#website"},"datePublished":"2022-01-22T13:41:05+00:00","dateModified":"2022-01-22T13:41:08+00:00","breadcrumb":{"@id":"https:\/\/demoweb.info\/sexshop001\/producto\/ovo-s4-estimulador-recargable-blanco\/#breadcrumb"},"inLanguage":"es","potentialAction":[{"@type":"ReadAction","target":["https:\/\/demoweb.info\/sexshop001\/producto\/ovo-s4-estimulador-recargable-blanco\/"]}]},{"@type":"BreadcrumbList","@id":"https:\/\/demoweb.info\/sexshop001\/producto\/ovo-s4-estimulador-recargable-blanco\/#breadcrumb","itemListElement":[{"@type":"ListItem","position":1,"name":"Portada","item":"https:\/\/demoweb.info\/sexshop001\/"},{"@type":"ListItem","position":2,"name":"Tienda","item":"https:\/\/demoweb.info\/sexshop001\/tienda\/"},{"@type":"ListItem","position":3,"name":"OVO S4 ESTIMULADOR RECARGABLE BLANCO"}]},{"@type":"WebSite","@id":"https:\/\/demoweb.info\/sexshop001\/#website","url":"https:\/\/demoweb.info\/sexshop001\/","name":"Tienda Er\u00f3tica","description":"DEMOWEB SL","potentialAction":[{"@type":"SearchAction","target":{"@type":"EntryPoint","urlTemplate":"https:\/\/demoweb.info\/sexshop001\/?s={search_term_string}"},"query-input":"required name=search_term_string"}],"inLanguage":"es"}]}},"_links":{"self":[{"href":"https:\/\/demoweb.info\/sexshop001\/wp-json\/wp\/v3\/product\/42318","targetHints":{"allow":["GET"]}}],"collection":[{"href":"https:\/\/demoweb.info\/sexshop001\/wp-json\/wp\/v3\/product"}],"about":[{"href":"https:\/\/demoweb.info\/sexshop001\/wp-json\/wp\/v2\/types\/product"}],"replies":[{"embeddable":true,"href":"https:\/\/demoweb.info\/sexshop001\/wp-json\/wp\/v2\/comments?post=42318"}],"wp:featuredmedia":[{"embeddable":true,"href":"https:\/\/demoweb.info\/sexshop001\/wp-json\/wp\/v2\/media\/42319"}],"wp:attachment":[{"href":"https:\/\/demoweb.info\/sexshop001\/wp-json\/wp\/v2\/media?parent=42318"}],"wp:term":[{"taxonomy":"product_cat","embeddable":true,"href":"https:\/\/demoweb.info\/sexshop001\/wp-json\/wp\/v2\/product_cat?post=42318"},{"taxonomy":"product_tag","embeddable":true,"href":"https:\/\/demoweb.info\/sexshop001\/wp-json\/wp\/v2\/product_tag?post=42318"}],"curies":[{"name":"wp","href":"https:\/\/api.w.org\/{rel}","templated":true}]}}