{"id":42313,"date":"2022-01-22T14:41:05","date_gmt":"2022-01-22T13:41:05","guid":{"rendered":"https:\/\/demoweb.info\/sexshop001\/producto\/nicole-aniston-muneca-super-realistica-cyberskin\/"},"modified":"2022-01-22T14:41:05","modified_gmt":"2022-01-22T13:41:05","slug":"nicole-aniston-muneca-super-realistica-cyberskin","status":"publish","type":"product","link":"https:\/\/demoweb.info\/sexshop001\/producto\/nicole-aniston-muneca-super-realistica-cyberskin\/","title":{"rendered":"NICOLE ANISTON MU\u00d1ECA SUPER REALISTICA CYBERSKIN"},"content":{"rendered":"<p><strong>NICOLE ANISTON CYBERSKIN REALITY<\/strong><\/p>\n<p><strong>Penthouse Nicole Aniston CiberSkin Mu\u00f1eca Real\u00edstica.<\/strong><\/p>\n<p>La mu\u00f1eca<strong> m\u00e1s realista<\/strong> de tama\u00f1o natural disponible. El <strong>material Cyberskin <\/strong>se siente como la piel real.<\/p>\n<p>Cara realista y cuerpo: boca agradable, pechos grandes, hermoso culo redondo, apretada vagina. Posici\u00f3n estilo perrito. Vagina y culo cuentan con t\u00faneles textura.<\/p>\n<p>Incluye bala vibradora. T\u00fanel interior en forma de U para facilitar la limpieza. N\u00facleo Isofoam cubierto de Ciberpiel suave. <strong>Varitas de calentamiento<\/strong> incluidas para conseguir una temperatura natural en 10 minutos. Detalles pintados a mano. Impermeable. Ftalato libre.<\/p>\n<p>3 pilas AAA, no incluidas. Incluye adaptador de corriente de 110V y 220V para el calentamiento de las varitas.<\/p>\n<p>La mirada en su cara realista y detalles pintados a mano te har\u00e1 sentir la pasi\u00f3n m\u00e1s real. Apriete sus pechos deliciosamente, pellizque sus pezones. Sum\u00e9rgete en su hermoso culo redondo y apretada vagina y sentir\u00e1 los golpes de los t\u00faneles de textura de su pene. Nicole est\u00e1 caliente y esperando en su posici\u00f3n favorita de perrito.<\/p>\n<p>La mu\u00f1eca <strong>Penthouse Nicole Aniston CiberSkin <\/strong>es el \u00faltimo juguete er\u00f3tico; este es el juguete de<strong> tama\u00f1o natural <\/strong>m\u00e1s realista disponible. Expertamente moldeado directamente de Penthouse Pet del a\u00f1o 2013 incre\u00edble cuerpo de Nicole Aniston, esta<strong> r\u00e9plica incre\u00edblemente realista <\/strong>se hace a mano, material tipo CiberSkinque se siente suave y flexible, al igual que la piel real.<\/p>\n","protected":false},"excerpt":{"rendered":"<p>NICOLE ANISTON CYBERSKIN REALITY Penthouse Nicole Aniston CiberSkin Mu\u00f1eca Real\u00edstica. La mu\u00f1eca m\u00e1s realista de tama\u00f1o natural disponible. El material<\/p>\n","protected":false},"featured_media":42314,"comment_status":"open","ping_status":"open","template":"","meta":[],"product_cat":[1210],"product_tag":[817,932],"class_list":["post-42313","product","type-product","status-publish","has-post-thumbnail","hentry","product_cat-con-vibracion-munecas","product_tag-penthouse","product_tag-topco-sales"],"bundled_by":[],"bundle_stock_status":"instock","bundle_stock_quantity":1,"bundle_virtual":false,"bundle_layout":"","bundle_add_to_cart_form_location":"","bundle_editable_in_cart":false,"bundle_sold_individually_context":"","bundle_item_grouping":"","bundle_min_size":"","bundle_max_size":"","bundled_items":[],"yoast_head":"<!-- This site is optimized with the Yoast SEO plugin v20.6 - https:\/\/yoast.com\/wordpress\/plugins\/seo\/ -->\n<title>NICOLE ANISTON MU\u00d1ECA SUPER REALISTICA CYBERSKIN - Tienda Er\u00f3tica<\/title>\n<meta name=\"robots\" content=\"noindex, follow, max-snippet:-1, max-image-preview:large, max-video-preview:-1\" \/>\n<meta property=\"og:locale\" content=\"es_ES\" \/>\n<meta property=\"og:type\" content=\"article\" \/>\n<meta property=\"og:title\" content=\"NICOLE ANISTON MU\u00d1ECA SUPER REALISTICA CYBERSKIN - Tienda Er\u00f3tica\" \/>\n<meta property=\"og:description\" content=\"NICOLE ANISTON CYBERSKIN REALITY Penthouse Nicole Aniston CiberSkin Mu\u00f1eca Real\u00edstica. La mu\u00f1eca m\u00e1s realista de tama\u00f1o natural disponible. El material\" \/>\n<meta property=\"og:url\" content=\"https:\/\/demoweb.info\/sexshop001\/producto\/nicole-aniston-muneca-super-realistica-cyberskin\/\" \/>\n<meta property=\"og:site_name\" content=\"Tienda Er\u00f3tica\" \/>\n<meta property=\"og:image\" content=\"https:\/\/demoweb.info\/sexshop001\/wp-content\/uploads\/2022\/01\/NICOLE-ANISTON-MUNECA-SUPER-REALISTICA-CYBERSKIN.jpg\" \/>\n\t<meta property=\"og:image:width\" content=\"550\" \/>\n\t<meta property=\"og:image:height\" content=\"550\" \/>\n\t<meta property=\"og:image:type\" content=\"image\/jpeg\" \/>\n<meta name=\"twitter:card\" content=\"summary_large_image\" \/>\n<meta name=\"twitter:label1\" content=\"Tiempo de lectura\" \/>\n\t<meta name=\"twitter:data1\" content=\"1 minuto\" \/>\n<script type=\"application\/ld+json\" class=\"yoast-schema-graph\">{\"@context\":\"https:\/\/schema.org\",\"@graph\":[{\"@type\":\"WebPage\",\"@id\":\"https:\/\/demoweb.info\/sexshop001\/producto\/nicole-aniston-muneca-super-realistica-cyberskin\/\",\"url\":\"https:\/\/demoweb.info\/sexshop001\/producto\/nicole-aniston-muneca-super-realistica-cyberskin\/\",\"name\":\"NICOLE ANISTON MU\u00d1ECA SUPER REALISTICA CYBERSKIN - Tienda Er\u00f3tica\",\"isPartOf\":{\"@id\":\"https:\/\/demoweb.info\/sexshop001\/#website\"},\"datePublished\":\"2022-01-22T13:41:05+00:00\",\"dateModified\":\"2022-01-22T13:41:05+00:00\",\"breadcrumb\":{\"@id\":\"https:\/\/demoweb.info\/sexshop001\/producto\/nicole-aniston-muneca-super-realistica-cyberskin\/#breadcrumb\"},\"inLanguage\":\"es\",\"potentialAction\":[{\"@type\":\"ReadAction\",\"target\":[\"https:\/\/demoweb.info\/sexshop001\/producto\/nicole-aniston-muneca-super-realistica-cyberskin\/\"]}]},{\"@type\":\"BreadcrumbList\",\"@id\":\"https:\/\/demoweb.info\/sexshop001\/producto\/nicole-aniston-muneca-super-realistica-cyberskin\/#breadcrumb\",\"itemListElement\":[{\"@type\":\"ListItem\",\"position\":1,\"name\":\"Portada\",\"item\":\"https:\/\/demoweb.info\/sexshop001\/\"},{\"@type\":\"ListItem\",\"position\":2,\"name\":\"Tienda\",\"item\":\"https:\/\/demoweb.info\/sexshop001\/tienda\/\"},{\"@type\":\"ListItem\",\"position\":3,\"name\":\"NICOLE ANISTON MU\u00d1ECA SUPER REALISTICA CYBERSKIN\"}]},{\"@type\":\"WebSite\",\"@id\":\"https:\/\/demoweb.info\/sexshop001\/#website\",\"url\":\"https:\/\/demoweb.info\/sexshop001\/\",\"name\":\"Tienda Er\u00f3tica\",\"description\":\"DEMOWEB SL\",\"potentialAction\":[{\"@type\":\"SearchAction\",\"target\":{\"@type\":\"EntryPoint\",\"urlTemplate\":\"https:\/\/demoweb.info\/sexshop001\/?s={search_term_string}\"},\"query-input\":\"required name=search_term_string\"}],\"inLanguage\":\"es\"}]}<\/script>\n<!-- \/ Yoast SEO plugin. -->","yoast_head_json":{"title":"NICOLE ANISTON MU\u00d1ECA SUPER REALISTICA CYBERSKIN - Tienda Er\u00f3tica","robots":{"index":"noindex","follow":"follow","max-snippet":"max-snippet:-1","max-image-preview":"max-image-preview:large","max-video-preview":"max-video-preview:-1"},"og_locale":"es_ES","og_type":"article","og_title":"NICOLE ANISTON MU\u00d1ECA SUPER REALISTICA CYBERSKIN - Tienda Er\u00f3tica","og_description":"NICOLE ANISTON CYBERSKIN REALITY Penthouse Nicole Aniston CiberSkin Mu\u00f1eca Real\u00edstica. La mu\u00f1eca m\u00e1s realista de tama\u00f1o natural disponible. El material","og_url":"https:\/\/demoweb.info\/sexshop001\/producto\/nicole-aniston-muneca-super-realistica-cyberskin\/","og_site_name":"Tienda Er\u00f3tica","og_image":[{"width":550,"height":550,"url":"https:\/\/demoweb.info\/sexshop001\/wp-content\/uploads\/2022\/01\/NICOLE-ANISTON-MUNECA-SUPER-REALISTICA-CYBERSKIN.jpg","type":"image\/jpeg"}],"twitter_card":"summary_large_image","twitter_misc":{"Tiempo de lectura":"1 minuto"},"schema":{"@context":"https:\/\/schema.org","@graph":[{"@type":"WebPage","@id":"https:\/\/demoweb.info\/sexshop001\/producto\/nicole-aniston-muneca-super-realistica-cyberskin\/","url":"https:\/\/demoweb.info\/sexshop001\/producto\/nicole-aniston-muneca-super-realistica-cyberskin\/","name":"NICOLE ANISTON MU\u00d1ECA SUPER REALISTICA CYBERSKIN - Tienda Er\u00f3tica","isPartOf":{"@id":"https:\/\/demoweb.info\/sexshop001\/#website"},"datePublished":"2022-01-22T13:41:05+00:00","dateModified":"2022-01-22T13:41:05+00:00","breadcrumb":{"@id":"https:\/\/demoweb.info\/sexshop001\/producto\/nicole-aniston-muneca-super-realistica-cyberskin\/#breadcrumb"},"inLanguage":"es","potentialAction":[{"@type":"ReadAction","target":["https:\/\/demoweb.info\/sexshop001\/producto\/nicole-aniston-muneca-super-realistica-cyberskin\/"]}]},{"@type":"BreadcrumbList","@id":"https:\/\/demoweb.info\/sexshop001\/producto\/nicole-aniston-muneca-super-realistica-cyberskin\/#breadcrumb","itemListElement":[{"@type":"ListItem","position":1,"name":"Portada","item":"https:\/\/demoweb.info\/sexshop001\/"},{"@type":"ListItem","position":2,"name":"Tienda","item":"https:\/\/demoweb.info\/sexshop001\/tienda\/"},{"@type":"ListItem","position":3,"name":"NICOLE ANISTON MU\u00d1ECA SUPER REALISTICA CYBERSKIN"}]},{"@type":"WebSite","@id":"https:\/\/demoweb.info\/sexshop001\/#website","url":"https:\/\/demoweb.info\/sexshop001\/","name":"Tienda Er\u00f3tica","description":"DEMOWEB SL","potentialAction":[{"@type":"SearchAction","target":{"@type":"EntryPoint","urlTemplate":"https:\/\/demoweb.info\/sexshop001\/?s={search_term_string}"},"query-input":"required name=search_term_string"}],"inLanguage":"es"}]}},"_links":{"self":[{"href":"https:\/\/demoweb.info\/sexshop001\/wp-json\/wp\/v3\/product\/42313","targetHints":{"allow":["GET"]}}],"collection":[{"href":"https:\/\/demoweb.info\/sexshop001\/wp-json\/wp\/v3\/product"}],"about":[{"href":"https:\/\/demoweb.info\/sexshop001\/wp-json\/wp\/v2\/types\/product"}],"replies":[{"embeddable":true,"href":"https:\/\/demoweb.info\/sexshop001\/wp-json\/wp\/v2\/comments?post=42313"}],"wp:featuredmedia":[{"embeddable":true,"href":"https:\/\/demoweb.info\/sexshop001\/wp-json\/wp\/v2\/media\/42314"}],"wp:attachment":[{"href":"https:\/\/demoweb.info\/sexshop001\/wp-json\/wp\/v2\/media?parent=42313"}],"wp:term":[{"taxonomy":"product_cat","embeddable":true,"href":"https:\/\/demoweb.info\/sexshop001\/wp-json\/wp\/v2\/product_cat?post=42313"},{"taxonomy":"product_tag","embeddable":true,"href":"https:\/\/demoweb.info\/sexshop001\/wp-json\/wp\/v2\/product_tag?post=42313"}],"curies":[{"name":"wp","href":"https:\/\/api.w.org\/{rel}","templated":true}]}}